{"id":1206,"date":"2010-02-21T12:07:50","date_gmt":"2010-02-21T15:07:50","guid":{"rendered":"http:\/\/caminhos.arguscaruso.com.br\/?page_id=1206"},"modified":"2024-03-16T14:20:31","modified_gmt":"2024-03-16T14:20:31","slug":"o-que-e-o-projeto","status":"publish","type":"page","link":"https:\/\/caminhos.arguscaruso.com.br\/?page_id=1206","title":{"rendered":"O que \u00e9 o projeto?"},"content":{"rendered":"<h2>Escola do Mundo<\/h2>\n<p>Guimar\u00e3es Rosa levou as hist\u00f3rias do Sert\u00e3o para o Mundo. Agora vou levar as hist\u00f3rias do Mundo para o Sert\u00e3o!<br \/>\nE como o Sert\u00e3o est\u00e1 em toda parte, vou procur\u00e1-lo no osso do Brasil.<\/p>\n<p>Os casos e acasos das viagens s\u00e3o o cen\u00e1rio para transmitir valores de determina\u00e7\u00e3o, solidariedade, diversidade cultural e sustentabilidade. O p\u00fablico alvo \u00e9 de estudantes entre 12 e 18 anos.<\/p>\n<p>As visitas \u00e0s escolas cadastradas contam com uma exposi\u00e7\u00e3o fotogr\u00e1fica itinerante, conta\u00e7\u00f5es de hist\u00f3rias, proje\u00e7\u00f5es de v\u00eddeos e debates com os estudantes e professores.<\/p>\n<p>A primeira etapa do projeto est\u00e1 sendo feita neste primeiro semestre letivo de 2010 nas regi\u00f5es do Norte e Nordeste do Brasil.<\/p>\n<p>Tamb\u00e9m est\u00e3o sendo feitos v\u00eddeos com as crian\u00e7as ensinando como construir e usar brinquedos manuais feitos com materiais do local. <\/p>\n<p>&nbsp;<\/p>\n<h3><a title=\"Palestras e Conta\u00e7\u00f5es de Hist\u00f3rias\" rel=\"shadowbox;width=840\" href=\"http:\/\/spreadsheets.google.com\/viewform?formkey=dEk5dWptYW94MWQwRHZVS2FTaFc3akE6MA\">Cadastre sua escola aqui!<\/a><\/h3>\n<p>&nbsp;<\/p>\n<blockquote><p>Ser\u00e1, certamente, uma das aulas mais fascinantes que muitos estudantes ter\u00e3o em toda sua vida.<\/p>\n<p><cite>Gilberto Dimenstein &#8211; Folha de S\u00e3o Paulo<\/cite><\/p><\/blockquote>\n","protected":false},"excerpt":{"rendered":"<p>Escola do Mundo Guimar\u00e3es Rosa levou as hist\u00f3rias do Sert\u00e3o para o Mundo. Agora vou levar as hist\u00f3rias do Mundo para o Sert\u00e3o! E como o Sert\u00e3o est\u00e1 em toda parte, vou procur\u00e1-lo no osso do Brasil. Os casos e acasos das viagens s\u00e3o o cen\u00e1rio para transmitir valores de determina\u00e7\u00e3o, solidariedade, diversidade cultural e [&hellip;]<\/p>\n","protected":false},"author":1,"featured_media":0,"parent":41,"menu_order":10,"comment_status":"closed","ping_status":"closed","template":"","meta":{"footnotes":""},"class_list":["post-1206","page","type-page","status-publish","hentry"],"_links":{"self":[{"href":"https:\/\/caminhos.arguscaruso.com.br\/index.php?rest_route=\/wp\/v2\/pages\/1206","targetHints":{"allow":["GET"]}}],"collection":[{"href":"https:\/\/caminhos.arguscaruso.com.br\/index.php?rest_route=\/wp\/v2\/pages"}],"about":[{"href":"https:\/\/caminhos.arguscaruso.com.br\/index.php?rest_route=\/wp\/v2\/types\/page"}],"author":[{"embeddable":true,"href":"https:\/\/caminhos.arguscaruso.com.br\/index.php?rest_route=\/wp\/v2\/users\/1"}],"replies":[{"embeddable":true,"href":"https:\/\/caminhos.arguscaruso.com.br\/index.php?rest_route=%2Fwp%2Fv2%2Fcomments&post=1206"}],"version-history":[{"count":2,"href":"https:\/\/caminhos.arguscaruso.com.br\/index.php?rest_route=\/wp\/v2\/pages\/1206\/revisions"}],"predecessor-version":[{"id":1760,"href":"https:\/\/caminhos.arguscaruso.com.br\/index.php?rest_route=\/wp\/v2\/pages\/1206\/revisions\/1760"}],"up":[{"embeddable":true,"href":"https:\/\/caminhos.arguscaruso.com.br\/index.php?rest_route=\/wp\/v2\/pages\/41"}],"wp:attachment":[{"href":"https:\/\/caminhos.arguscaruso.com.br\/index.php?rest_route=%2Fwp%2Fv2%2Fmedia&parent=1206"}],"curies":[{"name":"wp","href":"https:\/\/api.w.org\/{rel}","templated":true}]}}