{"id":1217,"date":"2010-02-24T22:12:25","date_gmt":"2010-02-25T01:12:25","guid":{"rendered":"http:\/\/caminhos.arguscaruso.com.br\/?page_id=1217"},"modified":"2024-03-16T15:34:55","modified_gmt":"2024-03-16T15:34:55","slug":"viagem-transport","status":"publish","type":"page","link":"https:\/\/caminhos.arguscaruso.com.br\/?page_id=1217","title":{"rendered":"Viagem e transporte"},"content":{"rendered":"\n<p>Um dos principais causadores do aquecimento global \u00e9 o nosso transporte.<\/p>\n\n\n\n<p>Al\u00e9m de emitirem CO2, nossos ve\u00edculos convencionais movidos a petr\u00f3leo incentivam grandes ind\u00fastrias na busca fren\u00e9tica por esse combust\u00edvel, muitas vezes causando grandes danos ambientais e guerras. Nossa sociedade ficou dependente do petr\u00f3leo e infelizmente praticamente todo o transporte depende dessa fonte esgot\u00e1vel de energia.<\/p>\n\n\n\n<p>Precisamos reaprender a nos mover e tamb\u00e9m recriar as pequenas comunidades onde consegu\u00edamos viver e trabalhar sem grandes deslocamentos.<\/p>\n\n\n\n<p>Quando for viajar, pense na sua &#8220;Pegada Ecol\u00f3gica&#8221; e busque formas de locomo\u00e7\u00e3o de baixo impacto ambiental. Se n\u00e3o estiver disposto a andar a p\u00e9, pedalar, andar a cavalo, carro\u00e7a, velejar, etc. v\u00e1 de \u00f4nibus e divida a emiss\u00e3o de CO2 com os outros passageiros.<\/p>\n\n\n\n<p>Na viagem atual estou utilizando uma bicicleta reclinada com uma prancha de surfe que tamb\u00e9m funciona como uma vela me levando junto com os ventos Al\u00edsios. Em alguns trechos estou pegando \u00f4nibus e caronas. Nos v\u00eddeos abaixo d\u00e1 pra ter uma id\u00e9ia da maravilha que est\u00e1 sendo fazer essa viagem pela areia da praia.<\/p>\n\n\n\n<p><\/p>\n\n\n\n<figure class=\"wp-block-embed is-type-video is-provider-youtube wp-block-embed-youtube wp-embed-aspect-4-3 wp-has-aspect-ratio\"><div class=\"wp-block-embed__wrapper\">\n<iframe loading=\"lazy\" title=\"pedalando1.mp4\" width=\"500\" height=\"375\" src=\"https:\/\/www.youtube.com\/embed\/mUsbcriS_Ko?feature=oembed\" frameborder=\"0\" allow=\"accelerometer; autoplay; clipboard-write; encrypted-media; gyroscope; picture-in-picture; web-share\" referrerpolicy=\"strict-origin-when-cross-origin\" allowfullscreen><\/iframe>\n<\/div><\/figure>\n\n\n\n<figure class=\"wp-block-embed is-type-video is-provider-youtube wp-block-embed-youtube wp-embed-aspect-4-3 wp-has-aspect-ratio\"><div class=\"wp-block-embed__wrapper\">\n<iframe loading=\"lazy\" title=\"pedalejando\" width=\"500\" height=\"375\" src=\"https:\/\/www.youtube.com\/embed\/y8i_7pl6BIw?feature=oembed\" frameborder=\"0\" allow=\"accelerometer; autoplay; clipboard-write; encrypted-media; gyroscope; picture-in-picture; web-share\" referrerpolicy=\"strict-origin-when-cross-origin\" allowfullscreen><\/iframe>\n<\/div><\/figure>\n","protected":false},"excerpt":{"rendered":"<p>Um dos principais causadores do aquecimento global \u00e9 o nosso transporte. Al\u00e9m de emitirem CO2, nossos ve\u00edculos convencionais movidos a petr\u00f3leo incentivam grandes ind\u00fastrias na busca fren\u00e9tica por esse combust\u00edvel, muitas vezes causando grandes danos ambientais e guerras. Nossa sociedade ficou dependente do petr\u00f3leo e infelizmente praticamente todo o transporte depende dessa fonte esgot\u00e1vel de [&hellip;]<\/p>\n","protected":false},"author":1,"featured_media":0,"parent":41,"menu_order":30,"comment_status":"closed","ping_status":"closed","template":"","meta":{"footnotes":""},"class_list":["post-1217","page","type-page","status-publish","hentry"],"_links":{"self":[{"href":"https:\/\/caminhos.arguscaruso.com.br\/index.php?rest_route=\/wp\/v2\/pages\/1217","targetHints":{"allow":["GET"]}}],"collection":[{"href":"https:\/\/caminhos.arguscaruso.com.br\/index.php?rest_route=\/wp\/v2\/pages"}],"about":[{"href":"https:\/\/caminhos.arguscaruso.com.br\/index.php?rest_route=\/wp\/v2\/types\/page"}],"author":[{"embeddable":true,"href":"https:\/\/caminhos.arguscaruso.com.br\/index.php?rest_route=\/wp\/v2\/users\/1"}],"replies":[{"embeddable":true,"href":"https:\/\/caminhos.arguscaruso.com.br\/index.php?rest_route=%2Fwp%2Fv2%2Fcomments&post=1217"}],"version-history":[{"count":4,"href":"https:\/\/caminhos.arguscaruso.com.br\/index.php?rest_route=\/wp\/v2\/pages\/1217\/revisions"}],"predecessor-version":[{"id":1885,"href":"https:\/\/caminhos.arguscaruso.com.br\/index.php?rest_route=\/wp\/v2\/pages\/1217\/revisions\/1885"}],"up":[{"embeddable":true,"href":"https:\/\/caminhos.arguscaruso.com.br\/index.php?rest_route=\/wp\/v2\/pages\/41"}],"wp:attachment":[{"href":"https:\/\/caminhos.arguscaruso.com.br\/index.php?rest_route=%2Fwp%2Fv2%2Fmedia&parent=1217"}],"curies":[{"name":"wp","href":"https:\/\/api.w.org\/{rel}","templated":true}]}}