{"id":1224,"date":"2010-02-24T22:41:24","date_gmt":"2010-02-25T01:41:24","guid":{"rendered":"http:\/\/caminhos.arguscaruso.com.br\/?page_id=1224"},"modified":"2024-03-16T14:20:32","modified_gmt":"2024-03-16T14:20:32","slug":"contacoes-de-historias","status":"publish","type":"page","link":"https:\/\/caminhos.arguscaruso.com.br\/?page_id=1224","title":{"rendered":"Conta\u00e7\u00f5es de Hist\u00f3rias"},"content":{"rendered":"<p>Contar hist\u00f3rias \u00e9 reviver minhas pr\u00f3prias aventuras. Cada hist\u00f3ria tem uma vida diferente. As pessoas ao redor, a cena, o sol, o vento fazem o mesmo fato ter vida pr\u00f3pria e ser explorado por diversos pontos de vista. Acho que contarei hist\u00f3rias para o resto de minha vida. Que bom que fiz essa volta ao mundo! O que n\u00e3o falta \u00e9 assunto!!<\/p>\n<p>Meu interesse maior \u00e9 visitar escolas com estudantes entre 12 e 18 anos.<\/p>\n<h3><a title=\"Palestras e Conta\u00e7\u00f5es de Hist\u00f3rias\" rel=\"shadowbox;width=840\" href=\"http:\/\/spreadsheets.google.com\/viewform?formkey=dEk5dWptYW94MWQwRHZVS2FTaFc3akE6MA\">Clique aqui para cadastrar sua escola&#8230;<\/a><\/h3>\n<p>Caso seja uma empresa interessada em palestras, por favor entrem em contato<br \/>\ncom Andrea no e-mail <strong>palestra@arguscaruso.com.br<\/strong><\/p>\n<blockquote><p><em>A realiza\u00e7\u00e3o deste projeto alcan\u00e7ou o sucesso pela perseveran\u00e7a, vontade de vencer e de realizar um sonho de vida, aliado a um planejamento bem feito de Argus Caruso Saturnino.<\/em><\/p>\n<p><cite>Vilfredo Schurmann<\/cite><\/p>\n<p><img decoding=\"async\" class=\"alignnone size-full wp-image-758\" title=\"Palestra em Verona\" src=\"http:\/\/caminhos.arguscaruso.com.br\/wp-content\/uploads\/2009\/10\/Palestra-em-Verona.jpg\" alt=\"Palestra em Verona\" width=\"500\" srcset=\"https:\/\/caminhos.arguscaruso.com.br\/wp-content\/uploads\/2009\/10\/Palestra-em-Verona.jpg 640w, https:\/\/caminhos.arguscaruso.com.br\/wp-content\/uploads\/2009\/10\/Palestra-em-Verona-300x225.jpg 300w\" sizes=\"(max-width: 640px) 100vw, 640px\" \/>\n<\/p><\/blockquote>\n","protected":false},"excerpt":{"rendered":"<p>Contar hist\u00f3rias \u00e9 reviver minhas pr\u00f3prias aventuras. Cada hist\u00f3ria tem uma vida diferente. As pessoas ao redor, a cena, o sol, o vento fazem o mesmo fato ter vida pr\u00f3pria e ser explorado por diversos pontos de vista. Acho que contarei hist\u00f3rias para o resto de minha vida. Que bom que fiz essa volta ao [&hellip;]<\/p>\n","protected":false},"author":1,"featured_media":0,"parent":27,"menu_order":0,"comment_status":"closed","ping_status":"closed","template":"","meta":{"footnotes":""},"class_list":["post-1224","page","type-page","status-publish","hentry"],"_links":{"self":[{"href":"https:\/\/caminhos.arguscaruso.com.br\/index.php?rest_route=\/wp\/v2\/pages\/1224","targetHints":{"allow":["GET"]}}],"collection":[{"href":"https:\/\/caminhos.arguscaruso.com.br\/index.php?rest_route=\/wp\/v2\/pages"}],"about":[{"href":"https:\/\/caminhos.arguscaruso.com.br\/index.php?rest_route=\/wp\/v2\/types\/page"}],"author":[{"embeddable":true,"href":"https:\/\/caminhos.arguscaruso.com.br\/index.php?rest_route=\/wp\/v2\/users\/1"}],"replies":[{"embeddable":true,"href":"https:\/\/caminhos.arguscaruso.com.br\/index.php?rest_route=%2Fwp%2Fv2%2Fcomments&post=1224"}],"version-history":[{"count":2,"href":"https:\/\/caminhos.arguscaruso.com.br\/index.php?rest_route=\/wp\/v2\/pages\/1224\/revisions"}],"predecessor-version":[{"id":1838,"href":"https:\/\/caminhos.arguscaruso.com.br\/index.php?rest_route=\/wp\/v2\/pages\/1224\/revisions\/1838"}],"up":[{"embeddable":true,"href":"https:\/\/caminhos.arguscaruso.com.br\/index.php?rest_route=\/wp\/v2\/pages\/27"}],"wp:attachment":[{"href":"https:\/\/caminhos.arguscaruso.com.br\/index.php?rest_route=%2Fwp%2Fv2%2Fmedia&parent=1224"}],"curies":[{"name":"wp","href":"https:\/\/api.w.org\/{rel}","templated":true}]}}