{"id":1251,"date":"2010-04-11T12:42:26","date_gmt":"2010-04-11T15:42:26","guid":{"rendered":"http:\/\/caminhos.arguscaruso.com.br\/?page_id=1251"},"modified":"2024-03-16T14:20:31","modified_gmt":"2024-03-16T14:20:31","slug":"links","status":"publish","type":"page","link":"https:\/\/caminhos.arguscaruso.com.br\/?page_id=1251","title":{"rendered":"Links"},"content":{"rendered":"<p>Dicas de sites interessantes que estou conhecendo:<\/p>\n<p><a href=\"http:\/\/www.redepermanece.com\/\" target=\"_blank\" rel=\"noopener\">www.redepermanece.com<\/a> &#8211; Rede de Permacultura do Cear\u00e1<\/p>\n<p><a href=\"http:\/\/www.tucum.org\/\" target=\"_blank\" rel=\"noopener\">www.tucum.org<\/a> &#8211; Rede Cearense de Turismo Comunit\u00e1rio<\/p>\n<p><a href=\"http:\/\/www.pousadatremembe.com\/\" target=\"_blank\" rel=\"noopener\">www.pousadatremembe.com<\/a> &#8211; Pousada Trememb\u00e9 (em Icapu\u00ed), gerida pela Associa\u00e7\u00e3o Cai\u00e7ara, membro da Rede Tucum.<\/p>\n<p><a href=\"http:\/\/www.prainhadocantoverde.org\/\" target=\"_blank\" rel=\"noopener\">www.prainhadocantoverde.org<\/a> &#8211; site da Prainha do Canto Verde, do conselho de turismo da Prainha, membro da Rede Tucum.<\/p>\n<p><a href=\"http:\/\/www.deolhonaagua.org.br\/\" target=\"_blank\" rel=\"noopener\">www.deolhonaagua.org.br<\/a> &#8211; Site do Projeto de Olho na \u00c1gua, cisternas, fossas ecol\u00f3gicas, algas e estacao ambiental\u00a0 (em Icapu\u00ed).<\/p>\n<p><a href=\"http:\/\/www.flickr.com\/photos\/rafaelsol\/\" target=\"_blank\" rel=\"noopener\">www.flickr.com\/photos\/rafaelsol<\/a> &#8211; Projeto Tamandu\u00e1 sem Bandeira que ensina a fazer diversos brinquedos.<\/p>\n","protected":false},"excerpt":{"rendered":"<p>Dicas de sites interessantes que estou conhecendo: www.redepermanece.com &#8211; Rede de Permacultura do Cear\u00e1 www.tucum.org &#8211; Rede Cearense de Turismo Comunit\u00e1rio www.pousadatremembe.com &#8211; Pousada Trememb\u00e9 (em Icapu\u00ed), gerida pela Associa\u00e7\u00e3o Cai\u00e7ara, membro da Rede Tucum. www.prainhadocantoverde.org &#8211; site da Prainha do Canto Verde, do conselho de turismo da Prainha, membro da Rede Tucum. www.deolhonaagua.org.br &#8211; [&hellip;]<\/p>\n","protected":false},"author":1,"featured_media":0,"parent":41,"menu_order":40,"comment_status":"closed","ping_status":"closed","template":"","meta":{"footnotes":""},"class_list":["post-1251","page","type-page","status-publish","hentry"],"_links":{"self":[{"href":"https:\/\/caminhos.arguscaruso.com.br\/index.php?rest_route=\/wp\/v2\/pages\/1251","targetHints":{"allow":["GET"]}}],"collection":[{"href":"https:\/\/caminhos.arguscaruso.com.br\/index.php?rest_route=\/wp\/v2\/pages"}],"about":[{"href":"https:\/\/caminhos.arguscaruso.com.br\/index.php?rest_route=\/wp\/v2\/types\/page"}],"author":[{"embeddable":true,"href":"https:\/\/caminhos.arguscaruso.com.br\/index.php?rest_route=\/wp\/v2\/users\/1"}],"replies":[{"embeddable":true,"href":"https:\/\/caminhos.arguscaruso.com.br\/index.php?rest_route=%2Fwp%2Fv2%2Fcomments&post=1251"}],"version-history":[{"count":2,"href":"https:\/\/caminhos.arguscaruso.com.br\/index.php?rest_route=\/wp\/v2\/pages\/1251\/revisions"}],"predecessor-version":[{"id":1769,"href":"https:\/\/caminhos.arguscaruso.com.br\/index.php?rest_route=\/wp\/v2\/pages\/1251\/revisions\/1769"}],"up":[{"embeddable":true,"href":"https:\/\/caminhos.arguscaruso.com.br\/index.php?rest_route=\/wp\/v2\/pages\/41"}],"wp:attachment":[{"href":"https:\/\/caminhos.arguscaruso.com.br\/index.php?rest_route=%2Fwp%2Fv2%2Fmedia&parent=1251"}],"curies":[{"name":"wp","href":"https:\/\/api.w.org\/{rel}","templated":true}]}}