{"id":1252,"date":"2010-04-11T12:43:02","date_gmt":"2010-04-11T15:43:02","guid":{"rendered":"http:\/\/caminhos.arguscaruso.com.br\/projetos\/escola-do-mundo\/parcerias\/"},"modified":"2024-03-16T14:20:31","modified_gmt":"2024-03-16T14:20:31","slug":"parcerias","status":"publish","type":"page","link":"https:\/\/caminhos.arguscaruso.com.br\/?page_id=1252","title":{"rendered":"Parcerias"},"content":{"rendered":"<p><strong>REALIZA\u00c7\u00c3O:<\/strong><\/p>\n<p><a href=\"http:\/\/caminhos.arguscaruso.com.br\/wp-content\/uploads\/2010\/04\/logo-formas.jpg\"><img decoding=\"async\" class=\"alignleft  wp-image-1350\" title=\"logo formas\" src=\"http:\/\/caminhos.arguscaruso.com.br\/wp-content\/uploads\/2010\/04\/logo-formas.jpg\" alt=\"\" width=\"350\" srcset=\"https:\/\/caminhos.arguscaruso.com.br\/wp-content\/uploads\/2010\/04\/logo-formas.jpg 645w, https:\/\/caminhos.arguscaruso.com.br\/wp-content\/uploads\/2010\/04\/logo-formas-300x136.jpg 300w\" sizes=\"(max-width: 645px) 100vw, 645px\" \/><\/a><\/p>\n<p>&nbsp;<\/p>\n<p>&nbsp;<\/p>\n<p>&nbsp;<\/p>\n<p>&nbsp;<\/p>\n<p>&nbsp;<\/p>\n<p>&nbsp;<\/p>\n<p><strong>APOIO:<\/strong><\/p>\n<p><a href=\"http:\/\/www.marlus.com\" target=\"_blank\" rel=\"noopener\"><img loading=\"lazy\" decoding=\"async\" src=\"http:\/\/caminhos.arguscaruso.com.br\/wp-content\/uploads\/2010\/04\/marlus_logo.png\" alt=\"\" width=\"333\" height=\"88\" \/><\/a><\/p>\n<p><img decoding=\"async\" src=\"http:\/\/caminhos.arguscaruso.com.br\/wp-content\/uploads\/2010\/04\/CAFE.jpg\" alt=\"\" width=\"350\" \/><\/p>\n<p><strong>APOIOS NO PERCURSO:<\/strong><\/p>\n<p><img decoding=\"async\" src=\"http:\/\/caminhos.arguscaruso.com.br\/wp-content\/uploads\/2010\/04\/portasdaamazonia.jpg\" alt=\"\" width=\"300\" \/><\/p>\n<p><strong>Loja Pedal2<\/strong><br \/>\nJo\u00e3o Pessoa &#8211; Para\u00edba<\/p>\n","protected":false},"excerpt":{"rendered":"<p>REALIZA\u00c7\u00c3O: &nbsp; &nbsp; &nbsp; &nbsp; &nbsp; &nbsp; APOIO: APOIOS NO PERCURSO: Loja Pedal2 Jo\u00e3o Pessoa &#8211; Para\u00edba<\/p>\n","protected":false},"author":1,"featured_media":0,"parent":41,"menu_order":50,"comment_status":"closed","ping_status":"closed","template":"","meta":{"footnotes":""},"class_list":["post-1252","page","type-page","status-publish","hentry"],"_links":{"self":[{"href":"https:\/\/caminhos.arguscaruso.com.br\/index.php?rest_route=\/wp\/v2\/pages\/1252","targetHints":{"allow":["GET"]}}],"collection":[{"href":"https:\/\/caminhos.arguscaruso.com.br\/index.php?rest_route=\/wp\/v2\/pages"}],"about":[{"href":"https:\/\/caminhos.arguscaruso.com.br\/index.php?rest_route=\/wp\/v2\/types\/page"}],"author":[{"embeddable":true,"href":"https:\/\/caminhos.arguscaruso.com.br\/index.php?rest_route=\/wp\/v2\/users\/1"}],"replies":[{"embeddable":true,"href":"https:\/\/caminhos.arguscaruso.com.br\/index.php?rest_route=%2Fwp%2Fv2%2Fcomments&post=1252"}],"version-history":[{"count":2,"href":"https:\/\/caminhos.arguscaruso.com.br\/index.php?rest_route=\/wp\/v2\/pages\/1252\/revisions"}],"predecessor-version":[{"id":1770,"href":"https:\/\/caminhos.arguscaruso.com.br\/index.php?rest_route=\/wp\/v2\/pages\/1252\/revisions\/1770"}],"up":[{"embeddable":true,"href":"https:\/\/caminhos.arguscaruso.com.br\/index.php?rest_route=\/wp\/v2\/pages\/41"}],"wp:attachment":[{"href":"https:\/\/caminhos.arguscaruso.com.br\/index.php?rest_route=%2Fwp%2Fv2%2Fmedia&parent=1252"}],"curies":[{"name":"wp","href":"https:\/\/api.w.org\/{rel}","templated":true}]}}