{"id":1275,"date":"2009-05-29T20:05:03","date_gmt":"2009-05-29T23:05:03","guid":{"rendered":"http:\/\/caminhos.arguscaruso.com.br\/?page_id=1275"},"modified":"2024-03-16T14:20:32","modified_gmt":"2024-03-16T14:20:32","slug":"en-etapa-1-relatorio-2","status":"publish","type":"page","link":"https:\/\/caminhos.arguscaruso.com.br\/?page_id=1275","title":{"rendered":"Etapa 1 \u2013 Relat\u00f3rio 2"},"content":{"rendered":"<h4>14.DEZ.2001<\/h4>\n<h3>De Pontinha, MG fui para a Serra da Canastra passando em v\u00e1rios vilarejos e cidades interessantes: Papagaios, Pitangui, Concei\u00e7\u00e3o do Par\u00e1, Bom Despacho, Arcos, Lagoa de Inhuma, Piumhi, Cabrestos, Vargem Bonita e S\u00e3o Roque de Minas.<\/h3>\n<p><img loading=\"lazy\" decoding=\"async\" class=\"images-rel\" hspace=\"7\" height=\"135\" align=\"right\" width=\"238\" src=\"http:\/\/caminhos.arguscaruso.com.br\/wp-content\/uploads\/site_images\/relatorios\/etapa_1\/rel_02\/pitangiui.jpg\"\/><\/p>\n<p>A regi\u00e3o de Pitangui \u00e9 muito importante por sua hist\u00f3ria na \u00e9poca da escravid\u00e3o. O pr\u00f3prio nome da cidade refere-se \u00e0 abund\u00e2ncia das pepitas de ouro encontradas no local. Pitangui \u00e9 a s\u00e9tima Vila mais antiga de Minas Gerias, precedida por Mariana, Ouro Preto, Sabar\u00e1, S\u00e3o Jo\u00e3o Del Rei, Caet\u00e9 e Serro. Teve seus primeiros exploradores em 1709 e foi elevada a Vila em 1715. L\u00e1 as hist\u00f3rias de Joaquina de Pomp\u00e9u e Dona Maria Tangar\u00e1, as duas senhoras mais poderosas da antiga Vila, s\u00e3o misturadas com lendas e causos. Dizem que o marido de Tangar\u00e1 elogiou os dentes de uma escrava e no dia seguinte toda denti\u00e7\u00e3o lhe foi servida no caf\u00e9 da manh\u00e3. A cidade tem um rico acervo de arquitetura de fins do S\u00e9c. XVIII e, apesar da prec\u00e1ria manuten\u00e7\u00e3o dessa riqueza, a prefeitura possui alguns projetos de restaura\u00e7\u00e3o do seu acervo.<\/p>\n<p>Anna Maria, a Secret\u00e1ria da Cultura da cidade, me ofereceu todo apoio e dados para pesquisas, al\u00e9m da hospedagem na Pousada Vila do Ouro que me rep\u00f4s as energias para continuar a pedalada. Obrigado Pitangui!<\/p>\n<hr>\n<blockquote><p>Os bandeirantes da regi\u00e3o de S\u00e3o Paulo atravessaram a vasta zona entre a Serra da Matiqueira e a cabeceira do rio S\u00e3o Francisco, e notaram que os leitos e os bancos de v\u00e1rios rios e riachos que por ali corriam continham tra\u00e7os de ouro aluvional em pequenas quantidades vis\u00edveis. A a\u00e7\u00e3o milenar das chuvas tinha ro\u00eddo os fil\u00f5es de outro das rochas e os havia depositado nos rios, no fundo dos vales e nas depress\u00f5es das montanhas. Sob as camadas de areia, terra ou argila, o pedregoso subsolo oferecia pepitas de ouro, f\u00e1cil de extrair do cascalho de quartzo; os m\u00e9todos de extra\u00e7\u00e3o tornaram-se mais complicados na medida em que se foram esgotando os dep\u00f3sitos mais superficiais. A regi\u00e3o de Minas Gerais entrou assim, impetuosamente, na hist\u00f3ria: a maior quantidade de ouro ent\u00e3o descoberta no mundo foi extra\u00edda no menor espa\u00e7o de tempo.<br \/>\n&#8230; Ao longo do s\u00e9culo XVIII, a produ\u00e7\u00e3o brasileira do cobi\u00e7ado min\u00e9rio superou o volume total do ouro que a Espanha tinha extra\u00eddo de suas col\u00f4nias durante os dois s\u00e9culos anteriores. Choviam os aventureiros e os ca\u00e7adores de fortuna. O Brasil tinha 300 mil habitantes em 1700; um s\u00e9culo depois, no final dos anos do ouro, a popula\u00e7\u00e3o tinha-se multiplicado onze vezes. N\u00e3o menos de 300 mil portugueses emigraram para o Brasil durante o s\u00e9culo XVIII.<\/p>\n<p><cite>Eduardo Galeano \u2013 AS VEIAS ABERTAS DA AM\u00c9RICA LATINA<\/cite><\/p><\/blockquote>\n<p>Apesar da coloniza\u00e7\u00e3o portuguesa o nosso ouro foi praticamente todo enviado para Inglaterra. Em 1703 os portugueses assinaram o Tratado de Methuen com os ingleses abrindo o mercado de Portugal e suas col\u00f4nias \u00e0s manufaturas brit\u00e2nicas. As manufaturas inglesas eram pagas com o ouro do Brasil e com o passar dos anos a Inglaterra imp\u00f4s v\u00e1rias leis para travar o desenvolvimento brasileiro. Em 1715 foi proibido o funcionamento de refinarias de a\u00e7\u00facar; em 1729 foi declarado crime a abertura de novas vias de comunica\u00e7\u00e3o na regi\u00e3o mineira; em 1785 foi determinado o inc\u00eandio aos teares e fiadores brasileiros. Um tratado que impulsionou a industrializa\u00e7\u00e3o inglesa \u00e0s custas da explora\u00e7\u00e3o do Brasil e dos escravos africanos.<\/p>\n<hr>\n<p>Participei da reinaugura\u00e7\u00e3o do Santu\u00e1rio da Nossa Senhora da Concei\u00e7\u00e3o, constru\u00eddo em 1717 a cinco quil\u00f4metros de Pitangui. A reforma foi feita para a festa de romeiros que ocorreu dia 10 de dezembro, reunindo milhares de devotos da Virgem de todo o pa\u00eds. N\u00e3o fiquei para a festa mas o pouco que pude ver foi muita cacha\u00e7a, latas e pl\u00e1sticos jogados por todos os cantos, principalmente na margem do rio Par\u00e1. Precisa muita reza para perdoar tamanho desafeto pela natureza.<\/p>\n<p>Saindo da hist\u00f3rica regi\u00e3o do ouro segui para as vastas planta\u00e7\u00f5es de caf\u00e9 e cana. Local de terra roxa, encontrada tamb\u00e9m no norte do Paran\u00e1 e oeste paulista, terra de grande fertilidade que resulta da decomposi\u00e7\u00e3o do basalto. Nesta \u00e9poca \u00e9 comum muita chuva no clima tropical \u00famido mas para minha sorte e azar dos agricultores tive duas semanas de muito sol.<\/p>\n<p>Sempre evito grandes estradas de asfalto mas foi inevit\u00e1vel percorrer uma parte da BR 262, entre Bom Despacho e Arcos. Dali segui para Piumhi, parando no meio do caminho na fazenda do &#8220;Marquinhos do Alaonte&#8221; ao lado da Lagoa de Inhuma. A regi\u00e3o tem poucos declives e, acima dos pequenos morros, foi poss\u00edvel enxergar longe a serra da Pimenta. Com o baixo ru\u00eddo produzido pela bicicleta, \u00e9 poss\u00edvel ver diversos animais, toda a viagem foi acompanhada de muitas gar\u00e7as, gavi\u00f5es, pica-paus, maritacas, anus-brancos, sariemas, marrecos, perdizes, codornas, pombas-de-bando, capivaras, tatus, pacas, lontras, quatis, macacos e micos. Na regi\u00e3o tamb\u00e9m era comum avistar o famoso tamandu\u00e1-bandeira que n\u00e3o encontrei e est\u00e1 em extin\u00e7\u00e3o.<\/p>\n<p><img loading=\"lazy\" decoding=\"async\" height=\"135\"  class=\"images-rel alignleft\" width=\"180\" src=\"http:\/\/caminhos.arguscaruso.com.br\/wp-content\/uploads\/site_images\/relatorios\/etapa_1\/rel_02\/almoco.jpg\" \/><\/p>\n<p><strong>A popula\u00e7\u00e3o desta regi\u00e3o \u00e9 extremamente hospitaleira e toda parada nas casas e fazendas de beira de estrada era acompanhada com cafezinho, bolo de fub\u00e1, p\u00e3o de queijo, etc. sempre na beira de um fog\u00e3o a lenha com muita conversa .<br \/>\n<\/strong><\/p>\n<p>Al\u00e9m da comida oferecida pelos moradores locais, a estrada est\u00e1 recheada de mangueiras carregadas que me ofereciam um lanche f\u00e1cil e saud\u00e1vel.<\/p>\n<p>Passei por Iguatama, segunda cidade banhada pelo Rio S\u00e3o Francisco. L\u00e1 uma grande carranca rec\u00e9m esculpida homenageia os barranqueiros do importante rio.<\/p>\n<blockquote><p><img loading=\"lazy\" decoding=\"async\" height=\"200\" class=\"images-rel alignright\" width=\"150\" src=\"http:\/\/caminhos.arguscaruso.com.br\/wp-content\/uploads\/site_images\/relatorios\/etapa_1\/rel_02\/carrancas.jpg\"\/>Fisionomia leonina usada na proa das embarca\u00e7\u00f5es do barranqueiro do RIO S\u00c3O FRANCISCO.<br \/>\nTem por finalidade espantar os maus esp\u00edritos e proteger as mo\u00e7as dos ataques sexuais do \u2018caboclo d\u2019\u00e1gua\u2019.<br \/>\nFoi usada pelos \u00edndios marac\u00e1 amarrado nos barcos conduzindo querreiros ao combate.<br \/>\nDentro de casa aumenta a curiosidade e facilita os neg\u00f3cios.<br \/>\n<cite>Constru\u00edda em madeira Pequi, pe\u00e7a \u00fanica \u2013 mede 510 cm pesa 7.710 kg<\/cite><\/p><\/blockquote>\n<p>Esqueci de trazer alguma m\u00fasica. Isso est\u00e1 sendo bom, me acostumei com os sons dos animais e, quando vem algum carro, j\u00e1 escuto de longe, dando tempo de me proteger. Acho que os \u00faltimos seis meses trabalhando com constru\u00e7\u00e3o em S\u00e3o Paulo me ajudaram a valorizar o sil\u00eancio&#8230;<\/p>\n<p>Apesar de existirem alguns fazendeiros inconscientes, a popula\u00e7\u00e3o, de uma forma geral, est\u00e1 melhorando muito seus h\u00e1bitos de preserva\u00e7\u00e3o da natureza. Encontrei v\u00e1rias gaiolas vazias e apenas alguns senhores de mais idades ainda mant\u00e9m este h\u00e1bito antiquado de prender p\u00e1ssaros. Hoje v\u00ea-se mais pessoas alimentando e protengendo os animais livres e, principalmente as crian\u00e7as, est\u00e3o cada vez mais conscientes de suas responsabilidades com a preserva\u00e7\u00e3o de nossa fauna e flora.<\/p>\n<p><img loading=\"lazy\" decoding=\"async\" hspace=\"7\" height=\"200\" class=\"images-rel\" align=\"right\" width=\"150\" src=\"http:\/\/caminhos.arguscaruso.com.br\/wp-content\/uploads\/site_images\/relatorios\/etapa_1\/rel_02\/maria.jpg\"\/><\/p>\n<p><img loading=\"lazy\" decoding=\"async\" hspace=\"7\" height=\"135\" class=\"images-rel\" align=\"left\" width=\"180\" src=\"http:\/\/caminhos.arguscaruso.com.br\/wp-content\/uploads\/site_images\/relatorios\/etapa_1\/rel_02\/folia_reis.jpg\"\/><\/p>\n<p>Passei por Piumhi e fiquei maravilhado com o trabalho da prof. Maria Serafina de Freitas, uma senhora de 85 anos cujos 65 \u00faltimos foram dedicados \u00e0 educa\u00e7\u00e3o. Hoje ela faz um trabalho volunt\u00e1rio com cerca de 300 crian\u00e7as atrav\u00e9s da APROMIP, Associa\u00e7\u00e3o de Prote\u00e7\u00e3o \u00e0 Maternidade, Inf\u00e2ncia e Adolesc\u00eancia de Piumhi. L\u00e1 todas as crian\u00e7as recebem almo\u00e7o, refor\u00e7o escolar, atividades art\u00edsticas e, principalmente carinho. Tudo isso mantido por seus ex-alunos (praticamente todos 30 mil moradores da cidade). A cidade n\u00e3o tem crian\u00e7as na rua \u2013 absolutamente nenhuma! Todos preferem dividir o dia entre a escola e a APROMIP. Uma associa\u00e7\u00e3o n\u00e3o governamental que serve de exemplo para o que deveria ser a nossa vergonhosa FEBEM Funda\u00e7\u00e3o Estadual do Bem-Estar do Menor. Essa senhora muito l\u00facida, desenvolveu um m\u00e9todo de alfabetiza\u00e7\u00e3o atrav\u00e9s do seu livro &#8220;O circo do Carequinha&#8221;, que ganhou v\u00e1rios pr\u00eamios e chega a alfabetizar crian\u00e7as em at\u00e9 vinte dias. Parab\u00e9ns Maria Serafina! (Para conhecer mais acesse: www.apromip.com)<\/p>\n<p>Passei pelo povoado de Campin\u00f3polis, conhecido por &#8220;Cabrestos&#8221; e segui para Vargem Bonita que comemorou 48 anos coincidentemente no dia que passei por l\u00e1. A festa teve Folia de Reis, Violeiros, churrasco e cervejada mas a maior concentra\u00e7\u00e3o ficou mesmo no conjunto que veio de Divin\u00f3polis para animar a cidade.<\/p>\n<p>Vargem Bonita \u00e9 a primeira cidade banhada pelo Rio S\u00e3o Francisco e tamb\u00e9m a primeira a polu\u00ed-lo. \u00c9 impressionante como em pleno S\u00e9c. XXI ainda existam cidades que n\u00e3o possuem uma esta\u00e7\u00e3o de tratamento de esgoto. A \u00e1gua doce \u00e9 o bem mais valioso que o Brasil possui e ser\u00e1 a grande impulsionadora para o desenvolvimento tur\u00edstico nacional. Apesar de uma conscientiza\u00e7\u00e3o un\u00e2nime sobre a import\u00e2ncia de nossas bacias hidrogr\u00e1ficas ainda estamos distantes da situa\u00e7\u00e3o ideal de manejo destas \u00e1reas. \u00c9 fundamental que esta consci\u00eancia saia do papel e torne-se realidade. Poluir um rio, al\u00e9m de biologicamente inaceit\u00e1vel, \u00e9 economicamente uma estupidez.<\/p>\n<p>Segundo a prefeitura j\u00e1 existe um projeto para tratamento do esgoto e revitaliza\u00e7\u00e3o da mata ciliar. Vamos torcer para que logo possamos chegar em Vargem Bonita e tomar um banho em \u00e1guas limpas do velho Chico.<\/p>\n<p><img loading=\"lazy\" decoding=\"async\" height=\"88\"  class=\"images-rel\" width=\"520\" src=\"http:\/\/caminhos.arguscaruso.com.br\/wp-content\/uploads\/site_images\/relatorios\/etapa_1\/rel_02\/canastra.jpg\"\/><\/p>\n<p>Atualmente 14 milh\u00f5es de pessoas dependem das \u00e1guas da bacia do S\u00e3o Francisco. A pequena nascente na Serra da Canastra d\u00e1 origem a um rio que percorre cerca de 3.160 quil\u00f4metros, passando por cinco estados brasileiros, antes de desaguar no Oceano Atl\u00e2ntico, entre os estados de Sergipe e Alagoas. Existe uma Campanha para transformar o S\u00e3o Francisco em Patrim\u00f4nio Mundial, maiores informa\u00e7\u00f5es podem ser encontradas no site www.aguasdovelhochico.com.br .<\/p>\n<p>Hoje estou em S\u00e3o Roque de Minas. A prefeitura e o Ibama <a href=\"http:\/\/www.ibama.gov.br\" target=\"_blank\" rel=\"noopener\">www.ibama.gov.br<\/a> est\u00e3o me dando total apoio e amanh\u00e3 devo come\u00e7ar a travessia do Parque Nacional da Serra da Canastra. Ontem conheci o escultor Chico Chagas que mora em uma casa centen\u00e1ria afastada da vila e faz carrancas, cacha\u00e7a, queijo e conta muitos casos. Me presenteou com algumas ra\u00edzes e folhas para fazer ch\u00e1s medicinais.<\/p>\n<p>Aproveito para agradecer todos que est\u00e3o me ajudando. Al\u00e9m das v\u00e1rias novas amizades ao longo do caminho tamb\u00e9m agrade\u00e7o a todos que durante o complexo momento de elabora\u00e7\u00e3o do projeto me apoiaram. Em especial agrade\u00e7o a patrocinadora Cultura Inglesa e os apoios BHZ Arquitetura, Atex-Lajes nervuradas, SOL-servi\u00e7os on line, Prudential Bradesco \u2013 seguro de vida, Auge Design, Alian\u00e7a Francesa e Rotary Clube. Tamb\u00e9m agrade\u00e7o todas as escolas que se cadastraram, demonstrando interesse pelo projeto.<\/p>\n<p>A pr\u00f3xima etapa ser\u00e1 atravessar a Serra da Canastra e seguir o Rio Grande.<\/p>\n<p>Um grande abra\u00e7o, <strong>Argus<\/strong><\/p>\n<div class=\"nota\">\n<strong>Para saber mais<\/strong><br \/>\nwww.serracanastra.com.br<br \/>\nwww.saoroquedeminas.com.br\n<\/div>\n","protected":false},"excerpt":{"rendered":"<p>14.DEZ.2001 De Pontinha, MG fui para a Serra da Canastra passando em v\u00e1rios vilarejos e cidades interessantes: Papagaios, Pitangui, Concei\u00e7\u00e3o do Par\u00e1, Bom Despacho, Arcos, Lagoa de Inhuma, Piumhi, Cabrestos, Vargem Bonita e S\u00e3o Roque de Minas. A regi\u00e3o de Pitangui \u00e9 muito importante por sua hist\u00f3ria na \u00e9poca da escravid\u00e3o. O pr\u00f3prio nome da [&hellip;]<\/p>\n","protected":false},"author":1,"featured_media":0,"parent":71,"menu_order":0,"comment_status":"closed","ping_status":"closed","template":"","meta":{"footnotes":""},"class_list":["post-1275","page","type-page","status-publish","hentry"],"_links":{"self":[{"href":"https:\/\/caminhos.arguscaruso.com.br\/index.php?rest_route=\/wp\/v2\/pages\/1275","targetHints":{"allow":["GET"]}}],"collection":[{"href":"https:\/\/caminhos.arguscaruso.com.br\/index.php?rest_route=\/wp\/v2\/pages"}],"about":[{"href":"https:\/\/caminhos.arguscaruso.com.br\/index.php?rest_route=\/wp\/v2\/types\/page"}],"author":[{"embeddable":true,"href":"https:\/\/caminhos.arguscaruso.com.br\/index.php?rest_route=\/wp\/v2\/users\/1"}],"replies":[{"embeddable":true,"href":"https:\/\/caminhos.arguscaruso.com.br\/index.php?rest_route=%2Fwp%2Fv2%2Fcomments&post=1275"}],"version-history":[{"count":1,"href":"https:\/\/caminhos.arguscaruso.com.br\/index.php?rest_route=\/wp\/v2\/pages\/1275\/revisions"}],"predecessor-version":[{"id":1845,"href":"https:\/\/caminhos.arguscaruso.com.br\/index.php?rest_route=\/wp\/v2\/pages\/1275\/revisions\/1845"}],"up":[{"embeddable":true,"href":"https:\/\/caminhos.arguscaruso.com.br\/index.php?rest_route=\/wp\/v2\/pages\/71"}],"wp:attachment":[{"href":"https:\/\/caminhos.arguscaruso.com.br\/index.php?rest_route=%2Fwp%2Fv2%2Fmedia&parent=1275"}],"curies":[{"name":"wp","href":"https:\/\/api.w.org\/{rel}","templated":true}]}}