{"id":1278,"date":"2009-05-29T20:08:50","date_gmt":"2009-05-29T23:08:50","guid":{"rendered":"http:\/\/caminhos.arguscaruso.com.br\/?page_id=1278"},"modified":"2024-03-16T14:20:32","modified_gmt":"2024-03-16T14:20:32","slug":"en-etapa-1-relatorio-5","status":"publish","type":"page","link":"https:\/\/caminhos.arguscaruso.com.br\/?page_id=1278","title":{"rendered":"Etapa 1 \u2013 Relat\u00f3rio 5"},"content":{"rendered":"<h4>18.FEV.2002<\/h4>\n<h3 class=\"tit-rel\">Acabo de passar por locais aben\u00e7oados pela natureza. A regi\u00e3o da Serra da Bodoquena, onde se encontra a cidade Bonito, e a regi\u00e3o do imponente Pantanal. Al\u00e9m das belezas naturais esse trecho tem algumas cidades historicamente interessantes como Miranda, que j\u00e1 foi a cidade mais importante de toda a regi\u00e3o e Corumb\u00e1 com seu porto na margem do Rio Paraguai que j\u00e1 foi um dos portos mais ativos do pa\u00eds.<\/h3>\n<p>A partir da serra de Maracaju a vegeta\u00e7\u00e3o mudou muito, \u00e9 um cerrado bem mais denso e com mais declives. Na serra da Bodoquena o solo \u00e9 rico em calc\u00e1rio o que proporcionou a forma\u00e7\u00e3o de v\u00e1rias grutas e rios com \u00e1guas transparentes. Toda essa beleza aliada \u00e0 proximidade do Pantanal fez da cidade de Bonito um grande p\u00f3lo tur\u00edstico que vem se desenvolvendo de uma forma organizada e com v\u00e1rias atitudes de preserva\u00e7\u00e3o do meio ambiente.<\/p>\n<p>Em Bonito fiquei em um albergue da juventude \u00f3timo, tinha at\u00e9 piscina. Al\u00e9m dos passeios tradicionais da regi\u00e3o, como a Gruta do Lago Azul, Rio da Prata, etc. a cidade tamb\u00e9m oferece um prato cheio para quem gosta de aventura, tem rafting, rapel, mergulho, off-road, v\u00f4o livre, tirolesa, etc. maiores informa\u00e7\u00f5es podem ser encontradas atrav\u00e9s dos sites www.serraventura.com.br ou www.centraldeaventuras.com.br.<\/p>\n<p><img loading=\"lazy\" decoding=\"async\" class=\"images-rel alignleft\" src=\"http:\/\/caminhos.arguscaruso.com.br\/wp-content\/uploads\/site_images\/relatorios\/etapa_1\/rel_05\/5_1.jpg\" alt=\"\" hspace=\"0\" width=\"152\" height=\"300\" align=\"baseline\" \/><\/p>\n<p>A Gruta do Lago Azul \u00e9 uma gruta calc\u00e1rea (com forma\u00e7\u00f5es muito parecidas com a Gruta de Maquin\u00e9 de Cordisburgo, MG) que possui um lago interno e, num pequeno per\u00edodo do dia, recebe um faixo de luz que deixa a \u00e1gua completamente azul. No Rio da Prata \u00e9 poss\u00edvel descer boiando com uma m\u00e1scara e ver os Dourados, Piraputangas e Pacus numa \u00e1gua cristalina. Dentre os passeios &#8220;com adrenalina&#8221; o mais interessante \u00e9 o incr\u00edvel rapel de 72 metros no Abismo Anhumas.<\/p>\n<div class=\"nota menor alignright\">\n<strong>Para saber mais<\/strong><br \/>\nwww.bonito-ms.com.br<br \/>\nwww.portaldebonito.com.br<br \/>\nwww.mirandams.com.br\n<\/div>\n<p>De Bonito fui para Miranda, passando pela pousada do Canto do Bambu . Nesse percurso existem v\u00e1rias pousadas e muitos turistas fazem dali uma base para conhecerem o Pantanal e as belezas da regi\u00e3o de Bonito.<\/p>\n<p>Nesse trecho desidratei, o sol \u00e9 muito forte e bebi pouca \u00e1gua. O resultado foi uma febre em Miranda e tr\u00eas dias de cama. Depois disso comprei um gal\u00e3o de cinco litros de \u00e1gua, s\u00f3 pedalo de manh\u00e3 e final de tarde e estou bebendo muito mais Terer\u00e9, afinal essa tradi\u00e7\u00e3o paraguaia n\u00e3o se enraizou por aqui sem motivo, esse ch\u00e1 gelado \u00e9 uma forma cultural de beber \u00e1gua o dia inteiro.<\/p>\n<p>Miranda \u00e9 a regi\u00e3o que divide o Cerrado do Complexo do Pantanal e possui uma hist\u00f3ria muito interessante:<\/p>\n<blockquote><p><img loading=\"lazy\" decoding=\"async\" class=\"alignright\" src=\"http:\/\/caminhos.arguscaruso.com.br\/wp-content\/uploads\/site_images\/relatorios\/etapa_1\/rel_05\/5_2.jpg\" alt=\"\" hspace=\"0\" width=\"200\" height=\"150\" align=\"baseline\" \/>Por Lei Provincial de 07 (sete) de Outubro de 1871 a Vila de Miranda foi elevada a categoria de munic\u00edpio de Miranda,&#8230;, sendo ent\u00e3o o maior munic\u00edpio de Mato Grosso em extens\u00e3o territorial<\/p>\n<p><cite>Conhecendo Miranda Hist\u00f3ria \u2013 Geografia 3. S\u00e9rie 2001<br \/>\nCelso Nicolau Albuquerque e Elcio Ojeda<\/cite>\n<\/p><\/blockquote>\n<p>Depois de me recuperar parti para o Pantanal. Esse trecho tem poucas cidades e, por sorte conheci Jo\u00e3o Carlos, dono de uma fazenda que fica estrategicamente no meio do caminho entre Miranda e Passo do Lontra. Fiz minha primeira parada a\u00ed e segui pela Estrada Parque, foi o trecho onde percebi porque o Pantanal \u00e9 t\u00e3o famoso. Realmente \u00e9 dif\u00edcil n\u00e3o se impressionar. O Pantanal \u00e9 a maior plan\u00edcie alagada do Planeta e foi reconhecido como Patrim\u00f4nio Natural da Humanidade, \u00e9 uma regi\u00e3o de fauna e flora riqu\u00edssimas. Aprendi que jacar\u00e9 \u00e9 bicho manso e pude at\u00e9 chegar perto para fotografar.<\/p>\n<blockquote><p><strong>Um Lugar Ad\u00e2mico<\/strong><\/p>\n<p>No Pantanal n\u00e3o se pode passar r\u00e9gua &#8211;<br \/>\nsobre muito quando chove.<\/p>\n<p>R\u00e9gua \u00e9 existidura de limites:<br \/>\nE o Pantanal n\u00e3o tem limites.<\/p>\n<p>Todas as coisas deste lugar j\u00e1 est\u00e3o comprometidas como a \u00e1gua.<br \/>\nPassarinhos pedras \u00e1rvores j\u00e1 est\u00e3o comprometidas com a \u00e1gua.<br \/>\nNos brejos, de noite, o sil\u00eancio fala:<br \/>\nSapo n\u00fa -tem voz de arauto<br \/>\nConchas mandam recado<br \/>\nCamale\u00f5es conversam baixo<br \/>\nLargatixas pastoreiam borboletas.<\/p>\n<p>Aqui, bonito \u00e9 desnecess\u00e1rio<br \/>\nBeleza e gl\u00f3ria das coisas o olho que p\u00f5e.<\/p>\n<p>Aqui, a eleg\u00e2ncia e o branco devem<br \/>\nmuito \u00e0s gar\u00e7as.<\/p>\n<p><cite>Manoel de Barros<\/cite><\/p><\/blockquote>\n<p>Passei pelo Passo do Lontra e fiquei na &#8220;Cabanas do Pescador&#8221;, uma pousada sobre palafitas, onde todas as janelas e portas possuem telas para os milh\u00f5es de pernilongos n\u00e3o entrarem. L\u00e1 fiz uma pescaria e voltamos com nove Pacus. Durante a pesca escutei o impressionante estrondo feito pelos macacos bugio que mais parece um aeroporto. O pescador Gilson Valdonado foi quem mostrou as &#8220;manhas&#8221; e tamb\u00e9m ensinou as leis de pesca que ocorrem na regi\u00e3o. O turismo descontrolado feito pelos pescadores diminuiu muito a quantidade de peixes dos rios e hoje existem leis que limitam a pesca para que o rio possa voltar ao que era antes.<\/p>\n<p>Na Estrada Parque atravessei o rio Paraguai, subi a morraria do Urucum e cheguei em Corumb\u00e1, cidade que faz fronteira com a Bol\u00edvia. Coincid\u00eancia ou n\u00e3o foi exatamente no primeiro dia de Carnaval. No alto da cidade um Cristo Redentor, embaixo escolas de samba, do lado um rio imenso que vai at\u00e9 o Oceano Atl\u00e2ntico. Estou no Rio de Janeiro!? Ser\u00e1 que a b\u00fassola tava errada? O carnaval de Corumb\u00e1 \u00e9 famoso em todo estado, sem nenhuma briga e muita anima\u00e7\u00e3o. Procurei um lugar para hospedar e encontrei a Casa dos Estudantes da UFMS.<\/p>\n<p>A Universidade Federal de Mato Grosso do Sul \u00e9 a segunda melhor do centro-oeste e possui v\u00e1rias extens\u00f5es, uma delas \u00e9 o Campus do Pantanal em Corumb\u00e1.<\/p>\n<p>O rio Paraguai liga a regi\u00e3o de Miranda e Corumb\u00e1 (Pantanal) ao Oceano Atl\u00e2ntico passando pelo Paraguai, Argentina e Uruguai, sendo naveg\u00e1vel por toda extens\u00e3o. Isso fez com que essas cidades tivessem uma ocupa\u00e7\u00e3o muito diferente das outras pelas quais passei.<\/p>\n<p>Segundo o historiador e poeta Augusto C\u00e9sar Proen\u00e7a o interesse pela regi\u00e3o come\u00e7ou em 1719 quando o bandeirante Pascoal Moreira Cabral encontrou ouro \u00e0s margens do rio Coxim, Cuiab\u00e1. Corumb\u00e1 foi fundada em 1778 a mando do Luis Albuquerque de Melo Pereira, capit\u00e3o general da capitania de Mato Grosso, Cuiab\u00e1, para defender a fronteira.<\/p>\n<p>A Guerra do Paraguai (1865-1870) foi o acontecimento que transformou completamente a regi\u00e3o geoestrat\u00e9gica de Corumb\u00e1 e Miranda. Nessa Guerra o Brasil obteve o t\u00edtulo de primeiro pa\u00eds no mundo a utilizar arma biol\u00f3gica, lan\u00e7ando cad\u00e1veres com c\u00f3lera no rio Paraguai e disseminando a doen\u00e7a no pa\u00eds inimigo.<\/p>\n<p>Vencida a Guerra a regi\u00e3o tornou-se entreposto comercial e chegou a ter 25 bancos estrangeiros, foi a \u00e9poca do apogeu econ\u00f4mico (aprox. 1910). A riqueza atraiu muitos estrangeiros que chegavam do Atl\u00e2ntico, Argentina, Uruguai e principalmente Paraguai atrav\u00e9s do rio. O reflexo desse apogeu e miscel\u00e2nea cultural pode ser visto na exuberante arquitetura ecl\u00e9tica do casario do Porto em Corumb\u00e1.<\/p>\n<p>Em 1914 foi inaugurada a estrada de ferro Noroeste Brasil, que ligou o sul do estado de Mato Grosso (atual Mato Grosso do Sul) \u00e0 S\u00e3o Paulo. Essa estrada substituiu o eixo fluvial de Corumb\u00e1 at\u00e9 o Atl\u00e2ntico e trouxe um per\u00edodo de decad\u00eancia para a cidade. As antigas constru\u00e7\u00f5es est\u00e3o hoje em p\u00e9ssimo estado de conserva\u00e7\u00e3o e est\u00e3o vislumbrando novas utiliza\u00e7\u00f5es para se adequarem \u00e0s demandas resultantes do turismo. Hoje a Secretaria de Turismo de Corumb\u00e1 trabalha com o projeto Monumenta que trata da revitaliza\u00e7\u00e3o do casario do Porto.<\/p>\n<div class=\"nota menor align right\">\n<p>Para saber mais sobre Corumb\u00e1 leia o trabalho do historiador <strong>Ricardo R. Leite Filho<\/strong>: <em>Corumb\u00e1 \u2013 Breve Considera\u00e7\u00f5es S\u00f3cio-Econ\u00f4micas<\/em><\/p>\n<p><strong>Base de Apoio \u00e0 Pesquisa no Pantanal<\/strong><br \/>\nwww.ucdb.br\n<\/div>\n<p>Toda regi\u00e3o que passo agora j\u00e1 foi encoberta pelo antigo mar de Xara\u00e9s, prova disso s\u00e3o os f\u00f3sseis de Corumbela sp, um antigo organismo marinho que pode ser encontrado na mina do Urucum.<\/p>\n<p>O estado do Mato Grosso do Sul foi criado na ditadura, quando Mato Grosso foi dividido em dois: Mato Grosso e Mato Grosso do Sul. A divis\u00e3o causa pol\u00eamica at\u00e9 hoje e ainda \u00e9 tema de discuss\u00f5es nas tvs e jornais locais. Existe uma lei para mudar o nome do estado para Estado do Pantanal. Eu gostei da id\u00e9ia, fica bonito e exalta uma grande beleza que possuem.<\/p>\n<p>Agora vou para Bol\u00edvia, depois de pedalar 2400 km no Brasil. Farei o trecho Puerto Quijarro at\u00e9 Santa Cruz de la Sierra com o famoso &#8220;Trem da Morte&#8221; pois n\u00e3o existe estrada e de l\u00e1 come\u00e7o a grande subida dos Andes, onde chegarei a locais com mais de quatro mil metros de altitude.<\/p>\n<p>Um grande abra\u00e7o e at\u00e9 a pr\u00f3xima,<br \/>\n<strong>Argus<\/strong><\/p>\n","protected":false},"excerpt":{"rendered":"<p>18.FEV.2002 Acabo de passar por locais aben\u00e7oados pela natureza. A regi\u00e3o da Serra da Bodoquena, onde se encontra a cidade Bonito, e a regi\u00e3o do imponente Pantanal. Al\u00e9m das belezas naturais esse trecho tem algumas cidades historicamente interessantes como Miranda, que j\u00e1 foi a cidade mais importante de toda a regi\u00e3o e Corumb\u00e1 com seu [&hellip;]<\/p>\n","protected":false},"author":1,"featured_media":0,"parent":71,"menu_order":0,"comment_status":"closed","ping_status":"closed","template":"","meta":{"footnotes":""},"class_list":["post-1278","page","type-page","status-publish","hentry"],"_links":{"self":[{"href":"https:\/\/caminhos.arguscaruso.com.br\/index.php?rest_route=\/wp\/v2\/pages\/1278","targetHints":{"allow":["GET"]}}],"collection":[{"href":"https:\/\/caminhos.arguscaruso.com.br\/index.php?rest_route=\/wp\/v2\/pages"}],"about":[{"href":"https:\/\/caminhos.arguscaruso.com.br\/index.php?rest_route=\/wp\/v2\/types\/page"}],"author":[{"embeddable":true,"href":"https:\/\/caminhos.arguscaruso.com.br\/index.php?rest_route=\/wp\/v2\/users\/1"}],"replies":[{"embeddable":true,"href":"https:\/\/caminhos.arguscaruso.com.br\/index.php?rest_route=%2Fwp%2Fv2%2Fcomments&post=1278"}],"version-history":[{"count":1,"href":"https:\/\/caminhos.arguscaruso.com.br\/index.php?rest_route=\/wp\/v2\/pages\/1278\/revisions"}],"predecessor-version":[{"id":1848,"href":"https:\/\/caminhos.arguscaruso.com.br\/index.php?rest_route=\/wp\/v2\/pages\/1278\/revisions\/1848"}],"up":[{"embeddable":true,"href":"https:\/\/caminhos.arguscaruso.com.br\/index.php?rest_route=\/wp\/v2\/pages\/71"}],"wp:attachment":[{"href":"https:\/\/caminhos.arguscaruso.com.br\/index.php?rest_route=%2Fwp%2Fv2%2Fmedia&parent=1278"}],"curies":[{"name":"wp","href":"https:\/\/api.w.org\/{rel}","templated":true}]}}