{"id":1284,"date":"2009-05-29T20:31:46","date_gmt":"2009-05-29T23:31:46","guid":{"rendered":"http:\/\/caminhos.arguscaruso.com.br\/?page_id=1284"},"modified":"2024-03-16T14:20:32","modified_gmt":"2024-03-16T14:20:32","slug":"en-etapa-1-relatorio-11","status":"publish","type":"page","link":"https:\/\/caminhos.arguscaruso.com.br\/?page_id=1284","title":{"rendered":"Etapa 1 \u2013 Relat\u00f3rio 11"},"content":{"rendered":"<h3>Neste \u00faltimo trecho percorri o des\u00e9rtico litoral sul peruano passando por Pisco, San Vicente de Ca\u00f1ete, lagunas de Chilca e finalmente Lima, onde busquei apoios para seguir viagem e fiz uma exposi\u00e7\u00e3o do projeto.<br \/>\n<\/h3>\n","protected":false},"excerpt":{"rendered":"<p>Neste \u00faltimo trecho percorri o des\u00e9rtico litoral sul peruano passando por Pisco, San Vicente de Ca\u00f1ete, lagunas de Chilca e finalmente Lima, onde busquei apoios para seguir viagem e fiz uma exposi\u00e7\u00e3o do projeto.<\/p>\n","protected":false},"author":1,"featured_media":0,"parent":71,"menu_order":0,"comment_status":"closed","ping_status":"closed","template":"","meta":{"footnotes":""},"class_list":["post-1284","page","type-page","status-publish","hentry"],"_links":{"self":[{"href":"https:\/\/caminhos.arguscaruso.com.br\/index.php?rest_route=\/wp\/v2\/pages\/1284","targetHints":{"allow":["GET"]}}],"collection":[{"href":"https:\/\/caminhos.arguscaruso.com.br\/index.php?rest_route=\/wp\/v2\/pages"}],"about":[{"href":"https:\/\/caminhos.arguscaruso.com.br\/index.php?rest_route=\/wp\/v2\/types\/page"}],"author":[{"embeddable":true,"href":"https:\/\/caminhos.arguscaruso.com.br\/index.php?rest_route=\/wp\/v2\/users\/1"}],"replies":[{"embeddable":true,"href":"https:\/\/caminhos.arguscaruso.com.br\/index.php?rest_route=%2Fwp%2Fv2%2Fcomments&post=1284"}],"version-history":[{"count":1,"href":"https:\/\/caminhos.arguscaruso.com.br\/index.php?rest_route=\/wp\/v2\/pages\/1284\/revisions"}],"predecessor-version":[{"id":1844,"href":"https:\/\/caminhos.arguscaruso.com.br\/index.php?rest_route=\/wp\/v2\/pages\/1284\/revisions\/1844"}],"up":[{"embeddable":true,"href":"https:\/\/caminhos.arguscaruso.com.br\/index.php?rest_route=\/wp\/v2\/pages\/71"}],"wp:attachment":[{"href":"https:\/\/caminhos.arguscaruso.com.br\/index.php?rest_route=%2Fwp%2Fv2%2Fmedia&parent=1284"}],"curies":[{"name":"wp","href":"https:\/\/api.w.org\/{rel}","templated":true}]}}