{"id":2,"date":"2009-09-17T11:09:21","date_gmt":"2009-09-17T14:09:21","guid":{"rendered":"http:\/\/arguscaruso.com.br\/novositewp\/?page_id=2"},"modified":"2024-03-16T15:41:29","modified_gmt":"2024-03-16T15:41:29","slug":"sobre","status":"publish","type":"page","link":"https:\/\/caminhos.arguscaruso.com.br\/?page_id=2","title":{"rendered":"Biografia"},"content":{"rendered":"<p><strong>ARGUS CARUSO SATURNINO<\/strong><\/p>\n<p>Argus Caruso Saturnino nasceu em Belo Horizonte, em 1974. Formou-se em arquitetura na UFMG em 2000 e fez mestrado em Design na PUC-RJ em 2013. Trabalhou em escrit\u00f3rios no Brasil, na Espanha e na B\u00e9lgica. Antes da viagem de volta ao mundo de bicicleta, rodou pela Europa e \u00c1frica com a mochila nas costas e atravessou o Atl\u00e2ntico velejando, refazendo a rota de Pedro \u00c1lvares Cabral, na regata Brasil 500 anos. Em 2013 e 2014 coordenou o programa Niter\u00f3i de Bicicleta.<\/p>\n<p>1995 e 1996 Est\u00e1gio: Arquiteto Gustavo Penna, Belo Horizonte, MG<\/p>\n<p>1996 Est\u00e1gio: Arquiteto Fernando Navarro, Madrid, Espanha<\/p>\n<p>1996 Est\u00e1gio: Grupo Consultor Internacional, Bruxelas, B\u00e9lgica<\/p>\n<p>1997 Est\u00e1gio: Arquiteto Carlos Alexandre Dumont (Carico), Belo Horizonte, MG<\/p>\n<p>1998 Curso: Anima\u00e7\u00e3o Gr\u00e1fica em Shockwave Flash, UFMG, Belo Horizonte, MG<\/p>\n<p>2000 Regata: Brasil 500 anos \u2013 travessia do Atl\u00e2ntico Norte e Sul, de veleiro, refazendo a rota da chegada dos portugueses.<\/p>\n<p>2000 Palestrante: proferiu palestras sobre a travessia de veleiro, com exibi\u00e7\u00e3o de slides, em diversas escolas p\u00fablicas de Belo Horizonte.<\/p>\n<p>2001 Cenografia (co-autoria): Show da cantora Alda Rezende, Belo Horizonte, MG<\/p>\n<p>2001-2005 Autor e realizador do projeto \u201cPedalando e educando\u201d \u2013 volta ao mundo de bicicleta.<\/p>\n<p>2001-2005 Palestrante: proferiu mais de cem palestras dentro do quadro do projeto \u201cPedalando e educando\u201d, sobre sua viagem e o encontro com as diferentes culturas que conheceu. Pa\u00edses onde foram feitas palestra e encontros: Brasil, Bol\u00edvia, Peru, Austr\u00e1lia, Timor Leste, Indon\u00e9sia, Mal\u00e1sia, Tail\u00e2ndia,Camboja, Nepal, Gr\u00e9cia, It\u00e1lia, Fran\u00e7a, Hungria e Qu\u00eania.<\/p>\n<p>2002 Exposi\u00e7\u00e3o fotogr\u00e1fica: Centro Brit\u00e2nico de Lima, Peru<\/p>\n<p>2002 Palestrante: Semin\u00e1rio Internacional de Cultura em Jacarta, Indon\u00e9sia<\/p>\n<p>2003-2004 Realizador dos v\u00eddeos \u201cCorrespond\u00eancias filmadas\u201d feitos com jovens da Gr\u00e9cia, Fran\u00e7a e Inglaterra e apresentados no VII Rencontres de Cin\u00e9ma et enfance du Havre, Le Volcan \u2013 sc\u00e8ne nationale du Havre, Fran\u00e7a.<\/p>\n<p>2003 Palestrante: Congresso Mundial \u2013 Unesco \u2013 Building a Culture of Peace &#8211; Asian Initiatives \u2013 Bangkok \u2013 Tail\u00e2ndia<\/p>\n<p>2004 Exposi\u00e7\u00e3o fotogr\u00e1fica: Le Volcan \u2013 sc\u00e8ne nationale du Havre, Fran\u00e7a.<\/p>\n<p>2004 Realizador do v\u00eddeo \u2013 \u201cUm filme no meio da Viagem\u201d sobre a volta ao mundo de bicicleta. Exibido primeiramente no VII Rencontres de Cin\u00e9ma et enfance du Havre, Le Volcan \u2013 sc\u00e8ne nationale du Havre, Fran\u00e7a. (pr\u00eamio de melhor montagem na Primeira Mostra Brasileira de V\u00eddeos de Aventura e Turismo da Adventure Fair, S\u00e3o Paulo, SP, 2005 )<\/p>\n<p>2005 Exposi\u00e7\u00e3o fotogr\u00e1fica: Museu Casa Guimar\u00e3es Rosa, Cordisburgo, MG.<\/p>\n<p>2005 Curso: Edi\u00e7\u00e3o de V\u00eddeos em Premiere Pro (40 horas), DRC, S\u00e3o Paulo, SP<\/p>\n<p>2005 Realiza\u00e7\u00e3o de correspond\u00eancias filmadas com jovens de Salvador, endere\u00e7adas aos velejadores da regata \u201cJacques Fabre\u201d, em parceria com a realizadora francesa Anne Legrand, exibidas no canal France 3, Fran\u00e7a.<\/p>\n<p>2006-2009 Arquiteto construtor: Execu\u00e7\u00e3o das obras e gerenciamento de projetos para a Grimaldi Engenharia: Loja sede Natan, RJ; Loja Maria Bonita, RJ; Loja Patachou, RJ; Museu da Imagem e do Som, SP; entre outras.<\/p>\n<p>2007 Curso: Desenvolvimento de Ecovilas &#8211; Instituto de Permacultura da Mata Atl\u00e2ntica (IPEMA) &#8211; Ubatuba SP<\/p>\n<p>2008 Curso: Constru\u00e7\u00e3o com terra &#8211; Tecnologia Intuitiva e Bio-Arquitetura (Tib\u00e1) &#8211; Nova Friburgo &#8211; RJ<\/p>\n<p>2009 Exposi\u00e7\u00e3o fotogr\u00e1fica: Back to Black, Rio de Janeiro RJ &#8211; dire\u00e7\u00e3o de Bia Lessa<\/p>\n<p>2009 Cenografia da pe\u00e7a teatral &#8220;Sert\u00e3o no meio do redemoinho&#8221; \u2013 SESCSP<\/p>\n<p>2009 Autor do livro fotogr\u00e1fico &#8220;Caminhos &#8211; Volta ao mundo de bicicleta&#8221; Editora Sesc-SP<\/p>\n<p>2009 Curso: Educa\u00e7\u00e3o Gaia &#8211; Design em Sustentabilidade, Rio de Janeiro, RJ<\/p>\n<p>2010 Autor e realizador do projeto \u201cEscola do Mundo\u201d<\/p>\n<p>2010 Viagem Pernambuco-Amap\u00e1 com uma bicicleta \u00e0 vela<\/p>\n<p>2010 S\u00f3cio-diretor da empresa Performas Produ\u00e7\u00f5es Art\u00edsticas e Socioculturais (<a href=\"http:\/\/www.performas.com.br\">www.performas.com.br<\/a>)<\/p>\n<p>2011 Exposi\u00e7\u00e3o fotogr\u00e1fica &#8211; 10 anos unindo aventura e educa\u00e7\u00e3o &#8211; C\u00e2mara dos deputados, Bras\u00edlia, DF<\/p>\n<p>2011 Exposi\u00e7\u00e3o fotogr\u00e1fica &#8211; Caminhos &#8211; volta ao mundo de bicicleta &#8211; Sesc Araraquara, SP<\/p>\n<p>2011 Exposi\u00e7\u00e3o fotogr\u00e1fica &#8211; Volta ao mundo de bicicleta &#8211; Cultura Inglesa, Bras\u00edlia, DF<\/p>\n<p>2012 Exposi\u00e7\u00e3o fotogr\u00e1fica &#8211; Caminhos &#8211; volta ao mundo de bicicleta &#8211; Sesc Piracicaba, SP<\/p>\n<p>2012 Consultor de arquitetura ambiental &#8211; Espa\u00e7o &#8220;Humanidades Rio+20&#8221; Forte de Copacabana, RJ (Cenografia &#8211; Bia Lessa, Arquitetura &#8211; Carla Jua\u00e7aba) &#8211; Ganhador do pr\u00eamio ArcVision.<\/p>\n<p>2012 Exposi\u00e7\u00e3o fotogr\u00e1fica &#8211; Caminhos &#8211; volta ao mundo de bicicleta &#8211; Casar\u00e3o dos Prazeres, Santa Teresa, Rio de Janeiro, RJ<\/p>\n<p>2012 Atua\u00e7\u00e3o no filme &#8220;Primeiro dia de um ano qualquer&#8221; Dire\u00e7\u00e3o: Domingos Oliveira (indicado a melhor ator coadjuvante, no Festival Internacional de Cinema do Rio de Janeiro 2012)<\/p>\n<p>2012 Exposi\u00e7\u00e3o fotogr\u00e1fica &#8211; Caminhos &#8211; volta ao mundo de bicicleta &#8211; Sesc Ribeir\u00e3o Preto, SP<\/p>\n<p>2012-2013 Mestrado em <em>Design<\/em>\u00a0&#8211; PUC-Rio<\/p>\n<p>2013 Exposi\u00e7\u00e3o fotogr\u00e1fica &#8211; Caminhos &#8211; volta ao mundo de bicicleta &#8211; Sesc Catanduva, SP<\/p>\n<p>2013 Vencedor do pr\u00eamio especial Hotspot WGSN com a bicicleta a vela anf\u00edbia<\/p>\n<p>2013 C\u00e2mera no filme \u201cMar me quer\u201d Dire\u00e7\u00e3o: Isabella Nicolas<\/p>\n<p>2013-2014 Coordenador do Programa Niter\u00f3i de Bicicleta <a href=\"http:\/\/www.niteroidebicicleta.rj.gov.br\">(www.niteroidebicicleta.rj.gov.br)<\/a><\/p>\n<p>2014 Programa Niter\u00f3i de Bicicleta ganhou o pr\u00eamio estadual Mobilidade Urbana 2014<\/p>\n<p>2016 Participa\u00e7\u00e3o no document\u00e1rio \u201cHuman\u201d Dire\u00e7\u00e3o: Yann Arthus-Bertrand<\/p>\n<p>2016 A bikeboat foi selecionada e apresentada na Faculdade de F\u00edsica da USP, no concurso &#8220;Falling Walls Lab&#8221; promovido pelo German Center of Science and Innovation<\/p>\n<p>2017 A bikeboat foi finalista no concurso \u201cBest Climate Practices\u201d como alternativa de mobilidade para \u00e1reas inundadas<\/p>\n<p>2017 Realizou uma oficina de constru\u00e7\u00e3o de bicicletas anf\u00edbias no Sesc Santos<\/p>\n<p>2017 Entrevistado na s\u00e9rie &#8220;Bike amor&#8221; exibido no canal Curta!<\/p>\n<p>&nbsp;<\/p>\n","protected":false},"excerpt":{"rendered":"<p>ARGUS CARUSO SATURNINO Argus Caruso Saturnino nasceu em Belo Horizonte, em 1974. Formou-se em arquitetura na UFMG em 2000 e fez mestrado em Design na PUC-RJ em 2013. Trabalhou em escrit\u00f3rios no Brasil, na Espanha e na B\u00e9lgica. Antes da viagem de volta ao mundo de bicicleta, rodou pela Europa e \u00c1frica com a mochila [&hellip;]<\/p>\n","protected":false},"author":1,"featured_media":0,"parent":0,"menu_order":-10,"comment_status":"closed","ping_status":"closed","template":"","meta":{"footnotes":""},"class_list":["post-2","page","type-page","status-publish","hentry"],"_links":{"self":[{"href":"https:\/\/caminhos.arguscaruso.com.br\/index.php?rest_route=\/wp\/v2\/pages\/2","targetHints":{"allow":["GET"]}}],"collection":[{"href":"https:\/\/caminhos.arguscaruso.com.br\/index.php?rest_route=\/wp\/v2\/pages"}],"about":[{"href":"https:\/\/caminhos.arguscaruso.com.br\/index.php?rest_route=\/wp\/v2\/types\/page"}],"author":[{"embeddable":true,"href":"https:\/\/caminhos.arguscaruso.com.br\/index.php?rest_route=\/wp\/v2\/users\/1"}],"replies":[{"embeddable":true,"href":"https:\/\/caminhos.arguscaruso.com.br\/index.php?rest_route=%2Fwp%2Fv2%2Fcomments&post=2"}],"version-history":[{"count":1,"href":"https:\/\/caminhos.arguscaruso.com.br\/index.php?rest_route=\/wp\/v2\/pages\/2\/revisions"}],"predecessor-version":[{"id":1750,"href":"https:\/\/caminhos.arguscaruso.com.br\/index.php?rest_route=\/wp\/v2\/pages\/2\/revisions\/1750"}],"wp:attachment":[{"href":"https:\/\/caminhos.arguscaruso.com.br\/index.php?rest_route=%2Fwp%2Fv2%2Fmedia&parent=2"}],"curies":[{"name":"wp","href":"https:\/\/api.w.org\/{rel}","templated":true}]}}