{"id":27,"date":"2009-10-09T17:53:50","date_gmt":"2009-10-09T20:53:50","guid":{"rendered":"http:\/\/arguscaruso.com.br\/novositewp\/?page_id=27"},"modified":"2024-03-16T14:20:32","modified_gmt":"2024-03-16T14:20:32","slug":"palestras","status":"publish","type":"page","link":"https:\/\/caminhos.arguscaruso.com.br\/?page_id=27","title":{"rendered":"Palestras"},"content":{"rendered":"<h2>Palestras e Conta\u00e7\u00f5es de Hist\u00f3rias\u00a0{youtube\u00a0YapxRNSui3s}<\/h2>\n<p><img loading=\"lazy\" decoding=\"async\" class=\"alignnone size-full wp-image-758\" title=\"Palestra em Verona\" src=\"http:\/\/caminhos.arguscaruso.com.br\/wp-content\/uploads\/2009\/10\/Palestra-em-Verona.jpg\" alt=\"Palestra em Verona\" width=\"640\" height=\"480\" srcset=\"https:\/\/caminhos.arguscaruso.com.br\/wp-content\/uploads\/2009\/10\/Palestra-em-Verona.jpg 640w, https:\/\/caminhos.arguscaruso.com.br\/wp-content\/uploads\/2009\/10\/Palestra-em-Verona-300x225.jpg 300w\" sizes=\"auto, (max-width: 640px) 100vw, 640px\" \/><\/p>\n<p>Contar hist\u00f3rias \u00e9 reviver minhas pr\u00f3prias aventuras. Cada hist\u00f3ria tem uma vida diferente. As pessoas ao redor, a cena, o sol, o vento fazem o mesmo fato ter vida pr\u00f3pria e ser explorado por diversos pontos de vista. Acho que contarei hist\u00f3rias para o resto de minha vida. Que bom que fiz essa volta ao mundo! O que n\u00e3o falta \u00e9 assunto!!<\/p>\n<p>Meu interesse maior \u00e9 visitar escolas com estudantes entre 12 e 18 anos.<\/p>\n<p><a title=\"Palestras e Conta\u00e7\u00f5es de Hist\u00f3rias\" href=\"http:\/\/spreadsheets.google.com\/viewform?formkey=dEk5dWptYW94MWQwRHZVS2FTaFc3akE6MA\" rel=\"shadowbox;width=840\">Clique aqui para cadastrar sua escola&#8230;<\/a><\/p>\n<p>Caso seja uma empresa interessada em palestras, por favor entrem em contato<br \/>\ncom Andrea no e-mail <strong>palestra@arguscaruso.com.br<\/strong><\/p>\n<blockquote><p><em>A realiza\u00e7\u00e3o deste projeto alcan\u00e7ou o sucesso pela perseveran\u00e7a, vontade de vencer e de realizar um sonho de vida, aliado a um planejamento bem feito de Argus Caruso Saturnino.<\/em><\/p>\n<p><cite>Vilfredo Schurmann<\/cite><\/p><\/blockquote>\n","protected":false},"excerpt":{"rendered":"<p>Palestras e Conta\u00e7\u00f5es de Hist\u00f3rias\u00a0{youtube\u00a0YapxRNSui3s} Contar hist\u00f3rias \u00e9 reviver minhas pr\u00f3prias aventuras. Cada hist\u00f3ria tem uma vida diferente. As pessoas ao redor, a cena, o sol, o vento fazem o mesmo fato ter vida pr\u00f3pria e ser explorado por diversos pontos de vista. Acho que contarei hist\u00f3rias para o resto de minha vida. Que bom [&hellip;]<\/p>\n","protected":false},"author":1,"featured_media":0,"parent":0,"menu_order":41,"comment_status":"closed","ping_status":"closed","template":"","meta":{"footnotes":""},"class_list":["post-27","page","type-page","status-publish","hentry"],"_links":{"self":[{"href":"https:\/\/caminhos.arguscaruso.com.br\/index.php?rest_route=\/wp\/v2\/pages\/27","targetHints":{"allow":["GET"]}}],"collection":[{"href":"https:\/\/caminhos.arguscaruso.com.br\/index.php?rest_route=\/wp\/v2\/pages"}],"about":[{"href":"https:\/\/caminhos.arguscaruso.com.br\/index.php?rest_route=\/wp\/v2\/types\/page"}],"author":[{"embeddable":true,"href":"https:\/\/caminhos.arguscaruso.com.br\/index.php?rest_route=\/wp\/v2\/users\/1"}],"replies":[{"embeddable":true,"href":"https:\/\/caminhos.arguscaruso.com.br\/index.php?rest_route=%2Fwp%2Fv2%2Fcomments&post=27"}],"version-history":[{"count":2,"href":"https:\/\/caminhos.arguscaruso.com.br\/index.php?rest_route=\/wp\/v2\/pages\/27\/revisions"}],"predecessor-version":[{"id":1751,"href":"https:\/\/caminhos.arguscaruso.com.br\/index.php?rest_route=\/wp\/v2\/pages\/27\/revisions\/1751"}],"wp:attachment":[{"href":"https:\/\/caminhos.arguscaruso.com.br\/index.php?rest_route=%2Fwp%2Fv2%2Fmedia&parent=27"}],"curies":[{"name":"wp","href":"https:\/\/api.w.org\/{rel}","templated":true}]}}