{"id":37,"date":"2009-10-09T17:55:38","date_gmt":"2009-10-09T20:55:38","guid":{"rendered":"http:\/\/arguscaruso.com.br\/novositewp\/?page_id=37"},"modified":"2024-03-16T15:38:16","modified_gmt":"2024-03-16T15:38:16","slug":"livro-caminhos","status":"publish","type":"page","link":"https:\/\/caminhos.arguscaruso.com.br\/?page_id=37","title":{"rendered":"Livro &#8220;Caminhos&#8221;"},"content":{"rendered":"<h2><img decoding=\"async\" id=\"livro\" style=\"background-color: var(--wp--preset--color--background); color: var(--wp--preset--color--foreground); font-family: var(--wp--preset--font-family--system-font); font-size: var(--wp--preset--font-size--medium);\" src=\"http:\/\/caminhos.arguscaruso.com.br\/wp-content\/uploads\/2015\/12\/Capa_3D_caminhos2-copy.jpg\" alt=\"\" width=\"550\" \/><\/h2>\n<div class=\"span-11\">\n<p><a href=\"https:\/\/www.amazon.com.br\/Caminhos-Volta-ao-mundo-bicicleta\/dp\/8569298439\" target=\"_blank\" rel=\"noopener\"><strong>Compre online na Amazon<\/strong><\/a><\/p>\n<\/div>\n<div class=\"span-14 last\"><\/div>\n<div id=\"issuu\" class=\"span 17 last clear\">\n<div class=\"span-14\">\n<p>Caminhos \u00e9 um livro de estrada, um On the Road \u00e0 moda mineira. O arquiteto Argus Caruso escolheu para cair no mundo um dos meios de transporte mais lentos que existem: uma bicicleta. Quis dar a volta ao redor do planeta bem devagar, com tempo para ver e cumprimentar as pessoas.<\/p>\n<p>Em tr\u00eas anos e meio, pedalou mais de 35 mil quil\u00f4metros, passando por 28 pa\u00edses. Sem pressa, teve tempo para captar momentos, peculiaridades, sorrisos, almas. O arquiteto viajante fez ao todo 20 mil fotos, embora a fotografia tenha sido, durante o percurso, mais um hobbie do que uma meta. A meta real era educar \u2013 a si pr\u00f3prio e \u00e0s crian\u00e7as das escolas p\u00fablicas do Brasil.<\/p>\n<p>Ele viajou munido de um projeto, o Pedalando e Educando, que consistia em abastecer um site com relat\u00f3rios e imagens, para que a meninada pudesse aprender sobre o mundo se divertindo. Este livro \u00e9 uma compila\u00e7\u00e3o de 150 belas imagens. E, na segunda metade da obra, Argus conta, em p\u00edlulas, os casos e acasos da sua vida de aventureiro profissional.<\/p>\n<\/div>\n<p>&nbsp;<\/p>\n<\/div>\n","protected":false},"excerpt":{"rendered":"<p>Compre online na Amazon Caminhos \u00e9 um livro de estrada, um On the Road \u00e0 moda mineira. O arquiteto Argus Caruso escolheu para cair no mundo um dos meios de transporte mais lentos que existem: uma bicicleta. Quis dar a volta ao redor do planeta bem devagar, com tempo para ver e cumprimentar as pessoas. [&hellip;]<\/p>\n","protected":false},"author":1,"featured_media":0,"parent":0,"menu_order":1,"comment_status":"closed","ping_status":"closed","template":"","meta":{"footnotes":""},"class_list":["post-37","page","type-page","status-publish","hentry"],"_links":{"self":[{"href":"https:\/\/caminhos.arguscaruso.com.br\/index.php?rest_route=\/wp\/v2\/pages\/37","targetHints":{"allow":["GET"]}}],"collection":[{"href":"https:\/\/caminhos.arguscaruso.com.br\/index.php?rest_route=\/wp\/v2\/pages"}],"about":[{"href":"https:\/\/caminhos.arguscaruso.com.br\/index.php?rest_route=\/wp\/v2\/types\/page"}],"author":[{"embeddable":true,"href":"https:\/\/caminhos.arguscaruso.com.br\/index.php?rest_route=\/wp\/v2\/users\/1"}],"replies":[{"embeddable":true,"href":"https:\/\/caminhos.arguscaruso.com.br\/index.php?rest_route=%2Fwp%2Fv2%2Fcomments&post=37"}],"version-history":[{"count":3,"href":"https:\/\/caminhos.arguscaruso.com.br\/index.php?rest_route=\/wp\/v2\/pages\/37\/revisions"}],"predecessor-version":[{"id":1887,"href":"https:\/\/caminhos.arguscaruso.com.br\/index.php?rest_route=\/wp\/v2\/pages\/37\/revisions\/1887"}],"wp:attachment":[{"href":"https:\/\/caminhos.arguscaruso.com.br\/index.php?rest_route=%2Fwp%2Fv2%2Fmedia&parent=37"}],"curies":[{"name":"wp","href":"https:\/\/api.w.org\/{rel}","templated":true}]}}