{"id":392,"date":"2009-10-20T15:58:30","date_gmt":"2009-10-20T18:58:30","guid":{"rendered":"http:\/\/caminhos.arguscaruso.com.br\/?page_id=392"},"modified":"2024-03-16T14:20:31","modified_gmt":"2024-03-16T14:20:31","slug":"etapa-1-relatorio-3","status":"publish","type":"page","link":"https:\/\/caminhos.arguscaruso.com.br\/?page_id=392","title":{"rendered":"Etapa 1 \u2013 Relat\u00f3rio 3"},"content":{"rendered":"<h4>02.JAN.2002<\/h4>\n<h3 class=\"tit-rel\">Ola amigos! Feliz ano novo com muita sa\u00fade para todos Atravessei a importante e bel\u00edssima Serra da Canastra, Parque Nacional onde nasce o Rio S\u00e3o Francisco. Foram tr\u00eas dias de muitas pedaladas e &#8220;empurradas&#8221; para subir os morros da regi\u00e3o!<\/h3>\n<p>Criado em 1972, o Parque Nacional da Serra da Canastra, com uma \u00e1rea de aproximadamente 71 mil hectares e altitudes que variam entre 900 e 1.496m, tem como objetivo maior a preserva\u00e7\u00e3o de esp\u00e9cies em extin\u00e7\u00e3o da flora e fauna e prote\u00e7\u00e3o dos seus recursos h\u00eddricos. O parque situa-se no divisor de \u00e1guas entre as grandes bacias do rio Paran\u00e1 e do rio S\u00e3o Francisco.<\/p>\n<p>Segundo o IBAMA (Instituto Brasileiro do Meio Ambiente e dos Recursos Naturais Renov\u00e1veis) os maiores problemas do parque s\u00e3o as queimadas que hoje diminuiram muito por causa da brigada anti-inc\u00eandio formada por vinte e um bombeiros. H\u00e1 poucos anos, antes da forma\u00e7\u00e3o da brigada, um inc\u00eandio chegou a queimar 70% do parque.<\/p>\n<p><img loading=\"lazy\" decoding=\"async\" hspace=\"10\" height=\"150\" align=\"right\" width=\"200\" class=\"images-rel\" src=\"http:\/\/caminhos.arguscaruso.com.br\/wp-content\/uploads\/site_images\/relatorios\/etapa_1\/rel_03\/nascente_sf.jpg\"\/><\/p>\n<p>Com autoriza\u00e7\u00e3o do IBAMA dormi dentro do parque e, apesar da beleza do lugar, o primeiro dia de pedalada foi horr\u00edvel. Chegando na nascente do S\u00e3o Francisco a bicicleta estragou e o local que pretendia chegar em uma hora s\u00f3 foi alcan\u00e7ado depois de cinco horas. Cheguei \u00e0 meia noite na parte alta da cachoeira Casca D\u2019anta empurrando a bicicleta com muita chuva e pouqu\u00edssima visibilidade. Muito cansado dormi em um banheiro onde improvisei uma comida com queijo, rapadura e o ch\u00e1 de sassafr\u00e1s que Chico Chagas me presenteou.<\/p>\n<p>No outro dia segui para o vilarejo de S\u00e3o Jo\u00e3o Batista, pedalando pelos campos rupestres, vegeta\u00e7\u00e3o predominante, e alguns cerrados e matas ciliares. L\u00e1 dormi e comi bem para compensar o cansa\u00e7o do dia anterior. Depois fui em dire\u00e7\u00e3o \u00e0 portaria oeste do parque. No meio do caminho encontrei um morador local, S\u00e9rgio, que sugeriu que eu fizesse este trecho ao norte do parque, onde ele mora. Aceitei a sugest\u00e3o e fui com ele fazendo trilhas e caminhos quase imposs\u00edveis para quem n\u00e3o conhece bem a regi\u00e3o.<\/p>\n<p><img loading=\"lazy\" decoding=\"async\" hspace=\"10\" height=\"150\" class=\"images-rel\" align=\"left\" width=\"200\" src=\"http:\/\/caminhos.arguscaruso.com.br\/wp-content\/uploads\/site_images\/relatorios\/etapa_1\/rel_03\/andando_rio.jpg\"\/><\/p>\n<p>Esta regi\u00e3o, Cachoeira da Boa Vista, praticamente n\u00e3o possui telefone, estradas nem luz mas possui muita tranquilidade. Todos comem muito queijo e tomam caf\u00e9 mo\u00eddo na hora, tudo produzido ali. Acostumados com a simplicidade vivem em casas pequenas, normalmente perto de algum riacho, com planta\u00e7\u00f5es para subsist\u00eancia e gado para o leite e transporte.<\/p>\n<p>Segui para Desemboque por fora do parque, atravessando v\u00e1rios riachos e pedalando em estradas de terra onde poucos 4&#215;4 passariam. O parque neste trecho \u00e9 uma chapada mon\u00f3tona e a dica do S\u00e9rgio realmente valeu. Por fora do parque \u2013 parte de baixo &#8211; \u00e9 poss\u00edvel ver toda a serra que se ergue quase verticalmente, caracter\u00edstica que deu a ela o nome de Canastra, lembrando uma cesta larga de madeira.<\/p>\n<p>A vila de Desemboque \u00e9 historicamente muito importante pois foi o ber\u00e7o da civiliza\u00e7\u00e3o do centro oeste. L\u00e1 foi encontrado ouro em 1740 e em 1763 foi constru\u00edda a sua primeira Igreja, a Matriz da Nossa Senhora do Desterro de Desemboque.<\/p>\n<p><img loading=\"lazy\" decoding=\"async\" hspace=\"10\" height=\"150\" class=\"images-rel\" align=\"right\" width=\"200\" src=\"http:\/\/caminhos.arguscaruso.com.br\/wp-content\/uploads\/site_images\/relatorios\/etapa_1\/rel_03\/casa_burro.jpg\"\/><\/p>\n<blockquote><p>Homens de extrema bravura desterrados do seu pr\u00f3prio mundo fundaram no sert\u00e3o da farinha podre a capela da Nossa Senhora do Desterro dando in\u00edcio ao povoado de Desemboque \u2013 Marco inicial da coloniza\u00e7\u00e3o do Brasil Central.<\/p>\n<p><cite>Texto escrito em um muro na estrada para Desemboque<\/cite><\/p><\/blockquote>\n<p>A vila \u00e9 hoje distrido de Sacramento com duas Igrejas, duas escolas e n\u00e3o mais que trinta casas. \u00c9 de l\u00e1 o nosso grande ator Lima Duarte, famoso Sass\u00e1 Mutema.<\/p>\n<p>Em Desemboque encontrei os Foli\u00f5es de Reis &#8220;Embaixadores da Serra da Canastra&#8221;. Nessa \u00e9poca \u00e9 muito comum encontr\u00e1-los fazendo suas folias e benzendo as casas pelas estradas. Resolvi ficar mais um dia para acompanh\u00e1-los e conhecer um pouco mais sobre essa nossa festa folcl\u00f3rica.<\/p>\n<div class=\"aligncenter\"><img loading=\"lazy\" decoding=\"async\" height=\"150\" class=\"images-rel\" width=\"200\" src=\"http:\/\/caminhos.arguscaruso.com.br\/wp-content\/uploads\/site_images\/relatorios\/etapa_1\/rel_03\/moda_viola.jpg\"\/><br \/>\nDownload da m\u00fasica em mp3<\/div>\n<p>A Folia de Reis \u00e9 uma releitura dos tr\u00eas reis magos no nascimento de Jesus Cristo. A pedido de um&#8221;festeiro&#8221; um grupo se re\u00fane com seus instrumentos musicais e saem por v\u00e1rios dias andando pelas estradas, parando e cantando nas casas onde s\u00e3o recebidos. Vai \u00e0 frente o &#8220;ponteira&#8221; que anuncia a chegada dos foli\u00f5es e marca o lugar para as refei\u00e7\u00f5es e pouso dos companheiros. A cada casa visitada a bandeira com a imagem dos tr\u00eas reis, carregada pelo &#8220;alfer&#8221;, aben\u00e7oa o local e recolhe a oferta que pode ser dinheiro, comida, bebida, etc. A \u00faltima casa visitada \u00e9 a do &#8220;festeiro&#8221; que recebe todos da regi\u00e3o com uma grande festa e muita m\u00fasica. Cada grupo de foli\u00e3o possui uma cor caracter\u00edstica e costuma sair nos meses de dezembro, janeiro e fevereiro. Uma das maiores festas de folia ocorre dia seis de janeiro, dia de Reis, em Sacramento e tamb\u00e9m v\u00e1rias outras cidades de Minas.<\/p>\n<p><img loading=\"lazy\" decoding=\"async\" hspace=\"10\" height=\"150\" align=\"right\" class=\"images-rel\" width=\"200\" src=\"http:\/\/caminhos.arguscaruso.com.br\/wp-content\/uploads\/site_images\/relatorios\/etapa_1\/rel_03\/moda_viola2.jpg\"\/><\/p>\n<p>Deixei a folia e segui para Uberaba, passando por Peir\u00f3polis, onde foram encontrados ossos de dinossauros e foi constru\u00eddo o Museu Paleontol\u00f3gico de Peir\u00f3polis. O museu \u00e9 bastante interessante mas o atendimento deixa a desejar, n\u00e3o tinha ningu\u00e9m para dar informa\u00e7\u00f5es ou entregar algum folheto. Tirei uma foto com a r\u00e9plica de um dinossauro e segui viagem.<\/p>\n<p><img loading=\"lazy\" decoding=\"async\" height=\"159\"  align=\"left\"class=\"images-rel\" width=\"200\" src=\"http:\/\/caminhos.arguscaruso.com.br\/wp-content\/uploads\/site_images\/relatorios\/etapa_1\/rel_03\/dino.jpg\"\/><\/p>\n<p>Passei o Natal em Uberaba com meu melhor presente de todos, a companhia da minha fam\u00edlia que viajou at\u00e9 l\u00e1 para festejarmos juntos.<\/p>\n<p>O trecho pr\u00f3ximo a Uberaba \u00e9 bem plano e \u00e9 um dos locais de maior aproveitamento agr\u00edcola do pa\u00eds. Uberaba e Uberl\u00e2ndia s\u00e3o dois grandes p\u00f3los de tecnologia agropastoril, com excelentes universidades e alto padr\u00e3o de qualidade de vida.<\/p>\n<p>Depois de um bom descanso natalino segui margeando o Rio Grande em dire\u00e7\u00e3o ao Mato Grosso do Sul. Passei por Planura, Itapagipe e S\u00e3o Francisco de Sales que coincidentemente comemorava 39 anos de emancipa\u00e7\u00e3o.<\/p>\n<p><img loading=\"lazy\" decoding=\"async\" hspace=\"10\" height=\"150\" class=\"images-rel\" align=\"right\" width=\"200\" src=\"http:\/\/caminhos.arguscaruso.com.br\/wp-content\/uploads\/site_images\/relatorios\/etapa_1\/rel_03\/rio.jpg\"\/><\/p>\n<p>Minas Gerais, apesar de n\u00e3o possuir costa mar\u00edtima, possui mais margem com \u00e1gua que os estados litor\u00e2neos. \u00c9 o estado com o maior water front do pa\u00eds e por isso \u00e9 tamb\u00e9m conhecido como caixa d&#8217;\u00e1gua nacional.<\/p>\n<p>A regi\u00e3o do Rio Grande que estou percorrendo era ocupada pelos ferozes \u00edndios &#8220;Bororos&#8221; que foram totalmente dizimados.<\/p>\n<blockquote><p>Expulsos os \u2018Bororos\u2019, as autoridades introduziram no Tri\u00e2ngulo Mineiro os \u00edndios \u2018Caiap\u00f3s\u2019, amigos dos portugueses e dos brancos para protegerem os transeuntes que vinham de S\u00e3o Paulo e se dirigiam a Goi\u00e1s<\/p>\n<p><cite>Pe. Jos\u00e9 Nunes em HIST\u00d3RIA RELIGIOSA E POL\u00cdTICA DE S\u00c3O FRANCISCO DE SALES \u2013 MG (1996)<\/cite><\/p><\/blockquote>\n<p>Acredito que a palavra &#8220;amigo&#8221; utilizada no livro do Padre Jos\u00e9 Nunes contenha algum excesso de inoc\u00eancia afinal hoje tamb\u00e9m os &#8220;amigos&#8221; Caiap\u00f3s j\u00e1 n\u00e3o existem mais.<\/p>\n<p>At\u00e9 as pr\u00f3ximas not\u00edcias do Mato Grosso do Sul.<\/p>\n<p>Um grande abra\u00e7o,<br \/>\n<strong>Argus Caruso Saturnino<\/strong><\/p>\n<p>Obs: O projeto Pedalando e Educando est\u00e1 &#8220;ajustando os ponteiros&#8221; e em breve estaremos com o site sendo atualizado aproximadamente de duas em duas semanas com fotos, textos e mapas. Felizmente esta fase de adapta\u00e7\u00e3o coincidiu com as f\u00e9rias escolares e esperamos que logo no in\u00edcio do pr\u00f3ximo ano letivo o site esteja funcionando plenamente.<\/p>\n<div class=\"nota\"><strong>Links<\/strong><br \/>\nwww.clubedecicloturismo.com.br<br \/>\nwww.paris-pekin.org<br \/>\nwww.amyrklink.com.br<br \/>\nwww.schurmann.com.br<br \/>\nwww.trilhabrasil.com.br<br \/>\nwww.ibama.gov.br<\/div>\n","protected":false},"excerpt":{"rendered":"<p>02.JAN.2002 Ola amigos! Feliz ano novo com muita sa\u00fade para todos Atravessei a importante e bel\u00edssima Serra da Canastra, Parque Nacional onde nasce o Rio S\u00e3o Francisco. Foram tr\u00eas dias de muitas pedaladas e &#8220;empurradas&#8221; para subir os morros da regi\u00e3o! Criado em 1972, o Parque Nacional da Serra da Canastra, com uma \u00e1rea de [&hellip;]<\/p>\n","protected":false},"author":1,"featured_media":0,"parent":333,"menu_order":20,"comment_status":"closed","ping_status":"closed","template":"","meta":{"footnotes":""},"class_list":["post-392","page","type-page","status-publish","hentry"],"_links":{"self":[{"href":"https:\/\/caminhos.arguscaruso.com.br\/index.php?rest_route=\/wp\/v2\/pages\/392","targetHints":{"allow":["GET"]}}],"collection":[{"href":"https:\/\/caminhos.arguscaruso.com.br\/index.php?rest_route=\/wp\/v2\/pages"}],"about":[{"href":"https:\/\/caminhos.arguscaruso.com.br\/index.php?rest_route=\/wp\/v2\/types\/page"}],"author":[{"embeddable":true,"href":"https:\/\/caminhos.arguscaruso.com.br\/index.php?rest_route=\/wp\/v2\/users\/1"}],"replies":[{"embeddable":true,"href":"https:\/\/caminhos.arguscaruso.com.br\/index.php?rest_route=%2Fwp%2Fv2%2Fcomments&post=392"}],"version-history":[{"count":2,"href":"https:\/\/caminhos.arguscaruso.com.br\/index.php?rest_route=\/wp\/v2\/pages\/392\/revisions"}],"predecessor-version":[{"id":1777,"href":"https:\/\/caminhos.arguscaruso.com.br\/index.php?rest_route=\/wp\/v2\/pages\/392\/revisions\/1777"}],"up":[{"embeddable":true,"href":"https:\/\/caminhos.arguscaruso.com.br\/index.php?rest_route=\/wp\/v2\/pages\/333"}],"wp:attachment":[{"href":"https:\/\/caminhos.arguscaruso.com.br\/index.php?rest_route=%2Fwp%2Fv2%2Fmedia&parent=392"}],"curies":[{"name":"wp","href":"https:\/\/api.w.org\/{rel}","templated":true}]}}