{"id":41,"date":"2009-10-09T17:56:23","date_gmt":"2009-10-09T20:56:23","guid":{"rendered":"http:\/\/arguscaruso.com.br\/novositewp\/?page_id=41"},"modified":"2024-03-16T15:24:08","modified_gmt":"2024-03-16T15:24:08","slug":"escola-do-mundo","status":"publish","type":"page","link":"https:\/\/caminhos.arguscaruso.com.br\/?page_id=41","title":{"rendered":"Escola do Mundo (2006-2013)"},"content":{"rendered":"<p>Guimar\u00e3es Rosa levou as hist\u00f3rias do Sert\u00e3o para o Mundo. Agora vou levar as hist\u00f3rias do Mundo para o Sert\u00e3o!<br \/>\nE como o Sert\u00e3o est\u00e1 em toda parte, vou procur\u00e1-lo no osso do Brasil.<\/p>\n<p>Os casos e acasos das viagens s\u00e3o o cen\u00e1rio para transmitir valores de determina\u00e7\u00e3o, solidariedade, diversidade cultural e sustentabilidade. O p\u00fablico alvo \u00e9 de estudantes entre 12 e 18 anos.<\/p>\n<p>As visitas \u00e0s escolas contam com uma exposi\u00e7\u00e3o fotogr\u00e1fica itinerante, conta\u00e7\u00f5es de hist\u00f3rias, proje\u00e7\u00f5es de v\u00eddeos e debates com os estudantes e professores.<\/p>\n<p>A primeira etapa do projeto ser\u00e1 feita no primeiro semestre letivo de 2010 nas regi\u00f5es do Norte e Nordeste do Brasil.<\/p>\n<p><a title=\"Palestras e Conta\u00e7\u00f5es de Hist\u00f3rias\" rel=\"shadowbox;width=840\" href=\"http:\/\/spreadsheets.google.com\/viewform?formkey=dEk5dWptYW94MWQwRHZVS2FTaFc3akE6MA\">Cadastre sua escola aqui!<\/a><\/p>\n<blockquote><p>Ser\u00e1, certamente, uma das aulas mais fascinantes que muitos estudantes ter\u00e3o em toda sua vida.<\/p>\n<p><cite>Gilberto Dimenstein &#8211; Folha de S\u00e3o Paulo<\/cite><\/p><\/blockquote>\n\n\n\n<!-- Page-list plugin v.5.6 wordpress.org\/plugins\/page-list\/ -->\n<ul class=\"page-list subpages-page-list \">\n<li class=\"page_item page-item-1206\"><a href=\"https:\/\/caminhos.arguscaruso.com.br\/?page_id=1206\">O que \u00e9 o projeto?<\/a><\/li>\n<li class=\"page_item page-item-1210 page_item_has_children\"><a href=\"https:\/\/caminhos.arguscaruso.com.br\/?page_id=1210\">Brinquedoteca<\/a>\n<ul class='children'>\n\t<li class=\"page_item page-item-1255\"><a href=\"https:\/\/caminhos.arguscaruso.com.br\/?page_id=1255\">Barco de raiz de Carna\u00faba<\/a><\/li>\n\t<li class=\"page_item page-item-1260\"><a href=\"https:\/\/caminhos.arguscaruso.com.br\/?page_id=1260\">Jogo das pedrinhas<\/a><\/li>\n\t<li class=\"page_item page-item-1213\"><a href=\"https:\/\/caminhos.arguscaruso.com.br\/?page_id=1213\">M\u00e1scara de Papel<\/a><\/li>\n\t<li class=\"page_item page-item-1270\"><a href=\"https:\/\/caminhos.arguscaruso.com.br\/?page_id=1270\">P\u00e9 de cavalo<\/a><\/li>\n\t<li class=\"page_item page-item-1211\"><a href=\"https:\/\/caminhos.arguscaruso.com.br\/?page_id=1211\">Peteca de Palha<\/a><\/li>\n\t<li class=\"page_item page-item-1265\"><a href=\"https:\/\/caminhos.arguscaruso.com.br\/?page_id=1265\">Rel\u00f3gio natural<\/a><\/li>\n<\/ul>\n<\/li>\n<li class=\"page_item page-item-1217\"><a href=\"https:\/\/caminhos.arguscaruso.com.br\/?page_id=1217\">Viagem e transporte<\/a><\/li>\n<li class=\"page_item page-item-1251\"><a href=\"https:\/\/caminhos.arguscaruso.com.br\/?page_id=1251\">Links<\/a><\/li>\n<li class=\"page_item page-item-1252\"><a href=\"https:\/\/caminhos.arguscaruso.com.br\/?page_id=1252\">Parcerias<\/a><\/li>\n\n<\/ul>\n","protected":false},"excerpt":{"rendered":"<p>Guimar\u00e3es Rosa levou as hist\u00f3rias do Sert\u00e3o para o Mundo. Agora vou levar as hist\u00f3rias do Mundo para o Sert\u00e3o! E como o Sert\u00e3o est\u00e1 em toda parte, vou procur\u00e1-lo no osso do Brasil. Os casos e acasos das viagens s\u00e3o o cen\u00e1rio para transmitir valores de determina\u00e7\u00e3o, solidariedade, diversidade cultural e sustentabilidade. O p\u00fablico [&hellip;]<\/p>\n","protected":false},"author":1,"featured_media":0,"parent":14,"menu_order":0,"comment_status":"closed","ping_status":"closed","template":"","meta":{"footnotes":""},"class_list":["post-41","page","type-page","status-publish","hentry"],"_links":{"self":[{"href":"https:\/\/caminhos.arguscaruso.com.br\/index.php?rest_route=\/wp\/v2\/pages\/41","targetHints":{"allow":["GET"]}}],"collection":[{"href":"https:\/\/caminhos.arguscaruso.com.br\/index.php?rest_route=\/wp\/v2\/pages"}],"about":[{"href":"https:\/\/caminhos.arguscaruso.com.br\/index.php?rest_route=\/wp\/v2\/types\/page"}],"author":[{"embeddable":true,"href":"https:\/\/caminhos.arguscaruso.com.br\/index.php?rest_route=\/wp\/v2\/users\/1"}],"replies":[{"embeddable":true,"href":"https:\/\/caminhos.arguscaruso.com.br\/index.php?rest_route=%2Fwp%2Fv2%2Fcomments&post=41"}],"version-history":[{"count":6,"href":"https:\/\/caminhos.arguscaruso.com.br\/index.php?rest_route=\/wp\/v2\/pages\/41\/revisions"}],"predecessor-version":[{"id":1870,"href":"https:\/\/caminhos.arguscaruso.com.br\/index.php?rest_route=\/wp\/v2\/pages\/41\/revisions\/1870"}],"up":[{"embeddable":true,"href":"https:\/\/caminhos.arguscaruso.com.br\/index.php?rest_route=\/wp\/v2\/pages\/14"}],"wp:attachment":[{"href":"https:\/\/caminhos.arguscaruso.com.br\/index.php?rest_route=%2Fwp%2Fv2%2Fmedia&parent=41"}],"curies":[{"name":"wp","href":"https:\/\/api.w.org\/{rel}","templated":true}]}}