{"id":426,"date":"2009-10-20T19:04:41","date_gmt":"2009-10-20T22:04:41","guid":{"rendered":"http:\/\/caminhos.arguscaruso.com.br\/?page_id=426"},"modified":"2024-03-16T14:20:31","modified_gmt":"2024-03-16T14:20:31","slug":"etapa-1-relatorio-11","status":"publish","type":"page","link":"https:\/\/caminhos.arguscaruso.com.br\/?page_id=426","title":{"rendered":"Etapa 1 \u2013 Relat\u00f3rio 11"},"content":{"rendered":"<h3>Neste \u00faltimo trecho percorri o des\u00e9rtico litoral sul peruano passando por Pisco, San Vicente de Ca\u00f1ete, lagunas de Chilca e finalmente Lima, onde busquei apoios para seguir viagem e fiz uma exposi\u00e7\u00e3o do projeto.<br \/>\n<\/h3>\n","protected":false},"excerpt":{"rendered":"<p>Neste \u00faltimo trecho percorri o des\u00e9rtico litoral sul peruano passando por Pisco, San Vicente de Ca\u00f1ete, lagunas de Chilca e finalmente Lima, onde busquei apoios para seguir viagem e fiz uma exposi\u00e7\u00e3o do projeto.<\/p>\n","protected":false},"author":1,"featured_media":0,"parent":333,"menu_order":100,"comment_status":"closed","ping_status":"closed","template":"","meta":{"footnotes":""},"class_list":["post-426","page","type-page","status-publish","hentry"],"_links":{"self":[{"href":"https:\/\/caminhos.arguscaruso.com.br\/index.php?rest_route=\/wp\/v2\/pages\/426","targetHints":{"allow":["GET"]}}],"collection":[{"href":"https:\/\/caminhos.arguscaruso.com.br\/index.php?rest_route=\/wp\/v2\/pages"}],"about":[{"href":"https:\/\/caminhos.arguscaruso.com.br\/index.php?rest_route=\/wp\/v2\/types\/page"}],"author":[{"embeddable":true,"href":"https:\/\/caminhos.arguscaruso.com.br\/index.php?rest_route=\/wp\/v2\/users\/1"}],"replies":[{"embeddable":true,"href":"https:\/\/caminhos.arguscaruso.com.br\/index.php?rest_route=%2Fwp%2Fv2%2Fcomments&post=426"}],"version-history":[{"count":1,"href":"https:\/\/caminhos.arguscaruso.com.br\/index.php?rest_route=\/wp\/v2\/pages\/426\/revisions"}],"predecessor-version":[{"id":1785,"href":"https:\/\/caminhos.arguscaruso.com.br\/index.php?rest_route=\/wp\/v2\/pages\/426\/revisions\/1785"}],"up":[{"embeddable":true,"href":"https:\/\/caminhos.arguscaruso.com.br\/index.php?rest_route=\/wp\/v2\/pages\/333"}],"wp:attachment":[{"href":"https:\/\/caminhos.arguscaruso.com.br\/index.php?rest_route=%2Fwp%2Fv2%2Fmedia&parent=426"}],"curies":[{"name":"wp","href":"https:\/\/api.w.org\/{rel}","templated":true}]}}