{"id":457,"date":"2009-10-21T10:38:00","date_gmt":"2009-10-21T13:38:00","guid":{"rendered":"http:\/\/caminhos.arguscaruso.com.br\/?page_id=457"},"modified":"2024-03-16T14:20:31","modified_gmt":"2024-03-16T14:20:31","slug":"etapa-2-relatorio-12","status":"publish","type":"page","link":"https:\/\/caminhos.arguscaruso.com.br\/?page_id=457","title":{"rendered":"Etapa 2 \u2013 Relat\u00f3rio 12"},"content":{"rendered":"<h4>13.FEV.2003<\/h4>\n<h3 class=\"tit-rel\">Ol\u00e1 amigos, acabo de concluir a segunda etapa da Volta ao Mundo. Essa etapa come\u00e7ou em Sydney, Austr\u00e1lia &#8211; jun 2002, e terminou em Bangkok, Tail\u00e2ndia &#8211; fev 2003. Durante os \u00faltimos oito messes pedalei sete mil km e passei por dois continentes, Oceania e \u00c1sia.<\/h3>\n<p>Neste percurso visitei v\u00e1rios locais importantes por sua hist\u00f3ria e geografia: a barreira de corais na Austr\u00e1lia, o rec\u00e9m-independente Timor Leste, as cidades Surabaya, Jacarta e M\u00e1laca na Indon\u00e9sia e Mal\u00e1sia &#8211; importantes portos da Cia das \u00cdndias Orientais &#8211; , tribos do norte da Tail\u00e2ndia, pa\u00edses da indochina &#8211; Laos e Camboja &#8211; rio Mekong e as ru\u00ednas de Angkor Wat do antigo imp\u00e9rio Khmer.<\/p>\n<p>Os locais que foram importantes portos durante a Cia das \u00cdndias Orientais seguem sendo ativos entrepostos comerciais. Alguns pa\u00edses se transformaram em grande pot\u00eancia econ\u00f4mica e s\u00e3o conhecidos como Tigres Asi\u00e1ticos, como Cingapura, Mal\u00e1sia, Tail\u00e2ndia e Indon\u00e9sia. Mesmo com a crise financeira de 1997 dois desses pa\u00edses me surpreenderam pela forte economia. Cingapura n\u00e3o pude passar pois \u00e9 o pa\u00eds mais caro de toda regi\u00e3o e Mal\u00e1sia foi onde consegui importantes apoios para o projeto.<\/p>\n<p>Foi uma etapa de grande diversidade cultural e religiosa. Encontrei um pouco de Catolicismo, Islamismo, Hindu\u00edsmo, Budismo, Siquismo, entre outras. Vi lugares onde todos vivem bem com essas diversidades e outros lugares onde isso \u00e9 raz\u00e3o para muitos problemas.<\/p>\n<p>Tive momentos de sorte e escapei de algumas confus\u00f5es que ocorreram pela regi\u00e3o nos \u00faltimos meses. Estive um m\u00eas antes no local da explos\u00e3o em Bali, recebemos a not\u00edcia que um casal de ciclistas foi assassinado exatamente onde est\u00e1vamos semanas antes em Laos e atravessamos de Camboja para Tail\u00e2ndia dias antes de fecharem a fronteira por causa de protestos nacionalistas entre os dois pa\u00edses. Tirando esses incidentes a pedalada foi bastante tranquila.<\/p>\n<p>Nenhum desses problemas dificultou a viagem tanto quanto a crise do d\u00f3lar no Brasil. A viagem passou por momentos dif\u00edceis! Felizmente consegui novos parceiros, a T-Bolt Mountain Bike by Proton Edar e a Telsan Engenharia, que possibilitaram que o projeto seguisse em frente. Obrigado! Aproveito para agradecer tamb\u00e9m aos que est\u00e3o juntos desde o in\u00edcio da viagem. Obrigado Cultura Inglesa, Atex Lajes Nervuradas, Solnet Servi\u00e7os On Line, BHZ Arquitetura, Prudential, Rotary Club, Embaixadas do Brasil no percurso e todos que est\u00e3o me dando for\u00e7a.<\/p>\n<p>Os \u00faltimos dias foram de &#8220;aventuras burocr\u00e1ticas&#8221; e sem grandes novidades. Ficamos em Bangkok resolvendo a intermin\u00e1vel papelada para retirar a nova bicicleta da alf\u00e2ndega, fazendo seguro sa\u00fade e vistos. No final tudo deu certo e agora seguirei com a nova bicicleta que a T-Bolt fez especialmente para a viagem.<\/p>\n<p><img decoding=\"async\" align=\"right\"  src=\"http:\/\/caminhos.arguscaruso.com.br\/wp-content\/uploads\/site_images\/relatorios\/etapa_2\/rel_12\/foto.jpg\" class=\"images-rel\" alt=\"Eu e Alexandra em Bangkok com a bicicleta nova\" \/><\/p>\n<p>A j\u00e1 mudada rota inicial segue em transforma\u00e7\u00e3o. Infelizmente n\u00e3o passaremos por Mianmar e Bangladesh por causa de restri\u00e7\u00f5es e burocracias. A ditadura militar de Mianmar n\u00e3o permite que algu\u00e9m entre ou saia do pa\u00eds pedalando. Na verdade eles n\u00e3o gostam de nenhum tipo de turismo. O neg\u00f3cio deles \u00e9 produzir hero\u00edna e n\u00e3o gostam de nigu\u00e9m transitando e tirando fotos. A solu\u00e7\u00e3o foi atravessar o pa\u00eds voando e a op\u00e7\u00e3o mais vi\u00e1vel \u00e9 ir para Calcut\u00e1, fronteira da \u00cdndia com Bangladesh.<\/p>\n<p>Agora, junto com a companheira alem\u00e3 Alexandra, come\u00e7aremos a terceira etapa &#8211; A Rota da Seda. De Calcut\u00e1 pretendemos pedalar em dire\u00e7\u00e3o \u00e0 Europa. Nesse trecho estamos dependendo de como estar\u00e1 a nova guerra americana ir planejando nosso caminho.<\/p>\n<p>Grande abra\u00e7o,<br \/>\n<strong>Argus<\/strong><\/p>\n<p>&#8220;N\u00e3o adianta voc\u00ea sonhar se voc\u00ea n\u00e3o lutar.<\/p>\n<p>Daqui a vinte anos voc\u00ea estar\u00e1 mais desapontado pelas coisas que voc\u00ea n\u00e3o fez do que pelas que fez. Ent\u00e3o expanda-se. Navegue para longe do porto seguro. Pegue os ventos de mudan\u00e7a em sua viagem. Explore. Sonhe. Descubra.&#8221;<br \/>\nMark Twain<\/p>\n","protected":false},"excerpt":{"rendered":"<p>13.FEV.2003 Ol\u00e1 amigos, acabo de concluir a segunda etapa da Volta ao Mundo. Essa etapa come\u00e7ou em Sydney, Austr\u00e1lia &#8211; jun 2002, e terminou em Bangkok, Tail\u00e2ndia &#8211; fev 2003. Durante os \u00faltimos oito messes pedalei sete mil km e passei por dois continentes, Oceania e \u00c1sia. Neste percurso visitei v\u00e1rios locais importantes por sua [&hellip;]<\/p>\n","protected":false},"author":1,"featured_media":0,"parent":348,"menu_order":110,"comment_status":"closed","ping_status":"closed","template":"","meta":{"footnotes":""},"class_list":["post-457","page","type-page","status-publish","hentry"],"_links":{"self":[{"href":"https:\/\/caminhos.arguscaruso.com.br\/index.php?rest_route=\/wp\/v2\/pages\/457","targetHints":{"allow":["GET"]}}],"collection":[{"href":"https:\/\/caminhos.arguscaruso.com.br\/index.php?rest_route=\/wp\/v2\/pages"}],"about":[{"href":"https:\/\/caminhos.arguscaruso.com.br\/index.php?rest_route=\/wp\/v2\/types\/page"}],"author":[{"embeddable":true,"href":"https:\/\/caminhos.arguscaruso.com.br\/index.php?rest_route=\/wp\/v2\/users\/1"}],"replies":[{"embeddable":true,"href":"https:\/\/caminhos.arguscaruso.com.br\/index.php?rest_route=%2Fwp%2Fv2%2Fcomments&post=457"}],"version-history":[{"count":2,"href":"https:\/\/caminhos.arguscaruso.com.br\/index.php?rest_route=\/wp\/v2\/pages\/457\/revisions"}],"predecessor-version":[{"id":1798,"href":"https:\/\/caminhos.arguscaruso.com.br\/index.php?rest_route=\/wp\/v2\/pages\/457\/revisions\/1798"}],"up":[{"embeddable":true,"href":"https:\/\/caminhos.arguscaruso.com.br\/index.php?rest_route=\/wp\/v2\/pages\/348"}],"wp:attachment":[{"href":"https:\/\/caminhos.arguscaruso.com.br\/index.php?rest_route=%2Fwp%2Fv2%2Fmedia&parent=457"}],"curies":[{"name":"wp","href":"https:\/\/api.w.org\/{rel}","templated":true}]}}