{"id":46,"date":"2009-10-09T17:57:29","date_gmt":"2009-10-09T20:57:29","guid":{"rendered":"http:\/\/arguscaruso.com.br\/novositewp\/?page_id=46"},"modified":"2024-03-16T15:29:10","modified_gmt":"2024-03-16T15:29:10","slug":"o-que-foi","status":"publish","type":"page","link":"https:\/\/caminhos.arguscaruso.com.br\/?page_id=46","title":{"rendered":"O que foi o projeto?"},"content":{"rendered":"\n<p>Ap\u00f3s viajar pelo Brasil pedalando e atravessar o Atl\u00e2ntico velejando na Regata Brasil 500 Anos, o arquiteto mineiro Argus Caruso Saturnino voltou da sua nova aventura:<\/p>\n\n\n\n<p><strong>Fazer uma volta ao mundo de bicicleta.<\/strong><\/p>\n\n\n\n<p>O caminho escolhido passou por importantes rotas: Rotas Inca, da Companhia das \u00cdndias Orientais, da Seda, das Caravanas do Imp\u00e9rio Romano, da Expans\u00e3o do Islamismo, dos Mercadores Africanos e Asi\u00e1ticos, Estrada Real, etc.<\/p>\n\n\n\n<p>A viagem fez parte do &#8220;Pedalando e Educando&#8221;, um projeto de educa\u00e7\u00e3o a dist\u00e2ncia que busca na aventura uma estrat\u00e9gia de incentivo para o aprendizado. Atrav\u00e9s da Internet as escolas receberam perodicamente um material did\u00e1tico inovador com fotos e textos relatando, ao vivo, a aventura de volta ao mundo de bicicleta. Toda viagem foi elaborada para utilizar-se de rotas que potencializam o interesse pela Hist\u00f3ria, Geografia e o dia a dia dos locais visistados. O objetivo era que o material fosse utilizado em sala de aula para discuss\u00e3o com um profissional de ensino.<\/p>\n\n\n\n<p><img loading=\"lazy\" decoding=\"async\" class=\"alignnone size-full wp-image-122\" title=\"criancada-na-bicicleta\" src=\"http:\/\/caminhos.arguscaruso.com.br\/wp-content\/uploads\/2009\/10\/criancada-na-bicicleta.jpg\" alt=\"criancada-na-bicicleta\" width=\"640\" height=\"480\" srcset=\"https:\/\/caminhos.arguscaruso.com.br\/wp-content\/uploads\/2009\/10\/criancada-na-bicicleta.jpg 640w, https:\/\/caminhos.arguscaruso.com.br\/wp-content\/uploads\/2009\/10\/criancada-na-bicicleta-300x225.jpg 300w\" sizes=\"auto, (max-width: 640px) 100vw, 640px\" \/><br>\n<span style=\"background-color: #ffffff;\"><br>\n<\/span> Al\u00e9m da comunica\u00e7\u00e3o vai internet, tamb\u00e9m foram visitadas v\u00e1rias escolas no percurso onde o aventureiro apresenta fotos, v\u00eddeos e mapas da viagem.<\/p>\n\n\n\n<p>Um projeto in\u00e9dito que une um dos meios mais antigos e populares de transporte a processos contempor\u00e2neos de educa\u00e7\u00e3o a dist\u00e2ncia.<\/p>\n\n\n\n\n<!-- Page-list plugin v.5.6 wordpress.org\/plugins\/page-list\/ -->\n<ul class=\"page-list subpages-page-list \">\n<li class=\"page_item page-item-1204\"><a href=\"https:\/\/caminhos.arguscaruso.com.br\/?page_id=1204\">Mural de recados<\/a><\/li>\n<li class=\"page_item page-item-935\"><a href=\"https:\/\/caminhos.arguscaruso.com.br\/?page_id=935\">Cartas Oficiais<\/a><\/li>\n<li class=\"page_item page-item-55\"><a href=\"https:\/\/caminhos.arguscaruso.com.br\/?page_id=55\">Equipamento<\/a><\/li>\n<li class=\"page_item page-item-57\"><a href=\"https:\/\/caminhos.arguscaruso.com.br\/?page_id=57\">Parceiros<\/a><\/li>\n\n<\/ul>\n","protected":false},"excerpt":{"rendered":"<p>Ap\u00f3s viajar pelo Brasil pedalando e atravessar o Atl\u00e2ntico velejando na Regata Brasil 500 Anos, o arquiteto mineiro Argus Caruso Saturnino voltou da sua nova aventura: Fazer uma volta ao mundo de bicicleta. O caminho escolhido passou por importantes rotas: Rotas Inca, da Companhia das \u00cdndias Orientais, da Seda, das Caravanas do Imp\u00e9rio Romano, da [&hellip;]<\/p>\n","protected":false},"author":1,"featured_media":0,"parent":39,"menu_order":-10,"comment_status":"closed","ping_status":"closed","template":"","meta":{"footnotes":""},"class_list":["post-46","page","type-page","status-publish","hentry"],"_links":{"self":[{"href":"https:\/\/caminhos.arguscaruso.com.br\/index.php?rest_route=\/wp\/v2\/pages\/46","targetHints":{"allow":["GET"]}}],"collection":[{"href":"https:\/\/caminhos.arguscaruso.com.br\/index.php?rest_route=\/wp\/v2\/pages"}],"about":[{"href":"https:\/\/caminhos.arguscaruso.com.br\/index.php?rest_route=\/wp\/v2\/types\/page"}],"author":[{"embeddable":true,"href":"https:\/\/caminhos.arguscaruso.com.br\/index.php?rest_route=\/wp\/v2\/users\/1"}],"replies":[{"embeddable":true,"href":"https:\/\/caminhos.arguscaruso.com.br\/index.php?rest_route=%2Fwp%2Fv2%2Fcomments&post=46"}],"version-history":[{"count":2,"href":"https:\/\/caminhos.arguscaruso.com.br\/index.php?rest_route=\/wp\/v2\/pages\/46\/revisions"}],"predecessor-version":[{"id":1875,"href":"https:\/\/caminhos.arguscaruso.com.br\/index.php?rest_route=\/wp\/v2\/pages\/46\/revisions\/1875"}],"up":[{"embeddable":true,"href":"https:\/\/caminhos.arguscaruso.com.br\/index.php?rest_route=\/wp\/v2\/pages\/39"}],"wp:attachment":[{"href":"https:\/\/caminhos.arguscaruso.com.br\/index.php?rest_route=%2Fwp%2Fv2%2Fmedia&parent=46"}],"curies":[{"name":"wp","href":"https:\/\/api.w.org\/{rel}","templated":true}]}}