{"id":530,"date":"2009-10-21T17:22:48","date_gmt":"2009-10-21T20:22:48","guid":{"rendered":"http:\/\/caminhos.arguscaruso.com.br\/?page_id=530"},"modified":"2024-03-16T14:20:31","modified_gmt":"2024-03-16T14:20:31","slug":"etapa-3-relatorio-1","status":"publish","type":"page","link":"https:\/\/caminhos.arguscaruso.com.br\/?page_id=530","title":{"rendered":"Etapa 3 \u2013 Relat\u00f3rio 1"},"content":{"rendered":"<h3 class=\"tit-rel\">Chegamos na \u00cdndia, o segundo pais mais populoso do mundo. A mis\u00e9ria do povo contrasta com a riqueza cultural e religiosa que faz do pa\u00eds um dos mais interessantes que passamos at\u00e9 agora.<\/h3>\n","protected":false},"excerpt":{"rendered":"<p>Chegamos na \u00cdndia, o segundo pais mais populoso do mundo. A mis\u00e9ria do povo contrasta com a riqueza cultural e religiosa que faz do pa\u00eds um dos mais interessantes que passamos at\u00e9 agora.<\/p>\n","protected":false},"author":1,"featured_media":0,"parent":351,"menu_order":0,"comment_status":"closed","ping_status":"closed","template":"","meta":{"footnotes":""},"class_list":["post-530","page","type-page","status-publish","hentry"],"_links":{"self":[{"href":"https:\/\/caminhos.arguscaruso.com.br\/index.php?rest_route=\/wp\/v2\/pages\/530","targetHints":{"allow":["GET"]}}],"collection":[{"href":"https:\/\/caminhos.arguscaruso.com.br\/index.php?rest_route=\/wp\/v2\/pages"}],"about":[{"href":"https:\/\/caminhos.arguscaruso.com.br\/index.php?rest_route=\/wp\/v2\/types\/page"}],"author":[{"embeddable":true,"href":"https:\/\/caminhos.arguscaruso.com.br\/index.php?rest_route=\/wp\/v2\/users\/1"}],"replies":[{"embeddable":true,"href":"https:\/\/caminhos.arguscaruso.com.br\/index.php?rest_route=%2Fwp%2Fv2%2Fcomments&post=530"}],"version-history":[{"count":1,"href":"https:\/\/caminhos.arguscaruso.com.br\/index.php?rest_route=\/wp\/v2\/pages\/530\/revisions"}],"predecessor-version":[{"id":1800,"href":"https:\/\/caminhos.arguscaruso.com.br\/index.php?rest_route=\/wp\/v2\/pages\/530\/revisions\/1800"}],"up":[{"embeddable":true,"href":"https:\/\/caminhos.arguscaruso.com.br\/index.php?rest_route=\/wp\/v2\/pages\/351"}],"wp:attachment":[{"href":"https:\/\/caminhos.arguscaruso.com.br\/index.php?rest_route=%2Fwp%2Fv2%2Fmedia&parent=530"}],"curies":[{"name":"wp","href":"https:\/\/api.w.org\/{rel}","templated":true}]}}