{"id":536,"date":"2009-10-21T17:28:37","date_gmt":"2009-10-21T20:28:37","guid":{"rendered":"http:\/\/caminhos.arguscaruso.com.br\/?page_id=536"},"modified":"2024-03-16T14:20:31","modified_gmt":"2024-03-16T14:20:31","slug":"etapa-3-relatorio-3","status":"publish","type":"page","link":"https:\/\/caminhos.arguscaruso.com.br\/?page_id=536","title":{"rendered":"Etapa 3 \u2013 Relat\u00f3rio 3"},"content":{"rendered":"<h4>23.ABR.2003<\/h4>\n<h3 class=\"tit-rel\">Namast\u00ea, Seguimos no Nepal, um pa\u00eds que a cada dia surpreende mais com a beleza do Himalaia. De Katmandu resolvemos fazer algumas trilhas pelas motanhas. Pedalamos um trecho da estrada Lhasa-Katmandu que liga Nepal ao Tibet\/China, subimos para o Vale de Langtang para fazermos caminhadas a mais de 3000 m.a.n.m. e depois seguimos oeste para Pokhara.<\/h3>\n<p>Os dias em Katmandu foram usados tamb\u00e9m para arrumar bicicletas e o notebook. A capital possui 500 mil habitantes e fica a 1300 m.a.n.m. (metros acima do n\u00edvel do mar), no seu centro antigo est\u00e3o concentrados templos, pra\u00e7as, pal\u00e1cios, mercados, restaurantes, hot\u00e9is, lojas de ch\u00e1, tecidos, etc. Visitamos tamb\u00e9m Patan e Bhaktapur, cidades do aglomerado urbano do vale de Katmandu que foram constru\u00eddas com as portas e janelas minuciosamente esculpidas durante a dinastia Malla do S\u00e9c. XVII.<\/p>\n<p><img decoding=\"async\" class=\"images-rel\" src=\"http:\/\/caminhos.arguscaruso.com.br\/wp-content\/uploads\/site_images\/relatorios\/etapa_3\/rel_03\/foto3_2_1.jpg\" alt=\"Bhaktapur\" align=\"center\" \/><\/p>\n<p>Por coincid\u00eancia estamos passando no Himalaia durante as comemora\u00e7\u00f5es de 50 anos da primeira escalada ao topo do monte Everest pelo neozeland\u00eas Edmund Hillary em 1953.<\/p>\n<p><img decoding=\"async\" class=\"images-rel\" src=\"http:\/\/caminhos.arguscaruso.com.br\/wp-content\/uploads\/site_images\/relatorios\/etapa_3\/rel_03\/foto3_2_2.jpg\" alt=\"Est\u00e1tua sagrada em Bhaktapur\" align=\"left\" \/><\/p>\n<p>Katmandu, assim como Goa na India e Bali na Indon\u00e9sia, foram as cidades onde a &#8220;gera\u00e7\u00e3o woodstock&#8221; se encontrava nos anos 60 e 70 em busca de boa energia e paz. Muitos artistas frequentavam a &#8220;freak street&#8221;, uma rua no centro que ficou famosa pelo ambiente de bares e restaurantes bons e baratos.<\/p>\n<p><img decoding=\"async\" class=\"images-rel\" src=\"http:\/\/caminhos.arguscaruso.com.br\/wp-content\/uploads\/site_images\/relatorios\/etapa_3\/rel_03\/foto3_2_3.jpg\" alt=\"Panor\u00e2mica de Katmandu\" align=\"lecenterft\" \/><\/p>\n<p>Fomos na fronteira com o Tibet para pedalarmos um pouco na famosa estrada Lhasa-Katmandu. Com a invas\u00e3o da China no Tibet as taxas e exig\u00eancias (carros acompanhando e guias) para pedalar no lado tibetano est\u00e3o custando 700 d\u00f3lares por pessoa. Preferimos ent\u00e3o pedalar somente no lado nepal\u00eas e curtir a descida do rio Bhote Koshi com montanhas de neve e incr\u00edveis paisagens ao redor da estrada, sempre rodeados de faces nepalesas misturadas com os imigrantes tibetanos.<\/p>\n<p>Passamos em Nagarkot, um topo de morro cheio de hot\u00e9is, de onde foi poss\u00edvel ver a cadeia de montanhas nevadas do Himalaia e o topo do Everest. O Himalaia possui dez cumes com mais de 8000 m.a.n.m. e mais de duzentos com mais de 7000 m.a.n.m. De Nagarkot voltamos para Katmandu e nos encontramos com o amigo brasileiro Gustavo que viajou conosco de bicicleta no trecho entre Katmandu e Pokhara.<\/p>\n<p><img decoding=\"async\" class=\"images-rel\" src=\"http:\/\/caminhos.arguscaruso.com.br\/wp-content\/uploads\/site_images\/relatorios\/etapa_3\/rel_03\/foto3_2_4.jpg\" alt=\"Montanhas em Nagarkot\" align=\"right\" \/><\/p>\n<p>Apesar da paz que reina no Nepal tur\u00edstico, o pa\u00eds passa por um momento de instabilidade pol\u00edtica por causa dos mao\u00edstas (Integrantes do Partido Comunista seguidores do Mao Ts\u00e9-tung). Todos os pontos estrat\u00e9gicos (casas do governo, telecomunica\u00e7\u00e3o, hidroel\u00e9tricas, etc.) est\u00e3o ostensivamente vigiados pelo ex\u00e9rcito com barricadas e armas j\u00e1 preparadas para qualquer ataque. Vimos casas de governo explodidas por bombas, passeatas de caminh\u00f5es com as bandeiras vermelhas e reportagens amea\u00e7ando o governo atrav\u00e9s dos principais jornais do pa\u00eds. V\u00e1rios locais que paramos est\u00e3o em estado de alerta, o com\u00e9rcio fecha \u00e0s 20:00 e ningu\u00e9m mais sai de casa.<\/p>\n<p>A situa\u00e7\u00e3o pol\u00edtica do pa\u00eds reflete a pobreza da popula\u00e7\u00e3o rural das montanhas e a posi\u00e7\u00e3o geo-estrat\u00e9gica entre as duas grandes pot\u00eancias China e \u00cdndia que acirra o conflito entre o socialismo e capitalismo.<\/p>\n<p><img decoding=\"async\" class=\"images-rel\" src=\"http:\/\/caminhos.arguscaruso.com.br\/wp-content\/uploads\/site_images\/relatorios\/etapa_3\/rel_03\/foto3_2_5.jpg\" alt=\"Passeata mao\u00edsta\" align=\"right\" \/><\/p>\n<p>Seguimos em tr\u00eas, Gustavo, Alexandra e eu, pelo montanhoso caminho para o vale de Langtang. A subida foi dif\u00edcil e durou dois dias. Pegamos estradas de terra muito inclinadas e tivemos de puxar as bicicletas. A baixa velocidade fez com que a crian\u00e7ada pudesse nos acompanhar por v\u00e1rios quil\u00f4metros. \u00c0s vezes aparecia uma molecada danada e t\u00ednhamos de ficar espertos pois tentavam pegar coisas da bicicleta e correr. Tivemos de resgatar uma bandeira e uma bomba de ar. Quase toda crian\u00e7ada sabe ingl\u00eas e usam freneticamente a palavra give \u2013 Give chocolate, give sweet, give money, give pencil, give your bicycle, give your ball, etc. Mas na verdade eles n\u00e3o querem nada disso, querem apenas alguma aten\u00e7\u00e3o. Uma boa estrat\u00e9gia foi cantar caminhando. Todos nos acompanhavam na can\u00e7\u00e3o e esqueciam de ficar pedindo ou tentando pegar nossas coisas.<br \/>\n<img decoding=\"async\" class=\"images-rel\" src=\"http:\/\/caminhos.arguscaruso.com.br\/wp-content\/uploads\/site_images\/relatorios\/etapa_3\/rel_03\/foto3_2_6.jpg\" alt=\"Teste de resist\u00eancia da bicicleta\" align=\"left\" \/><br \/>\nEm uma das vilas, Kalikasthan, enchemos a bola de futebol do Gustavo e fizemos uma festa na beira da estrada. Em pouco tempo j\u00e1 t\u00ednhamos conhecido quase metada da cidade. Apesar das f\u00e9rias escolares conseguimos juntar uma boa turma de estudantes e no final fizemos uma aula alternativa misturando bicicleta, bola, mapas, fotos, etc.<\/p>\n<p><img decoding=\"async\" class=\"images-rel\" src=\"http:\/\/caminhos.arguscaruso.com.br\/wp-content\/uploads\/site_images\/relatorios\/etapa_3\/rel_03\/foto3_2_7.jpg\" alt=\"M\u00e3e e filha no Himalaia\" align=\"right\" \/><\/p>\n<p>Chegamos em Dunche (2040 m.a.n.m.), deixamos as bicicletas e seguimos caminhando por mais dois dias at\u00e9 os 3350 m.a.n.m. dentro do Parque Nacional de Langtang. Embora seja um parque oficial a regi\u00e3o segue com problemas de desmatamento. As casas da regi\u00e3o quase n\u00e3o possuem fog\u00e3o a g\u00e1s e fazem desmatamento para cozinhar, aquecer as casas, abrir \u00e1rea para plantio, etc. &#8211; e ningu\u00e9m faz reflorestamento. A caminhada vale a pena pela vista das impressionantes montanhas (Langtang &#8211; 7246 m.a.n.m.) e as vilas Tibetanas e Tamang do percurso.<br \/>\n<img decoding=\"async\" class=\"images-rel\" src=\"http:\/\/caminhos.arguscaruso.com.br\/wp-content\/uploads\/site_images\/relatorios\/etapa_3\/rel_03\/foto3_2_8.jpg\" alt=\"Morros de neve em Langtang\" align=\"right\" \/><br \/>\nNo caminho para Pokhara seguimos vendo uma vida rural simples. Quase todas planta\u00e7\u00f5es usam tra\u00e7\u00e3o animal. Na beira da estrada tamb\u00e9m vimos funerais que passam o dia tocando instrumentos, dan\u00e7ando, bebendo e chorando. Nas pequenas vilas as pra\u00e7as s\u00e3o apenas um cimentado na sombra do p\u00e9 de uma \u00e1rvore grande. Nosso alimento \u00e9 o Dalbhat, prato oficial do Nepal com muito arroz, lentilha, vegetais, picles e direito de repetir \u00e0 vontade.<\/p>\n<p><img decoding=\"async\" class=\"images-rel\" src=\"http:\/\/caminhos.arguscaruso.com.br\/wp-content\/uploads\/site_images\/relatorios\/etapa_3\/rel_03\/foto3_2_9.jpg\" alt=\"\" align=\"left\" \/><\/p>\n<p>Nessas andan\u00e7as pelo mundo encontrei v\u00e1rias pessoas com id\u00e9ias mirabolantes. Aqui no Nepal encontramos um querendo subir at\u00e9 o acampamento base do Everest num monociclo; ainda no Brasil escutei sobre um japon\u00eas fazendo uma volta ao mundo puxando um carrinho de supermercado; em Bangkok encontrei outro que planeja ir para Europa numa moto-taxi (tuk-tuk); tamb\u00e9m em Bangkok conversei com um americano que planeja atravessar a Mong\u00f3lia de leste a oeste jogando golfe. E para finalizar encontrei tamb\u00e9m um par inusitado de alem\u00e3o com judeu viajando de bicicleta pela \u00cdndia. Quem entende?<\/p>\n<p><img decoding=\"async\" class=\"images-rel\" src=\"http:\/\/caminhos.arguscaruso.com.br\/wp-content\/uploads\/site_images\/relatorios\/etapa_3\/rel_03\/foto3_2_10.jpg\" alt=\"Gustavo, Alexandra e eu\" align=\"right\" \/><\/p>\n<p>Os problemas da Guerra no Iraque e da S\u00edndrome Respirat\u00f3ria Aguda Grave (SRAG) n\u00e3o mudaram muito o dia a dia nepal\u00eas. Por causa da guerra seguimos evitando os produtos americanos e por causa do SRAG est\u00e3o fazendo maior fiscaliza\u00e7\u00e3o nos aeroportos.<\/p>\n<p>Acabamos de chegar em Pokhara, uma pequena cidade com um lago de \u00e1gua doce e um morro de neve com mais de 6000 m.a.n.m. Um dos principais pontos tur\u00edsticos do pa\u00eds. Daqui pretendemos seguir para o Parque Nacional Chitwan, Lumbini, oeste do Nepal e cruzar novamente para a \u00cdndia.<\/p>\n<p>At\u00e9 a pr\u00f3xima!<br \/>\n<strong>Argus<\/strong><\/p>\n<p>&#8220;O mundo \u00e9 um livro maravilhoso, mas de muito pouca utilidade para quem n\u00e3o sabe ler&#8221;<br \/>\nCarlo Goldoni<\/p>\n<p><strong>Para saber mais<\/strong><br \/>\nwww.keep.wlink.com.np<br \/>\nwww.gorakhnikhil.org.np\/his\/<br \/>\nwww.nma.com.np\/history.htm<br \/>\nwww.kantipuronline.com<br \/>\nwww.hrdsnrescue.org.np<br \/>\nwww.kailashhimalaya.com<br \/>\nwww.nepal.de<br \/>\nwww.pokhara-net.com<br \/>\nwww.countryreports.org\/history\/nepahist.htm<br \/>\nwww.kasbah.com\/vitalstats\/culture_and_history\/<br \/>\nwww.nepalhomepage.com\/general\/history.html<br \/>\nwww.maoism.org<br \/>\nwww.bigchalk.com<br \/>\nwww.cartographic.com<\/p>\n","protected":false},"excerpt":{"rendered":"<p>23.ABR.2003 Namast\u00ea, Seguimos no Nepal, um pa\u00eds que a cada dia surpreende mais com a beleza do Himalaia. De Katmandu resolvemos fazer algumas trilhas pelas motanhas. Pedalamos um trecho da estrada Lhasa-Katmandu que liga Nepal ao Tibet\/China, subimos para o Vale de Langtang para fazermos caminhadas a mais de 3000 m.a.n.m. e depois seguimos oeste [&hellip;]<\/p>\n","protected":false},"author":1,"featured_media":0,"parent":351,"menu_order":30,"comment_status":"closed","ping_status":"closed","template":"","meta":{"footnotes":""},"class_list":["post-536","page","type-page","status-publish","hentry"],"_links":{"self":[{"href":"https:\/\/caminhos.arguscaruso.com.br\/index.php?rest_route=\/wp\/v2\/pages\/536","targetHints":{"allow":["GET"]}}],"collection":[{"href":"https:\/\/caminhos.arguscaruso.com.br\/index.php?rest_route=\/wp\/v2\/pages"}],"about":[{"href":"https:\/\/caminhos.arguscaruso.com.br\/index.php?rest_route=\/wp\/v2\/types\/page"}],"author":[{"embeddable":true,"href":"https:\/\/caminhos.arguscaruso.com.br\/index.php?rest_route=\/wp\/v2\/users\/1"}],"replies":[{"embeddable":true,"href":"https:\/\/caminhos.arguscaruso.com.br\/index.php?rest_route=%2Fwp%2Fv2%2Fcomments&post=536"}],"version-history":[{"count":2,"href":"https:\/\/caminhos.arguscaruso.com.br\/index.php?rest_route=\/wp\/v2\/pages\/536\/revisions"}],"predecessor-version":[{"id":1802,"href":"https:\/\/caminhos.arguscaruso.com.br\/index.php?rest_route=\/wp\/v2\/pages\/536\/revisions\/1802"}],"up":[{"embeddable":true,"href":"https:\/\/caminhos.arguscaruso.com.br\/index.php?rest_route=\/wp\/v2\/pages\/351"}],"wp:attachment":[{"href":"https:\/\/caminhos.arguscaruso.com.br\/index.php?rest_route=%2Fwp%2Fv2%2Fmedia&parent=536"}],"curies":[{"name":"wp","href":"https:\/\/api.w.org\/{rel}","templated":true}]}}