{"id":548,"date":"2009-10-21T17:51:35","date_gmt":"2009-10-21T20:51:35","guid":{"rendered":"http:\/\/caminhos.arguscaruso.com.br\/?page_id=548"},"modified":"2024-03-16T14:20:31","modified_gmt":"2024-03-16T14:20:31","slug":"etapa-3-relatorio-8","status":"publish","type":"page","link":"https:\/\/caminhos.arguscaruso.com.br\/?page_id=548","title":{"rendered":"Etapa 3 \u2013 Relat\u00f3rio 8"},"content":{"rendered":"<h4><\/h4>\n<h3>Passsamos pela regi\u00e3o dos Curdos na Turquia, pelo imenso lago Van, pelas bases dos rios Tigres e Eufrates na hist\u00f3rica \u00e1rea do norte da Mesopot\u00e2mia, pelo monte Nemrut onde as grandes civiliza\u00e7\u00f5es Persa, Grega e Romana se encontraram e, com muito sol e ch\u00e1, chegamos na Capad\u00f3cia, no centro do pa\u00eds.<\/h3>\n<p>Passsamos pela regi\u00e3o dos Curdos na Turquia, pelo imenso                  lago Van, pelas bases dos rios Tigres e Eufrates na hist\u00f3rica                  \u00e1rea do norte da Mesopot\u00e2mia, pelo monte Nemrut onde                  as grandes civiliza\u00e7\u00f5es Persa, Grega e Romana se                  encontraram e, com muito sol e ch\u00e1, chegamos na Capad\u00f3cia,                  no centro do pa\u00eds.<\/p>\n<p><img loading=\"lazy\" decoding=\"async\" src=\"http:\/\/caminhos.arguscaruso.com.br\/wp-content\/uploads\/site_images\/relatorios\/etapa_3\/rel_08\/III-08%20Mapa%20Ira%20Turquia.jpg\" alt=\"\" width=\"500\" height=\"302\" \/><\/p>\n<p><strong>UM POUCO DA HIST\u00d3RIA DA TURQUIA<\/strong><\/p>\n<p>Geografica e culturalmente a Turquia \u00e9 a ponte entre os                  mundos ocidental e oriental. Seus primeiros habitantes chegaram                  no Mediterr\u00e2neo h\u00e1 aproximadamente 10 mil anos atr\u00e1s.                  Por aqui passaram gregos, persas, romanos, mong\u00f3is, otomanos                  e hoje v\u00e1rias diferentes culturas se confrontam. Os dois                  \u00faltimos grandes imp\u00e9rios foram o Imp\u00e9rio                  Bizantino (S\u00e9c. IV ao S\u00e9c. XV) e o Impr\u00e9rio                  turco-otomano (S\u00e9c. XV ao S\u00e9c. XX). Dentre os fatos                  recentes se destacam o genoc\u00eddio dos arm\u00eanios em                  1915, a proclama\u00e7\u00e3o da Rep\u00fablica em 1923,                  invas\u00e3o da ilha grega de Chipre em 1974 e a pris\u00e3o                  do l\u00edder do partido curdo, PKK, em 2001.<\/p>\n<p><strong>A Revolu\u00e7\u00e3o Modernizante de Ataturk<\/strong><\/p>\n<p>Durante o governo ditatorial de Ataturk (pai dos turcos) entre                  1923 e 1938 foram tomadas v\u00e1rias medidas que favoreceram                  a <strong>ocidentaliza\u00e7\u00e3o do pa\u00eds<\/strong>: a aboli\u00e7\u00e3o                  sultanato e da poligamia, substitui\u00e7\u00e3o do direito                  isl\u00e2mico por legisla\u00e7\u00f5es ocidentalizadas,                  imposi\u00e7\u00e3o do casamente civil, ado\u00e7\u00e3o                  do alfabeto romano e a separa\u00e7\u00e3o do governo e religi\u00e3o.<\/p>\n<p>H\u00e1 duas d\u00e9cadas a Turquia vem tentando fazer <strong>parte                  da Uni\u00e3o Europ\u00e9ia<\/strong> (UE) mas, segundo o relat\u00f3rio                  da UE, o pa\u00eds n\u00e3o cumpre os requisitos de democracia,                  respeito aos direitos humanos e \u00e0s minorias \u00e9tnicas                  (leia-se povo Curdo). Por isso as negocia\u00e7\u00f5es foram                  adiadas para 2010.<\/p>\n<p>No nosso dia a dia foi f\u00e1cil perceber o conflito entre                  a conservadora cultura isl\u00e2mica e os padr\u00f5es ocidentais.                  Muitos homens j\u00e1 foram para a Europa e voltam com <strong>hist\u00f3rias                  esdr\u00faxulas sobre sexualidade<\/strong> e comportamento. Nos momentos                  em que estive andando sozinho v\u00e1rios homens me perguntavam                  se \u00e9 verdade que no mundo ocidental beijamos as mulheres                  nas ruas e se realmente fazemos sexo nos parques!! V\u00e1rios                  deles, com mais de vinte anos, nunca beijaram uma mulher. Em v\u00e1rias                  ocasi\u00f5es homens adultos tentaram ver a Alexandra sem roupa.                  Uma atitude t\u00e3o infantil que nem soubemos como reagir.                  Numa das vezes peguei o curioso em flagrante olhando nosso quarto                  por um buraco na porta. Era o pr\u00f3prio dono do hotel. Resolvemos                  lev\u00e1-lo para a pol\u00edcia que aparentemente fez uma                  notifica\u00e7\u00e3o e cobrou uma multa.<\/p>\n<p><strong>A QUEST\u00c3O CURDA<\/strong><\/p>\n<p>Os curdos s\u00e3o a <strong>maior etnia sem Estado do mundo.<\/strong> S\u00e3o ao todo mais de 48 milh\u00f5es de Curdos. Na Turquia                  oficialmente eles representam 18% da popula\u00e7\u00e3o do                  pa\u00eds mas encontramos curdos que dizem serem mais de 25%.                  S\u00e3o mu\u00e7ulmanos sunitas, falam o idioma curdo e vivem                  h\u00e1 mil\u00eanios na regi\u00e3o chamada por eles de                  &#8220;Curdist\u00e3o&#8221; que engloba o norte do Iraque, norte                  do Ir\u00e3, norte da S\u00edria e leste da Turquia.<\/p>\n<p><img loading=\"lazy\" decoding=\"async\" src=\"http:\/\/caminhos.arguscaruso.com.br\/wp-content\/uploads\/site_images\/relatorios\/etapa_3\/rel_08\/III-08%20-%20mapa%20kurdistan.jpg\" alt=\"\" width=\"500\" height=\"421\" \/><\/p>\n<p>Mapa do &#8220;Curdist\u00e3o&#8221;<br \/>\nFonte: site www.akakurdistan.com<br \/>\nOs turcos n\u00e3o reconhecem a exist\u00eancia da etnia curda                  e pro\u00edbem seu idioma. O <strong>Partido dos Trabalhadores do                  Curdist\u00e3o (PKK)<\/strong> deu in\u00edcio em 1984 \u00e0                  luta armada sob o comando de seu l\u00edder Abdullah Ocalan.                  Em 1999 Ocalan foi preso e sob press\u00e3o curda e europ\u00e9ia                  sua pena de morte foi suspensa. Durante 1999 e 2001 existiu forte                  repress\u00e3o aos curdos.<\/p>\n<p>A regi\u00e3o que passamos possui a grande maioria curda e em                  todos os cantos existe um ostensivo movimento militar turco. Nos                  primeiros dias pensamos que havia ali alguma <strong>opera\u00e7\u00e3o                  especial do ex\u00e9rcito<\/strong>. De cinco em cinco minutos cruzamos                  com caminh\u00f5es carregados de soldados e jipes-tanques com                  metralhadoras para todos os lados. Atravessamos dezenas de barricadas                  com tanques e constru\u00e7\u00f5es prontas para outra poss\u00edvel                  guerra contra o PKK.<\/p>\n<p>V\u00e1rias vilas rurais curdas possuem as casas destru\u00eddas                  por bombas. Numa delas nos convidaram para dormir e jantar. Logo                  descobrimos que est\u00e1vamos em <strong>uma das bases do PKK<\/strong>.                  A fam\u00edlia vive ali h\u00e1 oito gera\u00e7\u00f5es                  e nos contou bastante sobre sua hist\u00f3ria.<\/p>\n<p>O pai da fam\u00edlia disse que, entre outros                  v\u00e1rios familiares, seu pai e seu irm\u00e3o morreram                  na batalha e dois filhos est\u00e3o nas montanhas junto ao PKK.                  &#8220;- Hoje a situa\u00e7\u00e3o est\u00e1 bem melhor e                  o comando do ex\u00e9rcito turco tem boas rela\u00e7\u00f5es                  com os curdos mas isso \u00e9 muito inst\u00e1vel e pode mudar                  em quest\u00e3o de dias. H\u00e1 quatro anos atr\u00e1s                  estava muito pior. O ex\u00e9rcito turco invadiu e esvaziou                  mais de 3 mil vilas curdas, inclusive a nossa. J\u00e1 morreram                  mais de 40 mil pessoas. <strong>Meu pai se negou a sair de casa e tamb\u00e9m                  foi morto.<\/strong> Minha m\u00e3e fugiu para Istambul. Antes lut\u00e1vamos                  por um pa\u00eds independente, o Curdist\u00e3o, hoje queremos                  apenas liberdade. Queremos falar nossa pr\u00f3pria l\u00edngua                  e ter nossos costumes respeitados. H\u00e1 tr\u00eas anos atr\u00e1s                  a pol\u00edcia turca estava escoltando todos os estrangeiros                  para passarem com seguran\u00e7a no leste turco. Isso foi hipocrisia,                  queriam difamar nossos prop\u00f3sitos e nos chamar de grupo                  terrorista. Nunca matamos turistas.&#8221; Nos contou. Que bom.                  Pensei.<\/p>\n<p><strong>NOSSA TRAJET\u00d3RIA NO LESTE TURCO<\/strong><\/p>\n<p>Da fronteira com o Ir\u00e3 seguimos com montanhas \u00e1ridas                  com um pouco de neve nos topos, <strong>muito sol<\/strong>, algumas tartarugas                  na estrada, pedras e a companhia de pequenos rios que nos deram                  bons locais para acampar.<\/p>\n<p><img loading=\"lazy\" decoding=\"async\" src=\"http:\/\/caminhos.arguscaruso.com.br\/wp-content\/uploads\/site_images\/relatorios\/etapa_3\/rel_08\/III-08%20Foto%2002%20-%20Casa%20de%20pedra.JPG\" alt=\"\" width=\"200\" height=\"150\" \/><\/p>\n<p>Casa de pedra<br \/>\nO povo curdo \u00e9 incrivelmente <strong>hospitaleiro <\/strong>e dormimos                  em muitas casas. Geralmente as fam\u00edlias s\u00e3o enormes                  e todos comem juntos. Os &#8220;tapetes de jantar&#8221; foram servidos                  com fartura. As av\u00f3s possuem voz ativa e se orgulham das                  grandes fam\u00edlias. &#8220;- Isso n\u00e3o \u00e9 nada,                  tenho muito mais!&#8221; Contou-nos uma bisav\u00f3 que gerou                  mais de trezentos descendentes. As comidas vinham das planta\u00e7\u00f5es                  e cria\u00e7\u00f5es pr\u00f3prias. &#8220;-Isso \u00e9                  parte da nossa cultura, nossa casa \u00e9 auto-suficiente e                  nosso povo tamb\u00e9m. N\u00e3o dependemos de ningu\u00e9m.                  Temos at\u00e9 nosso pr\u00f3prio petr\u00f3leo.&#8221; Afirmou                  um curdo.<\/p>\n<p><img src=http:\/\/caminhos.arguscaruso.com.br\/wp-content\/uploads\/site_images\/relatorios\/etapa_3\/rel_08\/III-08%20Foto%2003%20-%20Castelo%20de%20Van.jpg\" alt=\"\" width=\"200\" height=\"150\" \/><br \/>\nCastelo de Van<\/p>\n<p>Depois de tr\u00eas dias pedalando e uma overdose                  de ch\u00e1s chegamos no<strong> lago Van, maior lago da Turquia<\/strong>.                  A temperatura para pedalar e nadar estava perfeita. Na beira do                  lago existem divis\u00f5es de lona para que as mulheres possam                  nadar sem serem vistas pelos homens. Algum motivo talvez mitol\u00f3gico                  faz com que as \u00e1guas de lagos e rios daqui sejam muito                  pouco utilizadas. Quase n\u00e3o existem barcos e s\u00e3o                  raros os que se arriscam a nadar no pacato lago.<\/p>\n<p><img loading=\"lazy\" decoding=\"async\" src=\"http:\/\/caminhos.arguscaruso.com.br\/wp-content\/uploads\/site_images\/relatorios\/etapa_3\/rel_08\/III-08%20Foto%2004-%20Igreja%20armenia%20no%20lago%20Van.jpg\" alt=\"\" width=\"200\" height=\"150\" \/><\/p>\n<p>Igreja arm\u00eania<\/p>\n<p>Ap\u00f3s o lago Van passamos pelas bases dos                  <strong>rios Tigres e Eufrates<\/strong> (regi\u00e3o norte da Mesopot\u00e2mia)                  e visitamos Diyarbakir, a maior cidade &#8220;curda&#8221; da Turquia.                  A parte antiga \u00e9 cercada por uma monumental muralha romana                  (segunda maior muralha do mundo &#8211; perde apenas para as muralhas                  da China). Toda regi\u00e3o possui muitas ru\u00ednas de castelos,                  mesquitas e igrejas numa mistura de cultura curda, arm\u00eania                  e \u00e1rabe.<br \/>\n<img loading=\"lazy\" decoding=\"async\" src=\"http:\/\/caminhos.arguscaruso.com.br\/wp-content\/uploads\/site_images\/relatorios\/etapa_3\/rel_08\/III-08%20Foto%2005%20-%20Diyarbakir.JPG\" alt=\"\" width=\"220\" height=\"121\" \/><br \/>\nDiyarbakir &#8211; centro da resist\u00eancia curda<\/p>\n<p>No bolso estamos sentindo que j\u00e1 estamos                  nos aproximando da Europa. Os <strong>pre\u00e7os s\u00e3o bem                  mais altos<\/strong> do que todos pa\u00edses que j\u00e1 passamos.                  Felizmente estamos de bicicleta e n\u00e3o dependemos de gasolina                  que aqui custa mais de um d\u00f3lar por litro.<\/p>\n<p>Para manter nosso or\u00e7amento, quando n\u00e3o estamos                  em alguma casa, fazemos nossas pr\u00f3prias comidas e estamos                  nos integrando bem \u00e0 tradi\u00e7\u00e3o &#8220;farofeira&#8221;                  de piquiniques do Oriente M\u00e9dio. Para seguir o esquema                  &#8220;economia para a cara Europa&#8221; tamb\u00e9m estamos                  fazendo acampamento no mato e tomando banho nos rios. Meu fogareiro                  funciona com \u00e1lcool que aqui custa dez d\u00f3lares por                  litro ou seja, aqui ele n\u00e3o funciona. Sempre que acampamos,                  um arruma a barraca e o outro vai procurar madeira para fazermos                  fogueira e podermos cozinhar. \u00c0s vezes parece que estamos                  na idade da pedra. Quando ficamos em hot\u00e9is estamos alugando                  um <strong>peda\u00e7o de laje do teto aonde colocamos nossos sacos                  de dormir<\/strong> e dormimos a c\u00e9u aberto. O pre\u00e7o fica                  mais em conta, evitamos o calor e dormimos \u00e0 luz da lua.<\/p>\n<p>O leste parece ser a <strong>parte mais conservadora da Turquia.<\/strong> Apesar das mulheres possu\u00edrem liberdade para roupas vimos                  v\u00e1rias usando chador ou at\u00e9 mesmo cobrindo toda                  a cara com os panos pretos. Nas casas de ch\u00e1 encontramos                  somente homens e nas ruas \u00e9 dif\u00edcil ver mulheres                  ap\u00f3s o entardecer.<\/p>\n<p><img loading=\"lazy\" decoding=\"async\" src=\"http:\/\/caminhos.arguscaruso.com.br\/wp-content\/uploads\/site_images\/relatorios\/etapa_3\/rel_08\/III-08%20Foto%2006%20-%20mulheres%20turcas.JPG\" alt=\"\" width=\"200\" height=\"178\" \/><br \/>\nMulheres turcas<br \/>\nPassamos por uma \u00e1rea cheia de pedras que parecia a superf\u00edcie                  da lua. Vimos muitos pontos de extra\u00e7\u00e3o de petr\u00f3leo                  que produzem aproximadamente 60% do combust\u00edvel turco.                  Atravessamos de balsa a imensa Ataturk barragem e subimos as montanhas                  para visitar o <strong>Parque Nacional de Nemrut<\/strong>. No topo da montanha                  a 2150 m.a.n.m. existe o suposto t\u00famulo do rei Antiochus                  e imensas esculturas de reis e Deuses voltadas para o nascer e                  p\u00f4r do sol. As esculturas foram feitas no per\u00edodo                  Helen\u00edstico durante o reinado de Commagene entre 69 e 72                  a.C.<br \/>\n<img loading=\"lazy\" decoding=\"async\" src=\"http:\/\/caminhos.arguscaruso.com.br\/wp-content\/uploads\/site_images\/relatorios\/etapa_3\/rel_08\/III-08%20Foto%2007%20-%20Nemrut.JPG\" alt=\"\" width=\"200\" height=\"150\" \/><br \/>\nParque Nacional de Nemrut<\/p>\n<p>Pedalamos por tr\u00eas dias no parque e no caminho                  atravessamos uma ponte romana que foi construida entre 193 e 211                  d.C. S\u00e3o tantos monumentos em ru\u00ednas em toda Turquia                  que \u00e9 imposs\u00edvel visitar tudo que aparece no nosso                  caminho. Muitos est\u00e3o caindo aos peda\u00e7os e d\u00e1                  tristeza de v\u00ea-los sem nenhuma preserva\u00e7\u00e3o.<\/p>\n<p><img loading=\"lazy\" decoding=\"async\" src=\"http:\/\/caminhos.arguscaruso.com.br\/wp-content\/uploads\/site_images\/relatorios\/etapa_3\/rel_08\/III-08%20Foto%2008%20-%20Ponte%20romana.JPG\" alt=\"\" width=\"150\" height=\"200\" \/><br \/>\nPonte romana<br \/>\nDe Nemrut seguimos rumo \u00e0 regi\u00e3o da Capad\u00f3cia                  e <strong>suamos para atravessar as imensas montanhas<\/strong> do percurso                  debaixo de tanto sol. Para n\u00e3o desidratar comemos muito                  mel\u00e3o, uva, p\u00eassego, figo e melancia e para termos                  \u00e1gua fresca na bicicleta usamos o incr\u00edvel macete                  de colocar as garrafas dentro de meias molhadas. O calor abaixo                  dos 1000 m.a.n.m. \u00e9 forte e muitas fam\u00edlias migram                  para o alto das montanhas e vivem acampadas durante o ver\u00e3o.<\/p>\n<p>Nas paradas de beira de estrada sempre encontramos as casas de                  ch\u00e1 cheias de homens jogando uma esp\u00e9cie de domin\u00f3,                  gam\u00e3o, baralho e fumando muito. Esta \u00e9 a divers\u00e3o                  que possuem para os tr\u00eas meses de f\u00e9rias de ver\u00e3o.<\/p>\n<p><strong>Poucos sabem falar ingl\u00eas<\/strong>. Chegando mais ao centro                  do pa\u00eds encontramos muitos que j\u00e1 viveram na Alemanha                  ou Fran\u00e7a e o alem\u00e3o da Alexandra est\u00e1 ajudando                  bastante.<\/p>\n<p><img loading=\"lazy\" decoding=\"async\" src=\"http:\/\/caminhos.arguscaruso.com.br\/wp-content\/uploads\/site_images\/relatorios\/etapa_3\/rel_08\/III-08%20Foto%2009%20-%20Mercado%20na%20Turquia.jpg\" alt=\"\" width=\"150\" height=\"200\" \/><br \/>\nMercado<br \/>\nChegamos na Capad\u00f3cia, no centro da Turquia e aqui estamos                  encontrando muito mais turistas. A regi\u00e3o \u00e9 famosa                  pois seus habitantes viviam em cavernas esculpidas em rochas vulc\u00e2nicas&#8230;                  mas isso fica para o pr\u00f3ximo relat\u00f3rio.<\/p>\n<p>Grande abra\u00e7o,<br \/>\nArgus<\/p>\n<hr \/>\n<p><strong>Para saber mais:<br \/>\n<\/strong><br \/>\nPovo Curdo<br \/>\nwww.kurdish.com<br \/>\nwww.pkk.org<br \/>\nwww.abdullah-ocalan.com<br \/>\nwww.marebalticum.se\/kurd\/index.htm<br \/>\nwww.askurds.org<br \/>\nwww.kurdonline.com<br \/>\nwww.akakurdistan.com<br \/>\nwww.krds.net<br \/>\nwww.kurdishnationalcongress.org<br \/>\nwww.kurdish-partnership.com<br \/>\nwww.kurdishobserver.com<br \/>\nTurquia<br \/>\nwww.turkiye.net<br \/>\nwww.gevas.gov.tr<br \/>\nwww.turkey.org<\/p>\n","protected":false},"excerpt":{"rendered":"<p>Passsamos pela regi\u00e3o dos Curdos na Turquia, pelo imenso lago Van, pelas bases dos rios Tigres e Eufrates na hist\u00f3rica \u00e1rea do norte da Mesopot\u00e2mia, pelo monte Nemrut onde as grandes civiliza\u00e7\u00f5es Persa, Grega e Romana se encontraram e, com muito sol e ch\u00e1, chegamos na Capad\u00f3cia, no centro do pa\u00eds. Passsamos pela regi\u00e3o dos [&hellip;]<\/p>\n","protected":false},"author":1,"featured_media":0,"parent":351,"menu_order":70,"comment_status":"closed","ping_status":"closed","template":"","meta":{"footnotes":""},"class_list":["post-548","page","type-page","status-publish","hentry"],"_links":{"self":[{"href":"https:\/\/caminhos.arguscaruso.com.br\/index.php?rest_route=\/wp\/v2\/pages\/548","targetHints":{"allow":["GET"]}}],"collection":[{"href":"https:\/\/caminhos.arguscaruso.com.br\/index.php?rest_route=\/wp\/v2\/pages"}],"about":[{"href":"https:\/\/caminhos.arguscaruso.com.br\/index.php?rest_route=\/wp\/v2\/types\/page"}],"author":[{"embeddable":true,"href":"https:\/\/caminhos.arguscaruso.com.br\/index.php?rest_route=\/wp\/v2\/users\/1"}],"replies":[{"embeddable":true,"href":"https:\/\/caminhos.arguscaruso.com.br\/index.php?rest_route=%2Fwp%2Fv2%2Fcomments&post=548"}],"version-history":[{"count":2,"href":"https:\/\/caminhos.arguscaruso.com.br\/index.php?rest_route=\/wp\/v2\/pages\/548\/revisions"}],"predecessor-version":[{"id":1807,"href":"https:\/\/caminhos.arguscaruso.com.br\/index.php?rest_route=\/wp\/v2\/pages\/548\/revisions\/1807"}],"up":[{"embeddable":true,"href":"https:\/\/caminhos.arguscaruso.com.br\/index.php?rest_route=\/wp\/v2\/pages\/351"}],"wp:attachment":[{"href":"https:\/\/caminhos.arguscaruso.com.br\/index.php?rest_route=%2Fwp%2Fv2%2Fmedia&parent=548"}],"curies":[{"name":"wp","href":"https:\/\/api.w.org\/{rel}","templated":true}]}}