{"id":55,"date":"2009-10-09T18:01:54","date_gmt":"2009-10-09T21:01:54","guid":{"rendered":"http:\/\/arguscaruso.com.br\/novositewp\/?page_id=55"},"modified":"2024-03-16T15:10:55","modified_gmt":"2024-03-16T15:10:55","slug":"equipamento","status":"publish","type":"page","link":"https:\/\/caminhos.arguscaruso.com.br\/?page_id=55","title":{"rendered":"Equipamento"},"content":{"rendered":"<h3>A bicicleta<\/h3>\n<p><img loading=\"lazy\" decoding=\"async\" class=\"alignnone size-full wp-image-185\" title=\"equipa5\" src=\"http:\/\/caminhos.arguscaruso.com.br\/wp-content\/uploads\/2009\/10\/equipa5.jpg\" alt=\"equipa5\" width=\"300\" height=\"213\" \/><br \/>\nT-Bolt Mountain Bike by Proton Edar<\/p>\n<ul class=\"listas\">\n<li> Quadro \u2013 EPX monobloco em fibra de carbono com bra\u00e7o de balan\u00e7o em liga de alum\u00ednio<\/li>\n<li> Garfo com suspens\u00e3o &#8211; RST Omega<\/li>\n<li> Suspens\u00e3o traseira &#8211; Fox Float R<\/li>\n<li> Aros &#8211; Mavic D521<\/li>\n<li> Cubos &#8211; Joytech\/Formula<\/li>\n<li> Alavancas e cubo dos pedais &#8211; Shimano<\/li>\n<li> Passador de marchas dianteiro &#8211; Shimano FD \/ Deore LX<\/li>\n<li> Passador de marchas traseiro &#8211; SRAM 5.0 \/ Shimano LX<\/li>\n<li> Cassete &#8211; Shimano 11-32<\/li>\n<li> Grip shift &#8211; SRAM 5.0 twist grip<\/li>\n<li> Freios a disco &#8211; Joytech \/ Tektro Novela cable disc<\/li>\n<li> Guid\u00e3o &#8211; Kalloy<\/li>\n<li> Mesa &#8211; Kalloy<\/li>\n<li> Head set &#8211; T-Shin<\/li>\n<li> Selim &#8211; Velo Plush<\/li>\n<li> Tubo do selim &#8211; Kalloy Tamanho &#8211; 18<\/li>\n<li> Pneus &#8211; Schwalbe<\/li>\n<li> Luzes, veloc\u00edmetro e retrovisor &#8211; Cateye<\/li>\n<li> Alforges &#8211; Ortlieb Classic<\/li>\n<\/ul>\n<p>Durante a viagem, a bicicleta se transformar\u00e1 em uma casa ambulante e carregar\u00e1 todo equipamento necess\u00e1rio para viver &#8211; ferramentas e pe\u00e7as de reposi\u00e7\u00e3o, camping, vestu\u00e1rio, material para reportagem, etc. O peso total \u00e9 de aproximadamente 50 kg.<\/p>\n<h4><strong>Bagageiro<\/strong><\/h4>\n<ul class=\"listas\">\n<li>Barraca<\/li>\n<li>Garrafas de \u00e1gua<\/li>\n<li>Bandeira do Brasil<\/li>\n<li>Bandeira do pa\u00eds que estou passando<\/li>\n<\/ul>\n<p><img loading=\"lazy\" decoding=\"async\" class=\"alignnone size-full wp-image-183\" title=\"equipa3\" src=\"http:\/\/caminhos.arguscaruso.com.br\/wp-content\/uploads\/2009\/10\/equipa2.jpg\" alt=\"equipa2\" width=\"300\" height=\"272\" \/><br \/>\nAlforge Traseiro 01<\/p>\n<ul class=\"listas\">\n<li>01. lanterna<\/li>\n<li>02. c\u00e2mera de ar reserva<\/li>\n<li>03. raios reservas<\/li>\n<li>04. faca<\/li>\n<li>05. fogareiro<\/li>\n<li>06. comida liofilizada para emerg\u00eanciasv<\/li>\n<li>07. gps<\/li>\n<li>08. carregador de baterias, baterias e benjamim<\/li>\n<li>09. dois \u00e1lbuns de fotos e filmes para revelarv<\/li>\n<li>10. gravador de mini-disc com carregador<\/li>\n<li>11. bandeira e placa do Brasil<\/li>\n<li>12. logo da Cultura Inglesa<\/li>\n<li>13. mapas<\/li>\n<li>14. kit com ferramentas para a bicicleta<\/li>\n<li>15. pochete de banho<\/li>\n<li>16. primeiros socorros<\/li>\n<li>17. cobertor de emerg\u00eancia<\/li>\n<li>18. coisas para enviar para o Brasil<\/li>\n<li>19. livro<\/li>\n<li>20. papel higi\u00eanico<\/li>\n<li>21. caixa de comprimidos<\/li>\n<li>22. porta-cds<\/li>\n<li>23. alforge<\/li>\n<\/ul>\n<p><img loading=\"lazy\" decoding=\"async\" class=\"alignnone size-full wp-image-183\" title=\"equipa3\" src=\"http:\/\/caminhos.arguscaruso.com.br\/wp-content\/uploads\/2009\/10\/equipa3.jpg\" alt=\"equipa3\" width=\"300\" height=\"272\" \/><br \/>\nAlforge Traseiro 02<\/p>\n<ul class=\"listas\">\n<li>01. mochila<\/li>\n<li>02. saco de dormir<\/li>\n<li>03. sacola para o computador e cabos<\/li>\n<li>04. carregador do computador<\/li>\n<li>05. computador e acess\u00f3rios<\/li>\n<li>06. travesseiro<\/li>\n<li>07. c\u00e2mera fotogr\u00e1fica<\/li>\n<li>08. alforge<\/li>\n<\/ul>\n<p><img loading=\"lazy\" decoding=\"async\" class=\"alignnone size-full wp-image-183\" title=\"equipa1\" src=\"http:\/\/caminhos.arguscaruso.com.br\/wp-content\/uploads\/2009\/10\/equipa1.jpg\" alt=\"equipa1\" width=\"300\" height=\"272\" \/><br \/>\nAlforge Frontal 01<\/p>\n<ul class=\"listas\">\n<li>01. camisas do projeto<\/li>\n<li>02. bermuda<\/li>\n<li>03. bermuda cal\u00e7a<\/li>\n<li>04. bermuda de ciclismo<\/li>\n<li>05. camisas de ciclismo<\/li>\n<li>06. camisa de ciclismo da Proton<\/li>\n<li>07. meias e cuecas<\/li>\n<li>08. len\u00e7ol<\/li>\n<li>09. chinelo<\/li>\n<li>10. alforge<\/li>\n<\/ul>\n<p><img loading=\"lazy\" decoding=\"async\" class=\"alignnone size-full wp-image-183\" title=\"equipa1\" src=\"http:\/\/caminhos.arguscaruso.com.br\/wp-content\/uploads\/2009\/10\/equipa4.jpg\" alt=\"equipa4\" width=\"300\" height=\"272\" \/><br \/>\nAlforge Frontal 02<\/p>\n<ul class=\"listas\">\n<li>01. blusa de frio<\/li>\n<li>02. jaqueta goretex para chuva<\/li>\n<li>03. al\u00e7a para o alforge<\/li>\n<li>04. meias<\/li>\n<li>05. documentos e reportagens do projeto<\/li>\n<li>06. alforge<\/li>\n<li>07. chap\u00e9u<\/li>\n<\/ul>\n<h4><strong>Pochete<\/strong><\/h4>\n<p><img loading=\"lazy\" decoding=\"async\" class=\"alignnone size-full wp-image-183\" title=\"equipa7\" src=\"http:\/\/caminhos.arguscaruso.com.br\/wp-content\/uploads\/2009\/10\/equipa7.jpg\" alt=\"equipa4\" width=\"300\" height=\"272\" \/><\/p>\n<ul class=\"listas\" >\n<li>01. pochete<\/li>\n<li>02. passaporte<\/li>\n<li>03. disquete<\/li>\n<li>04. c\u00e2mera digital<\/li>\n<li>05. protetor solar<\/li>\n<li>06. carimbo<\/li>\n<li>07. caderno<\/li>\n<li>08. pilhas recarreg\u00e1veis<\/li>\n<li>09. veloc\u00edmetro da bicicleta<\/li>\n<li>10. canivete<\/li>\n<li>11. cart\u00e3o do seguro sa\u00fade<\/li>\n<li>12. b\u00fassola<\/li>\n<li>13. caderno<\/li>\n<li>14. spray de pimenta<\/li>\n<li>15. chaves do cadeado<\/li>\n<li>16. dinheiro<\/li>\n<li>17. cart\u00f5es<\/li>\n<\/ul>\n","protected":false},"excerpt":{"rendered":"<p>A bicicleta T-Bolt Mountain Bike by Proton Edar Quadro \u2013 EPX monobloco em fibra de carbono com bra\u00e7o de balan\u00e7o em liga de alum\u00ednio Garfo com suspens\u00e3o &#8211; RST Omega Suspens\u00e3o traseira &#8211; Fox Float R Aros &#8211; Mavic D521 Cubos &#8211; Joytech\/Formula Alavancas e cubo dos pedais &#8211; Shimano Passador de marchas dianteiro &#8211; [&hellip;]<\/p>\n","protected":false},"author":1,"featured_media":0,"parent":46,"menu_order":30,"comment_status":"closed","ping_status":"closed","template":"","meta":{"footnotes":""},"class_list":["post-55","page","type-page","status-publish","hentry"],"_links":{"self":[{"href":"https:\/\/caminhos.arguscaruso.com.br\/index.php?rest_route=\/wp\/v2\/pages\/55","targetHints":{"allow":["GET"]}}],"collection":[{"href":"https:\/\/caminhos.arguscaruso.com.br\/index.php?rest_route=\/wp\/v2\/pages"}],"about":[{"href":"https:\/\/caminhos.arguscaruso.com.br\/index.php?rest_route=\/wp\/v2\/types\/page"}],"author":[{"embeddable":true,"href":"https:\/\/caminhos.arguscaruso.com.br\/index.php?rest_route=\/wp\/v2\/users\/1"}],"replies":[{"embeddable":true,"href":"https:\/\/caminhos.arguscaruso.com.br\/index.php?rest_route=%2Fwp%2Fv2%2Fcomments&post=55"}],"version-history":[{"count":1,"href":"https:\/\/caminhos.arguscaruso.com.br\/index.php?rest_route=\/wp\/v2\/pages\/55\/revisions"}],"predecessor-version":[{"id":1833,"href":"https:\/\/caminhos.arguscaruso.com.br\/index.php?rest_route=\/wp\/v2\/pages\/55\/revisions\/1833"}],"up":[{"embeddable":true,"href":"https:\/\/caminhos.arguscaruso.com.br\/index.php?rest_route=\/wp\/v2\/pages\/46"}],"wp:attachment":[{"href":"https:\/\/caminhos.arguscaruso.com.br\/index.php?rest_route=%2Fwp%2Fv2%2Fmedia&parent=55"}],"curies":[{"name":"wp","href":"https:\/\/api.w.org\/{rel}","templated":true}]}}