{"id":551,"date":"2009-10-21T17:52:19","date_gmt":"2009-10-21T20:52:19","guid":{"rendered":"http:\/\/caminhos.arguscaruso.com.br\/?page_id=551"},"modified":"2024-03-16T14:20:31","modified_gmt":"2024-03-16T14:20:31","slug":"etapa-3-relatorio-9","status":"publish","type":"page","link":"https:\/\/caminhos.arguscaruso.com.br\/?page_id=551","title":{"rendered":"Etapa 3 \u2013 Relat\u00f3rio 9"},"content":{"rendered":"<h3>Merhaba, Quanta montanha!<\/h3>\n<p>Estamos suando para pedalar aqui na Turquia.                  Desde os vales da Capad\u00f3cia, no centro do pa\u00eds,                  passamos por dois grandes lagos, descemos para a costa do Mediterr\u00e2neo                  e agora estamos seguindo pelo litoral visitando v\u00e1rias                  ru\u00ednas dos grandes imp\u00e9rios da antiguidade.<\/p>\n<p>A parte oeste do pa\u00eds \u00e9 <strong>bastante desenvolvida                  e extremamente tur\u00edstica<\/strong> &#8211; bem diferente do que vimos                  na outra metade turca. A Capad\u00f3cia marca o ponto de transi\u00e7\u00e3o.                  Ao inv\u00e9s de barreiras do ex\u00e9rcito e tanques vimos                  hot\u00e9is, restaurantes, praias e milhares de europeus aproveitando                  as f\u00e9rias de ver\u00e3o.. O turismo aumentou, a hospitalidade                  diminuiu e tudo ficou mais caro.<\/p>\n<p><img loading=\"lazy\" decoding=\"async\" src=\"http:\/\/caminhos.arguscaruso.com.br\/wp-content\/uploads\/site_images\/relatorios\/etapa_3\/rel_09\/III-09-01.jpg\"  alt=\"N\u00f3s em Urgup - Capad\u00f3cia\" width=\"200\" height=\"173\" \/><\/p>\n<p>Passamos cinco dias pela <strong>Capad\u00f3cia<\/strong>, uma regi\u00e3o                  formada por uma incr\u00edvel intera\u00e7\u00e3o das for\u00e7as                  naturais e humanas. Grandes vales de rochas vulc\u00e2nicas foram                  e seguem sendo esculpidas pelo vento e pela \u00e1gua. A f\u00e9rtil                  \u00e1rea foi ocupada desde o S\u00e9c. XX a.C.. Primeiro                  vieram os hatti, depois os hititas, persas, gregos, romanos, \u00e1rabes,                  seljuks, mong\u00f3is e otomanos. Para constru\u00edrem suas                  casas esculpiram cavernas nas macias rochas e para cada filho                  que nascia bastava cavar mais um pouco e construir um novo quarto.                  Assim fizeram tamb\u00e9m igrejas, mercados, fortifica\u00e7\u00f5es                  e verdadeiras cidades subterr\u00e2neas.<\/p>\n<p><img loading=\"lazy\" decoding=\"async\" src=\"http:\/\/caminhos.arguscaruso.com.br\/wp-content\/uploads\/site_images\/relatorios\/etapa_3\/rel_09III-09-02.jpg\" alt=\"Morros escavados\" width=\"200\" height=\"150\" \/><\/p>\n<p>Hoje grande parte das cavernas se transformaram em hot\u00e9is,                  bares e museus mas ainda \u00e9 poss\u00edvel encontrar as                  moradias t\u00edpicas nas pequenas vilas.<\/p>\n<p><img loading=\"lazy\" decoding=\"async\" src=\"http:\/\/caminhos.arguscaruso.com.br\/wp-content\/uploads\/site_images\/relatorios\/etapa_3\/rel_09III-09-03.jpg\" alt=\"Afrescos nas igrejas da Capad\u00f3cia\" width=\"220\" height=\"122\" \/><\/p>\n<p>Seguimos caminho e passamos por muitas planta\u00e7\u00f5es                  irrigadas artificialmente. A <strong>agricultura<\/strong> \u00e9 a principal                  economia do pa\u00eds. Plantam trigo, arroz, ch\u00e1, algod\u00e3o,                  tabaco, batata e v\u00e1rias frutas. Vimos e comemos mel\u00e3o,                  p\u00eassego, ma\u00e7\u00e3, p\u00eara, figo e uva. Em                  um dos nossos acampamentos montamos a barraca no meio de um planta\u00e7\u00e3o,                  tomamos banho nos diques de irriga\u00e7\u00e3o e, no outro                  dia, o dono nos viu &#8211; al\u00e9m de n\u00e3o ficar bravo com                  a nossa folga ainda nos presenteou com um saco de batatas.<\/p>\n<p>Em 1915 acorreu aqui <strong>um dos maiores genoc\u00eddios do mundo<\/strong>.                  Os arm\u00eanios, que viviam na regi\u00e3o desde o S\u00e9c.                  VI a.C., foram perseguidos e estima-se que 1,5 milh\u00e3o foi                  assassinado e outro 1,5 milh\u00e3o fugiu do pa\u00eds. Esper\u00e1vamos                  encontrar algum memorial mas aqui ningu\u00e9m toca no assunto.                  Preferem a f\u00f3rmula do &#8220;n\u00e3o sei, n\u00e3o                  quero saber e tenho raiva de quem sabe&#8221;. Assim aprendem a                  hist\u00f3ria turca que \u00e9 contada com a voz forte e irretoc\u00e1vel                  do governo. Na escola n\u00e3o estudam sobre o genoc\u00eddio                  e oficialmente negam o fato.<\/p>\n<p><em>&#8220;Las tragedias conmueven al mundo en proporci\u00f3n                  directa a la publicidad que tienen.&#8221;<\/em><br \/>\nEduardo Galeano<\/p>\n<p>Ap\u00f3s nossa passagem pelo leste do pa\u00eds est\u00e1vamos                  curiosos para saber a vers\u00e3o dos &#8220;turcos-turcos&#8221;                  sobre os <strong>problemas com os &#8220;turcos-curdos&#8221;<\/strong>. V\u00e1rios                  &#8220;turcos-turcos&#8221; nos explicaram usando quase as mesmas                  palavras &#8220;-Existe muito analfabetismo no povo Curdo, s\u00e3o                  facilmente manipulados e seguem qualquer grupo sem saber o que                  fazem. Querem dividir nosso pa\u00eds. Isso \u00e9 inaceit\u00e1vel.                  Somos UMA Na\u00e7\u00e3o, UMA l\u00edngua e UMA bandeira&#8221;.                  Nos afirmaram.<\/p>\n<p>Se fosse poss\u00edvel entender uma guerra, eu diria que essa                  possui dois lados errados. Erram o PKK e o ex\u00e9rcito turco                  pois ambos matam civis. A verdadeira raz\u00e3o de tantos problemas                  parece algo que transcende uma disputa interna. Fica a impress\u00e3o                  de uma rivalidade que \u00e9 instigada por pa\u00edses que                  tentam enfraquecer a Turquia.<\/p>\n<p>No in\u00edcio da invas\u00e3o anglo-americana no Iraque                  os Estados Unidos fizeram uma <strong>oferta de 26 bilh\u00f5es de                  d\u00f3lares<\/strong> para que os turcos os ajudassem enviado tropas                  de apoio. A oferta balan\u00e7ou a ambi\u00e7\u00e3o do                  pa\u00eds e quase foi aceita. A press\u00e3o europ\u00e9ia                  e a for\u00e7a de uni\u00e3o mu\u00e7ulmana contra os americanos                  prevaleceram e a oferta foi negada.<br \/>\nHoje a proposta est\u00e1 se repetindo com outras propor\u00e7\u00f5es                  e estrat\u00e9gias. Fala-se no <strong>envio de tropas turcas para                  o norte do Iraque <\/strong>para &#8220;controlar&#8221; os curdos que                  vivem nessa \u00e1rea que por &#8220;coincid\u00eancia&#8221;                  \u00e9 rica em petr\u00f3leo. Antes esses curdos eram perseguidos                  pelo Sadam Hussein que matou mais de 5 mil deles usando armas                  qu\u00edmicas. Agora, sem o Sadam, \u00e9 necess\u00e1rio                  que algu\u00e9m os &#8220;controle&#8221; para, em teoria, evitar                  que o PKK ganhe for\u00e7a no pa\u00eds vizinho. A desculpa                  foi bem formulada mas a decis\u00e3o final ainda n\u00e3o                  foi tomada. Tudo depende para onde a balan\u00e7a vai tombar                  &#8211; de um lado est\u00e1 o inimigo americano e do outro o inimigo                  PKK.<\/p>\n<p><em>&#8220;Turkey also keeps a close eye on the                  area of Mosul and Kirkuk, just a few<br \/>\nkilometres south of Kurdish-controlled territory, which has the                  third<br \/>\nlargest oil reserves in Iraq.&#8221;<\/em><br \/>\nBBCnews<\/p>\n<p><em>&#8220;The operation targeting nearly 5,000                  terrorists in Northern Iraq, will be<br \/>\nput into effect in November. The Turkish Armed Forces (TSK) has                  completed<br \/>\ntechnical preparations for the operation. Turkish troops, which                  have been<br \/>\nmobilizing at the Iraqi border for some time have formed a military<br \/>\ndefensive wall at the border. Targeted terrorist camps are to                  be bombed by<br \/>\nU.S. F-16 fighter jets and those trying to flee across the border                  will<br \/>\ncome up against Turkish troops and be captured. Other details                  of the<br \/>\noperation will be clarified in talks in mid-October.&#8221;<\/em><br \/>\nJornal Zaman<br \/>\nHabib Guler \/ Ankara \/ TURKEY<\/p>\n<p>Seguimos pedalando entre as planta\u00e7\u00f5es e muitas                  montanhas. Visitamos Sultanhani Caravanserai, um dos maiores <strong>pontos                  de parada das caravanas da rota da seda<\/strong>. Estas constru\u00e7\u00f5es                  serviam para proteger as mercadorias dos saqueadores. Possuem                  altas muralhas e um imenso port\u00e3o. Dentro existem uma mesquita,                  lugares para as mercadorias, animais e para as pessoas dormirem.<\/p>\n<p><img loading=\"lazy\" decoding=\"async\" src=\"http:\/\/caminhos.arguscaruso.com.br\/wp-content\/uploads\/site_images\/relatorios\/etapa_3\/rel_09\/III-09-04.jpg\" alt=\"Caravanserai - Ponto de parada da rota da seda\" width=\"200\" height=\"122\" \/><\/p>\n<p>De quase todos os lugares \u00e9 poss\u00edvel escutar os                  <strong>sons das mesquitas<\/strong> que, com seus alto-falantes voltados                  para a cidade, numa mistura de canto e prece, avisam os fi\u00e9is,                  cinco vezes ao dia, que Al\u00e1 est\u00e1 chamando. Nesse                  momento as casas de ch\u00e1 esvaziam e aqueles que n\u00e3o                  podem ir \u00e0 mesquita buscam um lugar limpo para se ajoelharem                  em dire\u00e7\u00e3o \u00e0 Meca e orarem.<br \/>\n<img loading=\"lazy\" decoding=\"async\" src=\"http:\/\/caminhos.arguscaruso.com.br\/wp-content\/uploads\/site_images\/relatorios\/etapa_3\/rel_09\/III-09-05.jpg\" alt=\"Tomando ch\u00e1\" width=\"200\" height=\"143\" \/><\/p>\n<p>Uma das cidades mais religiosas e conservadoras da Turquia \u00e9                  Konya. Visitamos o local e nos impressionou a quantidade de mesquitas.<\/p>\n<p><img loading=\"lazy\" decoding=\"async\" src=\"http:\/\/caminhos.arguscaruso.com.br\/wp-content\/uploads\/site_images\/relatorios\/etapa_3\/rel_09\/III-09-06.jpg\" alt=\"Mesquita em Konya\" width=\"200\" height=\"150\" \/><\/p>\n<p>Acordamos ao som de dezenas de alto-falantes ecoando no nosso                  quarto. Arrumamos as bicicletas e seguimos oeste. Nossos pr\u00f3ximos                  quatro dias foram pedalando, com muito vento na cara, na beira                  dos lindos lagos Beysehir e Egidir.<\/p>\n<p><img loading=\"lazy\" decoding=\"async\" src=\"http:\/\/caminhos.arguscaruso.com.br\/wp-content\/uploads\/site_images\/relatorios\/etapa_3\/rel_09\/III-09-07.jpg\" alt=\"P\u00f4r do sol em Beysehir\" width=\"300\" height=\"117\" \/><\/p>\n<p>Alexandra seguiu tendo problemas com os homens turcos. Ela e                  v\u00e1rias outras mulheres ocidentais que encontramos reclamaram                  da <strong>falta de respeito<\/strong>. Teve homem que tentou beijar, ver                  por buracos nas portas, fazer gracinhas ou at\u00e9 mesmo parar                  o carro na beira da estrada para perguntar se queriam fazer sexo.                  Haja paci\u00eancia! Teve at\u00e9 um senhor, com seus 60 anos,                  que tentou passar a m\u00e3o. Destre as v\u00e1rias brigas                  e discuss\u00f5es que cada situa\u00e7\u00e3o gerava guardarei                  a tragic\u00f4mica e inesquec\u00edvel cena da Alexandra correndo                  com uma vassoura na m\u00e3o para bater num cara que tentou                  entrar no banheiro feminino que ela estava usando.<\/p>\n<p>Algumas cenas foram realmente engra\u00e7adas mas as estat\u00edsticas                  de estupro daqui n\u00e3o t\u00eam nenhuma gra\u00e7a. Por                  isso, sempre que pudemos, relatamos os casos para a pol\u00edcia                  e em tr\u00eas ocasi\u00f5es conseguiram pegar os caras.<\/p>\n<p><img loading=\"lazy\" decoding=\"async\" src=\"http:\/\/caminhos.arguscaruso.com.br\/wp-content\/uploads\/site_images\/relatorios\/etapa_3\/rel_09\/III-09-08.jpg\" alt=\"Vilas no caminho para o Mediterr\u00e2neo\" width=\"200\" height=\"143\" \/><\/p>\n<p>Depois dos lagos descemos para a <strong>costa do mar Mediterr\u00e2neo<\/strong>,                  passamos pela tur\u00edstica Ant\u00e1lia com suas muralhas                  e porto romanos e visitamos o teatro de Aspendos, uma das poucas                  ru\u00ednas bem conservadas do pa\u00eds.<\/p>\n<p><img loading=\"lazy\" decoding=\"async\" src=\"http:\/\/caminhos.arguscaruso.com.br\/wp-content\/uploads\/site_images\/relatorios\/etapa_3\/rel_09\/III-09-09.jpg\" alt=\"Teatro de Aspendos - S\u00e9c. II d.C.\" width=\"200\" height=\"150\" \/><\/p>\n<p>Seguimos para Olimpus onde matamos a <strong>saudade da praia<\/strong> que n\u00e3o v\u00edamos desde a Tail\u00e2ndia. Olimpus                  \u00e9 a ru\u00edna de uma cidade do S\u00e9c. V a.C. escondida                  entre imensas montanhas com um rio que des\u00e1gua numa pequena                  praia de \u00e1gua morna e cristalina. Ou seja, \u00e9 um                  para\u00edso. Com exce\u00e7\u00e3o do masssivo turismo                  dos barcos de Ant\u00e1lia que fazem day trip nessa praia, o                  local \u00e9 habitado por um pessoal relax que fica na pequena                  vila de umas dez guest houses com casas de madeira.<\/p>\n<p><img loading=\"lazy\" decoding=\"async\" src=\"http:\/\/caminhos.arguscaruso.com.br\/wp-content\/uploads\/site_images\/relatorios\/etapa_3\/rel_09\/III-09-10.jpg\" alt=\"Olympos\" width=\"200\" height=\"150\" \/><\/p>\n<p>Depois de dois dias aproveitando a praia fomos para Kas de onde                  Alexandra seguiu de barco para a Gr\u00e9cia. Seu plano \u00e9                  chegar o mais r\u00e1pido poss\u00edvel na Alemanha para evitar                  pedalar no inverno europeu. <strong>Boa sorte amiga!<\/strong><\/p>\n<p><em>&#8220;Assim como as flores murcham<br \/>\nE a juventude cede \u00e0 velhice,<br \/>\nTamb\u00e9m os degraus da Vida,<br \/>\nA sabedoria e a virtude, a seu tempo,<br \/>\nFlorecem e n\u00e3o duram eternamente.<br \/>\nA cada apelo da vida deve o cora\u00e7\u00e3o<br \/>\nEstar pronto a despedir-se e a come\u00e7ar de novo,<br \/>\nPara, com coragem e sem l\u00e1grimas se<br \/>\nDar a outras novas liga\u00e7\u00f5es. Em todo<br \/>\nO come\u00e7o reside um encanto que nos<br \/>\nProtege e ajuda a viver&#8230;&#8221;<\/em><\/p>\n<p>Trecho do poema &#8220;Degraus&#8221; do poeta alem\u00e3o                  Hermann Hesse<\/p>\n<p>Meu plano \u00e9 seguir mais alguns quil\u00f4metros pela                  costa at\u00e9 Izmir, uma cidade grande onde talvez eu consiga                  consertar meu notebook que quebrou. De l\u00e1 pretendo voltar                  um pouco para o leste e descer pela S\u00edria at\u00e9 a                  Jord\u00e2nia e visitar o nordeste africano. Assim passo o inverno                  pr\u00f3ximo \u00e0 linha do Equador e n\u00e3o congelo.<\/p>\n<p>Grande abra\u00e7o,<\/p>\n<p>Argus<\/p>\n<hr \/>\n<p><strong>Para saber mais:<br \/>\n<\/strong><br \/>\nwww.lycianway.com<br \/>\nwww.turizm.gov.tr<br \/>\nwww.kultur.gov.tr<br \/>\nwww.kapadokyaballoons.com<\/p>\n<p>Grupo equatoriano que encontramos na Capad\u00f3cia refazendo                  a Rota da Seda<br \/>\nwww.rumboaxanadu.com<\/p>\n<p>Jornais turcos em ingl\u00eas<br \/>\nwww.zaman.com<br \/>\nwww.bakutoday.net<br \/>\nwww.turkishdailynews.com<br \/>\nwww.turkishpress.com<\/p>\n","protected":false},"excerpt":{"rendered":"<p>Merhaba, Quanta montanha! Estamos suando para pedalar aqui na Turquia. Desde os vales da Capad\u00f3cia, no centro do pa\u00eds, passamos por dois grandes lagos, descemos para a costa do Mediterr\u00e2neo e agora estamos seguindo pelo litoral visitando v\u00e1rias ru\u00ednas dos grandes imp\u00e9rios da antiguidade. A parte oeste do pa\u00eds \u00e9 bastante desenvolvida e extremamente tur\u00edstica [&hellip;]<\/p>\n","protected":false},"author":1,"featured_media":0,"parent":351,"menu_order":80,"comment_status":"closed","ping_status":"closed","template":"","meta":{"footnotes":""},"class_list":["post-551","page","type-page","status-publish","hentry"],"_links":{"self":[{"href":"https:\/\/caminhos.arguscaruso.com.br\/index.php?rest_route=\/wp\/v2\/pages\/551","targetHints":{"allow":["GET"]}}],"collection":[{"href":"https:\/\/caminhos.arguscaruso.com.br\/index.php?rest_route=\/wp\/v2\/pages"}],"about":[{"href":"https:\/\/caminhos.arguscaruso.com.br\/index.php?rest_route=\/wp\/v2\/types\/page"}],"author":[{"embeddable":true,"href":"https:\/\/caminhos.arguscaruso.com.br\/index.php?rest_route=\/wp\/v2\/users\/1"}],"replies":[{"embeddable":true,"href":"https:\/\/caminhos.arguscaruso.com.br\/index.php?rest_route=%2Fwp%2Fv2%2Fcomments&post=551"}],"version-history":[{"count":2,"href":"https:\/\/caminhos.arguscaruso.com.br\/index.php?rest_route=\/wp\/v2\/pages\/551\/revisions"}],"predecessor-version":[{"id":1808,"href":"https:\/\/caminhos.arguscaruso.com.br\/index.php?rest_route=\/wp\/v2\/pages\/551\/revisions\/1808"}],"up":[{"embeddable":true,"href":"https:\/\/caminhos.arguscaruso.com.br\/index.php?rest_route=\/wp\/v2\/pages\/351"}],"wp:attachment":[{"href":"https:\/\/caminhos.arguscaruso.com.br\/index.php?rest_route=%2Fwp%2Fv2%2Fmedia&parent=551"}],"curies":[{"name":"wp","href":"https:\/\/api.w.org\/{rel}","templated":true}]}}