{"id":560,"date":"2009-10-21T17:59:51","date_gmt":"2009-10-21T20:59:51","guid":{"rendered":"http:\/\/caminhos.arguscaruso.com.br\/?page_id=560"},"modified":"2024-03-16T14:20:31","modified_gmt":"2024-03-16T14:20:31","slug":"etapa-4-relatorio-2","status":"publish","type":"page","link":"https:\/\/caminhos.arguscaruso.com.br\/?page_id=560","title":{"rendered":"Etapa 4 \u2013 Relat\u00f3rio 2"},"content":{"rendered":"<h3 class=\"tit-rel\">Salam Malaikom, Mais uma vez a rota mudou. Imaginei ir para a L\u00edbia e Tun\u00edsia e acabei vindo para a Gr\u00e9cia. O governo L\u00edbio n\u00e3o me deu o visto e tive de mudar meu caminho. Do Cairo fui para o norte pelo delta do rio Nilo. Conheci a linda biblioteca de Alexandria e peguei um avi\u00e3o para atravessar o mar Mediterr\u00e2neo.<\/h3>\n<p><strong>Ainda no Cairo&#8230;<\/strong><br \/>\nA Embaixada da L\u00edbia foi um grande cal\u00e7o no caminho. Fiz o requerimento de visto com todas as exig\u00eancias que me pediram, traduzi o passaporte para o \u00e1rabe, copiei v\u00e1rios documentos e at\u00e9 entreguei uma carta de recomenda\u00e7\u00e3o da Embaixada do Brasil. Tudo em v\u00e3o. Pior do que negar o visto, me fizeram esperar um m\u00eas para at\u00e9 hoje n\u00e3o darem resposta.<\/p>\n<p><img decoding=\"async\" align=\"left\"  src=\"http:\/\/caminhos.arguscaruso.com.br\/wp-content\/uploads\/site_images\/relatorios\/etapa_4\/rel_02\/IV-02-Foto 01 Criancas no Cairo.jpg\" class=\"images-rel\" alt=\"Imagens do Cairo\" \/><\/p>\n<p><img decoding=\"async\" align=\"left\"  src=\"http:\/\/caminhos.arguscaruso.com.br\/wp-content\/uploads\/site_images\/relatorios\/etapa_4\/rel_02\/IV-02-Foto 02 vendedor de laranjas.jpg\" class=\"images-rel\" alt=\"Imagens do Cairo\" \/><\/p>\n<p><img decoding=\"async\" align=\"left\"  src=\"http:\/\/caminhos.arguscaruso.com.br\/wp-content\/uploads\/site_images\/relatorios\/etapa_4\/rel_02\/IV-02-Foto 03 downtown em Cairo.jpg\" class=\"images-rel\" alt=\"Imagens do Cairo\" \/><\/p>\n<p><img decoding=\"async\" align=\"left\"  src=\"http:\/\/caminhos.arguscaruso.com.br\/wp-content\/uploads\/site_images\/relatorios\/etapa_4\/rel_02\/IV-02-Foto 04 rua no Cairo.jpg\" class=\"images-rel\" alt=\"Imagens do Cairo\" \/><\/p>\n<p>Durante a espera aproveitei a capital para visitar alguns escrit\u00f3rios de arquitetura, ver shows, cinemas, bares, etc. Na escola estudei que Egito era um pa\u00eds quente e Cairo estava o maior frio, tiveram noites com apenas dez graus de temperatura. Os dias come\u00e7aram a ficar muito iguais. Comecei a ter at\u00e9 rotinas! Uma delas era comer falafel e kochari, comidas t\u00edpicas (e econ\u00f4micas) eg\u00edpcias. Para variar a vida resolvi voltar para o Sinai junto com alguns amigos.<\/p>\n<p>O Sinai geologicamente divide a \u00c1sia e a \u00c1frica e possui uma hist\u00f3ria riqu\u00edssima. Desde o in\u00edcio da humanidade, a regi\u00e3o foi importante rota entre os dois continentes. Desde os tempos fara\u00f4nicos esteve nas m\u00e3os de babil\u00f4nios, persas, gregos, romanos e marca o \u00eaxodo dos israelenses para a terra prometida. Ali \u00e9 tamb\u00e9m o ponto inicial da expans\u00e3o do islamismo na \u00c1frica. Seu povo \u00e9 bedu\u00edno, por muitos considerado o puro povo \u00e1rabe. No Sinai eles n\u00e3o se consideram asi\u00e1ticos nem africanos. Eles s\u00e3o &#8220;do Sinai&#8221; e, quando falam que v\u00e3o para o Cairo, dizem &#8220;-Vou para o Egito.&#8221;<\/p>\n<p><img decoding=\"async\" align=\"right\"  src=\"http:\/\/caminhos.arguscaruso.com.br\/wp-content\/uploads\/site_images\/relatorios\/etapa_4\/rel_02\/IV-02-Foto 05 monte sinai.jpg\" class=\"images-rel\" alt=\"Monte Sinai\" \/><\/p>\n<p>Para os mu\u00e7ulmanos o sagrado Monte Sinai \u00e9 onde o cavalo de Mohammed, Boraq, ascendeu ao c\u00e9u. Para os crist\u00e3os, consta na B\u00edblia que foi l\u00e1 onde Mois\u00e9s recebeu os 10 mandamentos de Deus. Subimos ao topo a 2285 metros para ver o p\u00f4r do sol e a simp\u00e1tica Capela da Santa Trindade. No alto nos acomodamos entre v\u00e1rios turistas que fizeram o mesmo e descemos com a lua cheia e muito frio. Sendo ou n\u00e3o religioso a beleza da montanha vermelha com a luz da lua faz qualquer um ter f\u00e9.<\/p>\n<p><img decoding=\"async\" align=\"right\"  src=\"http:\/\/caminhos.arguscaruso.com.br\/wp-content\/uploads\/site_images\/relatorios\/etapa_4\/rel_02\/IV-02-Foto 06 monasterio Santa Catarina.jpg\" class=\"images-rel\" alt=\"Monast\u00e9rio de Santa Catarina\" \/><\/p>\n<p>Visitamos o greco-ortodoxo Monast\u00e9rio de Santa Catarina, tamb\u00e9m entre milhares de turistas. \u00c9ramos tantos visitantes que para caminhar dentro de seus ambientes fomos carregados pelo fluxo comandando pelos monges que j\u00e1 aprenderam a lidar com essas &#8220;manadas&#8221;. Dentro do monast\u00e9rio est\u00e1 o arboredo onde supostamente Mois\u00e9s recebeu os 10 mandamentos. O arboredo \u00e9 realmente sagrado pois quase todos tiram uma folhinnha para recorda\u00e7\u00e3o e a \u00e1rvore segue viva.<\/p>\n<p><img decoding=\"async\" align=\"left\"  src=\"http:\/\/caminhos.arguscaruso.com.br\/wp-content\/uploads\/site_images\/relatorios\/etapa_4\/rel_02\/IV-02-Foto 07 arbusto dos 10 mandamentos.jpg\" class=\"images-rel\" alt=\"Topo do Monte Sinai\" \/><\/p>\n<p><img decoding=\"async\" align=\"left\"  src=\"http:\/\/caminhos.arguscaruso.com.br\/wp-content\/uploads\/site_images\/relatorios\/etapa_4\/rel_02\/IV-02-Foto 08 topo do monte sinai.jpg\" class=\"images-rel\" alt=\"Arbusto onde Mois\u00e9s recebeu os 10 mandamentos\" \/><\/p>\n<p>De volta ao Cairo visitei novamente a Embaixada da L\u00edbia e segui sem not\u00edcias. &#8220;Sorry, call us next week.&#8221; me repetiram pela quarta vez. Na fila encontrei alguns que estavam esperando o visto h\u00e1 tr\u00eas meses! A paci\u00eancia com a burocracia l\u00edbia acabou e resolvi seguir viagem por outro caminho.<\/p>\n<p>Sem o visto tive de abandonar a op\u00e7\u00e3o de ir para o oeste, o leste \u00e9 de onde eu vim, o sul seria interessante mas contra-m\u00e3o da Europa onde quero estar no ver\u00e3o. Sobrou ent\u00e3o o norte.<\/p>\n<p>Ok, rumo norte. Fui pedalando pelo delta do Nilo at\u00e9 chegar no mar Mediterr\u00e2neo, na hist\u00f3rica cidade de Alexandria.<\/p>\n<p>O delta do rio Nilo \u00e9 a \u00e1rea mais f\u00e9rtil do Egito. A estrada \u00e9 plana e cheia de pontes para atravessar o emaranhado de rios que formam o delta. A beira da estrada \u00e9 dividida entre planta\u00e7\u00f5es e cidades. Tive sorte e pedalei com um sol que surgiu milagrosamente no meio dos dias nublados.<\/p>\n<p><img decoding=\"async\" align=\"right\"  src=\"http:\/\/caminhos.arguscaruso.com.br\/wp-content\/uploads\/site_images\/relatorios\/etapa_4\/rel_02\/IV-02-Foto 09 delta do nilo.jpg\" class=\"images-rel\" alt=\"Delta do rio Nilo\" \/><\/p>\n<p>Cheguei em Alexandria e fui direto para o porto tentar uma carona de navio ou veleiro. Os ferries para Europa funcionam apenas no ver\u00e3o e n\u00e3o tinha nenhum veleiro europeu na marina. A forma mais barata de atravessar o Mediterr\u00e2neo foi um avi\u00e3o para Atenas.<\/p>\n<p>Antes de voar fui conhecer um pouco Alexandria.<\/p>\n<p>O grego Alexandre, o Grande, durante seu reinado, fundou v\u00e1rias cidades com seu nome. Uma delas \u00e9 a Alexandria do Egito. Poucos anos ap\u00f3s sua funda\u00e7\u00e3o em 331 a.C., Alexandre morreu de febre na Babil\u00f4nia, com 33 anos. A cidade de Alexandria ficou ent\u00e3o sob o comando do general Ptolomeu que, seguindo as instru\u00e7\u00f5es de Alexandre, fez a cidade prosperar como um centro cultural. Foi constru\u00edda a maior biblioteca da Antiguidade que ficou sendo o centro de pesquisas cient\u00edficas de todo Mediterr\u00e2neo e polo irradiador da cultura grega (hel\u00eanica).<\/p>\n<p>&#8220;The first Ptolemaic kings had determined to establish Egypt as the preeminent kingdom of their time. Alexandria became the center for science, arts, literature and philosophy. It was the policy of the Ptolemies to bring writers, poets, artists, and scientists to Alexandria from all over the ancient world to enrich the two unprecedented institutions: the &#8220;Mouseion&#8221; and the &#8220;Library&#8221;. The Mouseion, or shrine for the Muses (Museum in Latin) was the first scientific institute and the greatest university in ancient times. The Library was the first universal library.&#8221;<br \/>\nSite oficial da Biblioteca de Alexandria<br \/>\n<img decoding=\"async\" align=\"right\"  src=\"http:\/\/caminhos.arguscaruso.com.br\/wp-content\/uploads\/site_images\/relatorios\/etapa_4\/rel_02\/IV-02-Foto 10 biblioteca de Alexandria.jpg\" class=\"images-rel\" alt=\"Biblioteca de Alexandria\" \/><\/p>\n<p>A antiga biblioteca foi destru\u00edda aproximadamente h\u00e1 1600 anos atr\u00e1s e h\u00e1 poucos anos foi constru\u00edda uma nova biblioteca. O projeto arquitet\u00f4nico foi o resultado de uma competi\u00e7\u00e3o internacional e a constru\u00e7\u00e3o atual \u00e9 um grande c\u00edrculo inclinado saindo da terra representando o nascer do segundo sol.<\/p>\n<p>Sobre a destrui\u00e7\u00e3o da antiga biblioteca\u2026<\/p>\n<p>&#8220;\u2026 The first fire was in 48 BC during the Alexandrian war in which Caesar became involved to support Cleopatra VII against her brother Ptolemy XIII. According to some sources nearly 40,000 books were burned\u2026 The Mouseion itself was destroyed along with the Royal Quarter sometime in the third century AD during the strife and accompanying power struggles that shook the Roman Empire\u2026 The &#8220;Daughter Library&#8221; survived till the end of the fourth century. A decree by Emperor Theodosius in 391 AD forbade non-Christian (pagan) religions. Theophilus (the Bishop of Alexandria from 385 to 412 AD) destroyed the Serapeum and its &#8220;Daughter Library&#8221; as being the house of pagan doctrine. Scholars survived for another generation till the murder of Hypatia in 415 AD and the end of the era of Alexandrian scholarship\u2026.&#8221;<br \/>\nSite oficial da Biblioteca de Alexandria<\/p>\n<p><img decoding=\"async\" align=\"right\"  src=\"http:\/\/caminhos.arguscaruso.com.br\/wp-content\/uploads\/site_images\/relatorios\/etapa_4\/rel_02\/IV-02-Foto 11 dentro da biblioteca de Alexandria.jpg\" class=\"images-rel\" alt=\"Dentro da biblioteca de Alexandria\" \/><\/p>\n<p>Dentre os v\u00e1rios cientistas que passaram por Alexandria est\u00e1 o Erast\u00f3tenes que fez a primeira medi\u00e7\u00e3o da circunfer\u00eancia da Terra em 240 a.C.<\/p>\n<p>&#8220;Erat\u00f3stenes (276 a.C.-194 a.C.) faz o primeiro c\u00e1lculo da circunfer\u00eancia da Terra e encontra a dist\u00e2ncia de 39.690 km. Sua experi\u00eancia \u00e9 considerada prodigiosa, j\u00e1 que a margem de erro \u00e9 praticamente desprez\u00edvel. O s\u00e1bio grego avalia a circunfer\u00eancia da Terra usando um m\u00e9todo simples e genial. Primeiro, ele sup\u00f5e que a Terra seja uma esfera. Ele sabe, tamb\u00e9m, que toda esfera tem uma circunfer\u00eancia de 360\u00ba. Ou seja, esse \u00e9 o \u00e2ngulo que se percorre ao dar uma volta completa no planeta. Ent\u00e3o ele imagina o seguinte: se 360\u00ba representam uma volta inteira, quantos graus existem num percurso mais curto? Para descobrir isso, Erat\u00f3stenes visita duas cidades do Egito: Alexandria, onde vive, e Syene, a 833 km de dist\u00e2ncia. Em cada lugar ele finca uma vareta no ch\u00e3o e mede sua sombra na mesma hora do dia. Pela diferen\u00e7a de tamanho das sombras, descobre que as cidades est\u00e3o separadas 7,5\u00ba &#8211; um \u00e2ngulo 48 vezes menor que a circunfer\u00eancia completa. A\u00ed, Erat\u00f3stenes multiplica 48 por 833 (a dist\u00e2ncia entre Alexandria e Syene em km e encontra os 39.690 km.&#8221;<br \/>\nAlmanaque Abril<br \/>\n<img decoding=\"async\" align=\"right\"  src=\"http:\/\/caminhos.arguscaruso.com.br\/wp-content\/uploads\/site_images\/relatorios\/etapa_4\/rel_02\/IV-02-Foto 12 teto da loja de cafe brasileiro em Alexandria.jpg\" class=\"images-rel\" alt=\"Teto da loja de caf\u00e9 em Alexandria\"\/><\/p>\n<p>Todo mundo no &#8220;buraco&#8221;<\/p>\n<p>Em alguns lugares do Oriente M\u00e9dio e no Egito, encontrei um baralho cujas cartas possuem as fotos dos iraquianos procurados pelos americanos. Dessa forma os soldados passam o tempo jogando e memorizam suas faces.<\/p>\n<p><img decoding=\"async\" align=\"left\"  src=\"http:\/\/caminhos.arguscaruso.com.br\/wp-content\/uploads\/site_images\/relatorios\/etapa_4\/rel_02\/IV-02-Foto 13 baralho para memorizar os iraquianos procurados.jpg\" class=\"images-rel\" alt=\"baralho para memorizar os iraquianos procurados\"\/><\/p>\n<p>A guerra \u00e9 realmente medonha. N\u00e3o apenas pelos tantos que morreram mas pelo desacato aos direitos humanos, desejos e aspira\u00e7\u00f5es da nossa gera\u00e7\u00e3o. No mundo que estou visitando n\u00e3o encontrei sequer uma pessoa a favor da invas\u00e3o ao Iraque. At\u00e9 os americanos que encontrei s\u00e3o contra essa guerra. Sem nenhuma vergonha o governo americano mentiu para todos e usou a desculpa da luta contra o terrorismo para saquear o petr\u00f3leo de um pa\u00eds. Sem nenhuma \u00e9tica a m\u00eddia corrupta deturpou as informa\u00e7\u00f5es e hoje mais da metade da popula\u00e7\u00e3o americana, mesmo sem provas, acredita que Saddam Hussein esteve envolvido com o contra-ataque de 11 de setembro.<\/p>\n<p>Sigo acreditando que todos n\u00f3s podemos fazer um papel importante contra essa situa\u00e7\u00e3o. Nossa guerra existe por causa da gan\u00e2ncia do capitalismo e o capitalismo depende de mercados consumidores. N\u00f3s podemos escolher o que comprar, o que ver, o que usar, etc. e podemos nos esfor\u00e7ar para n\u00e3o participar da economia dos grandes imp\u00e9rios capitalistas. N\u00e3o acredito que surgir\u00e1 outro Marx para propor um novo sistema mas acredito que n\u00f3s, os cidad\u00e3os comuns, poderemos exigir que o sistema capitalista funcione com \u00e9tica.<\/p>\n<p>&#8220;Seja voc\u00ea a mudan\u00e7a que deseja ver no mundo&#8221;<br \/>\nGandhi<\/p>\n<p>Voei para Atenas e no momento estou congelando no inverno europeu. Aqui sim faz frio de verdade! Estou aproveitando o convite de amigos e passando alguns dias na ilha de Samos para esperar o frio do inverno diminuir.<\/p>\n<p>Mas a Gr\u00e9cia ficar\u00e1 para o pr\u00f3ximo relat\u00f3rio&#8230;<\/p>\n<p>Grande abra\u00e7o, <strong>Argus<\/strong><\/p>\n<p><strong>Para saber mais<\/strong><br \/>\n<strong>Sites oficiais<\/strong><br \/>\nMinist\u00e9rio do Turismo<br \/>\nwww.touregypt.net<\/p>\n<p>Egypt State Information Service<br \/>\nwww.sis.gov.eg<\/p>\n<p><strong>Jornais e revistas<\/strong><br \/>\nwww.ahram.org.eg<br \/>\nwww.egypttoday.com<br \/>\nwww.mena.org.eg<br \/>\nwww.algomhuria.net.eg<br \/>\nwww.cairotimes.com<br \/>\nwww.metimes.com<br \/>\nOposi\u00e7\u00e3o<br \/>\nwww.alahali.com<br \/>\nBiblioteca de Alexandria<br \/>\nwww.bibalex.org<\/p>\n","protected":false},"excerpt":{"rendered":"<p>Salam Malaikom, Mais uma vez a rota mudou. Imaginei ir para a L\u00edbia e Tun\u00edsia e acabei vindo para a Gr\u00e9cia. O governo L\u00edbio n\u00e3o me deu o visto e tive de mudar meu caminho. Do Cairo fui para o norte pelo delta do rio Nilo. Conheci a linda biblioteca de Alexandria e peguei um [&hellip;]<\/p>\n","protected":false},"author":1,"featured_media":0,"parent":336,"menu_order":10,"comment_status":"closed","ping_status":"closed","template":"","meta":{"footnotes":""},"class_list":["post-560","page","type-page","status-publish","hentry"],"_links":{"self":[{"href":"https:\/\/caminhos.arguscaruso.com.br\/index.php?rest_route=\/wp\/v2\/pages\/560","targetHints":{"allow":["GET"]}}],"collection":[{"href":"https:\/\/caminhos.arguscaruso.com.br\/index.php?rest_route=\/wp\/v2\/pages"}],"about":[{"href":"https:\/\/caminhos.arguscaruso.com.br\/index.php?rest_route=\/wp\/v2\/types\/page"}],"author":[{"embeddable":true,"href":"https:\/\/caminhos.arguscaruso.com.br\/index.php?rest_route=\/wp\/v2\/users\/1"}],"replies":[{"embeddable":true,"href":"https:\/\/caminhos.arguscaruso.com.br\/index.php?rest_route=%2Fwp%2Fv2%2Fcomments&post=560"}],"version-history":[{"count":2,"href":"https:\/\/caminhos.arguscaruso.com.br\/index.php?rest_route=\/wp\/v2\/pages\/560\/revisions"}],"predecessor-version":[{"id":1813,"href":"https:\/\/caminhos.arguscaruso.com.br\/index.php?rest_route=\/wp\/v2\/pages\/560\/revisions\/1813"}],"up":[{"embeddable":true,"href":"https:\/\/caminhos.arguscaruso.com.br\/index.php?rest_route=\/wp\/v2\/pages\/336"}],"wp:attachment":[{"href":"https:\/\/caminhos.arguscaruso.com.br\/index.php?rest_route=%2Fwp%2Fv2%2Fmedia&parent=560"}],"curies":[{"name":"wp","href":"https:\/\/api.w.org\/{rel}","templated":true}]}}