{"id":562,"date":"2009-10-21T18:00:48","date_gmt":"2009-10-21T21:00:48","guid":{"rendered":"http:\/\/caminhos.arguscaruso.com.br\/?page_id=562"},"modified":"2024-03-16T14:20:31","modified_gmt":"2024-03-16T14:20:31","slug":"etapa-5-relatorio-1","status":"publish","type":"page","link":"https:\/\/caminhos.arguscaruso.com.br\/?page_id=562","title":{"rendered":"Etapa 5 \u2013 Relat\u00f3rio 1"},"content":{"rendered":"<h4>Gr\u00e9cia<\/h4>\n<h3 class=\"tit-rel\">Giasas amigos, Cheguei na Europa! Aqui na Gr\u00e9cia faz frio, chove e de vez em quando neva. Passei as \u00faltimas semanas na ilha de Samos esperando a primavera e celebrando a vida com bons amigos, bom vinho e boa comida O inverno ainda est\u00e1 forte e ruim para pedalar mas j\u00e1 estou novamente na estrada. Agora rumo ao sul da It\u00e1lia para depois subir para Paris.<\/h3>\n<p><img decoding=\"async\" align=\"center\"  src=\"http:\/\/caminhos.arguscaruso.com.br\/wp-content\/uploads\/site_images\/relatorios\/etapa_5\/rel_01\/V-01 Foto Mapa ate a Grecia.jpg\" class=\"images-rel\" alt=\"Mapa ate a Grecia\" \/><\/p>\n<p><strong>Um pouco sobre a Gr\u00e9cia&#8230;<\/strong><br \/>\n&#8220;Situada no extremo sul dos B\u00e1lc\u00e3s, no sudeste da Europa, a Gr\u00e9cia abrange a pen\u00ednsula montanhosa do Peloponeso e cerca de 2 mil ilhas nos mares Egeu e J\u00f4nico. Ber\u00e7o da civiliza\u00e7\u00e3o ocidental, da filosofia, da literatura, da dramaturgia e da id\u00e9ia moderna de democracia, o pa\u00eds possui mais monumentos da Antiguidade que qualquer outra na\u00e7\u00e3o europ\u00e9ia. V\u00e1rios s\u00e3o patrim\u00f4nios da humanidade, como o S\u00edtio Arqueol\u00f3gico de Ol\u00edmpia, onde nasceram os Jogos Ol\u00edmpicos, o Or\u00e1culo de Delfos, local de culto do deus Apolo, e a Acr\u00f3pole, assentada no cora\u00e7\u00e3o da capital, Atenas.&#8221;<\/p>\n<p><img decoding=\"async\" align=\"center\"  src=\"http:\/\/caminhos.arguscaruso.com.br\/wp-content\/uploads\/site_images\/relatorios\/etapa_5\/rel_01\/V-01 Foto 01 Acropole em Atenas.jpg\" class=\"images-rel\" alt=\"Acr\u00f3pole em Atenas\" \/><\/p>\n<p>&#8220;A riqueza hist\u00f3rica grega, aliada \u00e0s praias de clima ameno e \u00e1guas claras, atrai milh\u00f5es de visitantes, o que faz do turismo uma das principais fontes de receitas do pa\u00eds. Nas montanhas de solo pobre e rochoso, outrora cobertas por florestas, predominam planta\u00e7\u00f5es de uva e azeitona, fruta da qual a Gr\u00e9cia \u00e9 um dos grandes exportadores mundiais. O pa\u00eds \u00e9 um dos membros menos desenvolvidos da Uni\u00e3o Europ\u00e9ia (UE).<\/p>\n<p>A Gr\u00e9cia antiga atinge o apogeu no s\u00e9culo V a.C., quando Atenas, a principal cidade-Estado da regi\u00e3o, \u00e9 governada por P\u00e9ricles (495 a.C.-429 a.C.). As cidades gregas, divididas por rivalidades, s\u00e3o dominadas por Felipe II da Maced\u00f4nia no s\u00e9culo IV a.C. Seu filho e sucessor, Alexandre, o Grande, difunde a civiliza\u00e7\u00e3o hel\u00eanica (grega) pelo Oriente. Em 148 a.C., a regi\u00e3o transforma-se em prov\u00edncia romana. Com a queda do Imp\u00e9rio Romano, no s\u00e9culo V, a Gr\u00e9cia integra o Imp\u00e9rio Bizantino at\u00e9 ser conquistada pelo Imp\u00e9rio Turco-Otomano, no s\u00e9culo XV. Os gregos se rebelam contra o dom\u00ednio turco entre 1821 e 1822. Um reino grego independente \u00e9 estabelecido em 1832. O territ\u00f3rio amplia-se com a anexa\u00e7\u00e3o de parte da Maced\u00f4nia e da Tr\u00e1cia, em conseq\u00fc\u00eancia da derrota turca nas Guerras Balc\u00e2nicas, em 1913.&#8221;<br \/>\nAlmanaque Abril 2003<\/p>\n<p>Apesar das rela\u00e7\u00f5es diplom\u00e1ticas com a Turquia estarem melhorando significativamente, a intermin\u00e1vel disputa de terras, principalmente na ilha de Ciprus, segue sem solu\u00e7\u00e3o.<\/p>\n<p>O clima \u00e9 mediterr\u00e2neo e um quinto do territ\u00f3rio \u00e9 feito de ilhas.<\/p>\n<p>Hoje a Gr\u00e9cia \u00e9 uma Rep\u00fablica Parlamentarista com 11 milh\u00f5es de habitantes (ONU 2003). 94,7% pratica o cristianismo e deles 93% s\u00e3o ortodoxos.<\/p>\n<p><img decoding=\"async\" align=\"left\"  src=\"http:\/\/caminhos.arguscaruso.com.br\/wp-content\/uploads\/site_images\/relatorios\/etapa_5\/rel_01\/V-01 Foto 02 Igreja Ortodoxa.jpg\" class=\"images-rel\" alt=\"Igreja Ortodoxa\" \/><\/p>\n<p>A Igreja Greco-Ortodoxa leva esse nome porque o grego foi a primeira l\u00edngua da Igreja Crist\u00e3 antiga. O Novo Testamento foi escrito em grego, e os escritos dos antigos seguidores de Cristo eram em l\u00edngua grega. A palavra &#8220;Ortodoxa&#8221; \u00e9 derivada das palavras gregas: &#8220;orthos&#8221; que significa correta e &#8220;doxa&#8221; significando opini\u00e3o ou cren\u00e7a.<\/p>\n<p>Ap\u00f3s diverg\u00eancias teol\u00f3gicas, jurisdicionais, culturais e pol\u00edticas, a unidade b\u00e1sica de f\u00e9 e vida eclesi\u00e1stica entre Oriente e Ocidente conduziu ao Grande Cisma de 1054 AD, que rompeu a comunica\u00e7\u00e3o entre a Igreja Ortodoxa e Cat\u00f3lica Romana. S\u00e9culos mais tarde, os protestos contra Roma na Europa Ocidental deram origem \u00e0 Reforma Protestante. Em nossos dias, as Igrejas Orientais pr\u00e9-Calcedonianas, a Igreja Ortodoxa, a Igreja Cat\u00f3lica Romana e as v\u00e1rias Igrejas e grupos Protestantes comp\u00f5em o largo espectro de Cristianismo.<\/p>\n<p>Os padres ortodoxos possuem uma vida muito mais pr\u00f3xima \u00e0 vida dos comuns. Antes da ordena\u00e7\u00e3o eles podem casar e, no dia a dia v\u00e3o para os mercados, tabernas, etc.<\/p>\n<p><strong>ATENAS<\/strong><br \/>\nPela primeira vez uma companhia a\u00e9rea n\u00e3o me exigiu que embalasse a bicicleta para voar. Foi perfeito, fui pedalando para o aeroporto de Alexandria e sa\u00ed pedalando do aeroporto de Atenas. Cheguei em Atenas de madrugada, coloquei as mochilas na magrela, sa\u00ed do ar condicionado do aeroporto e entrei no freezer natural do pa\u00eds.<\/p>\n<p>Nas primeiras horas em Atenas me impressionei com pequenas bobagens do dia a dia &#8211; mulheres andando sozinhas, dirigindo motos, jogando bola, etc. Situa\u00e7\u00f5es que agente s\u00f3 valoriza quando n\u00e3o tem. Depois de um ano de pa\u00edses isl\u00e2micos e hindus, finalmente pude ver mulheres livres de verdade. Que bom poder v\u00ea-las novamente nos bares sorrindo, bebendo e se divertindo. Bem vindo o mundo ocidental!<\/p>\n<p>Al\u00e9m da liberdade tamb\u00e9m me chamou aten\u00e7\u00e3o a quantidade de constru\u00e7\u00f5es na capital. Em menos de 160 dias Atenas ir\u00e1 sediar as Olimp\u00edadas e est\u00e1 arrumando a casa para o grande espet\u00e1culo. Muitos est\u00e3o com receio do tempo n\u00e3o ser suficiente para ficar tudo pronto. \u00c9 realmente dif\u00edcil acreditar que eles consiguir\u00e3o terminar tantas obras.<\/p>\n<p>&#8220;&#8230; mas as prepara\u00e7\u00f5es est\u00e3o t\u00e3o fora do tempo estimado que os gregos foram alertados pela possibilidade de perder os Jogos. Oficiais do Comit\u00ea Internacional dos Jogos Ol\u00edmpicos (IOC) falaram que apesar de n\u00e3o existir a possibilidade de mover os Jogos, o seu sucesso est\u00e1 em risco.&#8221; BBCNews (fevereiro de 2004)<\/p>\n<p>O termo olimp\u00edada surgiu aqui na Gr\u00e9cia em 2500 a.C. quando realizavam festivais esportivos em honra a Zeus no santu\u00e1rio de Ol\u00edmpia. O envento era t\u00e3o importante que os pa\u00edses participantes faziam tr\u00e9guas nas guerras durante esse per\u00edodo. Depois de uma longa jornada, os jogos ol\u00edmpicos de 2004 em Atenas marcar\u00e1 a chegada do eterno esp\u00edrito hel\u00eanico de volta \u00e0 casa.<\/p>\n<p>Meus dias na capital foram debaixo de chuva e muito frio (alguns dias com 4 graus negativos!) Meu pr\u00f3ximo porto foi a ilha de Samos mas para seguir caminho tive de esperar tr\u00eas dias na capital para a chuva aliviar e os ferries voltarem a funcionar.<\/p>\n<p><img decoding=\"async\" align=\"right\"  src=\"http:\/\/caminhos.arguscaruso.com.br\/wp-content\/uploads\/site_images\/relatorios\/etapa_5\/rel_01\/V-01 Foto 03 neve na Grecia.jpg\" class=\"images-rel\" alt=\"Neve\" \/><\/p>\n<p><strong>Ilha de Samos<\/strong><br \/>\nSamos \u00e9 uma das regi\u00f5es mais orientais da Europa. Da ilha \u00e9 poss\u00edvel ver e sentir um pouco da Turquia. Fiquei a poucos quil\u00f4metros da \u00e1rea turca onde pedalei meses atr\u00e1s.<\/p>\n<p><img decoding=\"async\" align=\"right\"  src=\"http:\/\/caminhos.arguscaruso.com.br\/wp-content\/uploads\/site_images\/relatorios\/etapa_5\/rel_01\/V-01 Foto 04 Ilha de Samos.jpg\" class=\"images-rel\" alt=\"SAMOS\" \/><\/p>\n<p>A hist\u00f3ria da ilha tamb\u00e9m marca essa proximidade. Ela j\u00e1 foi parte do Imp\u00e9rio Otomano e durante a ocupa\u00e7\u00e3o a ilha foi um centro de resist\u00eancia grega. Foi uma das poucas ilhas ocupadas pelo ex\u00e9rcito otomano que conseguiu manter um governo independente. Muitas de suas vilas s\u00e3o escondidas nas montanhas para se protegerem dos antigos ataques piratas no litoral.<\/p>\n<p><img decoding=\"async\" align=\"left\"  src=\"http:\/\/caminhos.arguscaruso.com.br\/wp-content\/uploads\/site_images\/relatorios\/etapa_5\/rel_01\/V-01 Foto 05 Samos - uma ilha grega perto da Turquia.jpg\" class=\"images-rel\" alt=\"Passando o tempo\" \/><\/p>\n<p>Lembra da hist\u00f3ria da cigarra e a formiga? A vida nessa ilha \u00e9 assim. Durante o ver\u00e3o todo mundo trabalha com o turismo e o inverno \u00e9 um eterno domingo. Talvez esses meses pensando na vida sejam o segredo para tanta filosofia.<\/p>\n<p>Samos \u00e9 supostamente a ilha do fil\u00f3sofo e matem\u00e1tico Pit\u00e1goras (580 a.C.?-500 a.C.?), respons\u00e1vel pela cria\u00e7\u00e3o dos n\u00fameros irracionais e do Teorema do tri\u00e2ngulo ret\u00e2ngulo &#8211; o quadrado da hipotenusa \u00e9 a soma dos quadrados dos catetos (a\u00b2 = b\u00b2 + c\u00b2).<\/p>\n<p><img decoding=\"async\" align=\"right\"  src=\"http:\/\/caminhos.arguscaruso.com.br\/wp-content\/uploads\/site_images\/relatorios\/etapa_5\/rel_01\/V-01 Foto 06 Pitagoras.jpg\" class=\"images-rel\" alt=\"Caverna de Pit\u00e1goras\" \/><\/p>\n<p>&#8220;De acordo com antigas tradi\u00e7\u00f5es, a primeira pessoa a se auto denominar um &#8216;fil\u00f3sofo&#8217; foi o pensador grego Pit\u00e1goras no S\u00e9c. VI a.C.&#8221; An introduction to Modern Philosophy &#8211; Castell, Borchert and Zucker<\/p>\n<p>Hoje existe na ilha apenas uma caverna com seu nome. A caminhada para o local \u00e9 linda mas a caverna em si \u00e9 apenas um buraco na montanha.<\/p>\n<p>A sabedoria grega est\u00e1 refletida em sua hist\u00f3ria. Um professor me contou que no S\u00e9c.XVI a Gr\u00e9cia foi um dos poucos pa\u00edses europeus contra as coloniza\u00e7\u00f5es. Ele me mostrou orgulhoso um artigo e traduziu a frase em negrito: &#8220;Colombo, voc\u00ea e sua est\u00fapida curiosidade.&#8221; Parab\u00e9ns Gr\u00e9cia!<\/p>\n<p><img decoding=\"async\" align=\"center\"  src=\"http:\/\/caminhos.arguscaruso.com.br\/wp-content\/uploads\/site_images\/relatorios\/etapa_5\/rel_01\/V-01 Foto 07 Alunos em Samos.jpg\" class=\"images-rel\" alt=\"Alunos em Samos\" \/><\/p>\n<p>Durante a invernada aproveitei para fazer algumas palestras em escolas. Foi bacana. Na Universidade fizeram um convite e por engano colocaram a minha foto com o nome Guimar\u00e3es Rosa. Na palestra aproveitei para agradecer a distra\u00edda homenagem.<\/p>\n<p><img decoding=\"async\" align=\"center\"  src=\"http:\/\/caminhos.arguscaruso.com.br\/wp-content\/uploads\/site_images\/relatorios\/etapa_5\/rel_01\/V-01 Foto 08 Desenho de alunos em Samos.jpg\" class=\"images-rel\" alt=\"Desenho dos alunos\" \/><\/p>\n<p>A casa que me hospedei em Samos fica no alto da montanha, na pequena vila de Marathocampos, escondida nas vielas onde nem sequer passa carro. Poucos andam nas ruas e a tranquilidade do inverno contrasta com a agita\u00e7\u00e3o do ver\u00e3o que conheci por aqui h\u00e1 quase dez anos atr\u00e1s.<\/p>\n<p><img decoding=\"async\" align=\"left\"  src=\"http:\/\/caminhos.arguscaruso.com.br\/wp-content\/uploads\/site_images\/relatorios\/etapa_5\/rel_01\/V-01 Foto 09 Senhora em Marathocambos.jpg\" class=\"images-rel\" alt=\"Viela em Marathocambos\" \/><\/p>\n<p>Com Dimitris e Glyca, os bons amigos de Samos, passamos os dias celebrando a vida com bons vinhos e boa comida. Para completar a tranquilidade da pacata ilha, n\u00e3o t\u00ednhamos televis\u00e3o, microondas, cd-players, computadores, celulares, etc. Para aquecer a casa, todos os dias cort\u00e1vamos lenha e para beber \u00e1gua ench\u00edamos as garrafas numa fonte vizinha. Al\u00e9m da hospedagem ganhei tamb\u00e9m o aprendizado de ser feliz simplificando a vida.<\/p>\n<p><img decoding=\"async\" align=\"left\"  src=\"http:\/\/caminhos.arguscaruso.com.br\/wp-content\/uploads\/site_images\/relatorios\/etapa_5\/rel_01\/V-01 Foto 10 Marathocambos com neve.jpg\" class=\"images-rel\" alt=\"Viela em Marathocambos com neve\" \/><\/p>\n<p>Junto com o aprendizado veio tamb\u00e9m uma consci\u00eancia pesada de produzir mais um site nesse mundo virtual que faz tantas crian\u00e7as perderem o tempo na frente de computadores. Por isso pe\u00e7o para que n\u00e3o gastem muito tempo na frente dessa m\u00e1quina. Espero que o projeto funcione como uma motiva\u00e7\u00e3o a mais para que desliguem o computador e saiam pedalando na vida real, conhecendo pessoas e se divertindo.<\/p>\n<p><img decoding=\"async\" align=\"right\"  src=\"http:\/\/caminhos.arguscaruso.com.br\/wp-content\/uploads\/site_images\/relatorios\/etapa_5\/rel_01\/V-01 Foto 11 Igrejas nas cavernas das montanhas de Samos.jpg\" class=\"images-rel\" alt=\"Igreja nas cavernas das montanhas de Samos\" \/><\/p>\n<p><strong>ELEI\u00c7\u00d5ES NO PAIS DA DEMOCRACIA<\/strong><br \/>\nA democracia surgiu na Gr\u00e9cia antiga, no S\u00e9c. V a.C. quando seus cidad\u00e3os come\u00e7aram a decidir os destinos da p\u00f3lis, na \u00e1gora, a pra\u00e7a p\u00fablica.<\/p>\n<p>Hoje o pa\u00eds est\u00e1 concentrado nas elei\u00e7\u00f5es para primeiro ministro que ser\u00e3o feitas nesse m\u00eas de mar\u00e7o. Pol\u00edtica na Gr\u00e9cia \u00e9 igual futebol no Brasil. Nas tabernas, basta tocar no assunto que os limites das mesas se abrem para as discuss\u00f5es e o local se transforma em um parlamento &#8220;in vino veritas&#8221;.<\/p>\n<p>Fomos numa taverna onde estava ocorrendo um encontro do partido comunista. Logicamente n\u00e3o entendi nada do que falavam mas foi interessante. Pedi para um amigo traduzir a frase que estava junto \u00e0 foto do Che Guevarra.<\/p>\n<p>&#8220;Se voc\u00ea \u00e9 um jovem e n\u00e3o \u00e9 comunista, voc\u00ea n\u00e3o tem cora\u00e7\u00e3o.<br \/>\nSe voc\u00ea \u00e9 um adulto e \u00e9 comunista, voc\u00ea n\u00e3o tem c\u00e9rebro.<br \/>\nSe voc\u00ea \u00e9 um idoso e n\u00e3o \u00e9 comunista, voc\u00ea n\u00e3o tem alma.&#8221;<\/p>\n<p><img decoding=\"async\" align=\"left\"  src=\"http:\/\/caminhos.arguscaruso.com.br\/wp-content\/uploads\/site_images\/relatorios\/etapa_5\/\/rel_01\/V-01 Foto 12 O candidato o padre e o comunista.jpg\" class=\"images-rel\" alt=\"O candidato, o padre e o comunista\" \/><\/p>\n<p>Ironicamente, no pa\u00eds da democracia, as elei\u00e7\u00f5es deixam \u00e0s claras a oligarquia do pa\u00eds. Os dois candidatos com chances de vit\u00f3ria pertencem \u00e0s duas familias que sempre estiveram no poder. Apesar do voto ser obrigat\u00f3rio as san\u00e7\u00f5es s\u00e3o pequenas e muitos n\u00e3o votam. Nas \u00faltimas elei\u00e7\u00f5es o primeiro ministro foi eleito com os votos de menos de 25% da popula\u00e7\u00e3o.<\/p>\n<p>Um dos poetas mais conhecidos da gr\u00e9cia \u00e9 Konstantinos Kavafis. Um dos seus mais lindos poemas \u00e9 &#8220;A estrada para Ithaca&#8221;. Neste poema ele escreve sobre nossa longa jornada da vida, sobre nossas ambi\u00e7\u00f5es e desejos fazendo uma analogia \u00e0 ilha grega de Ithaca. E conclui:<\/p>\n<p>&#8220;Mantenha sempre Ithaca em sua mente.<br \/>\nChegar l\u00e1 \u00e9 sua meta final,<br \/>\nMas n\u00e3o tenha pressa na viagem.<br \/>\nMelhor que dure v\u00e1rios anos;<br \/>\nE ancore na ilha quando voc\u00ea estiver velho,<br \/>\ncom todas as riquezas que voc\u00ea tiver adquirido no caminho,<br \/>\nsem esperar que Ithaca ir\u00e1 enriquec\u00ea-lo.<\/p>\n<p>Ithaca ter\u00e1 lhe dado a linda viagem.<br \/>\nSem ela voc\u00ea nunca teria partido,<br \/>\nE ela n\u00e3o poderia dar-lhe mais&#8230;<\/p>\n<p>T\u00e3o s\u00e1bio que ser\u00e1s, com todo conhecimento,<br \/>\nJ\u00e1 ter\u00e1s entendido o que significa Ithaca.&#8221;<\/p>\n<p>Meu pr\u00f3ximo pa\u00eds ser\u00e1 a It\u00e1lia e depois subo para a Fran\u00e7a. Espero que a primavera chegue logo&#8230;<\/p>\n<p>Grande abra\u00e7o,<br \/>\n<strong>Argus<\/strong><\/p>\n<p><strong>Para saber mais<\/strong><br \/>\nOlimpiada<br \/>\nwww.cultural-olympiad.gr<br \/>\nwww.atenas2004.gr<\/p>\n<p><strong>Informacao sobre a ilha de Samos<\/strong><br \/>\nwww.diavlos.gr<br \/>\nwww.greekislands.com<br \/>\nwww.hri.org<br \/>\nwww.aegeanstyle.com\/samos<\/p>\n<p><strong>Geografia e Historia<\/strong><br \/>\nwww.photius.com<br \/>\nwww.theodora.com<br \/>\nwww.greece.gr<br \/>\nwww.greeka.com<br \/>\nwww.ancientgreece.com<br \/>\nwww.historyforkids.org\/learn\/greeks<br \/>\nwww.historylink101.com\/ancient_greece.htm<br \/>\nwww.museum.upenn.edu\/Greek_World\/Index.html<\/p>\n<p><strong>V\u00e1rios<\/strong><br \/>\nwww.troymovie.com<br \/>\nwww.madeincyprus.net<br \/>\nwww.quattro.com<\/p>\n<p><strong>JORNAIS<\/strong><br \/>\nElefherotypia<br \/>\nwww.enet.gr<br \/>\nTa Nea<br \/>\nhttp:\/\/ta-nea.dolnet.gr<br \/>\nKathimerini &#8211; English language<br \/>\nwww.ekathimerini.com<br \/>\nAthens News &#8211; English language<br \/>\nwww.athensnews.gr<\/p>\n","protected":false},"excerpt":{"rendered":"<p>Gr\u00e9cia Giasas amigos, Cheguei na Europa! Aqui na Gr\u00e9cia faz frio, chove e de vez em quando neva. Passei as \u00faltimas semanas na ilha de Samos esperando a primavera e celebrando a vida com bons amigos, bom vinho e boa comida O inverno ainda est\u00e1 forte e ruim para pedalar mas j\u00e1 estou novamente na [&hellip;]<\/p>\n","protected":false},"author":1,"featured_media":0,"parent":354,"menu_order":0,"comment_status":"closed","ping_status":"closed","template":"","meta":{"footnotes":""},"class_list":["post-562","page","type-page","status-publish","hentry"],"_links":{"self":[{"href":"https:\/\/caminhos.arguscaruso.com.br\/index.php?rest_route=\/wp\/v2\/pages\/562","targetHints":{"allow":["GET"]}}],"collection":[{"href":"https:\/\/caminhos.arguscaruso.com.br\/index.php?rest_route=\/wp\/v2\/pages"}],"about":[{"href":"https:\/\/caminhos.arguscaruso.com.br\/index.php?rest_route=\/wp\/v2\/types\/page"}],"author":[{"embeddable":true,"href":"https:\/\/caminhos.arguscaruso.com.br\/index.php?rest_route=\/wp\/v2\/users\/1"}],"replies":[{"embeddable":true,"href":"https:\/\/caminhos.arguscaruso.com.br\/index.php?rest_route=%2Fwp%2Fv2%2Fcomments&post=562"}],"version-history":[{"count":2,"href":"https:\/\/caminhos.arguscaruso.com.br\/index.php?rest_route=\/wp\/v2\/pages\/562\/revisions"}],"predecessor-version":[{"id":1815,"href":"https:\/\/caminhos.arguscaruso.com.br\/index.php?rest_route=\/wp\/v2\/pages\/562\/revisions\/1815"}],"up":[{"embeddable":true,"href":"https:\/\/caminhos.arguscaruso.com.br\/index.php?rest_route=\/wp\/v2\/pages\/354"}],"wp:attachment":[{"href":"https:\/\/caminhos.arguscaruso.com.br\/index.php?rest_route=%2Fwp%2Fv2%2Fmedia&parent=562"}],"curies":[{"name":"wp","href":"https:\/\/api.w.org\/{rel}","templated":true}]}}