{"id":564,"date":"2009-10-21T18:01:27","date_gmt":"2009-10-21T21:01:27","guid":{"rendered":"http:\/\/caminhos.arguscaruso.com.br\/?page_id=564"},"modified":"2024-03-16T14:20:31","modified_gmt":"2024-03-16T14:20:31","slug":"etapa-5-relatorio-2","status":"publish","type":"page","link":"https:\/\/caminhos.arguscaruso.com.br\/?page_id=564","title":{"rendered":"Etapa 5 \u2013 Relat\u00f3rio 2"},"content":{"rendered":"<h3 class=\"tit-rel\">Ciao amigos, Acabei de passar pela Gr\u00e9cia e agora estou na It\u00e1lia. Depois da parada na ilha de Samos, voltei a Atenas, passei mais alguns dias na capital e segui pedalando para o porto de Patras, de onde peguei um ferrie para Ancona, na It\u00e1lia. Atravessei a &#8220;perna da bota italiana&#8221;, fui para Roma e agora estou seguindo para Fran\u00e7a.<\/h3>\n<p>Estou seguindo a miss\u00e3o de comer o fil\u00e9 do osso que j\u00e1 ro\u00ed e agora estou passando pelas belas e tranquilas estradas europ\u00e9ias. Seguirei para Paris e depois viajarei pelo ver\u00e3o, quando qualquer lugar daqui fica bonito. Tudo \u00e9 lindo e muito chique mas eu continuo na mesma vida rasca. Acampando em toda beira de estrada e comendo comida de supermercado nas pra\u00e7as.<\/p>\n<p><img decoding=\"async\" align=\"center\"  src=\"http:\/\/caminhos.arguscaruso.com.br\/wp-content\/uploads\/site_images\/relatorios\/etapa_5\/rel_02\/V-02 - Foto 05 camping em diferentes lugares.jpg\" class=\"images-rel\" alt=\"Campings \"alternativos\" na Europa. Fundo de casas, meio do mato, estufas de planta\u00e7\u00f5es, atr\u00e1s de posto de gasolina, garagens, parques p\u00fablicos,...\" \/><\/p>\n<p>Cheguei em Atenas durante as elei\u00e7\u00f5es. Passei o fim de semana na casa de uma amiga conterr\u00e2nea. Mateia um pouco a saudade do sotaque e at\u00e9 tomei uma cachacinha mineira.<\/p>\n<p>A elei\u00e7\u00e3o foi uma grande festa. Sem maiores surpresas, um dos dois candidatos da oligarquia ganhou. Seu partido de direita fazia oposi\u00e7\u00e3o ao atual governo que est\u00e1 no poder h\u00e1 21 anos. Deixaram de ter uma direita fantasiada de socialistas para terem uma direita assumida de real democracia. Como uma boa final de campeonato brasileiro de futebol, o dia das elei\u00e7\u00f5es teve muitas bandeiras e buzina\u00e7os. Depois de tanta campanha, um dos candidatos apareceu com a m\u00e3o quebrada de tanto cumprimentar os eleitores (&#8230;\u00e9 verdade!).<\/p>\n<p>Aprendi um detalhe interessante sobre a primeira democracia do mundo. Quando implantaram o sistema na Antiga Gr\u00e9cia, os pol\u00edticos eram escolhidos por sorteio e n\u00e3o por votos. Dessa forma o parlamento tinha uma representa\u00e7\u00e3o balanceada de v\u00e1rios segmentos da popula\u00e7\u00e3o que eram escolhidos pelos &#8220;deuses&#8221;.<\/p>\n<p>A pol\u00edtica na Gr\u00e9cia n\u00e3o se resume \u00e0s elei\u00e7\u00f5es. Todos os assuntos s\u00e3o discutidos e protestados. Me chamou a aten\u00e7\u00e3o os protestos contra o governo norte-americano e tamb\u00e9m ao alojamento dos pr\u00f3ximos jogos ol\u00edmpicos em Atenas.<\/p>\n<p><strong>Protestos contra o governo norte-americano<\/strong><br \/>\nTodos os dias 17 de novembro &#8211; nessa data, em 1973, muitos estudantes morreram numa tentativa de destituir a ditadura &#8211; os gregos fazem um protesto na frente da Embaixada Norte-Americana. Jogam ovos, pedras, coquit\u00e9is molotofe, tentam invadir, etc. Al\u00e9m da Embaixada atacam tamb\u00e9m os bancos, lojas americanas e todos os grandes s\u00edmbolos do capitalismo. A data \u00e9 quase um feriado nacional, todos v\u00e3o para as ruas, n\u00e3o tem escola e nem servi\u00e7o banc\u00e1rio (\u00f3bvio). Aqui todos s\u00e3o conscientes de que a ditadura entre os anos 60 e 80 foi imposta pelos ianques e o protesto deixa claro o rep\u00fadio a esse autoritarismo.<\/p>\n<p><img decoding=\"async\" align=\"center\"  src=\"http:\/\/caminhos.arguscaruso.com.br\/wp-content\/uploads\/site_images\/relatorios\/etapa_5\/rel_02\/V-02 - Foto 01 Frases contra o governo americano.jpg\" class=\"images-rel\" alt=\"Frases contra os norte-americanos em v\u00e1rios locais da Gr\u00e9cia\" \/><\/p>\n<p>Vi muitas frases contra os norte-americanos pichadas na cidade. V\u00e1rios grafites igualam o presidente dos EUA \u00e0 Hitler e seu governo ao nazismo.<\/p>\n<p><strong>Olimp\u00edada &#8211; orgulho ou indigna\u00e7\u00e3o?<\/strong><br \/>\nMuitos acreditam que o verdadeiro sentido ol\u00edmpico, o &#8220;agon&#8221;, j\u00e1 n\u00e3o existe mais. Hoje \u00e9 somente um grande evento comercial. Existe um grande movimento de protesto contra as olimp\u00edadas onde criticam a explora\u00e7\u00e3o da m\u00e3o de obra barata para as constru\u00e7\u00f5es &#8211; j\u00e1 morreram mais de 30 pessoas nas constru\u00e7\u00f5es das obras ol\u00edmpicas em Atenas. Eu sempre pensei sediar a Olimp\u00edada fosse motivo de orgulho e me espantei com a revolta que isso tem causado a muitos gregos.<\/p>\n<p><strong>O Carnaval \u00e9 brasileiro ou grego?<\/strong><br \/>\nPassei o carnaval em Samos. A desilus\u00e3o foi tanta que nem sequer escrevi sobre isso no relat\u00f3rio anterior. Numa pracinha da pacata vila colocaram uma m\u00fasica grega pop e algumas crian\u00e7as fantasiadas passeavam pelas ruas sem grandes festas.<\/p>\n<p><img decoding=\"async\" align=\"center\"  src=\"http:\/\/caminhos.arguscaruso.com.br\/wp-content\/uploads\/site_images\/relatorios\/etapa_5\/rel_02\/V-02 - Foto 02 Pacato Carnaval grego.jpg\" class=\"images-rel\" alt=\"O pacato carnaval em Samos\" \/><\/p>\n<p>S\u00f3 em Atenas fui descobrir hist\u00f3rias interessantes sobre o carnaval grego. Em algumas cidades ainda pode-se encontrar rituais que remetem \u00e0s comemora\u00e7\u00f5es dionis\u00edacas de mais de 3 mil anos atr\u00e1s. Naquela \u00e9poca os marginais &#8211; estrangeiros, mulheres e escravos &#8211; iam para as montanhas e cultuavam Dion\u00edso (o deus do vinho, na mitologia latina &#8211; Baco ) bebendo e dan\u00e7ando. Muitos estudiosos acreditam que os participantes da festa se fantasiavam e representavam momentos cruciais da vida do deus. Desta tradi\u00e7\u00e3o teria surgido o carnaval.<\/p>\n<p>O teatro tamb\u00e9m tem sua origem nessas comemora\u00e7\u00f5es. Os l\u00edderes da p\u00f3lis (cidade grega) come\u00e7aram a ter receio destas festas, que possuiam uma forte caracter\u00edstica an\u00e1rquica, e criaram os primeiros festivais de teatro para que elas pudessem ser mais facilmente controladas.<\/p>\n<p><img decoding=\"async\" align=\"center\"  src=\"http:\/\/caminhos.arguscaruso.com.br\/wp-content\/uploads\/site_images\/relatorios\/etapa_5\/rel_02\/V-02 - Foto 03 Thorikos - um dos teatros mais antigos do mundo.jpg\" class=\"images-rel\" alt=\"Ru\u00ednas de Thorikos - um dos primeiros teatros do mundo\" \/><\/p>\n<p>As primeiras apresenta\u00e7\u00f5es foram feitas no s\u00e9c. V a.C. Pouco a pouco, foram introduzidos um maior n\u00famero de personagens que dialogavam entre si e com o coro, dando assim origem \u00e0 trag\u00e9dia e \u00e0 com\u00e9dia cl\u00e1ssicas.<\/p>\n<p>De Atenas fui pedalando pela costa at\u00e9 Patras. No caminho vi muitas montanhas com neve e peguei chuva e frio. Diferente das outras vezes de frio &#8211; nos Andes e Austr\u00e1lia principalmente &#8211; dessa vez estou com bons equipamentos e jaqueta de chuva que funciona (gore-tex &#8211; a \u00e1gua da chuva n\u00e3o entra mas o suor sai). Pedalar com chuva e frio logicamente n\u00e3o \u00e9 agrad\u00e1vel mas sempre que me lembro do perrengue que j\u00e1 passei sem esses equipamentos penso que agora est\u00e1 tudo lindo. V\u00e1rias vezes acampei com temperaturas abaixo de zero e dormi com conforto dentro da barraca.<\/p>\n<p><img decoding=\"async\" align=\"center\"  src=\"http:\/\/caminhos.arguscaruso.com.br\/wp-content\/uploads\/site_images\/relatorios\/etapa_5\/rel_02\/V-02 - Foto 04 Litoral da Grecia.jpg\" class=\"images-rel\" alt=\"Pedalando pela litoral grego\" \/><\/p>\n<p>Agora j\u00e1 estou no norte da It\u00e1lia, em Roma participei da manifesta\u00e7\u00e3o pela paz e no caminho vi muitas paisagens e cidades lindas. Mas a It\u00e1lia ficar\u00e1 para o pr\u00f3ximo relat\u00f3rio.<\/p>\n<p>Grande abra\u00e7o,<br \/>\n<strong>Argus<\/strong><\/p>\n<p>&#8220;Amamos a beleza com simplicidade e amamos a sabedoria sem debilidade&#8221;<br \/>\nTUC\u00cdDIDES &#8211; Tradu\u00e7\u00e3o: Celina Figueiredo Lage<\/p>\n<p><strong>Para saber mais<\/strong><br \/>\nSites com cr\u00edticas sobre as Olimpiadas<br \/>\nPoesia grega<br \/>\nScripta Cl\u00e1ssica on-line<br \/>\nwww.scriptaclassica.hpg.com.br<\/p>\n<p><strong>JORNAIS<\/strong><br \/>\nElefherotypia<br \/>\nwww.enet.gr<br \/>\nTa Nea<br \/>\nhttp:\/\/ta-nea.dolnet.gr<br \/>\nKathimerini &#8211; English language<br \/>\nwww.ekathimerini.com<br \/>\nAthens News &#8211; English language<br \/>\nwww.athensnews.gr<\/p>\n","protected":false},"excerpt":{"rendered":"<p>Ciao amigos, Acabei de passar pela Gr\u00e9cia e agora estou na It\u00e1lia. Depois da parada na ilha de Samos, voltei a Atenas, passei mais alguns dias na capital e segui pedalando para o porto de Patras, de onde peguei um ferrie para Ancona, na It\u00e1lia. Atravessei a &#8220;perna da bota italiana&#8221;, fui para Roma e [&hellip;]<\/p>\n","protected":false},"author":1,"featured_media":0,"parent":354,"menu_order":10,"comment_status":"closed","ping_status":"closed","template":"","meta":{"footnotes":""},"class_list":["post-564","page","type-page","status-publish","hentry"],"_links":{"self":[{"href":"https:\/\/caminhos.arguscaruso.com.br\/index.php?rest_route=\/wp\/v2\/pages\/564","targetHints":{"allow":["GET"]}}],"collection":[{"href":"https:\/\/caminhos.arguscaruso.com.br\/index.php?rest_route=\/wp\/v2\/pages"}],"about":[{"href":"https:\/\/caminhos.arguscaruso.com.br\/index.php?rest_route=\/wp\/v2\/types\/page"}],"author":[{"embeddable":true,"href":"https:\/\/caminhos.arguscaruso.com.br\/index.php?rest_route=\/wp\/v2\/users\/1"}],"replies":[{"embeddable":true,"href":"https:\/\/caminhos.arguscaruso.com.br\/index.php?rest_route=%2Fwp%2Fv2%2Fcomments&post=564"}],"version-history":[{"count":2,"href":"https:\/\/caminhos.arguscaruso.com.br\/index.php?rest_route=\/wp\/v2\/pages\/564\/revisions"}],"predecessor-version":[{"id":1816,"href":"https:\/\/caminhos.arguscaruso.com.br\/index.php?rest_route=\/wp\/v2\/pages\/564\/revisions\/1816"}],"up":[{"embeddable":true,"href":"https:\/\/caminhos.arguscaruso.com.br\/index.php?rest_route=\/wp\/v2\/pages\/354"}],"wp:attachment":[{"href":"https:\/\/caminhos.arguscaruso.com.br\/index.php?rest_route=%2Fwp%2Fv2%2Fmedia&parent=564"}],"curies":[{"name":"wp","href":"https:\/\/api.w.org\/{rel}","templated":true}]}}