{"id":566,"date":"2009-10-21T18:02:05","date_gmt":"2009-10-21T21:02:05","guid":{"rendered":"http:\/\/caminhos.arguscaruso.com.br\/?page_id=566"},"modified":"2024-03-16T14:20:31","modified_gmt":"2024-03-16T14:20:31","slug":"etapa-5-relatorio-3","status":"publish","type":"page","link":"https:\/\/caminhos.arguscaruso.com.br\/?page_id=566","title":{"rendered":"Etapa 5 \u2013 Relat\u00f3rio 3"},"content":{"rendered":"<h3 class=\"tit-rel\">Bonjour amigos! Depois da temporada na Gr\u00e9cia fui pedalar pela It\u00e1lia e agora estou na Fran\u00e7a. Na It\u00e1lia atravessei duas vezes os Apeninos, acampei muito, visitei bons amigos e, com muita economia, consegui atravessar um dos pa\u00edses mais caros do mundo. Por coincid\u00eancia eu participei da maior manifesta\u00e7\u00e3o de paz da Europa que ocorreu em Roma.<\/h3>\n<p><strong>UM POUCO SOBRE A IT\u00c1LIA<\/strong><br \/>\nIt\u00e1lia \u00e9 a terra das artes, dos trabalhos de Michelangelo, Leonardo da Vinci, Botticelli, das grandes \u00f3peras, cinemas e arquiteturas que fazem do pa\u00eds um museu a c\u00e9u aberto.<\/p>\n<p>Mas junto a tanta beleza o pa\u00eds \u00e9 tamb\u00e9m um imenso problema pol\u00edtico. No pa\u00eds famoso por suas m\u00e1fias j\u00e1 passaram d\u00fazias de diferentes governos desde a segunda guerra mundial e at\u00e9 ent\u00e3o o pa\u00eds parece n\u00e3o ter encontrado um bom caminho na pol\u00edtica.<\/p>\n<p>Hoje o pa\u00eds \u00e9 governado pelo Berlusconi, um dos homens mais ricos do mundo e dono da grande m\u00eddia italiana. Antes de ser eleito possu\u00eda v\u00e1rios processos pendentes contra suas empresas mas desde que foi eleito parece que tudo foi &#8220;resolvido&#8221;.<\/p>\n<p>&#8220;Berlusconi inocentado &#8211; O Parlamento aprova, em novembro, lei que permite a r\u00e9us em casos de corrup\u00e7\u00e3o solicitar a transfer\u00eancia do processo para outra cidade, se considerarem que os ju\u00edzes s\u00e3o tendenciosos. A medida beneficia Berlusconi e amigos que enfrentam v\u00e1rias a\u00e7\u00f5es judiciais. Outra lei deixa de qualificar como crime a apresenta\u00e7\u00e3o de dados financeiros fraudulentos e tamb\u00e9m favorece o primeiro-ministro, que \u00e9 absolvido num processo sobre pr\u00e1ticas cont\u00e1beis de suas empresas.&#8221; Almanaque Abril 2003<\/p>\n<p>O governo de direita de Berlusconi possui v\u00e1rios problemas internos mas talvez o de maior aten\u00e7\u00e3o seja sua posi\u00e7\u00e3o internacional de apoio aos anglo-americanos no ataque ao Iraque.<\/p>\n<p>&#8220;O pr\u00f3prio Sr. Berluscone tem feito declara\u00e7\u00f5es de desejo de rela\u00e7\u00f5es estreitas com o presidente americano George Bush. Ele declarou apoio a Washington e Londres para a campanha contra o Iraque&#8221; BBCNews<br \/>\n<img decoding=\"async\" align=\"left\"  src=\"http:\/\/caminhos.arguscaruso.com.br\/wp-content\/uploads\/site_images\/relatorios\/etapa_5\/rel_03\/V-03-Bandeiras dos EUA Italia e UE.jpg\" class=\"images-rel\" alt=\"Bandeiras dos Estados Unidos, It\u00e1lia e Comunidade Europ\u00e9ia\" \/><br \/>\nApesar das grandes manifesta\u00e7\u00f5es da popula\u00e7\u00e3o para a retirada das tropas italianas, o governo segue apoiando os anglo-americanos.<\/p>\n<p>O pa\u00eds possui 57,4 milh\u00f5es de habitantes (ONU, 2003) e 82,1% pratica o cristianismo sendo 97,2% deles cat\u00f3licos. Suas maiores exporta\u00e7\u00f5es s\u00e3o de maquin\u00e1rios e equipamentos para transporte, qu\u00edmicos, roupas e vinhos.<\/p>\n<p><strong>PEDALANDO DE ANCONA A ROMA<\/strong><br \/>\nLiteralmente todos os caminhos levam a Roma. Do porto de Ancona, na costa leste do pa\u00eds, mirei a b\u00fassola para o sudoeste e em quatro dias eu j\u00e1 estava l\u00e1.<br \/>\n<img decoding=\"async\" align=\"left\"  src=\"http:\/\/caminhos.arguscaruso.com.br\/wp-content\/uploads\/site_images\/relatorios\/etapa_5\/rel_03\/V-03-Apeninos.jpg\" class=\"images-rel\" alt=\"Apeninos\" \/><\/p>\n<p>As estradas s\u00e3o excelentes &#8211; nenhum buraco, bem sinalizadas e cheia de pontes e viadutos para evitar o &#8220;sobe e desce&#8221; das montanhas. No caminho atravessei os Apeninos e acampei todos os dias.<\/p>\n<p>A paisagem foi linda. A beira das pequenas estradas \u00e9 totalmente utilizada com planta\u00e7\u00f5es ou casas e todas vilas possuem uma simp\u00e1tica pra\u00e7a com lugar para descansar e fontes de \u00e1gua pot\u00e1vel. Vi v\u00e1rios morros com neve e passei por lugares com gelo na beira da estrada. Encotrei muitos companheiros de bicicleta mas nenhum viajante. Na It\u00e1lia muitos pedalam na estrada, principalmente adultos e idosos com biclcetas de corrida. Isso foi muito bom pois os motoristas j\u00e1 est\u00e3o acostumados e respeitam muito os ciclistas. Tamb\u00e9m vi muitas motos que quase voam, v\u00e1rias vezes me ultrapassavam grupos com mais de dez delas.<\/p>\n<p>Tive sorte e peguei pouca chuva mas, mesmo no seco, o frio foi forte. A parte mais fria foi na descida dos Apeninos quando tive de parar de tempos em tempos e fingir que iria comprar algo em alguma loja para poder me aquecer. Nesse trecho o term\u00f4metro estava marcando apenas cinco graus.<br \/>\n<img decoding=\"async\" align=\"right\"  src=\"http:\/\/caminhos.arguscaruso.com.br\/wp-content\/uploads\/site_images\/relatorios\/etapa_5\/rel_03\/V-03-Neve na estrada.jpg\" class=\"images-rel\" alt=\"Neve na estrada\" \/><\/p>\n<p><strong>EUROPA&#8230;<\/strong><br \/>\nEuropa \u00e9 aquela velha hist\u00f3ria&#8230; Pouco me resta a escrever de sua historia antiga sem ser redundante. Afinal, na escola em que estudei, li mais sobre a Europa do que sobre nosso pr\u00f3prio povo. Aqui todos acham estranho eu ter estudado tanto sobre as revolu\u00e7\u00f5es francesa, industrial, reinados espanh\u00f3is, portugueses, Napole\u00f5es e Lu\u00edses. E infelizmente pouco estudei sobre a tao importante hist\u00f3ria do &#8220;resto do mundo&#8221;.<\/p>\n<p>Durante o planejamento da viagem eu j\u00e1 imaginava uma certa &#8220;falta de assunto&#8221; na Europa. Aqui tudo parece ser muito normal &#8211; aqui comem com garfo e faca, usam mesas, dormem em camas, tomam banho em chuveiros, etc. Esta minha passagem pela Europa est\u00e1 sendo fora do plano inicial. Antes imaginei viajar quase somente no terceiro mundo. Ver o que nunca havia estudado e tentar entender o que acontece nesses pa\u00edses que poucos sabem que existe. Mas, durante a pr\u00f3pria viagem, a passagem pela Europa foi ficando cada vez mais convidativa. Depois de tanto tempo em culturas t\u00e3o diferentes, de pa\u00edses mu\u00e7ulmanos e hindu\u00edstas, estou aqui me sentindo em casa &#8211; e sentia falta disso. Foram v\u00e1rios amigos europeus no percurso e reencontr\u00e1-los est\u00e1 sendo um grande prazer e uma oportunidade de conhecer a Europa que n\u00e3o conheci como turista. Na It\u00e1lia encontrei meus bons amigos que vivem em Roma, Bolonha e Verona &#8211; lugares que parei por mais tempo, fiz palestras e boas festas.<\/p>\n<p>It\u00e1lia \u00e9 extremamente cara. Para economizar acampei em todo tipo de lugar &#8211; garagem, pra\u00e7a p\u00fablica, casa abandonada, planta\u00e7\u00f5es, posto de gasolina, meio do mato, etc. Os convites para dormir em casas de fam\u00edlias desconhecidas acabaram completamente. Ningu\u00e9m oferece nada e agora j\u00e1 \u00e9 motivo de alegria se n\u00e3o negam um jardim para eu acampar.<\/p>\n<p>Numa das primeiras cidades italianas, fui buscar um lugar para acampar, em Loreto, e v\u00e1rios me recomendaram procurar o pal\u00e1cio apost\u00f3lico. L\u00e1 fui eu. Chovendo e fazendo frio recebi um &#8220;n\u00e3o&#8221; do padre respons\u00e1vel pelo local, um imenso pal\u00e1cio no todo da montanha. Tive direito a serm\u00e3o e tudo mais. -Aqui n\u00e3o \u00e9 hotel n\u00e3o! Me respondeu o padre. Mama mia, que grosseria! Me arrependi de ter pedido o favor, encontrei um parque p\u00fablico um pouco escondido, montei a barraca e dormi.<\/p>\n<p><strong>ROMA &#8211; MANIFESTO PELA PAZ<\/strong><br \/>\nPouco depois da bomba na Espanha eu cheguei em Roma num clima de medo de um novo ataque. Vi bandeiras pedindo paz distribu\u00eddas em todo o pa\u00eds.<br \/>\n<img decoding=\"async\" align=\"center\"  src=\"http:\/\/caminhos.arguscaruso.com.br\/wp-content\/uploads\/site_images\/relatorios\/etapa_5\/rel_03\/V-03-Roma.jpg\" class=\"images-rel\" alt=\"Um milh\u00e3o de pessoas na maior manifesta\u00e7\u00e3o da Europa\" \/><\/p>\n<p>Eu estava com planos de fazer uma caminhada pela cidade antiga e acabei fazendo todo o &#8220;tour&#8221; acompanhando a imensa manifesta\u00e7\u00e3o pela paz que ocorreu em Roma. A passeata foi em frente \u00e0s ru\u00ednas romanas e terminou no Circo Massimo com aproximadamente um milh\u00e3o de pessoas. Tinham cartazes de todos os tipos &#8211; liberaliza\u00e7\u00e3o de drogas, pr\u00f3-palestinos, anti-globaliza\u00e7\u00e3o, comunistas e principalmente pedidos de retirada das tropas italianas da guerra contra o Iraque. Esta foi a maior manifesta\u00e7\u00e3o de paz da Europa e foi realmente impressionante. Mais impressionante que a quantidade de pessoas reunidas \u00e9 o fato de, apesar dos apelos, o intransigente Berlusconi seguir na guerra. Bom&#8230; impressionante se pensarmos em democracia mas logicamente isso n\u00e3o \u00e9 o ponto forte do governo dele e, assim como Blair, ele tem pouca preocupa\u00e7\u00e3o com a opini\u00e3o p\u00fablica. Vale lembrar que ele \u00e9 o dono de quase toda imprensa do pa\u00eds e, com uma propaganda bem feita, at\u00e9 o Bush consegue virar her\u00f3i.<br \/>\n<img decoding=\"async\" align=\"left\"  src=\"http:\/\/caminhos.arguscaruso.com.br\/wp-content\/uploads\/site_images\/relatorios\/etapa_5\/rel_03\/V-03-Pace - Coliseu.jpg\" class=\"images-rel\" alt=\"Coliseu com a bandeira de paz\" \/><\/p>\n<p><img decoding=\"async\" align=\"left\"  src=\"http:\/\/caminhos.arguscaruso.com.br\/wp-content\/uploads\/site_images\/relatorios\/etapa_5\/rel_03\/V-03-debaixo da bandeira.jpg\" class=\"images-rel\" alt=\"Debaixo da bandeira\" \/><\/p>\n<p>No dia seguinte, um domingo, por coincid\u00eancia passei no Vaticano e vi o Papa. Durante meus tempos de escola cat\u00f3lica, imaginei que, se um dia visse o Papa, eu iria chorar de emo\u00e7\u00e3o. Mas, depois de viajar e ver tanta hist\u00f3ria triste que a institui\u00e7\u00e3o cat\u00f3lica j\u00e1 escreveu, n\u00e3o consegui idolatrar a cena. Os minutos que passei vendo a missa foram para mim uma tempestade de imagens e hist\u00f3rias da ambiguidade desse imenso poder &#8211; a grande necessidade de igualdade social contraposta \u00e0quela ostenta\u00e7\u00e3o de riqueza do Vaticano. Resolvi nem sequer tirar foto. Segui caminho e deixei a imagem apenas como mais uma cena tur\u00edstica da cidade &#8211; &#8220;fui a Roma e vi o Papa&#8221;.<br \/>\n<strong><br \/>\nDE ROMA A PARIS<\/strong><br \/>\nNa Fran\u00e7a encontrei toda a minha fam\u00edlia. Meus pais vieram de avi\u00e3o do Brasil e minhas duas irm\u00e3s vivem em Paris. A data do encontro estava marcada e para poder chegar a tempo eu tive de pegar alguns trens no caminho entre Roma e Paris. Tentei pedalar mais na It\u00e1lia e fazer a maior parte de trem na Fran\u00e7a, onde terei oportunidade de pedalar depois. De Roma fui para Floren\u00e7a de trem, pedalei para Verona, ao norte da It\u00e1lia, e de Verona para Paris fui novamente de trem.<\/p>\n<p><strong>Floren\u00e7a a Verona<\/strong><br \/>\nRevisitei Floren\u00e7a para poder rever sua linda arquitetura renascentista. Dali segui pedalando para Bolonha e depois Verona. Na It\u00e1lia possuem um ditado que diz que em Bolonha est\u00e3o os doutores, em Veneza os senhores e em Verona os loucos. Fui l\u00e1 para ver se \u00e9 verdade.<\/p>\n<p><img decoding=\"async\" align=\"right\"  src=\"http:\/\/caminhos.arguscaruso.com.br\/wp-content\/uploads\/site_images\/relatorios\/etapa_5\/rel_03\/V-03-Florenca.jpg\" class=\"images-rel\" alt=\"Floren\u00e7a\" \/><\/p>\n<p>A pedalada de Floren\u00e7a a Verona foi tranquila. No in\u00edcio subi novamente as montanhas dos Apeninos e tive vistas lindas. Depois desci para Bolonha, uma cidade universit\u00e1ria com uma urbaniza\u00e7\u00e3o exemplar. A parte antiga da cidade conseguiu manter um gabarito homog\u00eanio de pequenos edif\u00edcios que junto \u00e0s primorosas fachadas criam belas perspectivas. Os edificios avan\u00e7am nas cal\u00e7adas porticadas e em quase todo o trajeto os pedestres ficam protegidos da chuva e neve.<\/p>\n<p><img decoding=\"async\" align=\"center\"  src=\"http:\/\/caminhos.arguscaruso.com.br\/wp-content\/uploads\/site_images\/relatorios\/etapa_5\/rel_03\/V-03-Bologna.jpg\" class=\"images-rel\" alt=\"Bolonha\" \/><\/p>\n<p>Depois pedalei pela grande plan\u00edcie entre Bolonha e Verona, onde est\u00e3o concentradas as ind\u00fastrias do pa\u00eds. Essa \u00e9 a regi\u00e3o mais desenvolvida e talvez uma das mais caras do mundo.<\/p>\n<p><img decoding=\"async\" align=\"left\"  src=\"http:\/\/caminhos.arguscaruso.com.br\/wp-content\/uploads\/site_images\/relatorios\/etapa_5\/rel_03\/V-03-Verona cidade.jpg\" class=\"images-rel\" alt=\"Verona\" \/><\/p>\n<p><img decoding=\"async\" align=\"left\"  src=\"http:\/\/caminhos.arguscaruso.com.br\/wp-content\/uploads\/site_images\/relatorios\/etapa_5\/rel_03\/V-03-Verona desenho.jpg\" class=\"images-rel\" alt=\"Desenho de Verona feito por crianca\" \/><\/p>\n<p>Verona \u00e9 a terra de Romeo e Julieta de Shakespeare. Ali aproveitei o convite de amigos que conheci no Egito e passei uma semana . Eles vivem numa linda torre do S\u00e9c. XV no alto do morro com vista para toda a cidade. Fiz v\u00e1rias palestras e passei muito tempo entre italianos que n\u00e3o sabiam falar ingl\u00eas. Na necessidade acabei conseguindo &#8220;parlar&#8221; uma mistura de espanhol, ingl\u00eas, portugu\u00eas, italiano e esperanto que foi suficiente para agente se comunicar. Se \u00e9 que existe algu\u00e9m normal nesse mundo, o tal ditado da loucura estava certo, ali encontrei muita gente louca&#8230; louca e feliz, e passei bons momentos com os companheiros.<\/p>\n<p><img decoding=\"async\" align=\"left\"  src=\"http:\/\/caminhos.arguscaruso.com.br\/wp-content\/uploads\/site_images\/relatorios\/etapa_5\/V-03-Verona.jpg\" class=\"images-rel\" alt=\"Na neve em Verona\" \/><\/p>\n<p><strong>FRAN\u00c7A, FAM\u00cdLIA, FOTOS E CINEMA<\/strong><br \/>\nDepois de uma bela festa de despedida em Verona, peguei o trem e fui para Paris.<br \/>\nAqui na Fran\u00e7a dividi meu tempo entre curtir o encontro com a fam\u00edlia e trabalhar junto com o Centro Nacional de Havre. Estou produzindo uma exposi\u00e7\u00e3o de fotografia e alguns v\u00eddeos com crian\u00e7as que serao apresentados no Encontro Internacional de Cinema e Inf\u00e2ncia.<br \/>\n<img decoding=\"async\" align=\"left\"  src=\"http:\/\/caminhos.arguscaruso.com.br\/wp-content\/uploads\/site_images\/relatorios\/etapa_5\/rel_03\/V-03-familia.jpg\" class=\"images-rel\" alt=\"Familia\" \/><\/p>\n<p>Havre \u00e9 um imenso porto na regi\u00e3o da Normandia ao norte da Fran\u00e7a. O centro de Havre foi projetado pelo arquiteto brasileiro Oscar Niemeyer, uma constru\u00e7\u00e3o linda que se tornou refer\u00eancia em toda a cidade. Sua forma lembra um vulc\u00e3o e as curvas contrastam com a arquitetura reta utilizada para reconstruir os pr\u00e9dios depois da guerra mundial.<\/p>\n<p>&#8220;Coloco a Pra\u00e7a do Havre entre as dez melhores obras da arquitetura contempor\u00e2nea&#8221;<br \/>\nHistoriador Bruno Zevi<br \/>\n<img decoding=\"async\" align=\"left\"  src=\"http:\/\/caminhos.arguscaruso.com.br\/wp-content\/uploads\/site_images\/relatorios\/etapa_5\/rel_03\/V-03-Havre le volcan.jpg\" class=\"images-rel\" alt=\"Centro Nacional de Havre - Le Volcan\" \/><br \/>\nAgora estou pedalando de Paris para a Inglaterra e n\u00e3o irei me distanciar muito para estar novamente em Havre no fim de maio. Seguirei trabalhando para terminar os filmes, montar a exposi\u00e7\u00e3o e participar do encontro em junho.<\/p>\n<p>Sobre a Fran\u00e7a falarei numa pr\u00f3xima oportunidade&#8230;<\/p>\n<p>Au revoir, <strong>Argus<\/strong><\/p>\n<p><strong>PARA SABER MAIS<\/strong><br \/>\n<strong>JORNAIS<\/strong><br \/>\n&#8221; Corriere della Sera &#8211; major daily<br \/>\n&#8221; La Repubblica &#8211; daily, owned by L&#8217;Espresso group<br \/>\n&#8221; Il Messaggero &#8211; Rome-based daily<br \/>\n&#8221; La Stampa &#8211; daily, owned by Fiat group<br \/>\n&#8221; Il Sole 24 Ore &#8211; financial daily<\/p>\n<p>PARQUE NACIONAL EM VERONA<br \/>\nwww.lessiniapark.it<\/p>\n<p>Centro Nacional de Havre &#8211; Le Volcan<br \/>\nwww.levolcan.com<\/p>\n<p>Encontro Internacional de Cinema e Crian\u00e7a<br \/>\nwww.levolcanimages.com<\/p>\n","protected":false},"excerpt":{"rendered":"<p>Bonjour amigos! Depois da temporada na Gr\u00e9cia fui pedalar pela It\u00e1lia e agora estou na Fran\u00e7a. Na It\u00e1lia atravessei duas vezes os Apeninos, acampei muito, visitei bons amigos e, com muita economia, consegui atravessar um dos pa\u00edses mais caros do mundo. Por coincid\u00eancia eu participei da maior manifesta\u00e7\u00e3o de paz da Europa que ocorreu em [&hellip;]<\/p>\n","protected":false},"author":1,"featured_media":0,"parent":354,"menu_order":20,"comment_status":"closed","ping_status":"closed","template":"","meta":{"footnotes":""},"class_list":["post-566","page","type-page","status-publish","hentry"],"_links":{"self":[{"href":"https:\/\/caminhos.arguscaruso.com.br\/index.php?rest_route=\/wp\/v2\/pages\/566","targetHints":{"allow":["GET"]}}],"collection":[{"href":"https:\/\/caminhos.arguscaruso.com.br\/index.php?rest_route=\/wp\/v2\/pages"}],"about":[{"href":"https:\/\/caminhos.arguscaruso.com.br\/index.php?rest_route=\/wp\/v2\/types\/page"}],"author":[{"embeddable":true,"href":"https:\/\/caminhos.arguscaruso.com.br\/index.php?rest_route=\/wp\/v2\/users\/1"}],"replies":[{"embeddable":true,"href":"https:\/\/caminhos.arguscaruso.com.br\/index.php?rest_route=%2Fwp%2Fv2%2Fcomments&post=566"}],"version-history":[{"count":2,"href":"https:\/\/caminhos.arguscaruso.com.br\/index.php?rest_route=\/wp\/v2\/pages\/566\/revisions"}],"predecessor-version":[{"id":1817,"href":"https:\/\/caminhos.arguscaruso.com.br\/index.php?rest_route=\/wp\/v2\/pages\/566\/revisions\/1817"}],"up":[{"embeddable":true,"href":"https:\/\/caminhos.arguscaruso.com.br\/index.php?rest_route=\/wp\/v2\/pages\/354"}],"wp:attachment":[{"href":"https:\/\/caminhos.arguscaruso.com.br\/index.php?rest_route=%2Fwp%2Fv2%2Fmedia&parent=566"}],"curies":[{"name":"wp","href":"https:\/\/api.w.org\/{rel}","templated":true}]}}