{"id":568,"date":"2009-10-21T18:02:39","date_gmt":"2009-10-21T21:02:39","guid":{"rendered":"http:\/\/caminhos.arguscaruso.com.br\/?page_id=568"},"modified":"2024-03-16T14:20:31","modified_gmt":"2024-03-16T14:20:31","slug":"etapa-5-relatorio-4","status":"publish","type":"page","link":"https:\/\/caminhos.arguscaruso.com.br\/?page_id=568","title":{"rendered":"Etapa 5 \u2013 Relat\u00f3rio 4"},"content":{"rendered":"<h3 class=\"tit-rel\">Bonjour amigos! Durante a longa parada no norte da Fran\u00e7a, pedalei pouco mas n\u00e3o fiquei parado. A participa\u00e7\u00e3o no Encontro de Cinema e Inf\u00e2ncia de Le Havre foi \u00f3timo e me rendeu mais energia para seguir a longa viagem.<\/h3>\n<p>Como voc\u00eas podem ver, o site voltou ao design anterior. Junto \u00e0 dedicada equipe da UFSC, testamos novas tecnologias mas, infelizmente, muitas escolas n\u00e3o possuem boas conex\u00f5es de internet e tiveram problemas para acessar o portal que experimentamos. Agora os dados de toda a viagem voltaram a ficar dispon\u00edveis e cada relat\u00f3rio voltou a ser um \u00fanico texto com v\u00e1rias fotos.<\/p>\n<p><img decoding=\"async\" align=\"center\" src=\"http:\/\/caminhos.arguscaruso.com.br\/wp-content\/uploads\/site_images\/relatorios\/etapa_5\/rel_04\/V-04-01%20Rota%20jun%202004.jpg\" class=\"images-rel\" alt=\"mapa\" \/><br \/>\n<strong>A FRAN\u00c7A<\/strong><\/p>\n<p>Fran\u00e7a \u00e9 um pa\u00eds lindo e, n\u00e3o por acaso, o mais visitado do mundo. Todo o ano cerca de 70 milh\u00f5es de turistas visitam a terra dos queijos e vinhos e vivem um pouco do seu explendor cultural.<\/p>\n<p>Paris \u00e9 uma das mais importantes capitais culturais do mundo. Seus museus, cinemas e teatros est\u00e3o sempre abarrotados de pessoas. O ciclo funciona &#8211; existem muitos querendo ter e muitos querendo fazer arte. Bom para os artistas, para os usu\u00e1rios, para a cidade e para a vida.<\/p>\n<p>Os urbanistas de Paris tiveram a id\u00e9ia de n\u00e3o misturar a sua bela arquitetura cl\u00e1ssica do centro da cidade com os edif\u00edcios contempor\u00e2neos. Para estes foi reservada uma \u00e1rea de business no eixo da Champs-Elysees onde fizeram a escultural Arche de la D\u00e9fense e a maioria das constru\u00e7\u00f5es high tech necess\u00e1rias, mantendo a caracter\u00edstica das \u00e1reas nova e antiga.<\/p>\n<p><img decoding=\"async\" align=\"left\" src=\"http:\/\/caminhos.arguscaruso.com.br\/wp-content\/uploads\/site_images\/relatorios\/etapa_5\/rel_04\/V-04-02%20Paris.jpg\" class=\"images-rel\" alt=\"Paris\" \/><\/p>\n<p>Visitei algumas escolas e me impressionei com com a qualidade e respeito que possuem pela educa\u00e7\u00e3o. Cem por cento dos seus 60 milh\u00f5es de habitantes (2002) possue educa\u00e7\u00e3o prim\u00e1ria!<br \/>\n<img decoding=\"async\" align=\"left\" src=\"http:\/\/caminhos.arguscaruso.com.br\/wp-content\/uploads\/site_images\/relatorios\/etapa_5\/rel_04\/V-04-03%20Escolas%20no%20Le%20Havre.jpg\" class=\"images-rel\" alt=\"Algumas escolas visitadas na Fran\u00e7a\" \/><br \/>\nTudo \u00e9 muito lindo mas \u00e9 dif\u00edcil esquecer que, por tr\u00e1s de tanta riqueza, existem tamb\u00e9m as tristes hist\u00f3rias de coloniza\u00e7\u00f5es e guerras. Muitas belezas daqui est\u00e3o, por exemplo, refletidas nos problemas que vi nas ex-colonias francesas do sudeste asi\u00e1tico.<\/p>\n<p>O clima \u00e9 temperado oce\u00e2nico e o tempo \u00e9 totalmente imprevis\u00edvel. Depois de um dia de sol, estendi a barraca sem a prote\u00e7\u00e3o de chuva para poder ficar vendo a lua cheia at\u00e9 dormir. No meio da noite acordei com uma tempestade com raios e trov\u00f5es. Aqui \u00e9 assim &#8211; o tempo muda todo tempo.<\/p>\n<p>Fran\u00e7a \u00e9 o pa\u00eds que recebeu a maior quantidade de estrangeiros nos \u00faltimos 150 anos na Europa. Muitos v\u00eam das ex-col\u00f4nias africanas para Paris. Isso gerou uma miscigena\u00e7\u00e3o incrivelmente rica que se transformou numa caracter\u00edstica marcante da popula\u00e7\u00e3o parisiense. Nas esta\u00e7\u00f5es de metr\u00f4 s\u00e3o poss\u00edveis escutar idiomas do mundo inteiro.<br \/>\n<img decoding=\"async\" align=\"left\" src=\"http:\/\/caminhos.arguscaruso.com.br\/wp-content\/uploads\/site_images\/relatorios\/etapa_5\/rel_04\/V-04-04%20Museu%20do%20Louvre.JPG\" class=\"images-rel\" alt=\"Museu do Louvre\" \/><\/p>\n<p>Apesar da riqueza multicultural que os estrangeiros proporcionam, uma parte dos franceses acredita que muito da viol\u00eancia e dos problemas sociais \u00e9 resultado direto dessa imigra\u00e7\u00e3o. Nas \u00faltimas elei\u00e7\u00f5es, em 2002, o candidato de extrema direita, Le Pen, deu um susto no mundo quase sendo eleito presidente com sua pol\u00edtica de antiimigra\u00e7\u00e3o racista. As elei\u00e7\u00f5es foram para o segundo turno e, gra\u00e7as \u00e0 mobiliza\u00e7\u00e3o dos jovens franceses, Jaques Chirac ganhou as elei\u00e7\u00f5es e seguiu no poder.<\/p>\n<p><img decoding=\"async\" align=\"left\" src=\"http:\/\/caminhos.arguscaruso.com.br\/wp-content\/uploads\/site_images\/relatorios\/etapa_5\/rel_04\/V-04-05%20torre%20eifel.jpg\" class=\"images-rel\" alt=\"\" \/><br \/>\nA consci\u00eancia ambiental \u00e9 relativamente boa mas ainda existem muitos problemas. Utilizam muitas embalagens pl\u00e1sticas desnecess\u00e1rias e muita energia. Fran\u00e7a \u00e9 o segundo maior consumidor de energia per capita do mundo, perdendo apenas para os americanos.<\/p>\n<p><img decoding=\"async\" align=\"right\" src=\"http:\/\/caminhos.arguscaruso.com.br\/wp-content\/uploads\/site_images\/relatorios\/etapa_5\/rel_04\/V-04-06%20grafico%20de%20consumo%20de%20energia.JPG\" class=\"images-rel\" alt=\"Gr\u00e1fico de consumo de eletricidade per capita em 1996 (Fonte PNUD 1999)\n\" \/><\/p>\n<p>&#8220;A depend\u00eancia em energia nuclear \u00e9 um s\u00e9rio problema. Reatores nucleares operando no pa\u00eds geram tr\u00eas quartos do consumo nacional de eletricidade, fazendo da Fran\u00e7a o segundo maior produtor de energia nuclear, depois dos EUA.&#8221;<br \/>\nNew Internationalist<\/p>\n<p>Para muitos cientistas franceses, a solu\u00e7\u00e3o mais vi\u00e1vel para diminuir o aquecimento global \u00e9 utilizar transportes p\u00fablicos e bicicletas para locomo\u00e7\u00e3o. Por aqui j\u00e1 existem atitudes para isso &#8211; carros particulares s\u00e3o mal vindos e pagam caro pelo luxo de rodarem nas ruas do centro e, cada dia mais, as pessoas preferem utilizar os bons metr\u00f4s, \u00f4nibus ou a respeitada bicicleta.<\/p>\n<p><strong>PARIS-LONDRES<\/strong><br \/>\nA pedalada de Paris para Londres foi \u00f3tima. Fiz a viagem junto com a amiga canadense Alexandra e tivemos sorte com dias de sol.<\/p>\n<p><img decoding=\"async\" align=\"right\" src=\"http:\/\/caminhos.arguscaruso.com.br\/wp-content\/uploads\/site_images\/relatorios\/etapa_5\/rel_04\/V-04-07%20Estrada%20na%20Normandia.jpg\" class=\"images-rel\" alt=\"Estrada para Normandia\" \/><\/p>\n<p>Infinitas guerras e quest\u00f5es diplom\u00e1ticas fazem da liga\u00e7\u00e3o entre Paris e Londres um curioso caminho. O rumo norte, seguindo o importante rio Sena, \u00e9 maravilhoso por sua arquitetura de pedras e fortifica\u00e7\u00f5es que protegem o acesso a Paris pela \u00e1gua. Ali tudo parece perfeito &#8211; as casas est\u00e3o sempre lindas, a grama cortada, a estrada sem buracos&#8230; e tudo enfeitado com as coloridas tulipas. Algumas praias possuem at\u00e9 pisos de madeira para voc\u00ea n\u00e3o machucar o p\u00e9 nas pedras. Que luxo! Nada de pobreza ou miser\u00e1veis pela rua.<br \/>\n<img decoding=\"async\" align=\"right\" src=\"http:\/\/caminhos.arguscaruso.com.br\/wp-content\/uploads\/site_images\/relatorios\/etapa_5\/rel_04\/V-04-08%20Litoral%20da%20Normandia.jpg\" class=\"images-rel\" alt=\"Litoral da Normandia\" \/><\/p>\n<p>O brio franc\u00eas, na sua eterna luta contra a soberania da l\u00edngua inglesa no mundo, faz com que nas \u00e1reas rurais ainda seja poss\u00edvel encontrar pessoas acreditando que aprender uma segunda l\u00edngua faz mal para o racioc\u00ednio! Por falta de interesse, lendas, pregui\u00e7a ou orgulho, muitos n\u00e3o falam absolutamente nada de ingl\u00eas.<\/p>\n<p><img decoding=\"async\" align=\"right\" src=\"http:\/\/caminhos.arguscaruso.com.br\/wp-content\/uploads\/site_images\/relatorios\/etapa_5\/rel_04\/V-04-09%20plantacao%20na%20Normandia.jpg\" class=\"images-rel\" alt=\"Planta\u00e7\u00e3o de colza\" \/><\/p>\n<p>Aqui tudo \u00e9 muito caro, principalmente a m\u00e3o de obra. Nas bem organizadas planta\u00e7\u00f5es quase tudo \u00e9 feito por m\u00e1quinas. Um camping aqui pode custar mais de dez euros uma noite! Para adaptar meu &#8220;sofisticado standard&#8221; de vida ao custo local, armei minha barraca pelo caminho, na beira dos rios, lagos ou praias.<\/p>\n<p><img decoding=\"async\" align=\"right\" src=\"http:\/\/caminhos.arguscaruso.com.br\/wp-content\/uploads\/site_images\/relatorios\/etapa_5\/rel_04\/V-04-10%20Igreja%20na%20Normandia.jpg\" class=\"images-rel\" alt=\"Igreja na Normandia\" \/><\/p>\n<p>As imensas igrejas g\u00f3ticas contrastam com as pequenas vilas. Nas suas fachadas, as esculturas das pessoas em p\u00e2nico no inferno deixam clara a press\u00e3o piscicol\u00f3gica da \u00e9poca. Hoje 76% da popula\u00e7\u00e3o \u00e9 cat\u00f3lica (2003) mas a press\u00e3o \u00e9 claramente menor e a nova gera\u00e7\u00e3o se interessa muito menos pela religi\u00e3o.<\/p>\n<p><img decoding=\"async\" align=\"left\" src=\"http:\/\/caminhos.arguscaruso.com.br\/wp-content\/uploads\/site_images\/relatorios\/etapa_5\/rel_04\/V-04-11%20Rouen.jpg\" class=\"images-rel\" alt=\"Rouen\" \/><\/p>\n<p>Atravessamos o Canal da Mancha entre Cabourg e Southhampton e, na r\u00e1pida visita pela Inglaterra, pedalamos um dia at\u00e9 Londres e depois fizemos v\u00e1rios passeios pelos caminhos de bicicleta beirando os canais da capital.<br \/>\n<img decoding=\"async\" align=\"left\" src=\"http:\/\/caminhos.arguscaruso.com.br\/wp-content\/uploads\/site_images\/relatorios\/etapa_5\/rel_04\/V-04-12%20Nos%20existimos.jpg\" class=\"images-rel\" alt=\"S\u00edmbolo de desenvolvimento\" \/><\/p>\n<p>Tanto em Londres quanto em Paris fiquei na casa de amigos e isso me ajudou a conhecer melhor as cidades. Tentar explicar essas cidades seria uma bobagem. Cada uma possue seus milhares de mundos.<\/p>\n<p><img decoding=\"async\" align=\"left\" src=\"http:\/\/caminhos.arguscaruso.com.br\/wp-content\/uploads\/site_images\/relatorios\/etapa_5\/rel_04\/V-04-13%20rapida%20visita%20na%20Inglaterra.jpg\" class=\"images-rel\" alt=\"R\u00e1pida visita na Inglaterra\" \/><\/p>\n<p>Estive em Londres durante a vazamento das not\u00edcias de torturas dos prisioneiros da Invas\u00e3o do Iraque. Ali, diferente dos EUA, a imprensa n\u00e3o abafou as not\u00edcias e as fotos sa\u00edram em todos os jornais. Assim como os italianos, os ingleses que encontrei tamb\u00e9m s\u00e3o contra as atitudes de seus governos e querem o fim da invas\u00e3o. \u00c9 incr\u00edvel &#8211; j\u00e1 passei pela It\u00e1lia e pela Inglaterra e ainda n\u00e3o encontrei ningu\u00e9m a favor da guerra&#8230; mas ela continua.<\/p>\n<p>De Londres voltei para a Fran\u00e7a e passei dois meses na &#8220;conex\u00e3o f\u00e9rrea Paris-Le Havre&#8221;.<\/p>\n<p>ENCONTRO INTERNACIONAL DE CINEMA E INF\u00c2NCIA<\/p>\n<p>Quando passei pelo Egito, conheci a diretora do Centro Le Volcan, Ginette Dislaire, que me convidou a participar de seu projeto Correspond\u00eacias Filmadas e do S\u00e9timo Encontro Internacional de Cinema e Inf\u00e2ncia de Le Havre. Sua id\u00e9ia \u00e9 comunicar crian\u00e7as de diversos pa\u00edses atrav\u00e9s de mensagens enviadas por v\u00eddeos. Abracei a id\u00e9ia e desde ent\u00e3o comecei a gravar mensagens de estudantes que visito no caminho.<\/p>\n<p><img decoding=\"async\" align=\"left\" src=\"http:\/\/caminhos.arguscaruso.com.br\/wp-content\/uploads\/site_images\/relatorios\/etapa_5\/rel_04\/V-04-14%20editando%20os%20filmes%20no%20Le%20Volcan.jpg\" class=\"images-rel\" alt=\"Editando os filmes\" \/><\/p>\n<p>No Encontro que ocorreu entre os dias 17 e 24 de junho, fiz uma exposi\u00e7\u00e3o de fotos e dos equipamentos da viagem &#8211; bicicleta, barraca, etc. e apresentei as correspond\u00eancias filmadas de crian\u00e7as da Gr\u00e9cia, It\u00e1lia, do projeto Miguilim em Cordisburgo, Brasil, e um pequeno v\u00eddeo sobre a minha viagem.<\/p>\n<p><img decoding=\"async\" align=\"right\" src=\"http:\/\/caminhos.arguscaruso.com.br\/wp-content\/uploads\/site_images\/relatorios\/etapa_5\/rel_04\/V-04-15%20Exposicao%20de%20fotos%20no%20Le%20Volcan.jpg\" class=\"images-rel\" alt=\"Exposi\u00e7\u00e3o de fotos\" \/><\/p>\n<p>No Centro Nacional Le Volcan tive todo o apoio para editar os filmes. Uma equipe profissional me ajudou muito e, al\u00e9m das pessoas, tive acesso a equipamentos e softwares de ponta para trabalhos de v\u00eddeo. Obrigado Le Volcan!<br \/>\n<img decoding=\"async\" align=\"center\" src=\"http:\/\/caminhos.arguscaruso.com.br\/wp-content\/uploads\/site_images\/relatorios\/etapa_5\/rel_04\/V-04-16%20catalogo.jpg\" class=\"images-rel\" alt=\"Cat\u00e1logo do Encontro\" \/><\/p>\n<p>Le Havre \u00e9 um importante porto no norte da Fran\u00e7a onde o rio Sena des\u00e1gua no mar do Norte. O cidade foi completamente destru\u00edda durante a primeira guerra mundial e, para reconstru\u00edrem rapidamente, convidaram o arquiteto Perret que, com seu cimento ortogonal, fez uma cidade contempor\u00e2nea funcional. Para contrastar com sua arquitetura, convidaram as curvas brasileiras de Niemeyer para, na principal pra\u00e7a da cidade, construir o Centro Cultural Le Volcan.<\/p>\n<p><img decoding=\"async\" align=\"left\" src=\"http:\/\/caminhos.arguscaruso.com.br\/wp-content\/uploads\/site_images\/relatorios\/etapa_5\/rel_04\/V-04-17%20Le%20Volcan.JPG\" class=\"images-rel\" alt=\"Le Volcan\" \/><\/p>\n<p>NA ESTRADA OUTRA VEZ&#8221;<br \/>\nVoltar a pedalar foi necess\u00e1rio tamb\u00e9m para refletir sobre todas essas belas coincid\u00eancias que ocorreram no meu caminho. Os bons amigos de Le Havre, de Paris, a fam\u00edlia e as crian\u00e7as do Encontro foram belos presentes que recebi me dando mais energia para seguir a viagem.<\/p>\n<p>Agora estou pedalando para o sul da Fran\u00e7a com a amiga Isabelle que, quando fez uma volta ao mundo de bicicleta, passou pelo Brasil e ficou hospedada na minha casa. Como o mundo \u00e9 pequeno!<\/p>\n<p>Partir de Paris foi como sair de casa novamente. Ali ficaram minhas duas irm\u00e3s e bons amigos. Para a despedida fizemos uma festa na beira do Sena.<\/p>\n<p><img decoding=\"async\" align=\"left\" src=\"http:\/\/caminhos.arguscaruso.com.br\/wp-content\/uploads\/site_images\/relatorios\/etapa_5\/rel_04\/V-04-18%20Festa%20de%20despedida%20na%20beira%20do%20Sena.JPG\" class=\"images-rel\" alt=\"Festa de despedida na margem do Sena\" \/><\/p>\n<p>Aqui estou passando pelo maci\u00e7o central da Fran\u00e7a e, quanto mais pedalo para o sul mais montanhas aparecem. Na estrada estou vendo muitas planta\u00e7\u00f5es de gr\u00e3os, a maior atividade agr\u00edcola do pa\u00eds. Os dias s\u00e3o longos e o sol se p\u00f5em apenas \u00e0s dez horas da noite.<\/p>\n<p>Caminho para o sul da Fran\u00e7a<\/p>\n<p>Muitas das pequenas vilas s\u00e3o feitas de pedras. Atravess\u00e1-las \u00e9 lindo mas \u00e9 dif\u00edcil encontrar pessoas nas vilas n\u00e3o tur\u00edsticas. Agora \u00e9 f\u00e9rias de ver\u00e3o mas n\u00e3o existem crian\u00e7as nas ruas. Nas poucas casas que entramos vimos as crian\u00e7as na frente da televis\u00e3o ou computador &#8211; terr\u00edvel!! Por favor, se voc\u00ea estiver lendo esse relat\u00f3rio tamb\u00e9m passando o dia na frente do computador durante suas f\u00e9rias, desconecte-se da vida virtual e saia para fazer algum esporte e conhecer pessoas. Utilizar a internet pode ser bom mas \u00e9 preciso modera\u00e7\u00e3o.<\/p>\n<p>Daqui seguirei para a Rom\u00eania pela margem do rio Dan\u00fabio. Estou explicitamente fora da rota para o Brasil e feliz em extender a viagem. Al\u00e9m dessa &#8220;pequena curva&#8221; pretendo tamb\u00e9m visitar melhor o continente irm\u00e3o, a \u00c1frica, pedalando de Uganda at\u00e9 a \u00c1frica do Sul.<\/p>\n<p>At\u00e9 a pr\u00f3xima,<br \/>\n<strong>Argus<\/strong><\/p>\n<p><strong>Para saber mais<\/strong><br \/>\nCentro Nacional de Havre &#8211; Le Volcan<br \/>\nwww.levolcan.com<br \/>\nEncontro Internacional de Cinema e Crian\u00e7a<br \/>\nwww.levolcanimages.com<br \/>\nSite dos amigos Isabelle e Xavier<br \/>\nVolta ao mundo de bicicleta<br \/>\nwww.paris-pekin.org<\/p>\n<p><strong>Outros<\/strong><br \/>\nwww.paris.org<br \/>\nwww.quaibranly.fr<br \/>\nwww.cite-sciences.fr<br \/>\nwww.fhsu.edu<br \/>\nwww.curtindoparis.com<br \/>\nwww.nidearte.net<br \/>\nwww.freestudentessays.com<\/p>\n","protected":false},"excerpt":{"rendered":"<p>Bonjour amigos! Durante a longa parada no norte da Fran\u00e7a, pedalei pouco mas n\u00e3o fiquei parado. A participa\u00e7\u00e3o no Encontro de Cinema e Inf\u00e2ncia de Le Havre foi \u00f3timo e me rendeu mais energia para seguir a longa viagem. Como voc\u00eas podem ver, o site voltou ao design anterior. Junto \u00e0 dedicada equipe da UFSC, [&hellip;]<\/p>\n","protected":false},"author":1,"featured_media":0,"parent":354,"menu_order":40,"comment_status":"closed","ping_status":"closed","template":"","meta":{"footnotes":""},"class_list":["post-568","page","type-page","status-publish","hentry"],"_links":{"self":[{"href":"https:\/\/caminhos.arguscaruso.com.br\/index.php?rest_route=\/wp\/v2\/pages\/568","targetHints":{"allow":["GET"]}}],"collection":[{"href":"https:\/\/caminhos.arguscaruso.com.br\/index.php?rest_route=\/wp\/v2\/pages"}],"about":[{"href":"https:\/\/caminhos.arguscaruso.com.br\/index.php?rest_route=\/wp\/v2\/types\/page"}],"author":[{"embeddable":true,"href":"https:\/\/caminhos.arguscaruso.com.br\/index.php?rest_route=\/wp\/v2\/users\/1"}],"replies":[{"embeddable":true,"href":"https:\/\/caminhos.arguscaruso.com.br\/index.php?rest_route=%2Fwp%2Fv2%2Fcomments&post=568"}],"version-history":[{"count":2,"href":"https:\/\/caminhos.arguscaruso.com.br\/index.php?rest_route=\/wp\/v2\/pages\/568\/revisions"}],"predecessor-version":[{"id":1818,"href":"https:\/\/caminhos.arguscaruso.com.br\/index.php?rest_route=\/wp\/v2\/pages\/568\/revisions\/1818"}],"up":[{"embeddable":true,"href":"https:\/\/caminhos.arguscaruso.com.br\/index.php?rest_route=\/wp\/v2\/pages\/354"}],"wp:attachment":[{"href":"https:\/\/caminhos.arguscaruso.com.br\/index.php?rest_route=%2Fwp%2Fv2%2Fmedia&parent=568"}],"curies":[{"name":"wp","href":"https:\/\/api.w.org\/{rel}","templated":true}]}}