{"id":570,"date":"2009-10-21T18:03:16","date_gmt":"2009-10-21T21:03:16","guid":{"rendered":"http:\/\/caminhos.arguscaruso.com.br\/?page_id=570"},"modified":"2024-03-16T14:20:31","modified_gmt":"2024-03-16T14:20:31","slug":"etapa-5-relatorio-5","status":"publish","type":"page","link":"https:\/\/caminhos.arguscaruso.com.br\/?page_id=570","title":{"rendered":"Etapa 5 \u2013 Relat\u00f3rio 5"},"content":{"rendered":"<h4>\u00daltimas Pedaladas na Europa Ocidental<\/h4>\n<h3 class=\"tit-rel\">Ciao amigos!! Na Fran\u00e7a segui pedalando para o sul passando por lindas vilas de pedras at\u00e9 a costa do mar Mediterr\u00e2neo e depois acompanhei o litoral rumo leste e atravessei a It\u00e1lia subindo pela terceira vez os Apeninos. Passei bons tempos na famosa Europa Ocidental mas j\u00e1 estava com saudade de, novamente, &#8220;descobrir&#8221; mundos desconhecidos e agora estou na Eslov\u00eania seguindo para Rom\u00eania.<\/h3>\n<p><img decoding=\"async\" align=\"center\" class=\"images-rel\" src=\"http:\/\/caminhos.arguscaruso.com.br\/wp-content\/uploads\/site_images\/relatorios\/etapa_5\/rel_05\/V-05%20Rota%20Europa.jpg\" alt=\"mapa percurso europa\" \/><\/p>\n<p>As \u00faltimas semanas foram de muitas pedaladas&#8230; talvez o per\u00edodo mais pedalado da viagem.<\/p>\n<p>Ainda na Fran\u00e7a, passei pelas montanhas do Maci\u00e7o Central e l\u00e1 parei por tr\u00eas dias para visitar um casal de amigos que vive em cabanas no meio da floresta. Assim como quase todas florestas da Fran\u00e7a, a que visitamos j\u00e1 foi ocupada pelo homem e posteriormente reflorestada.<br \/>\n<img decoding=\"async\" align=\"left\" class=\"images-rel\" src=\"http:\/\/caminhos.arguscaruso.com.br\/wp-content\/uploads\/site_images\/relatorios\/etapa_5\/rel_05\/V-05%20Vila%20no%20caminho%20para%20o%20sul.jpg\" alt=\"Foto: Lavo\u00fbte Chillac\" \/><\/p>\n<p><strong>COMUNIDADE NA FLORESTA<\/strong><br \/>\nJunto com os amigos existe uma comunidade que est\u00e1 optando por sair da cidade para viver na floresta. Uma forma de vida consciente e em harmonia com o meio ambiente.<\/p>\n<p>Uma bela ideologia que funciona bem para as pessoas que conseguem abdicar do conforto convencional. Uma op\u00e7\u00e3o que pode ser vista tamb\u00e9m como uma luta pac\u00edfica contra a sociedade imposta, que \u00e9 ambientalmente insustent\u00e1vel.<\/p>\n<p><img decoding=\"async\" align=\"right\" class=\"images-rel\" src=\"http:\/\/caminhos.arguscaruso.com.br\/wp-content\/uploads\/site_images\/relatorios\/etapa_5\/rel_05\/V-05%20Ajudando%20o%20amigo%20Mica%20a%20fazer%20a%20cabana%20na%20floresta.jpg\" alt=\"\" \/><br \/>\n<img decoding=\"async\" align=\"right\" class=\"images-rel\" src=\"http:\/\/caminhos.arguscaruso.com.br\/wp-content\/uploads\/site_images\/relatorios\/etapa_5\/rel_05\/V-05%20Porta%20de%20madeira.jpg\" alt=\"\" \/><\/p>\n<p>No dia em que chegamos estavam fazendo uma noite de curta metragem a c\u00e9u aberto no meio da floresta. No estacionamento estavam v\u00e1rias vans e carros bem rodados e na frente da tela infl\u00e1vel estavam v\u00e1rios colch\u00f5es estendidos e barracas &#8211; uma pequena amostra do que deve ter sido o woodstock.<\/p>\n<p>No \u00faltimo dia projetamos algumas fotos de arquitetura vernacular que encontrei no meu caminho &#8211; casas de bambu na \u00c1sia, cabanas sobre \u00e1rvores e cavernas na Turquia, constru\u00e7\u00f5es ind\u00edgenas do Brasil, casas de barro dos Andes, etc. E, mais uma vez, aprendi muito mais do que pude ensinar.<\/p>\n<p><img decoding=\"async\" align=\"left\" class=\"images-rel\" src=\"http:\/\/caminhos.arguscaruso.com.br\/wp-content\/uploads\/site_images\/relatorios\/etapa_5\/rel_05\/V-05%20Noite%20de%20curta%20metragens%20na%20floresta%20em%20Florac.jpg\" alt=\"Foto: Noite de curta metragens a c\u00e9u aberto\" \/><\/p>\n<p>Da floresta segui pedalando e acampando por v\u00e1rias belas vilas com casas de pedras at\u00e9 chegar no litoral do mar Mediterr\u00e2neo.<\/p>\n<p><img decoding=\"async\" align=\"right\" class=\"images-rel\" src=\"http:\/\/caminhos.arguscaruso.com.br\/wp-content\/uploads\/site_images\/relatorios\/etapa_5\/rel_05\/V-05%20Na%20barraca.jpg\" alt=\"Foto:Vista da barraca\" \/><\/p>\n<p><img decoding=\"async\" align=\"right\" class=\"images-rel\" src=\"http:\/\/caminhos.arguscaruso.com.br\/wp-content\/uploads\/site_images\/relatorios\/etapa_5\/rel_05\/V-05%20Horizonte%20perto%20do%20Mediterraneo.jpg\" alt=\"\" \/><\/p>\n<p><strong>O MEDITERR\u00c2NEO<\/strong><br \/>\n<img decoding=\"async\" align=\"left\" class=\"images-rel\" src=\"http:\/\/caminhos.arguscaruso.com.br\/wp-content\/uploads\/site_images\/relatorios\/etapa_5\/rel_05\/V-05%20Costa%20do%20Mediterraneo%20perto%20de%20Nice.jpg\" alt=\"Nice\" \/><\/p>\n<p>Por amor ao meu joelho, contornei os Alpes ao inv\u00e9s de atravess\u00e1-lo. Por isso desci at\u00e9 o Mediterr\u00e2neo e fui pelo litoral entre Marseille, na Fran\u00e7a, at\u00e9 Genova, na It\u00e1lia. O ver\u00e3o finalmente chegou &#8211; tive dias com mais de 33 graus de temperatura &#8211; e, durante a alta esta\u00e7\u00e3o, cada cent\u00edmetro quadrado de praia europ\u00e9ia \u00e9 disputado entre os milhares de turistas.<\/p>\n<p><img decoding=\"async\" align=\"right\" class=\"images-rel\" src=\"http:\/\/caminhos.arguscaruso.com.br\/wp-content\/uploads\/site_images\/relatorios\/etapa_5\/rel_05\/V-05%20Alta%20estacao%20de%20verao.jpg\" alt=\"Foto: Praias na alta esta\u00e7\u00e3o do mar Mediterr\u00e2neo\" \/><\/p>\n<p>A agenda cultural da Fran\u00e7a seguiu me impressionando. Em v\u00e1rias pequenas cidades do litoral, todos os dias existem apresenta\u00e7\u00f5es de teatro, cinema, m\u00fasica, dan\u00e7a, etc. para todos os gostos.<\/p>\n<p>Quase chegando na It\u00e1lia comecei a ver ru\u00ednas do Imp\u00e9rio Romano e um povo mais receptivo. Tive at\u00e9 buzinas, sorrisos e hellos na estrada &#8211; coisa rara na Europa.<\/p>\n<p>No luxuoso e lotado litoral franc\u00eas tomei muitos banhos de praia e duchas gr\u00e1tis pelo caminho. Grande parte da viagem foi feita em ciclovias e cal\u00e7ad\u00f5es de frente para o mar.<\/p>\n<p>Passei por v\u00e1rias praias famosas como St Tropez, Nice e Cannes. Ali s\u00e3o os locais dos excessos, \u00e9 f\u00e1cil ver desfiles de Ferraris e todos gastando muuuuito dinheiro. Em toda essa rota fiz camping selvagem, mesmo quando a selva era a cidade, e n\u00e3o precisei pagar os 15 euros por noite nos campings que, no caso de St Tropez, podem chegar ao absurdo de 50 euros para simplesmente estender uma barraca.<\/p>\n<p><img decoding=\"async\" align=\"right\" class=\"images-rel\" src=\"http:\/\/caminhos.arguscaruso.com.br\/wp-content\/uploads\/site_images\/relatorios\/etapa_5\/rel_05\/V-05%20Tunel%20exclusivo%20para%20ciclistas.jpg\" alt=\"Foto: Respeito aos ciclistas - um t\u00fanel exclusivo para n\u00f3s!\" \/><\/p>\n<p>Ver tanta riqueza tamb\u00e9m traz sentimentos ruins, parecidos aos sentimentos de ver muita pobreza. Acho que todos extremos machucam de alguma forma.<\/p>\n<p>Apesar de tanta riqueza e organiza\u00e7\u00e3o, o excesso de interfer\u00eancia no meio ambiente acabou gerando uma cat\u00e1strofe natural que, por algum motivo, ainda \u00e9 muito pouco difudida. Trata-se de uma alga que foi colocada no Museu Oceanogr\u00e1fico de M\u00f4naco e hoje est\u00e1 se proliferando e destruindo todo o ambiente marinho do mar Mediterr\u00e2neo.<\/p>\n<p>&#8220;In 1980, a curator at the city zoo in Stuttgart, Germany, introduced a hybrid, cold-resistant variety of the alga Caulerpa taxifolia into the zoo&#8217;s aquarium, where it proved to be a productive source of food. Encouraged, the curator sent a sample to the Oceanographic Museum of Monaco, then headed by Jacques Cousteau. During a routine cleaning of aquarium tanks, a quantity of Caulerpa was dumped into the Mediterranean Sea. Now, nearly two decades later, the &#8220;beautiful stranger,&#8221; as Meinesz calls it, has spread throughout the Mediterranean basin, covering some 10,000 acres and displacing native algae as it spreads. The result may be a wholesale remaking of the Mediterranean environment, already long victimized. &#8221;<br \/>\nGregory McNamee<\/p>\n<p><strong>Hospitalidade na Europa Ocidental<\/strong><br \/>\nAs paradas nas casas de amigos pelo percurso foram maravilhosas. Comi, bebi e me diverti muito. Mas tive pouca hospitalidade espont\u00e2nea e n\u00e3o tive nenhum convite para dormir em casas de pessoas que eu n\u00e3o conhecesse anteriormente.<\/p>\n<p>Na Fran\u00e7a, ap\u00f3s a hora em que as padarias fecham, \u00e9 imposs\u00edvel comprar um p\u00e3o. Numa tarde calculamos mal o tempo e chegamos na vila depois que todas as lojas j\u00e1 estavam fechadas. Resolvemos pedir p\u00e3o em uma casa e ,na primeira tentativa, a senhora, al\u00e9m de negar, fechou a porta na nossa cara. Para evitar mais desgosto, resolvemos dormir sem comer p\u00e3o.<br \/>\n<img decoding=\"async\" align=\"right\" class=\"images-rel\" src=\"http:\/\/caminhos.arguscaruso.com.br\/wp-content\/uploads\/site_images\/relatorios\/etapa_5\/rel_05\/V-05%20Lanche%20acompanhado.jpg\" alt=\"lanche acompanhado\" \/><\/p>\n<p>Desde o dia que recebi o &#8220;n\u00e3o&#8221; do padre italiano para acampar nos fundos do Pal\u00e1cio Apost\u00f3lico, tentei me poupar de pedir favores para os europeus. Em toda a viagem fiz meus acampamentos e minhas comidas sem perturbar ningu\u00e9m, evitando assim contato com as pessoas e poss\u00edveis problemas. Uma pena, pois a parte mais linda da viagem \u00e9 exatamente o contato humano.<\/p>\n<p>Parece que na Europa as pessoas est\u00e3o passando por uma s\u00edndrome de medo. Ali, onde possuem todos os motivos para serem felizes, \u00e9 onde encotrei mais infelicidade. Talvez a senhora que me negou o p\u00e3o teve medo de que fossemos terroristas. Provavelmente ela ficou cega de ver tanta m\u00eddia sensacionalista e j\u00e1 n\u00e3o consegue enxergar a vida real e entender que vive em um dos lugares mais tranquilos do mundo.<\/p>\n<p><strong>IT\u00c1LIA<\/strong><br \/>\n<img decoding=\"async\" align=\"left\" class=\"images-rel\" src=\"http:\/\/caminhos.arguscaruso.com.br\/wp-content\/uploads\/site_images\/relatorios\/etapa_5\/rel_05\/V-05%20bem%20vinda%20italia%20outra%20vez.jpg\" alt=\"It\u00e1lia, bem vinda novamente\" \/><\/p>\n<p>A costa italiana que conheci decepciona e n\u00e3o condiz com o charme do resto do pa\u00eds. Ao inv\u00e9s de praias, vi apenas o fundo dos bares que privatizam todo o litoral. Mas apesar de n\u00e3o serem bonitas, todas praias estavam lotadas.<\/p>\n<p>Al\u00e9m do fim dos banhos de mar e duchas acabaram-se tamb\u00e9m as ciclovias. Tive de pedalar na estrada cheia de caminh\u00f5es e carros. Eram tantos carros estacionados na beira da estrada que as portas se abrindo acabaram virando um problema. Tr\u00eas delas me pegaram e uma delas furou meu alforge (mochila de bicicleta).<br \/>\n<img decoding=\"async\" align=\"right\" class=\"images-rel\" src=\"http:\/\/caminhos.arguscaruso.com.br\/wp-content\/uploads\/site_images\/relatorios\/etapa_5\/rel_05\/V-05%20Costa%20do%20Mediterraneo.jpg\" alt=\"Foto: Costa do Mediterr\u00e2neo\" \/><\/p>\n<p>V\u00e1rios turistas me pergutavam de onde eu era e retrucavam &#8211; Ohhh Brasil! Muita mulher! Essa \u00e9, de certa forma, a impress\u00e3o que possuem do meu pa\u00eds. Nos pa\u00edses mais porbres, o Brasil \u00e9 a terra do futebol, nos mais ricos, \u00e9 a terra da mulher barata, uma bunda rebolando no mapa, e para o mundo fashion, uma marca de roupa na moda.<\/p>\n<p>Segui a costa at\u00e9 Genova, terra do Crist\u00f3v\u00e3o Colombo e do incr\u00edvel arquiteto contempor\u00e2neo Calatrava.<br \/>\n<img decoding=\"async\" align=\"right\" class=\"images-rel\" src=\"http:\/\/caminhos.arguscaruso.com.br\/wp-content\/uploads\/site_images\/relatorios\/etapa_5\/rel_05\/V-05%20Genova.jpg\" alt=\"Foto: G\u00eanova\" \/><\/p>\n<p>N\u00e3o fiquei muito satisfeito com o caminho pela costa e resolvi atravessar novamente os Apeninos e seguir viagem pelo continente.<br \/>\n<img decoding=\"async\" align=\"right\" class=\"images-rel\" src=\"http:\/\/caminhos.arguscaruso.com.br\/wp-content\/uploads\/site_images\/relatorios\/etapa_5\/rel_05\/V-05%20Cruzando%20os%20Apeninos%20pela%20terceira%20vez.jpg\" alt=\"Foto: Apeninos novamente\" \/><\/p>\n<p>Depois de suar para subir os Apeninos, desci por lindos vales e cheguei na j\u00e1 conhecida plan\u00edcie do norte italiano. Pedalei para Verona, onde a minha rota cruzou, e encontrei novamente os amigos veroneses.<br \/>\n<img decoding=\"async\" align=\"left\" class=\"images-rel\" src=\"http:\/\/caminhos.arguscaruso.com.br\/wp-content\/uploads\/site_images\/relatorios\/etapa_5\/rel_05\/V-05%20Camping%20paradisiaco%20nas%20montanhas%20da%20Italia.jpg\" alt=\"Foto: Camping nos vales.\" \/><\/p>\n<p><strong>BICICLETA<\/strong><br \/>\n<img decoding=\"async\" align=\"right\" class=\"images-rel\" src=\"http:\/\/caminhos.arguscaruso.com.br\/wp-content\/uploads\/site_images\/relatorios\/etapa_5\/rel_05\/V-05%20bicicleta.jpg\" alt=\"Bicicleta\" \/><br \/>\nA bicicleta vem aguentando firme e forte. Apesar do meu desleixo com sua manuten\u00e7\u00e3o, quase n\u00e3o tive problemas. Em Verona fiz, com a ajuda dos amigos Est\u00e9fano e Alberto, uma geral na magrela e arrumamos tudo. Comprei todas as pe\u00e7as que pareciam precisar e tudo custou menos do que um tanque de gasolina.<\/p>\n<p><strong>BOAS COMPANHIAS<\/strong><br \/>\nSegui para Veneza com as amigas veronesas Alessandra e Antonella e a viagem se transformou numa grande festa.<\/p>\n<p>Veneza \u00e9 supostamente a terra do &#8220;companheiro&#8221; Marco Polo e a onde vi a maior concentra\u00e7\u00e3o de turistas em toda a viagem. A cidade \u00e9 linda mas, com tantos canais, seguramente um barco seria muito mais \u00fatil que uma bicicleta. Al\u00e9m de subir e descer escadas o tempo todo, tamb\u00e9m enfrentamos v\u00e1rios congestionamentos de pedestres.<br \/>\n<img decoding=\"async\" align=\"center\" class=\"images-rel\" src=\"http:\/\/caminhos.arguscaruso.com.br\/wp-content\/uploads\/site_images\/relatorios\/etapa_5\/rel_05\/V-05%20Antonela%20Argus%20e%20Alessandra.jpg\" alt=\"de Verona a Veneza com as amigas Antonella e Alessandra\" \/><br \/>\n<img decoding=\"async\" align=\"center\" class=\"images-rel\" src=\"http:\/\/caminhos.arguscaruso.com.br\/wp-content\/uploads\/site_images\/relatorios\/etapa_5\/rel_05\/V-05%20Amanda%20Argus%20Antonela%20e%20Isabelle.jpg\" alt=\"de Veneza a Eslov\u00eania com a irm\u00e2 Amanda e as amigas Antonella e Isabelle\" \/><br \/>\nVeneza foi o ponto de encontro onde vieram minha irm\u00e3 Amanda e amiga Isabelle para pedalarmos um pouco juntos. Alessandra voltou para Verona n\u00f3s quatro atravessamos a fronteira com a Eslov\u00eania e estamos pedalando para a Cro\u00e1cia.<\/p>\n<p><strong>DE VOLTA AO VELHO E BOM RITMO DE NOT\u00cdCIAS<\/strong><br \/>\nFiquei algum tempo sem enviar not\u00edcias. \u00c0s vezes por falta de internet, \u00e0s vezes por falta de tempo, mas \u00e0s vezes por falta de not\u00edcias mesmo. Os meses no norte da Fran\u00e7a, fazendo e editando os filmes, foram muito bons para mim mas, se eu tentasse escrever sobre esse tempo na frente de um computador, os relat\u00f3rios ficariam t\u00e3o chatos que voc\u00eas nunca mais leriam.<\/p>\n<p>Acho que agora, de volta ao ritmo de viagem em pa\u00edses para mim desconhecidos, naturalmente as not\u00edcias voltar\u00e3o.<\/p>\n<p>A curiosidade de conhecer o leste europeu falou mais alto que o meu eterno rumo oeste, por isso &#8220;errei o caminho&#8221; de casa e estou indo para a Rom\u00eania. Mas o leste europeu ficar\u00e1 para o pr\u00f3ximo relat\u00f3rio.<\/p>\n<p>At\u00e9 a pr\u00f3xima,<br \/>\n<strong>Argus<\/strong><\/p>\n<p><strong>Para saber mais<\/strong><br \/>\nCinema na floresta<br \/>\nwww.lozere-online.com\\cineco\\<br \/>\nwww.lagenetteverte.com<\/p>\n<p>Genova Capital europeia da Cultura 2004<br \/>\nwww.genova-2004.it\/<\/p>\n<p>Alga no Mediterr\u00e2neo<br \/>\nwww.ideal.es\/waste\/alga.html<br \/>\nwww.scienzaegoverno.com\/ars03\/articoli\/lalga.htm<br \/>\nwww.biologia.unile.it<br \/>\nwww.bioparco.it<\/p>\n<p><strong>Outros<\/strong><br \/>\nwww.ancestry.com<br \/>\nwww.globalgeografia.com<br \/>\nwww.geotour.it<br \/>\nwww.guiadelmundo.com<br \/>\nNew Internationalist<br \/>\nwww.ni.org<\/p>\n","protected":false},"excerpt":{"rendered":"<p>\u00daltimas Pedaladas na Europa Ocidental Ciao amigos!! Na Fran\u00e7a segui pedalando para o sul passando por lindas vilas de pedras at\u00e9 a costa do mar Mediterr\u00e2neo e depois acompanhei o litoral rumo leste e atravessei a It\u00e1lia subindo pela terceira vez os Apeninos. Passei bons tempos na famosa Europa Ocidental mas j\u00e1 estava com saudade [&hellip;]<\/p>\n","protected":false},"author":1,"featured_media":0,"parent":354,"menu_order":40,"comment_status":"closed","ping_status":"closed","template":"","meta":{"footnotes":""},"class_list":["post-570","page","type-page","status-publish","hentry"],"_links":{"self":[{"href":"https:\/\/caminhos.arguscaruso.com.br\/index.php?rest_route=\/wp\/v2\/pages\/570","targetHints":{"allow":["GET"]}}],"collection":[{"href":"https:\/\/caminhos.arguscaruso.com.br\/index.php?rest_route=\/wp\/v2\/pages"}],"about":[{"href":"https:\/\/caminhos.arguscaruso.com.br\/index.php?rest_route=\/wp\/v2\/types\/page"}],"author":[{"embeddable":true,"href":"https:\/\/caminhos.arguscaruso.com.br\/index.php?rest_route=\/wp\/v2\/users\/1"}],"replies":[{"embeddable":true,"href":"https:\/\/caminhos.arguscaruso.com.br\/index.php?rest_route=%2Fwp%2Fv2%2Fcomments&post=570"}],"version-history":[{"count":2,"href":"https:\/\/caminhos.arguscaruso.com.br\/index.php?rest_route=\/wp\/v2\/pages\/570\/revisions"}],"predecessor-version":[{"id":1819,"href":"https:\/\/caminhos.arguscaruso.com.br\/index.php?rest_route=\/wp\/v2\/pages\/570\/revisions\/1819"}],"up":[{"embeddable":true,"href":"https:\/\/caminhos.arguscaruso.com.br\/index.php?rest_route=\/wp\/v2\/pages\/354"}],"wp:attachment":[{"href":"https:\/\/caminhos.arguscaruso.com.br\/index.php?rest_route=%2Fwp%2Fv2%2Fmedia&parent=570"}],"curies":[{"name":"wp","href":"https:\/\/api.w.org\/{rel}","templated":true}]}}