{"id":572,"date":"2009-10-21T18:04:38","date_gmt":"2009-10-21T21:04:38","guid":{"rendered":"http:\/\/caminhos.arguscaruso.com.br\/?page_id=572"},"modified":"2024-03-16T14:20:31","modified_gmt":"2024-03-16T14:20:31","slug":"etapa-5-relatorio-6","status":"publish","type":"page","link":"https:\/\/caminhos.arguscaruso.com.br\/?page_id=572","title":{"rendered":"Etapa 5 \u2013 Relat\u00f3rio 6"},"content":{"rendered":"<h4>Eslov\u00eania e Cro\u00e1cia<\/h4>\n<h3 class=\"tit-rel\">Dobar dan amigos!! Acabo de visitar a Eslov\u00eania e a Cro\u00e1cia. Suas \u00e1reas s\u00e3o pequenas e, mesmo de bicicleta, acabei passando r\u00e1pido demais e n\u00e3o fazendo juz \u00e0 beleza e hospitalidade de ambos.<\/h3>\n<p><img decoding=\"async\" align=\"right\" class=\"images-rel\" src=\"http:\/\/caminhos.arguscaruso.com.br\/wp-content\/uploads\/site_images\/relatorios\/etapa_5\/rel_06\/V-06%20bem%20vinda%20eslovenia.jpg\" alt=\"\" \/><\/p>\n<p>Esse trecho foi feito junto com minha irm\u00e3 Amanda e as amigas Isabelle e Antonella. Pedalamos, paramos, comemos e nos divertimos bastante. Isabelle j\u00e1 fez uma volta ao mundo de bicicleta, Antonella \u00e9 ciclista em Verona e minha irm\u00e3 h\u00e1 mais de dez anos n\u00e3o pedalava! Nos primeiros dias ela aprendeu a passar a marcha da bicicleta e durante toda a viagem surpreendeu pela persist\u00eancia. Todas precisaram voltar para trabalhar ou estudar. Antonella foi conosco at\u00e9 o in\u00edcio da Eslov\u00eania, Isabelle foi quase at\u00e9 a Cro\u00e1cia e Amanda foi at\u00e9 a fronteira com a B\u00f3snia. Juntos tivemos campings com chuva, montanhas e frio mas todos perrengues foram levados com muito bom humor e uni\u00e3o. Valeu amigas!<\/p>\n<p><img decoding=\"async\" align=\"left\" class=\"images-rel\" src=\"http:\/\/caminhos.arguscaruso.com.br\/wp-content\/uploads\/site_images\/relatorios\/etapa_5\/rel_06\/V-06%20frutas%20na%20estrada.jpg\" alt=\"Macieira na beira da estrada\" \/><\/p>\n<p>Nossa primeira impress\u00e3o da Eslov\u00eania n\u00e3o poderia ter sido melhor. Depois de uma longa jornada no plano italiano, come\u00e7amos a pedalar por um lindo vale entre imensas montanhas com mais de 2000 metros. Al\u00e9m da paisagem, nos impressionou tamb\u00e9m a hospitalidade de todos. Para usarmos internet sempre buscamos centros estudantis que nunca nos deixaram pagar nada, para dormir quase todos os dias tivemos convites e, quando fizemos campings tamb\u00e9m foi gr\u00e1tis. Nossas refei\u00e7\u00f5es eram o delicioso p\u00e3o esloveno com as frutas na beira da estrada. Que maravilha!<\/p>\n<p>No pa\u00eds das montanhas fizemos um percurso que evitou os pontos mais altos e cruzamos o Julian Alps por vales at\u00e9 chegar no rio Sava.<\/p>\n<p><img decoding=\"async\" align=\"left\" class=\"images-rel\" src=\"http:\/\/caminhos.arguscaruso.com.br\/wp-content\/uploads\/site_images\/relatorios\/etapa_5\/rel_06\/V-06%20boas%20vindas%20a%20eslovenia.jpg\" alt=\"\" \/><\/p>\n<p>Pouco antes de Liubliana encontramos uma fam\u00edlia que, al\u00e9m de nos hospedar, fazer um jantar e levar para conhecer toda a regi\u00e3o, tamb\u00e9m nos acompanhou de bicicleta at\u00e9 a capital.<\/p>\n<p><strong>Um pouco sobre a Eslov\u00eania&#8230;<\/strong><br \/>\nAgora estou passando pelos pa\u00edses que foram formados ap\u00f3s a dissolu\u00e7\u00e3o da Iugosl\u00e1via em 1991. Antes eles viviam em regime comunista que terminou junto com o fim da Guerra Fria.<\/p>\n<p>&#8220;Sob a lideran\u00e7a de Tito, foi estabelecido o regime comunista em 1945. A na\u00e7\u00e3o (Iugosl\u00e1via) foi organizada como uma federa\u00e7\u00e3o de seis rep\u00fablicas (S\u00e9rvia, Cro\u00e1cia, Eslov\u00eania, B\u00f3snia-Herzeg\u00f3vina, Montenegro e Maced\u00f4nia). Tito resistiu \u00e0 tentativa sovi\u00e9tica de transformar a na\u00e7\u00e3o num Estado-sat\u00e9lite. Em 1948 rompeu com a Uni\u00e3o Sovi\u00e9tica (URSS) e passou a receber ajuda econ\u00f4mica dos Estados Unidos (EUA). A reconcilia\u00e7\u00e3o com a URSS, em 1956, n\u00e3o alterou a linha independente do comunismo iugoslavo, que diferiu do modelo sovi\u00e9tico pela manuten\u00e7\u00e3o da propriedade privada no campo e pela autogest\u00e3o dos trabalhadores nas ind\u00fastrias.&#8221;<br \/>\nAlmanaque Abril 2003<\/p>\n<p><img decoding=\"async\" align=\"left\" class=\"images-rel\" src=\"http:\/\/caminhos.arguscaruso.com.br\/wp-content\/uploads\/site_images\/relatorios\/etapa_5\/rel_06\/V-06%20vale%20perto%20de%20liubliana.jpg\" alt=\"\" \/><br \/>\nDiferente da Cro\u00e1cia e B\u00f3snia-Herzeg\u00f3vina, a Eslov\u00eania obteve a independ\u00eancia em 1991 praticamente sem guerra. Devido \u00e0 homogeneidade cultural e religiosa (91% da popula\u00e7\u00e3o \u00e9 de eslovenos e 92% \u00e9 de crist\u00e3os &#8211; 1996) de seus habitantes e \u00e0 ajuda da Europa Ocidental, o confronto durou apenas nove dias.<\/p>\n<p><img decoding=\"async\" align=\"right\" class=\"images-rel\" src=\"http:\/\/caminhos.arguscaruso.com.br\/wp-content\/uploads\/site_images\/relatorios\/etapa_5\/rel_06\/V-06%20casal%20esloveno.jpg\" alt=\"casal Esloveno\" \/><\/p>\n<p>&#8220;The history, experience and time and space of Eastern countries of the 20th century cannot be forgotten, hidden, rejected or suppressed.<br \/>\nThe former East does not exist any more: new Eastern structure can only be made by reflecting on the past which has to be integrated in a mature way in the changed present and future\u2026&#8221;<\/p>\n<p>Moscow Declaration &#8211; 1992<br \/>\nO pa\u00eds fica no centro sul da Europa e possui apenas 2 milh\u00f5es de pessoas (2002). O clima \u00e9 temperado continental.<\/p>\n<p><img decoding=\"async\" align=\"left\" class=\"images-rel\" src=\"http:\/\/caminhos.arguscaruso.com.br\/wp-content\/uploads\/site_images\/relatorios\/etapa_5\/rel_06\/V-06%20pais%20industrializado.jpg\" alt=\"\" \/><br \/>\nSeu parque industrial proporciona a maior renda percapita e o mais alto \u00edndice de desenvolvimento humano das ex-na\u00e7\u00f5es comunistas europ\u00e9ias. Exportam maquin\u00e1rios, equipamentos de transporte e produtos qu\u00edmicos. O pa\u00eds \u00e9 rico em recursos naturais e seus principais minerais s\u00e3o o carv\u00e3o e o merc\u00fario.<\/p>\n<p>&#8220;Metal e produtos qu\u00edmicos usados nas planta\u00e7\u00f5es tem causado uma grave polui\u00e7\u00e3o no rio Sava e na costa, assim como a defloresta\u00e7\u00e3o, causada pela chuva \u00e1cida.&#8221;<br \/>\nThe New Internationalist <\/p>\n<p>Quase todos s\u00e3o cat\u00f3licos e \u00e9 muito f\u00e1cil ver a imagem de Jesus crucificado na frente das casas.<\/p>\n<p><img decoding=\"async\" align=\"right\" class=\"images-rel\" src=\"http:\/\/caminhos.arguscaruso.com.br\/wp-content\/uploads\/site_images\/relatorios\/etapa_5\/rel_06\/V-06%20Imagem%20de%20Jesus%20na%20frente%20das%20casas.jpg\" alt=\"\" \/><\/p>\n<p><img decoding=\"async\" align=\"center\" class=\"images-rel\" src=\"http:\/\/caminhos.arguscaruso.com.br\/wp-content\/uploads\/site_images\/relatorios\/etapa_5\/rel_06\/V-06%20igreja%20de%20madeira%20na%20croacia.jpg\" alt=\"\" \/><\/p>\n<p><strong>Liubliana<\/strong><br \/>\n<img decoding=\"async\" align=\"left\" class=\"images-rel\" src=\"http:\/\/caminhos.arguscaruso.com.br\/wp-content\/uploads\/site_images\/relatorios\/etapa_5\/rel_06\/V-06%20Centro%20da%20capital.jpg\" alt=\"Foto: Centro de Liubliana\" \/><\/p>\n<p>Liubliana \u00e9 a capital desde a independ\u00eancia e possui apenas 295 mil habitantes (1999). Quando chegamos foi dif\u00edcil acreditar que est\u00e1vamos na capital do pa\u00eds. A cidade \u00e9 t\u00e3o arborizada e tranquila que parecia uma pequena vila rural.<\/p>\n<p><img decoding=\"async\" align=\"left\" class=\"images-rel\" src=\"http:\/\/caminhos.arguscaruso.com.br\/wp-content\/uploads\/site_images\/relatorios\/etapa_5\/rel_06\/V-06%20bicicletas%20em%20Liubliana.jpg\" alt=\"Foto: Centro de Liubliana\" \/><\/p>\n<p>A cidade \u00e9 plana e possui pistas cicl\u00e1veis em todas as ruas. A bicicleta \u00e9 o principal meio de transporte da maioria das fam\u00edlias e dos 35 mil estudantes da Universidade de Liubliana.<\/p>\n<p>Da capital seguimos o f\u00e9rtil vale do rio Sava e passamos por v\u00e1rias vilas rurais famosas por seus vinhos. Nas \u00e1reas rurais toda a fam\u00edlia trabalha. Existem tratores mas muitos trabalham manualmente. O trabalho rural \u00e9 dividido entre homens e mulheres. (13% das mulheres e 12% dos homens trabalham com agricultura &#8211; 1994-97)<\/p>\n<p><img decoding=\"async\" align=\"right\" class=\"images-rel\" src=\"http:\/\/caminhos.arguscaruso.com.br\/wp-content\/uploads\/site_images\/relatorios\/etapa_5\/rel_06\/V-06%20Argus%20Isabelle%20e%20Amanda.jpg\" alt=\"Argus, Isabelle e Amanda\" \/><\/p>\n<p><strong>Eslov\u00eania na Comunidade Europ\u00e9ia<\/strong><br \/>\nA Eslov\u00eania possui uma boa estabilidade econ\u00f4mica e pol\u00edtica e foi o primeiro da ex-Iugosl\u00e1via a fazer parte da Uni\u00e3o Europ\u00e9ia (maio de 2004).<br \/>\n<img decoding=\"async\" align=\"left\" class=\"images-rel\" src=\"http:\/\/caminhos.arguscaruso.com.br\/wp-content\/uploads\/site_images\/relatorios\/etapa_5\/rel_06\/V-06%20casa%20de%20madeira%20para%20apoio%20na%20agricultura%20-%20Eslovenia.jpg\" alt=\"Constru\u00e7\u00f5es t\u00edpicas para apoio na agricultura\" \/><br \/>\nA transi\u00e7\u00e3o do sistema socialista para o capitalista parece ter sido tranquila. Mas logicamente vieram tamb\u00e9m os problemas do novo sistema. No pa\u00eds, por exemplo, praticamente n\u00e3o existem pequenos mercados. Quase todos os supermercados s\u00e3o de um mesmo dono que tem o monop\u00f3lio da \u00e1rea. Ainda n\u00e3o usam o euro mas a acens\u00e3o econ\u00f4mica fica clara com a massiva constru\u00e7\u00e3o de novas casas em todo o pa\u00eds.<\/p>\n<p>Infelizmente, \u00e9 dif\u00edcil imaginar que as transforma\u00e7\u00f5es ser\u00e3o positivas. Em geral, locais onde a beleza est\u00e1 na natureza e simplicidade, s\u00f3 tendem a piorar com o &#8220;desenvolvimento&#8221;.<\/p>\n<p>A idioma esloveno \u00e9 incrivelmente dif\u00edcil mas todos jovens falam muito bem o ingl\u00eas. 100% dos homens e mulheres \u00e9 alfabetizado.<\/p>\n<p><\/br><br \/>\n<strong>CRO\u00c1CIA<\/strong><br \/>\n<img decoding=\"async\" align=\"right\" class=\"images-rel\" src=\"http:\/\/caminhos.arguscaruso.com.br\/wp-content\/uploads\/site_images\/relatorios\/etapa_5\/rel_06\/V-06%20bem%20vinda%20croacia.jpg\" alt=\"\" \/><\/p>\n<p>Na fronteira com a Cro\u00e1cia eu estava um pouco preocupado porque havia vencido meu visto de tr\u00eas meses na Comunidade Europ\u00e9ia. Quando entregamos os passaportes os policiais nos olharam e entraram num quarto. Achei que viria problema mas, logo depois, voltaram com mapas e refrigerante gelado para n\u00f3s. Seja bem vinda a Cro\u00e1cia!<\/p>\n<p>Um pouco sobre a Cro\u00e1cia&#8230;<\/p>\n<p>O pa\u00eds possui 4,4 milh\u00f4es de habitantes (UN,2003) e 95,2% \u00e9 de crist\u00e3os. 78,5% s\u00e3o croatas e 12,5% s\u00e3o s\u00e9rvios. Existe pouca miscigena\u00e7\u00e3o e n\u00e3o vi nenhum negro. Quase todos s\u00e3o brancos e loiros.<\/p>\n<p>&#8220;A economia tradicional do pa\u00eds tem sido a agricultura e pecu\u00e1ria. Depois da II Guerra Mundial, a Ind\u00fastria leve se desenvolveu e a descoberta de ricos dep\u00f3sitos de petr\u00f3leo alavancaram a economia do pa\u00eds.&#8221;<br \/>\nNew Internationalist<\/p>\n<p><img decoding=\"async\" align=\"left\" class=\"images-rel\" src=\"http:\/\/caminhos.arguscaruso.com.br\/wp-content\/uploads\/site_images\/relatorios\/etapa_5\/rel_06\/V-06%20milho.jpg\" alt=\"Foto: Da It\u00e1lia at\u00e9 Cro\u00e1cia - nunca vi tanta planta\u00e7\u00e3o de milho!\" \/><\/p>\n<p>As maiores exporta\u00e7\u00f5es s\u00e3o de maquin\u00e1rios, equipamentos de transporte, tecidos e produtos qu\u00edmicos. O pa\u00eds \u00e9 mais caro do que eu imaginava e tem quase os mesmos pre\u00e7os que a Europa Ocidental. Em junho de 2004 o pa\u00eds se tornou um candidato oficial para entrar na Comunidade Europ\u00e9ia. A expectativa \u00e9 de ingressarem em 2007.<\/p>\n<p>Falam o croata, uma variante liter\u00e1ria do servo-croata. Na escola aprendem o alem\u00e3o e \u00e9 dif\u00edcil encontrar algu\u00e9m que saiba o ingl\u00eas.<\/p>\n<p>O pa\u00eds est\u00e1 claramente judiado com a guerra da independ\u00eancia e com a corrup\u00e7\u00e3o e nacionalismo autorit\u00e1rio do ex-presidente Franjo Tudjman. A independ\u00eancia foi a pior guerra europ\u00e9ia desde a II Guerra Mundial e agora tudo parece estar sendo reconstru\u00eddo. Muitas das tradicionais casas de madeira est\u00e3o abandonadas e caindo aos peda\u00e7os e praticamente todas as fam\u00edlias vivem em casas de tijolos ainda em constru\u00e7\u00e3o. V\u00e1rios edif\u00edcios do governo est\u00e3o restaurando as fachadas com buracos de balas. Mas, como j\u00e1 \u00e9 de praxe, s\u00e3o nesses locais cheios de problemas onde encontro a maior hospitalidade.<\/p>\n<p><img decoding=\"async\" align=\"left\" class=\"images-rel\" src=\"http:\/\/caminhos.arguscaruso.com.br\/wp-content\/uploads\/site_images\/relatorios\/etapa_5\/rel_06\/V-06%20casa%20fuzilada.jpg\" alt=\"Foto: Fachada metralhada\" \/><\/p>\n<p>Junto com minha irm\u00e3 Amanda pedalamos pelo vale do rio Sava e fomos direto para Zagreb. O pequeno centro hist\u00f3rico \u00e9 lindo mas, para chega l\u00e1, passamos pela verdadeira capital cheia de polui\u00e7\u00e3o e sujeira. O cidade maltrata o rio Sava que, desde este ponto, come\u00e7a a ter um cheiro horr\u00edvel.<\/p>\n<p><img decoding=\"async\" align=\"left\" class=\"images-rel\" src=\"http:\/\/caminhos.arguscaruso.com.br\/wp-content\/uploads\/site_images\/relatorios\/etapa_5\/rel_06\/V-06%20centro%20de%20zagreb.jpg\" alt=\"Foto: Centro de Zagreb\" \/><\/p>\n<p>Chequei com as Embaixadas a possibilidade de fazer minha rota pela B\u00f3snia e S\u00e9rvia-Montenegro mas a burocracia me fez desistir. Seriam 15 dias de espera com chances da enrolada hist\u00f3ria da L\u00edbia se repetir. Resolvi ent\u00e3o ir via Hungria que, por tamb\u00e9m ter acabado de entrar na Uni\u00e3o Europ\u00e9ia, me oferece 3 meses de estada sem necessidade de visto.<\/p>\n<p><img decoding=\"async\" align=\"left\" class=\"images-rel\" src=\"http:\/\/caminhos.arguscaruso.com.br\/wp-content\/uploads\/site_images\/relatorios\/etapa_5\/rel_06\/V-06%20Zagreb%202.jpg\" alt=\"\" \/><\/p>\n<p>Todos nos falaram para visitarmos a linda costa Adri\u00e1tica. Mas, al\u00e9m de fora da rota, a costa seguramente seria, mais uma vez, um lugar cheio de turistas e pessoas se aproximando somente com interesse em dinheiro. Achamos mais interessante ver exatamente o oposto &#8211; as pequenas vilas rurais sem nenhum turista e com a real vida croata.<\/p>\n<p>Ficamos pouco tempo na capital e logo seguimos para perto da fronteira com a B\u00f3snia. Essa regi\u00e3o foi o centro dos conflitos. No caminho acampamos nos fundos de um restaurante de amigos que serviam as tropas na guerra. A borda da guerra era a apenas 2 km de sua casa. &#8220;-Antes da guerra os neg\u00f3cios iam bem com a liga\u00e7\u00e3o das ind\u00fastrias de Zibak a Zagreb e com as estradas cheias, durante a guerra destruiram as ind\u00fastrias e os \u00fanicos clientes eram as tropas do ex\u00e9rcito. Hoje est\u00e1 p\u00e9ssimo e nem sequer temos as tropas para alimentar. Mas aos poucos o com\u00e9rcio est\u00e1 voltando e acreditamos que daqui alguns anos tudo voltar\u00e1 ao normal.&#8221; Disse o amigo Domingo, dono do restaurante.<\/p>\n<p>No pa\u00eds parece que todos participaram direta ou indiretamente na guerra. No outro dia ficamos na casa de uma amiga que nos levou para conhecer a cidade e passou todo o dia falando sobre as atrocidades que os &#8220;selvagens s\u00e9rvios&#8221; fizeram. Falou de casos de s\u00e9rvios batendo em velhinhas, queimando crian\u00e7as, estupros, etc.<\/p>\n<p>Fiquei curioso para escutar a vers\u00e3o do outro lado da guerra pessoalmente. Segundo os jornais e enciclop\u00e9dias, em ambos pa\u00edses existem pessoas sendo processadas por crimes de guerra e, segundo meu ponto de vista, esta foi uma das mais est\u00fapidas guerras que j\u00e1 ocorreram. Todos perderam e hoje, al\u00e9m do atraso na infra-estrutura dos pa\u00edses, todos os habitantes vivem com as eternas mem\u00f3rias de uma d\u00e9cada de horror.<br \/>\n<img decoding=\"async\" align=\"right\" class=\"images-rel\" src=\"http:\/\/caminhos.arguscaruso.com.br\/wp-content\/uploads\/site_images\/relatorios\/etapa_5\/rel_06\/V-06%20detalhe%20casa%20de%20madeira.jpg\" alt=\"Fotos: Tradicionais casas de madeira\" \/><\/p>\n<p><img decoding=\"async\" align=\"right\" class=\"images-rel\" src=\"http:\/\/caminhos.arguscaruso.com.br\/wp-content\/uploads\/site_images\/relatorios\/etapa_5\/rel_06\/V-06%20casas%20de%20madeira%20da%20croacia.jpg\" alt=\"Fotos: Tradicionais casas de madeira\" \/><\/p>\n<p><img decoding=\"async\" align=\"right\" class=\"images-rel\" src=\"http:\/\/caminhos.arguscaruso.com.br\/wp-content\/uploads\/site_images\/relatorios\/etapa_5\/rel_06\/V-06%20detalhe%20casa%20de%20madeira%202.jpg\" alt=\"Fotos: Tradicionais casas de madeira\" \/><\/p>\n<p>Amanda voltou para Paris e eu segui para a Hungria. No caminho pedi um lugar no fundo de uma casa para acampar. O dono, sem falar uma palavra em ingl\u00eas, me convidou para ficar na casa e ofereceu jantar. Acabei ficando dois dias esperando uma chuva forte passar.<\/p>\n<p><img decoding=\"async\" align=\"left\" class=\"images-rel\" src=\"http:\/\/caminhos.arguscaruso.com.br\/wp-content\/uploads\/site_images\/relatorios\/etapa_5\/rel_06\/V-06%20amanda.jpg\" alt=\"\" \/><\/p>\n<p>Aos poucos fomos nos entendendo com m\u00edmicas e descobri que o amigo \u00e9 um ex-combatente que, durante os cindo anos no ex\u00e9rcito, levou oito tiros! Hoje ele vive com a mulher e a filha que era rec\u00e9m nascida durante a guerra. Ele me mostrou as fotos do ex\u00e9rcito e as medalhas. Depois mostrou que gostaria de jogar tudo no lixo. Abriu um sorriso e deu um abra\u00e7o na filha que foi, seguramente, o motivo dele ter conseguido sobreviver a tudo.<\/p>\n<p><img decoding=\"async\" align=\"center\" class=\"images-rel\" src=\"http:\/\/caminhos.arguscaruso.com.br\/wp-content\/uploads\/site_images\/relatorios\/etapa_5\/rel_06\/V-06%20amigo%20com%20oito%20balas.jpg\" alt=\"Foto: Hospitalidade do amigo ex-combatente\" \/><\/p>\n<p>O dia de chuva serviu para ver um pouco de olimp\u00edadas e jornais na tv. Na minha viagem, mesmo na Cro\u00e1cia, o mundo segue lindo e na televis\u00e3o ele segue cheio de problemas. Como \u00e9 bom viajar de bicicleta!<\/p>\n<p><img decoding=\"async\" align=\"right\" class=\"images-rel\" src=\"http:\/\/caminhos.arguscaruso.com.br\/wp-content\/uploads\/site_images\/relatorios\/etapa_5\/rel_06\/V-06%20carroca.jpg\" alt=\"\" \/><\/p>\n<p>Segui viagem passando por muitas florestas e vilas. Nos quintais das casas vi muita lenha para os fog\u00f5es, galinhas, porcos, po\u00e7os d\u00b4\u00e1gua e as imagens de Cristo.<\/p>\n<p>Para evitar as perigosas estradas sem acostamente e com r\u00e1pidos carros, fiz quase toda viagem em pequenas rotas sem asfalto. Mas sempre tive o cuidado de saber se aquela era uma rota utiliz\u00e1vel pois muitas estradas ainda est\u00e3o minadas.<\/p>\n<p><img decoding=\"async\" align=\"left\" class=\"images-rel\" src=\"http:\/\/caminhos.arguscaruso.com.br\/wp-content\/uploads\/site_images\/relatorios\/etapa_5\/rel_06\/V-06%20minas.jpg\" alt=\"Foto: Minas nas pequenas rotas e florestas\" \/><\/p>\n<p>Minha primeira tentativa de entrar na Hungria n\u00e3o deu certo. A fronteria h\u00fangara estava sendo reconstru\u00edda e fechada. Tive de pedalar mais 100 km para entrar acompanhando o rio Dan\u00fabio, a \u00fanica fronteira aberta na regi\u00e3o.<\/p>\n<p>Subi o rio Dan\u00fabio e agora estou na linda Budapeste, mas a Hungria vai ficar para a pr\u00f3xima!<\/br><\/p>\n<\/p>\n<p>Grande abra\u00e7o,<br \/>\nArgus<\/p>\n<p><strong>Para saber mais<\/strong><br \/>\nwww.slovenia-tourism.si<br \/>\nwww.croatia.hr<br \/>\nMinist\u00e9rio do Meio Ambiente da Cro\u00e1cia<br \/>\nwww.mzopu.hr<br \/>\nMoscow Declaration<br \/>\nttp:\/\/www.heise.de\/tp\/english\/special\/mud\/6145\/s4.html<br \/>\nJornais na Eslov\u00eania<br \/>\nLjubljana-based daily<br \/>\nwww.dnevnik.si<br \/>\nMaribor-based daily<br \/>\nwww.vecer.com<br \/>\nLjubljana-based daily<br \/>\nwww.delo.si<br \/>\nweekly<br \/>\nwww.mladina.si<br \/>\nKoper-based bi-weekly<br \/>\nwww.prim-nov.si<br \/>\nJornais na Cro\u00e1cia<br \/>\nwww.vecernji-list.hr<br \/>\nwww.feral.hr<br \/>\nwww.nacional.hr<br \/>\nwww.vjesnik.com<\/p>\n","protected":false},"excerpt":{"rendered":"<p>Eslov\u00eania e Cro\u00e1cia Dobar dan amigos!! Acabo de visitar a Eslov\u00eania e a Cro\u00e1cia. Suas \u00e1reas s\u00e3o pequenas e, mesmo de bicicleta, acabei passando r\u00e1pido demais e n\u00e3o fazendo juz \u00e0 beleza e hospitalidade de ambos. Esse trecho foi feito junto com minha irm\u00e3 Amanda e as amigas Isabelle e Antonella. Pedalamos, paramos, comemos e [&hellip;]<\/p>\n","protected":false},"author":1,"featured_media":0,"parent":354,"menu_order":50,"comment_status":"closed","ping_status":"closed","template":"","meta":{"footnotes":""},"class_list":["post-572","page","type-page","status-publish","hentry"],"_links":{"self":[{"href":"https:\/\/caminhos.arguscaruso.com.br\/index.php?rest_route=\/wp\/v2\/pages\/572","targetHints":{"allow":["GET"]}}],"collection":[{"href":"https:\/\/caminhos.arguscaruso.com.br\/index.php?rest_route=\/wp\/v2\/pages"}],"about":[{"href":"https:\/\/caminhos.arguscaruso.com.br\/index.php?rest_route=\/wp\/v2\/types\/page"}],"author":[{"embeddable":true,"href":"https:\/\/caminhos.arguscaruso.com.br\/index.php?rest_route=\/wp\/v2\/users\/1"}],"replies":[{"embeddable":true,"href":"https:\/\/caminhos.arguscaruso.com.br\/index.php?rest_route=%2Fwp%2Fv2%2Fcomments&post=572"}],"version-history":[{"count":2,"href":"https:\/\/caminhos.arguscaruso.com.br\/index.php?rest_route=\/wp\/v2\/pages\/572\/revisions"}],"predecessor-version":[{"id":1820,"href":"https:\/\/caminhos.arguscaruso.com.br\/index.php?rest_route=\/wp\/v2\/pages\/572\/revisions\/1820"}],"up":[{"embeddable":true,"href":"https:\/\/caminhos.arguscaruso.com.br\/index.php?rest_route=\/wp\/v2\/pages\/354"}],"wp:attachment":[{"href":"https:\/\/caminhos.arguscaruso.com.br\/index.php?rest_route=%2Fwp%2Fv2%2Fmedia&parent=572"}],"curies":[{"name":"wp","href":"https:\/\/api.w.org\/{rel}","templated":true}]}}