{"id":576,"date":"2009-10-21T18:05:11","date_gmt":"2009-10-21T21:05:11","guid":{"rendered":"http:\/\/caminhos.arguscaruso.com.br\/?page_id=576"},"modified":"2024-03-16T14:20:31","modified_gmt":"2024-03-16T14:20:31","slug":"etapa-5-relatorio-7","status":"publish","type":"page","link":"https:\/\/caminhos.arguscaruso.com.br\/?page_id=576","title":{"rendered":"Etapa 5 \u2013 Relat\u00f3rio 7"},"content":{"rendered":"<h4>Hungria e Rom\u00eania<\/h4>\n<h3>Siar e Bun\u00e3 Ziua amigos, Finalmente cheguei no leste europeu! Passei pela Hungria e agora estou pedalando no tempo entre carro\u00e7as, patos e galinhas que fazem parte do meu dia a dia nas estradas de terra da simp\u00e1tica Rom\u00eania.<\/h3>\n<p><strong>Hungria<\/strong><\/p>\n<p>Entrei na Hungria onde o rio Dan\u00fabio sai e fui subindo pela sua margem at\u00e9 chegar em Budapeste. Sempre imaginei que uma rota perto do famoso Dan\u00fabio seria recheada de castelos e fortifica\u00e7\u00f5es e n\u00e3o vi nada disso. No f\u00e9rtil vale passei por florestas, planta\u00e7\u00f5es e pequenas vilas. Al\u00e9m da agricultura, o pa\u00eds possui tamb\u00e9m abundantes recursos minerais como mangan\u00eas, bauxita e carv\u00e3o.<\/p>\n<p>Apesar de estar \u201csubindo\u201d o Dan\u00fabio, todo percurso foi praticamente plano. Hungria \u00e9 um pa\u00eds sem montanhas e o ponto mais alto tem apenas mil metros. F\u00e1cil de pedalar mas com poucas paisagens interessantes.<\/p>\n<p>No percurso tive alguns convites para casas e comidas mas acho na Europa ser\u00e1 dif\u00edcil conseguir a mesma hospitalidade que tive quando viajei junto com as tr\u00eas amigas na Eslov\u00eania. O mundo sorri muito mais para as mulheres!<\/p>\n<p><img decoding=\"async\" class=\"images-rel\" src=\"http:\/\/caminhos.arguscaruso.com.br\/wp-content\/uploads\/site_images\/relatorios\/etapa_5\/rel_07\/V-07%20pastor.jpg\" alt=\"\" align=\"right\" \/><\/p>\n<p>Assim como a Eslov\u00eania, a Hungria tamb\u00e9m foi recentemente anexada a Uni\u00e3o Europ\u00e9ia. Antigamente os grandes imp\u00e9rios se expandiam atrav\u00e9s de conquistas sangrentas mas o \u201cImp\u00e9rio\u201d da Uni\u00e3o Europ\u00e9ia est\u00e1 conseguindo fazer algo diferente &#8211; hoje s\u00e3o os pa\u00edses perif\u00e9ricos que se \u201cmaqueiam\u201d e entram na \u201cfila\u201d para tentarem ser aceitos no grupo.<\/p>\n<p><img decoding=\"async\" class=\"images-rel\" src=\"http:\/\/caminhos.arguscaruso.com.br\/wp-content\/uploads\/site_images\/relatorios\/etapa_5\/rel_07\/V-07%20congestionamento%20na%20pista.jpg\" alt=\"\" align=\"right\"\/><\/p>\n<p>A pr\u00f3xima leva entrar\u00e1 em 2007 e Cro\u00e1cia e Rom\u00eania est\u00e3o na lista de espera. Como qualquer outro imp\u00e9rio capitalista, as vantagens ficam nas m\u00e3os de poucos. Os pobres mortais que encontrei no caminho sempre reclamam que agora os pre\u00e7os est\u00e3o subindo e os sal\u00e1rios continuam os mesmos &#8211; \u00e9 a bordoada globalizada. Ganham as grandes empresas e perdem os pequenos produtores, comerciantes, etc.<\/p>\n<p><strong>O Dan\u00fabio<\/strong><br \/>\n<img decoding=\"async\" class=\"images-rel\" src=\"http:\/\/caminhos.arguscaruso.com.br\/wp-content\/uploads\/site_images\/relatorios\/etapa_5\/rel_07\/V-07%20por%20do%20sol%20no%20danubio.jpg\" alt=\"\" align=\"left\"\/><\/p>\n<p>\u201c O segundo maior curso fluvial da Europa, o Dan\u00fabio tem 2,8 mil quil\u00f4metros de extens\u00e3o e passa por 11 pa\u00edses do continente. Est\u00e1 fortemente ligado \u00e0 cultura e \u00e0 economia de na\u00e7\u00f5es como a Hungria. Tem grande import\u00e2ncia na agricultura, no transporte, no com\u00e9rcio e no turismo. No entanto, \u00e9 um dos rios mais polu\u00eddos da Europa, situa\u00e7\u00e3o agravada pelo corte indiscriminado de madeira ao longo das margens e pelos bombardeios da Otan sobre a Iugosl\u00e1via (1999). Os pa\u00edses banhados pelo Dan\u00fabio lan\u00e7am em Bucareste (Rom\u00eania), em abril de 2001, megaprojeto com financiamento do Banco Mundial e da Uni\u00e3o Europ\u00e9ia (UE). Ser\u00e3o feitos trabalhos de saneamento e de remo\u00e7\u00e3o de escombros e minas.\u201d<br \/>\nAlmanaque Abril 2003<br \/>\n<img decoding=\"async\" class=\"images-rel\" src=\"http:\/\/caminhos.arguscaruso.com.br\/wp-content\/uploads\/site_images\/relatorios\/etapa_5\/rel_07\/V-07%20Pedalando%20na%20beira%20do%20Danubio\" alt=\"\" align=\"center\"\/><\/p>\n<p>Depois dos dias de camping selvagem na beira do Dan\u00fabio, cheguei na linda capital Budapeste (1.836 mil habitantes em 1999) e l\u00e1 passei quase uma semana esperando o burocr\u00e1tico visto para a Rom\u00eania. De bicicleta passei dois dias prazerosamente perdido entre Buda e Peste, as duas margens divididas pelo Dan\u00fabio.<\/p>\n<p><strong>Budapeste<\/strong><br \/>\n<img decoding=\"async\" class=\"images-rel\" src=\"http:\/\/caminhos.arguscaruso.com.br\/wp-content\/uploads\/site_images\/relatorios\/etapa_5\/rel_07\/V-07%20budapeste%20-%20a%20perola%20do%20danubio.jpg\" alt=\"Foto: Terma do Gell\u00e9rt Hotel em Budapeste\" align=\"left\"\/><br \/>\nBasta entrar em uma das v\u00e1rias termas da capital para perceber a rica hist\u00f3ria dos v\u00e1rios imp\u00e9rios que passaram por l\u00e1. Visitei a terma do Hotel Gell\u00e9rt que j\u00e1 foi o banho dos soldados durante o Imp\u00e9rio Romano, ampliado pelo Imp\u00e9rio Turco Otomano &#8211; profissionais em banhos &#8211; e depois reformada com a bela arquitetura Art Nouveau do Imp\u00e9rio Austro H\u00fangaro.<br \/>\n<img decoding=\"async\" class=\"images-rel\" src=\"http:\/\/caminhos.arguscaruso.com.br\/wp-content\/uploads\/site_images\/relatorios\/etapa_5\/rel_07\/V-07%20Termas%20de%20Budapeste.jpg\" alt=\"Foto: Terma do Gell\u00e9rt Hotel em Budapeste\" align=\"left\"\/><\/p>\n<p>Andando pelo centro encontrei um casal holandes que esteve em Budapeste h\u00e1 vinte anos e estavam impressionados com as mudan\u00e7as na cidade. \u2013 Antes tudo aqui era cinza, sem vida. Agora est\u00e1 tudo colorido. Disseram.<\/p>\n<p>Peguei meu visto, abandonei o curso do Dan\u00fabio e segui pela plan\u00edcie do leste h\u00fangaro. Na segunda maior cidade da Hungria, Debrecen, com 210 mil habitantes, parei na casa de amigos ciclistas e aproveitei para fazer uma palestra e tentar arrumar o \u201cmural de recados\u201d do site que h\u00e1 tempos estava desativado.<\/p>\n<p>Antes da fronteira fiz um camping nos fundos da casa de uma fam\u00edlia muito simp\u00e1tica que acabou me convidando para jantar com eles. N\u00e3o falavam ingl\u00eas mas conseguimos nos comunicar um pouco. Foi a primeira vez que fiquei na casa de ciganos e a experi\u00eancia foi muito boa, principalmente para eu perder uma discrimina\u00e7\u00e3o est\u00fapida (que redund\u00e2ncia&#8230;) que eu possuia desse povo.<\/p>\n<p><strong>O povo Cigano<\/strong><\/p>\n<p>\u201c\u2026 durante quase toda sua hist\u00f3ria, os ciganos foram discrimiados e perseguidos. O ponto m\u00e1ximo foi durante a sistem\u00e1tica extermina\u00e7\u00e3o dos ciganos durante o regime nazista na segunda guerra mundial, mas as limita\u00e7\u00f5es dos direitos deste povo \u00e9 muito mais antiga. Existiram persegui\u00e7\u00f5es na Fran\u00e7a, Espanha, Holanda e Alemanha durante o s\u00e9culo XVI. No s\u00e9culo XVII, uma lei inglesa considerava crime entrar em contato com ciganos e leis similares tamb\u00e9m foram feitas na Su\u00ed\u00e7a na mesma \u00e9poca. Na primeira metade deste s\u00e9culo, apenas na \u00c1ustria e Alemanha, 68 leis foram aprovadas para perseguirem ciganos. Na Irlanda, a discrimina\u00e7\u00e3o legal come\u00e7ou em 1541 \u2013 em 1596, um grupo de 198 ciganos foi sentenciado de morte por serem \u2018desempregados&#8217; \u2013 e as persegui\u00e7\u00f5es continuarem sem descanso at\u00e9 o s\u00e9culo XVIII.\u201d<\/p>\n<p>The New Internationalist<\/p>\n<p><strong>O comunismo<\/strong><\/p>\n<p><img decoding=\"async\" class=\"images-rel\" src=\"http:\/\/caminhos.arguscaruso.com.br\/wp-content\/uploads\/site_images\/relatorios\/etapa_5\/rel_07\/V-07%20Igualdade%20no%20comunismo%20e%20marasmo%20na%20arquitetura.jpg\" alt=\"Fotos: Igualdade no comunismo e marasmo na arquitetura\" align=\"left\"\/><br \/>\nNos pa\u00edses ex-comunistas que estou passando est\u00e1 sendo f\u00e1cil de ver que o regime comunista n\u00e3o \u00e9 a solu\u00e7\u00e3o do mundo. A id\u00e9ia do propriedade coletiva dos meios de produ\u00e7\u00e3o pode ser interessante para pequenas comunidades mas nunca conseguiu existir em grande escala sem a necessidade de fortes ditaduras e toda ditadura \u00e9 uma derrota das nossas ambi\u00e7\u00f5es naturais de liberdade.<\/p>\n<p>Mas infelizmente a queda do comunismo ocorreu n\u00e3o pela busca de liberdade mas pela press\u00e3o do regime capitalista que tamb\u00e9m chega recheado de grandes problemas &#8211; concentra\u00e7\u00e3o de renda, discrimina\u00e7\u00e3o dos grupos de baixa renda, etc.<br \/>\n<img decoding=\"async\" class=\"images-rel\" src=\"http:\/\/caminhos.arguscaruso.com.br\/wp-content\/uploads\/site_images\/relatorios\/etapa_5\/rel_07\/V-07%20caixotes.jpg\" alt=\"\" align=\"right\"\/><br \/>\nA solu\u00e7\u00e3o ainda n\u00e3o existe e seguramente um outro Marx significaria mais problemas de guerras e disputas de poder. Precisamos encontrar um caminho para transformar esse nojento capitalismo que vivemos num capitalismo com \u00e9tica e assim conseguirmos sobreviver nessa selva. N\u00e3o \u00e9 necess\u00e1rio esperar por m\u00e1rtires ou revolucion\u00e1rios. \u00c9 poss\u00edvel uma resit\u00eancia globalizada e consciente que transforme a pequena participa\u00e7\u00e3o do poder de compra de cada indiv\u00edduo numa grande arma para uma transforma\u00e7\u00e3o pac\u00edfica.<\/p>\n<p><strong>Rom\u00eania<\/strong><\/p>\n<p>Com a derrota do Imp\u00e9rio Austro H\u00fangaro na I Guerra Mundial, a Hungria perdeu mais de dois ter\u00e7os de seu territ\u00f3rio. Umas das \u00e1reas \u00e9 a Transilv\u00e2nia (terra do \u201cdr\u00e1cula\u201d) que hoje faz parte da Rom\u00eania. Como todo \u201cbom vizinho\u201d o tempo todo escutei um falando mal do outro mas parece que possuem boas rela\u00e7\u00f5es diplom\u00e1ticas. Na Rom\u00eania ainda existem v\u00e1rias vilas cuja maioria da popula\u00e7\u00e3o \u00e9 h\u00fangara.<\/p>\n<p>Uma viagem no tempo num mundo encantado&#8230;<\/p>\n<p>Na Transilv\u00e2nia \u00e9 onde est\u00e3o os lindos montes C\u00e1rpatos. Pelas pequenas estradas de terra que atravessam a regi\u00e3o vi cenas inacreditavelmente belas. Tive momentos em que pude ver mais de dez charretes e nenhum carro.<\/p>\n<p>A melhor parte da viagem est\u00e1 sendo na estrada. As charretes v\u00e3o quase na mesma velocidade que a bicicleta e v\u00e1rias vezes emparelhamos e vamos conversando por horas. Dependendo da quantidade de Tuica (a cacha\u00e7a local), as conversas tomam rumos completamente incompreens\u00edveis mas s\u00e3o sempre bem vindas.<\/p>\n<p>A divers\u00e3o ao atravessar os vilarejos \u00e9 ficar cumprimentando as velhinhas que ficam sentadas na frente das casas e sempre soltam um sorriso quando me v\u00eaem na bicicleta. As pequenas fachadas das casas enganam, geralmente os terrenos possuem um quintal imenso com planta\u00e7\u00f5es e cria\u00e7\u00e3o de todo tipo de animais. De tarde \u00e9 comum ver as pessoas voltando do campo, abrindo a porta e colocando mais de dez vacas dentro das casas.<\/p>\n<p>Depois de tanto tempo com idiomas indecifr\u00e1veis finalmente cheguei num pa\u00eds onde consegui entender algumas palavras. Da domina\u00e7\u00e3o romana herdaram o idioma latino e tamb\u00e9m o nome do pa\u00eds.<\/p>\n<p>Poem \u201cbrasinesco-romaleiro\u201d<\/p>\n<p>\u201cIn timps ce planeta arde oamenii colaboreaza f\u00e3r\u00e3 sens c\u00e3nt\u00e3nd muzica pe care papagalul o repet\u00e3:<\/p>\n<p>\u2018o, frumoas\u00e3 lun\u00e3 care se reflect\u00e3, in oceon, aici ascult v\u00e3ntul din imaginea nou\u00e3&#8217;<\/p>\n<p>Toat\u00e3 comunicatie tine meritul e posibilit\u00e3 in cosmosul nostru\u201d<\/p>\n<p>Esse foi um pequeno poema que fiz junto com amigos romenos. Se voc\u00ea n\u00e3o entendeu nada n\u00e3o se preocupe porque n\u00f3s tamb\u00e9m n\u00e3o entendemos.<\/p>\n<p>Rom\u00eania possui uma grande comunidade de ciganos (estimada entre 400 mil e 1,5 milh\u00e3o). No caminho passei por v\u00e1rias acampamentos de pl\u00e1stico onde vivem em situa\u00e7\u00e3o muito prec\u00e1ria. Num dos acampamentos me pararam na estrada. Lembrei dos amigos ciganos da Hungria e resolvi tentar conversar e me aproximar deles. A primeira rea\u00e7\u00e3o de todos da vila foi aproximar e pedir dinheiro. Com m\u00edmica expliquei que n\u00e3o sou rico para poder distribuir dinheiro. \u2013 Bicicleta! No car! Brasil! Not Europe! I also need money! Eu falava para eles. Depois de algum tempo foram criados dois grupos de ciganos. Um acreditava que eu viajava de bicicleta porque sou muito rico, outro acreditava que sou muito pobre. Uma discuss\u00e3o realmente interessante&#8230; No final o segundo grupo me ofereceu uma sopa. Comi um pouco e segui viagem.<\/p>\n<p>Foto: Pastor com o tradicional chap\u00e9u e muita Tuica<\/p>\n<p>\u00c9 um consenso entre os romenos de serem pobres e perigosos. Acho que a id\u00e9ia de pobreza vem com refer\u00eancia do vizinho rico, a Europa Ocidental. Sim, s\u00e3o pobres, mas passei por pa\u00edses muito mais pobres onde as pessoas n\u00e3o se torturam tanto por isso. Mas a id\u00e9ia de perigo eu ainda n\u00e3o consegui entender de onde vem. Na casa de amigos em Alba Iulia estavamos conversando sobre isso e por coincid\u00eancia come\u00e7ou a passar na televis\u00e3o o filme brasileiro Cidade de Deus. Ficaram de boca aberta com tanta viol\u00eancia e n\u00e3o acreditaram quando eu falei que isso n\u00e3o \u00e9 fic\u00e7\u00e3o mas o retrato da nossa realidade, ent\u00e3o entenderam o porqu\u00ea da minha tranquilidade aqui.<\/p>\n<p>Na Rom\u00eania tive uma oportunidade muito bacana de visitar a escola onde estuda a equipe campe\u00e3 mundial e ol\u00edmpica de gin\u00e1stica. Parab\u00e9ns para voc\u00eas!<\/p>\n<p>Foto: Equipe campe\u00e3 ol\u00edmpica e mundial de gin\u00e1stica<\/p>\n<p>O ver\u00e3o mal chegou e j\u00e1 est\u00e1 indo embora. Come\u00e7aram as chuvas e o frio&#8230;<\/p>\n<p>Agora estou em Sibiu a caminho para Bucareste onde irei de avi\u00e3o direto para o Qu\u00eania na \u00c1frica para extender a volta ao mundo e conhecer um pouco mais do nosso continente irm\u00e3o.<\/p>\n<p>At\u00e9 a pr\u00f3xima,<br \/>\n<strong>Argus<\/strong><\/p>\n<p><strong>Para saber mais<\/strong><br \/>\nwww.guiadelmundo.org.uy<br \/>\nwww.muchoviaje.com<br \/>\nwww.brasilescola.com<br \/>\nwww.arte historia .com<br \/>\nwww.consulado- hungria .org<br \/>\nwww.cons-gen-romania-rio.com<br \/>\nwww.gov.ro<\/p>\n<p>Termas de Budapeste<br \/>\nwww.danubiushotels.com<\/p>\n<p>Albergue em Sibiu<br \/>\nwww.hostelsibiu.home.ro<\/p>\n","protected":false},"excerpt":{"rendered":"<p>Hungria e Rom\u00eania Siar e Bun\u00e3 Ziua amigos, Finalmente cheguei no leste europeu! Passei pela Hungria e agora estou pedalando no tempo entre carro\u00e7as, patos e galinhas que fazem parte do meu dia a dia nas estradas de terra da simp\u00e1tica Rom\u00eania. Hungria Entrei na Hungria onde o rio Dan\u00fabio sai e fui subindo pela [&hellip;]<\/p>\n","protected":false},"author":1,"featured_media":0,"parent":354,"menu_order":60,"comment_status":"closed","ping_status":"closed","template":"","meta":{"footnotes":""},"class_list":["post-576","page","type-page","status-publish","hentry"],"_links":{"self":[{"href":"https:\/\/caminhos.arguscaruso.com.br\/index.php?rest_route=\/wp\/v2\/pages\/576","targetHints":{"allow":["GET"]}}],"collection":[{"href":"https:\/\/caminhos.arguscaruso.com.br\/index.php?rest_route=\/wp\/v2\/pages"}],"about":[{"href":"https:\/\/caminhos.arguscaruso.com.br\/index.php?rest_route=\/wp\/v2\/types\/page"}],"author":[{"embeddable":true,"href":"https:\/\/caminhos.arguscaruso.com.br\/index.php?rest_route=\/wp\/v2\/users\/1"}],"replies":[{"embeddable":true,"href":"https:\/\/caminhos.arguscaruso.com.br\/index.php?rest_route=%2Fwp%2Fv2%2Fcomments&post=576"}],"version-history":[{"count":2,"href":"https:\/\/caminhos.arguscaruso.com.br\/index.php?rest_route=\/wp\/v2\/pages\/576\/revisions"}],"predecessor-version":[{"id":1821,"href":"https:\/\/caminhos.arguscaruso.com.br\/index.php?rest_route=\/wp\/v2\/pages\/576\/revisions\/1821"}],"up":[{"embeddable":true,"href":"https:\/\/caminhos.arguscaruso.com.br\/index.php?rest_route=\/wp\/v2\/pages\/354"}],"wp:attachment":[{"href":"https:\/\/caminhos.arguscaruso.com.br\/index.php?rest_route=%2Fwp%2Fv2%2Fmedia&parent=576"}],"curies":[{"name":"wp","href":"https:\/\/api.w.org\/{rel}","templated":true}]}}