{"id":579,"date":"2009-10-21T18:05:45","date_gmt":"2009-10-21T21:05:45","guid":{"rendered":"http:\/\/caminhos.arguscaruso.com.br\/?page_id=579"},"modified":"2024-03-16T14:20:31","modified_gmt":"2024-03-16T14:20:31","slug":"etapa-5-relatorio-8","status":"publish","type":"page","link":"https:\/\/caminhos.arguscaruso.com.br\/?page_id=579","title":{"rendered":"Etapa 5 \u2013 Relat\u00f3rio 8"},"content":{"rendered":"<h4>Bye bye Europa<\/h4>\n<h3>Bun\u00e3 Ziua amigos, Bem vinda a \u00c1frica novamente!!!! Fiz minhas \u00faltimas pedaladas na Rom\u00eania at\u00e9 a capital Bucareste, peguei um avi\u00e3o e aterrisei aqui no Qu\u00eania, cora\u00e7\u00e3o do continente irm\u00e3o e ber\u00e7o da humanidade!<\/h3>\n<p><img decoding=\"async\" class=\"images-rel\" src=\"http:\/\/caminhos.arguscaruso.com.br\/wp-content\/uploads\/site_images\/relatorios\/etapa_5\/rel_08\/V-08%20atencao%20carrocas.jpg\" alt=\"\" align=\"right\"\/><\/p>\n<p><img decoding=\"async\" class=\"images-rel\" src=\"http:\/\/caminhos.arguscaruso.com.br\/wp-content\/uploads\/site_images\/relatorios\/etapa_5\/rel_08\/V-08%20Sibiu.jpg\" alt=\"\" align=\"right\"\/><\/p>\n<p>As \u00falitmas pedaladas na Europa&#8230;<\/p>\n<p>Sibiu foi uma cidade especial na Rom\u00eania. L\u00e1 fiz bons amigos, v\u00e1rias caminhadas e pedaladas pelas montanhas. Fiquei por l\u00e1 durante duas semanas a convite dos amigos Anca e Thomas, donos de um simp\u00e1tico albergue no centro hist\u00f3rico da cidade.<\/p>\n<p>Vista da janela do Albergue em Sibiu<\/p>\n<p>Foto: Palestra no Centro Franco-Romeno em Sibiu<\/p>\n<p>Esquerda: Igreja Ortodoxa no Museu de Sibiu<\/p>\n<p>Com a longa parada eu pude ver, pela primeira vez na vida, a incr\u00edvel transforma\u00e7\u00e3o de cores do outono europeu. Nos primeiros dias caminhei vendo as \u00e1rvores verdes e poucos dias depois fui na mesma floresta e tudo j\u00e1 estava amarelo. Nos \u00faltimos dias, o caminho era feito de folhas no ch\u00e3o e, em cada rajada de vento, ca\u00eda uma chuva de folhas. A floresta j\u00e1 estava ficando cinza e em breve, com a neve, ficar\u00e1 tudo branco.<\/p>\n<p>Foto: Metamorfose de cores na floresta<\/p>\n<p>Numa das pedaladas subi at\u00e9 o topo gelado a quase 2 mil metros acima do n\u00edvel do mar, demorei muito e acabei descendo depois do p\u00f4r do sol. Foi literalmente a maior fria. Minha m\u00e3o quase congelou e, quando me dei conta, os dedos j\u00e1 estavam cheios de pequenos cortes.<\/p>\n<p>Transilv\u00e2nia<\/p>\n<p>N\u00e3o vi dr\u00e1cula mas vi muito gnomo. Alguns romenos que vivem nas \u00e1reas rurais s\u00e3o incrivelmente baixos e ficam caminhando no meio da floresta para pastorear ou cortar madeira. Suas roupas e chap\u00e9is s\u00e3o engra\u00e7ados e n\u00e3o foi dif\u00edcil me desconectar do mundo real e dar asas \u00e0 imagina\u00e7\u00e3o nesse mundo encantado.<\/p>\n<p>Foto: Pastores brincando com a bicicleta<\/p>\n<p>A popula\u00e7\u00e3o de Sibiu e de v\u00e1rias outras cidades da Transilv\u00e2nia \u00e9 dividida entre romenos e sax\u00f5es &#8211; antigo povo germ\u00e2nico que habitava a Sax\u00f4nia, regi\u00e3o da Alemanha entre o rio Reno e o mar B\u00e1ltico.<\/p>\n<p>Os Sax\u00f5es vieram para a Rom\u00eania quando a Transilv\u00e2nia fazia parte da Hungria &#8211; a convite do rei H\u00fangaro, entre 1241 e 1242, os sax\u00f5es receberam terras gr\u00e1tis para povoarem e defenderem o pa\u00eds. O prefeito de Sibiu \u00e9 um sax\u00e3o votado pela grande maioria e amado por todos. O interessnte \u00e9 que at\u00e9 hoje, 760 anos depois, esse povo n\u00e3o se misturou. Apesar de serem amigos, sax\u00e3o \u00e9 sax\u00e3o e romeno \u00e9 romeno.<\/p>\n<p>De Sibiu pedalei para Brasov e no caminho dormi na casa de um simp\u00e1tico casal que me abrigou quando come\u00e7ou a chover. No quintal da casa possuem duas vacas, tr\u00eas porcos, galinhas, patos e planta\u00e7\u00f5es. Vivem praticamente de subsist\u00eancia e v\u00e3o para o mercado apenas para comprar p\u00e3o. Fizeram para mim uma comida especial, a mama-liga, uma esp\u00e9cie de polenta com queijo. Esquentaram a casa com lenha e bebemos das \u00faltimas garrafas de vinho que produziram ano passado. Antes de partir ainda me deram algumas ma\u00e7\u00e3s que s\u00e3o impressionantemente mais saborosas que as ma\u00e7\u00e3s importadas que comemos no Brasil. Vice-versa acontece com as bananas que s\u00e3o deliciosas no Brasil e aqui, apesar de perfeitamente amarelas, quase n\u00e3o possuem gosto. Obrigado amigos pela boa e saud\u00e1vel comida e hospedagem que tive!<\/p>\n<p>Brasov<\/p>\n<p>Em geral a parte medieval das cidades s\u00e3o muito bonitas mas a periferia com os pr\u00e9dios constru\u00eddos durante o sistema comunista s\u00e3o terr\u00edveis. Brasov \u00e9 mais um exemplo &#8211; sua \u00e1rea medieval \u00e9 a mais visitada da Rom\u00eania e possui uma das mais belas arquiteturas do pa\u00eds, um contraste com a feia periferia com blocos de concreto.<\/p>\n<p>Em Brasov est\u00e1 acontecendo um fato exc\u00eantrico &#8211; os ursos que perderam seu habitat natural est\u00e3o se aproximando da cidade para comer lixo. A cena, que n\u00e3o quis ver, \u00e9 triste mas est\u00e1 chamando a aten\u00e7\u00e3o de turistas e \u00e9 poss\u00edvel at\u00e9 mesmo agendar um excurs\u00e3o para v\u00ea-los.<\/p>\n<p>Nas montanhas sempre fiquei atento com os ursos mas acabei n\u00e3o vendo nenhum. Esse \u00e9 um animal perigoso para o humano. Se ele encrencar com voc\u00ea &#8211; j\u00e1 era &#8211; n\u00e3o tem pra onde fugir. Ele vai subir na \u00e1rvore mais r\u00e1pido do que voc\u00ea, vai correr mais do que voc\u00ea e, se voc\u00ea resolver encarar, vai perder. Num inesperado encontro, a \u00fanica coisa sensata a fazer \u00e9 largar a mochila ou qualquer coisa com comida e sair andando calmamente. Se voc\u00ea der sorte ele vai preferir comer a comida e te deixar em paz. Se mesmo assim ele preferir se aproximar \u00e9 melhor ficar parado. Dizem que nesse caso ele fica te cheirando e, como n\u00e3o gostam da carne humana, te abandona. Uma semana antes deu chegar, uma crian\u00e7a em Brasov se aproximou de um urso comendo lixo e o urso comeu a crian\u00e7a! Urghhh.<\/p>\n<p>CONSCI\u00caNCIA AMBIENTAL<\/p>\n<p>Durante minha estada na Europa tentei coletar alguns bons exemplos de comportamente ambiental. Em alguns pa\u00edses o respeito pela natureza \u00e9 realmente exemplar e vale a pena ser seguido.<\/p>\n<p>. Lavando carros<\/p>\n<p>Existem leis proibindo as pessoas de usarem detergentes para lavar os autom\u00f3veis nas ruas. Para lavar carros, al\u00e9m de tentar economizar ao m\u00e1ximo a \u00e1gua, deve-se ter o cuidado de utilizar apenas sab\u00e3o sem produtos qu\u00edmicos (por exemplo o nosso sab\u00e3o de coco).<\/p>\n<p>\u00c9 importante lembrar que na cidade n\u00e3o \u00e9 toda \u00e1gua que vai para o esgoto. Dentro de sua casa, toda \u00e1gua que vai para o ralo \u00e9 considerada esgoto e ser\u00e1 posteriormente tratada e devolvida para o meio ambiente. Mas tudo que entra dentro dos bueiros das ruas vai, sem tratamento, direto para o meio ambiente. Por isso \u00e9 importante deixar as ruas sempre limpas e ter aten\u00e7\u00e3o a tudo que pode vir a entrar nos bueiros.<\/p>\n<p>. Lixo org\u00e2nico no quintal<\/p>\n<p>Em v\u00e1rias casas vi pessoas utilizando o lixo org\u00e2nico como adubo no quintal. O resto do lixo logicamente deve ser dividido entre recicl\u00e1veis e &#8220;lixo convencional&#8221;. Latas, pap\u00e9is, pl\u00e1sticos e vidros possuem receptores e o &#8220;lixo convencional&#8221; acaba ficando consideravelmente menor. Com isso, diminui tamb\u00e9m a \u00e1rea de dep\u00f3sito (os famosos lix\u00f5es a c\u00e9u aberto) e a quantidade de qu\u00edmica para seu tratamento.<\/p>\n<p>. Exterminando os indesej\u00e1veis sacos de supermercado<\/p>\n<p>Muitos supermercados cobram pelo saco pl\u00e1stico. Isso pode ser visto por dois pontos de vista. Um pessimista acreditando que \u00e9 somente mais uma estrat\u00e9gia para ganhar dinheiro e um outro ambientalista que acredita ser essa a \u00fanica forma das pessoas pararem de usar tanto saco pl\u00e1stico inutilmente. O pl\u00e1stico \u00e9 um dos maiores inimigos da natureza e \u00e9 f\u00e1cil ver nos pa\u00edses menos conscientes a imensid\u00e3o de sacos pl\u00e1sticos nas beiras dos rios e nas cal\u00e7adas. A meu ver a estrat\u00e9gia \u00e9 excelente. Aqui na Rom\u00eania, por exemplo, todo supermercado cobra. Isso fez com que as pessoas lembrem de levar uma mochila antes de sair \u00e0s compras e \u00e9 not\u00e1vel a aus\u00eancia dos sacos sujando a natureza.<\/p>\n<p>. Descarga com duas op\u00e7\u00f5es<\/p>\n<p>As descargas dos banheiros possuem duas op\u00e7\u00f5es. Um pequeno xixi n\u00e3o precisa de muita \u00e1gua para escoar e voc\u00ea pode utilizar a op\u00e7\u00e3o de pouca \u00e1gua &#8230;.<\/p>\n<p>. Bicicleta e transporte p\u00fablico<\/p>\n<p>Como foi bom visitar as capitais francesa, inglesa e eslovena com a bike! Foram tr\u00eas capitais que j\u00e1 aprenderam que a \u00fanica forma de diminuirmos o aquecimento global causado pelos carros \u00e9 utilizando bicicleta e transporte p\u00fablico. Menos polui\u00e7\u00e3o, menos tr\u00e1fico, menos guerra por petr\u00f3leo e mais economia! Viva a magrela.<\/p>\n<p>Bom, acho que mais exemplos vir\u00e3o no percurso. Outras dicas, como por exemplo o incr\u00edvel biog\u00e1s adotado nas reservas naturais do Nepal, j\u00e1 foram citadas em relat\u00f3rios anteriores. O mais importante \u00e9 ficar atento ao nosso comportamento e sempre pensar nas suas consequ\u00eancias para o meio ambiente &#8211; refletir sobre o lixo que produzimos e o que consumimos e fazer nossa parte.<\/p>\n<p>Grande parte das a\u00e7\u00f5es que pode diminuir o nosso estrago no meio ambiente est\u00e1 em nossas m\u00e3os, mas muitas outras est\u00e3o nas m\u00e3os de grandes empres\u00e1rios e governo. \u00c9 o caso do Projeto Rosia Montana no centro da Transilv\u00e2nia que, com a ambi\u00e7\u00e3o de extrair 13.000.000 toneladas de minerais por ano, causar\u00e1 um imenso impacto ecol\u00f3gico, econ\u00f4mico, social, cultural e hist\u00f3rico na regi\u00e3o. Segundo a Friends of the Earth International, ser\u00e3o no total 400.000.000 toneladas de lixo acumulado, uma superf\u00edcies de 1600 acres afetados e 2000 pessoas precisar\u00e3o ser retiradas. V\u00e1rios ambientalistas e ativistas est\u00e3o protestando para impedirem o projeto mas, nesses casos, agente acaba ficando na m\u00e3o da consci\u00eancia e integridade dos nossos governantes.<\/p>\n<p>Voltando para a estrada&#8230;<\/p>\n<p>Para ir de Brasov para Bucareste foi preciso atravessar a \u201cgrande muralha\u201d dos montes C\u00e1rpatos que cercam a Transilv\u00e2nia. Respirei fundo e subi os mil e quinhentos metros em um dia. Tive sorte com o tempo \u2013 apareceu o sol e consegui descer a montanha sem congelar. L\u00e1 do alto at\u00e9 Bucareste foi moleza. A capital fica no plan\u00edcie do vale do Dan\u00fabio e n\u00e3o tive mais nenhuma subida.<\/p>\n<p>Na plano caminho para Bucareste vi muitas ind\u00fastrias, extra\u00e7\u00e3o de petr\u00f3leo e segui vendo muitas planta\u00e7\u00f5es e comunidades rurais.<\/p>\n<p>Foto: Ind\u00fastria perto de Bucareste<\/p>\n<p>\u201cThe mountain forests supply raw material for a well-developed timber industry. With abundant mineral resources (oil, natural gas, coal, iron ore and bauxite), Romania has begun extensive industrial development. Its economy still depends to a great extent on the export of raw materials and agricultural products. Romania defines itself as a \u2018developing country&#8217;, and is attuned with Third World demands. It is also one of Europe &#8216;s largest oil producers. Copsa Mica, in the center of Romania , is considered to be one of the areas with the highest levels of industrial pollution in Europe . \u201c<\/p>\n<p>The New Internationalist<\/p>\n<p>BUCARESTE<\/p>\n<p>Bucareste \u00e9 uma cidade com 2 milh\u00f5es de habitantes (1999) com as belezas e problemas de toda cidade grande. N\u00e3o sou f\u00e3 de tr\u00e1fico, polui\u00e7\u00e3o ou concreto, por isso tentei fazer tudo o mais r\u00e1pido poss\u00edvel e partir logo. Fiquei num hostel barato, rodei de bicicleta por toda a cidade, fiz umas reportagens, arrumei a tela do notebook que havia quebrado (obrigado Toshiba pela compreens\u00e3o e por n\u00e3o cobrar pela nova tela!!), fiz pedidos para n\u00e3o pagar a taxa extra de bagagem no v\u00f4o para a \u00c1frica (obrigado Tarom e Emirates Airlines pela aten\u00e7\u00e3o!), arrumei uns papel\u00f5es, embalei a magrela e sai voando.<\/p>\n<p>Dias antes da partida, o pa\u00eds tremeu com o maior terremoto que tiveram nos \u00faltimos 14 anos. Ele chegou a 6.0 pontos na escala Richter e balan\u00e7ou tudo mas apenas uma pessoa morreu. Foi o meu segundo terremoto da viagem, o primeiro foi na Mal\u00e1sia quando senti apenas o reflexo do grande terremoto que ocorreu na Sumatra, Indon\u00e9sia, matando v\u00e1rias pessoas e deixando mais de 5 mil desabrigados em 2002. J\u00e1 era para eu estar um pouco mais esperto e saber me proteger mas, pela segunda vez, fiquei igual bobo sem saber o que estava acontecendo. Quando me dei conta o terremoto j\u00e1 havia passado.<\/p>\n<p>Agora estou na incr\u00edvel \u00c1frica tentando compreender um pouco mais sobre esse continente que \u00e9 uma das mais importantes ra\u00edzes do nosso povo brasileiro.<\/p>\n<p>Mas a \u00c1frica ficar\u00e1 para o pr\u00f3ximo relat\u00f3rio&#8230;<\/p>\n<p>Grande abra\u00e7o,<br \/>\n<strong>Argus<\/strong><\/p>\n<p>Veja um mundo diferente!!<\/p>\n<p><strong>Para saber mais<\/strong><br \/>\n<strong>Sites recomendados<\/strong>: (Novo!)<\/p>\n<p><strong>Sites sobre este relat\u00f3rio<\/strong><br \/>\nProjeto Rosia Montana<br \/>\nwww.rosiamontana.org<\/p>\n<p>Friends of the Earth International<br \/>\nwww.foei.org<\/p>\n<p>Albergue em Sibiu<br \/>\nwww.hostelsibiu.home.ro<\/p>\n<p>Economia de Energia<br \/>\nwww.saveenergy.co.uk<\/p>\n<p>Recycle City<br \/>\nwww.epa.gov\/recyclecity\/<\/p>\n<p>International Institute for Energy Conservation<br \/>\nwww.iiex.org <\/p>\n","protected":false},"excerpt":{"rendered":"<p>Bye bye Europa Bun\u00e3 Ziua amigos, Bem vinda a \u00c1frica novamente!!!! Fiz minhas \u00faltimas pedaladas na Rom\u00eania at\u00e9 a capital Bucareste, peguei um avi\u00e3o e aterrisei aqui no Qu\u00eania, cora\u00e7\u00e3o do continente irm\u00e3o e ber\u00e7o da humanidade! As \u00falitmas pedaladas na Europa&#8230; Sibiu foi uma cidade especial na Rom\u00eania. L\u00e1 fiz bons amigos, v\u00e1rias caminhadas [&hellip;]<\/p>\n","protected":false},"author":1,"featured_media":0,"parent":354,"menu_order":70,"comment_status":"closed","ping_status":"closed","template":"","meta":{"footnotes":""},"class_list":["post-579","page","type-page","status-publish","hentry"],"_links":{"self":[{"href":"https:\/\/caminhos.arguscaruso.com.br\/index.php?rest_route=\/wp\/v2\/pages\/579","targetHints":{"allow":["GET"]}}],"collection":[{"href":"https:\/\/caminhos.arguscaruso.com.br\/index.php?rest_route=\/wp\/v2\/pages"}],"about":[{"href":"https:\/\/caminhos.arguscaruso.com.br\/index.php?rest_route=\/wp\/v2\/types\/page"}],"author":[{"embeddable":true,"href":"https:\/\/caminhos.arguscaruso.com.br\/index.php?rest_route=\/wp\/v2\/users\/1"}],"replies":[{"embeddable":true,"href":"https:\/\/caminhos.arguscaruso.com.br\/index.php?rest_route=%2Fwp%2Fv2%2Fcomments&post=579"}],"version-history":[{"count":2,"href":"https:\/\/caminhos.arguscaruso.com.br\/index.php?rest_route=\/wp\/v2\/pages\/579\/revisions"}],"predecessor-version":[{"id":1822,"href":"https:\/\/caminhos.arguscaruso.com.br\/index.php?rest_route=\/wp\/v2\/pages\/579\/revisions\/1822"}],"up":[{"embeddable":true,"href":"https:\/\/caminhos.arguscaruso.com.br\/index.php?rest_route=\/wp\/v2\/pages\/354"}],"wp:attachment":[{"href":"https:\/\/caminhos.arguscaruso.com.br\/index.php?rest_route=%2Fwp%2Fv2%2Fmedia&parent=579"}],"curies":[{"name":"wp","href":"https:\/\/api.w.org\/{rel}","templated":true}]}}