{"id":594,"date":"2009-10-21T18:11:00","date_gmt":"2009-10-21T21:11:00","guid":{"rendered":"http:\/\/caminhos.arguscaruso.com.br\/?page_id=594"},"modified":"2024-03-16T14:20:31","modified_gmt":"2024-03-16T14:20:31","slug":"etapa-6b-relatorio-2","status":"publish","type":"page","link":"https:\/\/caminhos.arguscaruso.com.br\/?page_id=594","title":{"rendered":"Etapa 6B \u2013 Relat\u00f3rio 2"},"content":{"rendered":"<h4>Brasil &#8211; Recife a Salvador<\/h4>\n<h3>Ol\u00e1 amigos,<\/h3>\n<p>Estou realizando mais um sonho \u2013 conhecer todas as praias do maravilhoso litoral nordestino. A viagem est\u00e1 \u00f3tima, muito sol, pouca chuva e vento a favor.<\/p>\n<p><img decoding=\"async\" src=\"http:\/\/caminhos.arguscaruso.com.br\/wp-content\/uploads\/site_images\/relatorios\/etapa_7\/rel_02\/VII 02 - Praia em Pernambuco.jpg\"  align=\"left\" \/>De Pernambuco desci at\u00e9 a Bahia passando por Alagoas e Sergipe. Agora \u00e9 alta esta\u00e7\u00e3o, estou pedalando diretamente na areia da praia e vendo uma mistura perfeita de muitas praias desertas e algumas praias agitadas e cheias de gente bonita. A divers\u00e3o \u00e9 ficar desviando das ondas &#8211; o olho esquerdo vai navegando e o direito pedalando &#8211; numa areia fina entre o mar e um coqueiral infinito.<\/p>\n<p>Mod\u00e9stia \u00e0 parte, o Brasil \u00e9 lindo demais! Mas por tr\u00e1s de toda essa beleza cenogr\u00e1fica, existem os bastidores de muita pobreza e problemas.<\/p>\n<p><strong>Um pouco sobre o Nordeste brasileiro&#8230; <\/strong><\/p>\n<p>O Nordeste brasileiro \u00e9 a regi\u00e3o com <strong>o mais baixo \u00cdndice de Desenvolvimento Humano brasileiro (IDH) <\/strong>. Em Pernambuco, um quarto da popula\u00e7\u00e3o \u00e9 analfabeta. Alagoas det\u00e9m o recorde brasileiro de mortalidade infantil &#8211; a cada mil crian\u00e7as nascidas vivas, 64,4 morrem antes de completar 1 ano. Isso \u00e9 o reflexo, em escala nacional, da nossa terr\u00edvel m\u00e1 distribui\u00e7\u00e3o de renda.<\/p>\n<p><img decoding=\"async\" src=\"http:\/\/caminhos.arguscaruso.com.br\/wp-content\/uploads\/site_images\/relatorios\/etapa_7\/rel_02\/VII 02 - Casa grande e senzala.jpg\"  \/>O atual presidente <strong>Luiz In\u00e1cio Lula da Silva <\/strong> nasceu no Nordeste e, assim como muitos outros nordestinos, mudou-se para a grande S\u00e3o Paulo em busca de uma vida melhor. Lula conseguiu, mas a grande maioria acaba vivendo nas favelas em p\u00e9ssimas condi\u00e7\u00f5es e aumentando a percentagem de desemprego das grandes cidades.<\/p>\n<p><img decoding=\"async\" src=\"http:\/\/caminhos.arguscaruso.com.br\/wp-content\/uploads\/site_images\/relatorios\/etapa_7\/rel_02\/VII 02 - indo pescar com a familia.jpg\" \/><\/p>\n<p><img decoding=\"async\" src=\"http:\/\/caminhos.arguscaruso.com.br\/wp-content\/uploads\/site_images\/relatorios\/etapa_7\/rel_02\/VII 02 - Carregando agua.jpg\"  \/>A hist\u00f3ria do Nordeste \u00e9 muito marcada pela <strong>chegada e explora\u00e7\u00e3o dos colonizadores <\/strong>. Por aqui estiveram portugueses, espanh\u00f3is, holandeses e franceses, todos roubando os recursos naturais e explorando a m\u00e3o de obra ind\u00edgena e escrava africana. Al\u00e9m da explora\u00e7\u00e3o, esses pa\u00edses fizeram tamb\u00e9m a coloniza\u00e7\u00e3o cultural, principalmente atrav\u00e9s da did\u00e1tica deturpada que \u00e9 ensinada nas nossas escolas. At\u00e9 hoje idolatra-se heroicamente os feitos do banditismo que foi essa invas\u00e3o. J\u00e1 a coloniza\u00e7\u00e3o econ\u00f4mica ficou por conta dos ingleses que eram os grandes benefici\u00e1rios do mercantilismo colonial.<\/p>\n<p><img decoding=\"async\" src=\"http:\/\/caminhos.arguscaruso.com.br\/wp-content\/uploads\/site_images\/relatorios\/etapa_7\/rel_02\/\/VII 02 - Plantacao de cana.jpg\" \/>H\u00e1 s\u00e9culos a <strong>cana-de-a\u00e7\u00facar <\/strong> \u00e9 uma das principais economias da regi\u00e3o. Uma das usinas que vi era uma Casa Grande e Senzala colonial, nela trabalham hoje os descendentes ind\u00edgenas e africanos e o dono \u00e9 um deputado branco que vive em Recife.Ou seja, a situa\u00e7\u00e3o econ\u00f4mica e social n\u00e3o mudou muito e as oligarquias e o coronelismo continuam travando o real desenvolvimento do povo.<\/p>\n<p><img decoding=\"async\" src=\"http:\/\/caminhos.arguscaruso.com.br\/wp-content\/uploads\/site_images\/relatorios\/etapa_7\/rel_02\/VII 02 - casa de barro.jpg\"  \/>Mas Pernambuco est\u00e1 mudando seu perfil econ\u00f4mico e se transformando em grande <strong>centro de servi\u00e7os <\/strong> com o com\u00e9rcio e o turismo. O setor representa mais de 50% do Produto Interno Bruto (PIB) estadual. A antiga monocultura da cana-de-a\u00e7\u00facar come\u00e7a a dar lugar a planta\u00e7\u00f5es de rosas, glad\u00edolos e cris\u00e2ntemos, na zona da mata, e tamb\u00e9m \u00e0 fruticultura irrigada, sobretudo na regi\u00e3o de Petrolina, onde se produz uva, manga, melancia e banana.<\/p>\n<p><img decoding=\"async\" src=\"http:\/\/caminhos.arguscaruso.com.br\/wp-content\/uploads\/site_images\/relatorios\/etapa_7\/rel_02\/VII 02 - arrastao.jpg\" \/>Alagoas \u00e9 o maior produtor de cana do Nordeste, com cerca de 28 milh\u00f5es de toneladas, s\u00f3 fica atr\u00e1s de S\u00e3o Paulo no ranking nacional. Quase 90% da exporta\u00e7\u00e3o do estado sai dos canaviais, 75% em a\u00e7\u00facar, 17% em etileno. A cana, a cria\u00e7\u00e3o de gado e a extra\u00e7\u00e3o do pau-brasil foram os principais fatores do <strong>desmatamento <\/strong> da costa. 60% da mata Atl\u00e2ntica foi destru\u00edda pelos portugueses nas primeiras d\u00e9cadas de coloniza\u00e7\u00e3o.<\/p>\n<p><em><img loading=\"lazy\" decoding=\"async\" src=\"http:\/\/caminhos.arguscaruso.com.br\/wp-content\/uploads\/site_images\/relatorios\/etapa_7\/rel_02\/VII 02 - pescaria.jpg\" border=\"1\" alt=\"\" hspace=\"3\" width=\"300\" height=\"225\" align=\"left\" \/>\u201cNo in\u00edcio da coloniza\u00e7\u00e3o, a mata Atl\u00e2ntica cobria 15% do territ\u00f3rio brasileiro. Era uma \u00e1rea de floresta superior a 1.290.692 quil\u00f4metros quadrados, que se estendia do norte ao sul da costa litor\u00e2nea, por 17 estados. Atualmente h\u00e1 somente 90.438 quil\u00f4metros quadrados da mata original (7% do total), que se encontram sob amea\u00e7a permanente.\u201d <\/em>Almanaque Abril<\/p>\n<p><img loading=\"lazy\" decoding=\"async\" src=\"http:\/\/caminhos.arguscaruso.com.br\/wp-content\/uploads\/site_images\/relatorios\/etapa_7\/rel_02\/VII 02 - litoral pernambucano.jpg\" border=\"1\" alt=\"\" hspace=\"3\" width=\"300\" height=\"225\" align=\"left\" \/>A partir dos anos 1960 a economia nordestina come\u00e7ou a se diversificar beneficiada pelos programas da Superintend\u00eancia do Desenvolvimento do Nordeste ( <strong>Sudene <\/strong>). Mas a corrup\u00e7\u00e3o exagerada culminou na sua extin\u00e7\u00e3o em 2001 &#8211; A Sudene fechou e os ladr\u00f5es continuam soltos. Hoje o governo estuda sua reabertura com uma \u201cblindagem anti-corrup\u00e7\u00e3o\u201d.<\/p>\n<p><img decoding=\"async\" src=\"http:\/\/caminhos.arguscaruso.com.br\/wp-content\/uploads\/site_images\/relatorios\/etapa_7\/rel_02\/aVII 02 - artesanato em alagoas.jpg\" \/>Em contraste com os Incas, Maias e Astecas, os <strong>ind\u00edgenas brasileiros <\/strong> n\u00e3o desenvolveram uma civiliza\u00e7\u00e3o centralizada com constru\u00e7\u00f5es monumentais. Restaram poucas evid\u00eancias de suas culturas e pouco sabemos sobre o real exterm\u00ednio que foi feito durante a invas\u00e3o portuguesa. Aqui no Nordeste \u00e9 poss\u00edvel identificar os ind\u00edgenas atrav\u00e9s de suas fisionomias e habita\u00e7\u00f5es mas quase todos j\u00e1 est\u00e3o modelados para a sociedade e pouco se v\u00ea de uma comunidade tribal. As interfer\u00eancias religiosas, primeiramente marcadas pelo catolicismo e hoje pelas m\u00e3os inescrupulosas de pastores mercen\u00e1rios s\u00e3o grandes fatores dessa crescente acultura\u00e7\u00e3o do povo nativo.<\/p>\n<p><img decoding=\"async\" src=\"http:\/\/caminhos.arguscaruso.com.br\/wp-content\/uploads\/site_images\/relatorios\/etapa_7\/rel_02\/VII 02 - carroca em Penedo.jpg\" \/><\/p>\n<p>A arque\u00f3loga brasileira Ni\u00e8de Guidon ganhou fama como voz isolada no mundo                                  das ci\u00eancias. Enquanto os estudos internacionais mais respeitados dizem                                  que o homem chegou \u00e0 Am\u00e9rica h\u00e1 12.000 anos, Ni\u00e8de quer convencer a                                  sociedade cient\u00edfica de que, pelo menos no Piau\u00ed, onde ela faz escava\u00e7\u00f5es,                                  o homem esteve h\u00e1 50.000 anos. Em suas \u00faltimas confer\u00eancias, Ni\u00e8de passou                                  a defender uma teoria ainda mais incr\u00edvel. Agora, ela diz ter reunido                                  evid\u00eancias de que <strong>o homem j\u00e1 habitava o Nordeste brasileiro h\u00e1 100.000 anos. <\/strong><\/p>\n<p><img decoding=\"async\" src=\"hhttp:\/\/caminhos.arguscaruso.com.br\/wp-content\/uploads\/site_images\/relatorios\/etapa_7\/rel_02\/VII 02 - amigo na praia.jpg\"  \/>Sair de Recife foi dif\u00edcil e n\u00e3o parar nos v\u00e1rios para\u00edsos do percurso tamb\u00e9m est\u00e1 sendo um grande desafio. A paz, a seguran\u00e7a e a hospitalidade est\u00e3o me impressionando. Obrigado a todos que est\u00e3o me ajudando na rota!<\/p>\n<p><img decoding=\"async\" src=\"http:\/\/caminhos.arguscaruso.com.br\/wp-content\/uploads\/site_images\/relatorios\/etapa_7\/rel_02\/VII 02 - Vendendo cajus em Morro de Sao Paulo.jpg\"  \/>Enquanto eu pedalava nessa tranq\u00fcilidade, do outro lado do mundo o inacredit\u00e1vel <strong>Tsunami <\/strong> destruiu v\u00e1rias regi\u00f5es onde h\u00e1 pouco tempo eu estava pedalando. Muitas pessoas que eu conheci morreram e milhares sofrer\u00e3o eternamente com esse desastre natural. Deixo aqui minha condol\u00eancia para esse povo e pe\u00e7o para que, se voc\u00ea ainda n\u00e3o fez nada para ajud\u00e1-los, por favor fa\u00e7a.<\/p>\n<p><img loading=\"lazy\" decoding=\"async\" src=\"http:\/\/caminhos.arguscaruso.com.br\/wp-content\/uploads\/site_images\/relatorios\/etapa_7\/rel_02\/VII 02 - praia em alagoas.jpg\" border=\"1\" alt=\"\" hspace=\"3\" width=\"300\" height=\"225\" align=\"left\" \/>V\u00e1rias vezes me senti um extra terrestre com a bicicleta na areia. Com exce\u00e7\u00e3o do companheiro Petrinta que encontrei em Recife, n\u00e3o vi mais nenhum cicloturista. Essa excentricidade est\u00e1 me proporcionando conhecer todo o tipo de pessoas e me divertir com algumas <strong>perguntas surreais <\/strong> que surgem:<\/p>\n<p>&#8211; Voc\u00ea dorme?<\/p>\n<p>&#8211; Voc\u00ea come?<\/p>\n<p>&#8211; \u00c9 promessa?<\/p>\n<p>&#8211; Conheceu a natureza?<\/p>\n<p>E quase sempre t\u00eam dificuldade de entender a viagem&#8230;<\/p>\n<p>&#8211; De onde voc\u00ea vem?<\/p>\n<p>&#8211; Estou fazendo uma volta ao mundo.<\/p>\n<p>&#8211; A h\u00e3&#8230;<\/p>\n<p>&#8211; S\u00e3o tr\u00eas anos de estrada.<\/p>\n<p>&#8211; A h\u00e3&#8230;<\/p>\n<p>&#8211; Vinte e oito pa\u00edses.<\/p>\n<p>&#8211; A h\u00e3&#8230;<\/p>\n<p>&#8211; Agora estou vindo de Recife.<\/p>\n<p>&#8211; Nossa! De Recife! Mas Recife \u00e9 longe demais!<\/p>\n<p><img loading=\"lazy\" decoding=\"async\" src=\"http:\/\/caminhos.arguscaruso.com.br\/wp-content\/uploads\/site_images\/relatorios\/etapa_7\/rel_02\/VII 02 - Igreja em Penedo.jpg\" alt=\"\" width=\"300\" height=\"225\" align=\"left\" \/>Papo vem, papo vai e v\u00e1rias vezes me convidam para experimentar as <strong>comidas t\u00edpicas <\/strong>\u2013 fava, rabada, feijoada, m\u00e3o de vaca, buchada, chambaril, sarapatel, tapioca e muita \u00e1gua de coco, manga, caju, mangaba, caj\u00e1, etc. Al\u00e9m dessas del\u00edcias, aqui tamb\u00e9m estou matando a saudade do nosso glorioso PF, o prato feito, como o nome diz, um prato popular que j\u00e1 vem servido com arroz, feij\u00e3o, carne e salada. Tamb\u00e9m estou tendo muitos convites para dormir. J\u00e1 fiquei em casas, restaurantes, acampamentos, redes, praias, pousadas, etc. O clima tropical e as noites sem chuva fazem com que qualquer lugar ao relento fique confort\u00e1vel.<\/p>\n<p><img loading=\"lazy\" decoding=\"async\" src=\"http:\/\/caminhos.arguscaruso.com.br\/wp-content\/uploads\/site_images\/relatorios\/etapa_7\/rel_02\/VII 02 - Palestra na escola em Pernambuco.jpg\" alt=\"\" width=\"300\" height=\"225\" align=\"left\" \/>As <strong>escolas <\/strong> est\u00e3o de f\u00e9rias e consegui fazer apenas uma palestra no \u00faltimo dia de aula na cidade hist\u00f3rica de Nazar\u00e9 em Pernambuco. Conversei com muitos professores no percurso e confirmei a mesma situa\u00e7\u00e3o ca\u00f3tica de ensino que vi em Minas Gerais e Mato Grosso do Sul. Quase nenhuma escola p\u00fablica possui computador e muitas sequer possuem telefone. \u2013 Nossa escola n\u00e3o tem nem orelh\u00e3o! Me falou uma professora alagoana. Infelizmente, por falta de computador na educa\u00e7\u00e3o brasileira, o site do projeto Pedalando e Educando ainda est\u00e1 distante dessas escolas. Hoje a \u00fanica forma de atingir os estudantes mais carentes \u00e9 atrav\u00e9s de material impresso ou visitas pessoais, algo que lutarei para tornar realidade num futuro breve.<\/p>\n<p><img decoding=\"async\" src=\"hhttp:\/\/caminhos.arguscaruso.com.br\/wp-content\/uploads\/site_images\/relatorios\/etapa_7\/rel_02\/VII 02 - brincando na praia.jpg\"  \/>Atravessei dezenas de <strong>rios <\/strong>, alguns de balsa e outros carregando a bicicleta ou at\u00e9 mesmo pedalando. Quando o litoral \u00e9 de mangue ou a mar\u00e9 est\u00e1 cheia, vou pelas estradas e aproveito para ver um pouco da caatinga nordestina. Vi v\u00e1rias fam\u00edlias se movendo com a bagagem nos jegues, muitos paus-de-arara, trabalhos praticamente escravos nos canaviais e coqueirais, cria\u00e7\u00e3o de gado, aldeias ind\u00edgenas e tranq\u00fcilas vilas coloniais com arquitetura barroca das igrejas, senzalas e casarios. Vi televis\u00f5es por todas as partes \u2013 bares, cal\u00e7adas, pra\u00e7as, casas, etc. \u2013 infelizmente, para muitos, as redes de televis\u00e3o s\u00e3o a \u00fanica fonte cultural que possuem. Uma fonte que infelizmente n\u00e3o importa muito com o fazer pensar do mundo em torno de n\u00f3s.<\/p>\n<p><img decoding=\"async\" src=\"http:\/\/caminhos.arguscaruso.com.br\/wp-content\/uploads\/site_images\/relatorios\/etapa_7\/rel_02\/VII-02\/VII 02 - foz do rio sao francisco.jpg\" \/>Na bela e hist\u00f3rica cidade de Penedo, atravessei o mais extenso rio naveg\u00e1vel do pa\u00eds, o S\u00e3o Francisco, na divisa de Alagoas e Sergipe. No in\u00edcio da viagem conheci sua nascente em Minas Gerais e tive a infeliz constata\u00e7\u00e3o de que a primeira cidade banhada pelo S\u00e3o Francisco \u00e9 tamb\u00e9m a primeira a polu\u00ed-lo.<\/p>\n<p>Hoje existe um projeto para <strong>transpor as \u00e1guas do Rio S\u00e3o Francisco <\/strong>para abastecer as \u00e1reas secas do ser\u00e3o setentrional. O projeto gera muita pol\u00eamica, afinal toda interfer\u00eancia ambiental pode gerar problemas irrevers\u00edveis. Um exemplo claro disso \u00e9 o Museu Oceanogr\u00e1fico de M\u00f4naco que j\u00e1 comentei num relat\u00f3rio passado. L\u00e1, apesar de terem todos os recursos e t\u00e9cnicos necess\u00e1rios, criaram uma cat\u00e1strofe ambiental que est\u00e1 destruindo grande parte do mar Mediterr\u00e2neo.<\/p>\n<p><img decoding=\"async\" src=\"http:\/\/caminhos.arguscaruso.com.br\/wp-content\/uploads\/site_images\/relatorios\/etapa_7\/rel_02\/VII 02 - criancada no coqueiral.jpg\" \/>Por considera\u00e7\u00e3o ao rio, n\u00e3o concordo que seja feita tamanha interfer\u00eancia num momento em que sequer estamos conseguindo mant\u00ea-lo limpo. Transpor um rio brincando de Deus \u00e9 algo que exige muito respeito \u00e0 natureza. Ainda n\u00e3o possu\u00edmos essa responsabilidade, prova disso \u00e9 a polui\u00e7\u00e3o que segue sendo lan\u00e7ada nas nossas \u00e1guas. Antes de fazer interfer\u00eancias mirabolantes, precisamos conscientizar todas as comunidades ribeirinhas a tratar seus esgotos, coletar seus lixos e respeitar o rio como ser sagrado. Ser\u00e1 o primeiro passo para, depois, com muita cautela, fazer a transposi\u00e7\u00e3o.<\/p>\n<p><img decoding=\"async\" src=\"http:\/\/caminhos.arguscaruso.com.br\/wp-content\/uploads\/site_images\/relatorios\/etapa_7\/rel_02\/VII 02 - Escola em Pernambuco.jpg\" \/>N\u00e3o faltam motivos para essa transposi\u00e7\u00e3o \u2013 v\u00e1rias pessoas morrem sem \u00e1gua nos sert\u00f5es do Nordeste. Segundo a Organiza\u00e7\u00e3o das Na\u00e7\u00f5es Unidas, a vida \u00e9 sustent\u00e1vel quando \u00e9 poss\u00edvel dispor de, no m\u00ednimo, 1.000 metros c\u00fabicos de \u00e1gua por habitante\/ano. Em algumas \u00e1reas dos sert\u00f5es dos estados de Pernambuco, da Para\u00edba, do Rio Grande do Norte e do Cear\u00e1, que integram o Nordeste Setentrional e onde vivem cerca de 9 milh\u00f5es de habitantes, a disponibilidade de \u00e1gua \u00e9 de, aproximadamente, 500 metros c\u00fabicos por habitante\/ano.<\/p>\n<p><em>\u201cO que se pretende, agora, \u00e9 captar, depois da barragem de Sobradinho, e levar para os sert\u00f5es setentrionais do Nordeste, o equivalente a apenas 1% do volume m\u00e9dio despejado em sua foz, ou seja, 26 metros c\u00fabicos por segundo destinados a garantir o consumo humano e animal\u201d <\/em>Ministro Ciro Gomes<\/p>\n<p><img decoding=\"async\" src=\"http:\/\/caminhos.arguscaruso.com.br\/wp-content\/uploads\/site_images\/relatorios\/etapa_7\/rel_02\/VII 02 - detalhe da igreja.jpg\"  \/><\/p>\n<p><img decoding=\"async\" src=\"http:\/\/caminhos.arguscaruso.com.br\/wp-content\/uploads\/site_images\/relatorios\/etapa_7\/rel_02\/VII 02 - overdose de praia.jpg\"  \/>Da foz do S\u00e3o Francisco segui pedalando pela minha \u201coverdose\u201d de praias e, na tarde do dia 24 de dezembro, peguei uma carona para conseguir chegar a tempo de comemorar o natal junto com amigos na maravilhosa e agitada Salvador.<\/p>\n<p>Agora j\u00e1 estou longe da capital mas deixarei para escrever sobre o paradis\u00edaco sul baiano no pr\u00f3ximo relat\u00f3rio.<\/p>\n<p>Um grande abra\u00e7o,<\/p>\n<p>Argus<\/p>\n<p><strong>VI<\/strong> o mundo<\/p>\n<p><strong>VENDO<\/strong> mudo<\/p>\n<p><strong>VIM DO<\/strong> mundo<\/p>\n<p><strong>VENTO<\/strong> mudo<\/p>\n<p><strong>VENHO<\/strong> muito<\/p>\n<p><strong>VENDO<\/strong> o mundo<\/p>\n<p><strong>Vendo ou mudo? <\/strong><\/p>\n<p><strong>Para saber mais: <\/strong><\/p>\n<p>Funda\u00e7\u00e3o Joaquim Nabuco<\/p>\n<p><a href=\"http:\/\/www.fundaj.gov.br\/\">www.fundaj.gov.br <\/a><\/p>\n<p><a href=\"http:\/\/www.ambientebrasil.com.br\/\">www.ambientebrasil.com.br <\/a><\/p>\n<p><a href=\"http:\/\/www.sudene.gov.br\/\">www.sudene.gov.br <\/a><\/p>\n<p>www.vermelho.org.br<\/p>\n<p><a href=\"http:\/\/www.palmares\/\">www.palmares.gov.br<\/a><\/p>\n<p><a href=\"http:\/\/www.mi.gov.br\/\">www.mi.gov.br <\/a><\/p>\n<p>Apoios:<\/p>\n<p>Pousada Varandas da Paz<\/p>\n<p><a href=\"http:\/\/www.varandasdapaz.com.br\/\">www.varandasdapaz.com.br <\/a><\/p>\n<p>Hotel S\u00e3o Francisco \u2013 Penedo<\/p>\n<p><a href=\"http:\/\/www.postaisdomorro.com\/\">www.postaisdomorro.com <\/a><\/p>\n<p><a href=\"http:\/\/www.biotur.com.br\/\">www.biotur.com.br <\/a><\/p>\n<p><a href=\"http:\/\/www.ondehospedar.com.br\/\">www.ondehospedar.com.br <\/a><\/p>\n<p><a href=\"http:\/\/www.totpizza.com\/\">www.totpizza.com <\/a><\/p>\n<p><a href=\"http:\/\/www.ilheuspraia.com.br\/\">www.ilheuspraia.com.br <\/a><\/p>\n<p><strong>Jornais<\/strong><\/p>\n<p><a href=\"http:\/\/odia.ig.com.br\/\">O Dia <\/a>&#8211; Rio de Janeiro daily<\/p>\n<p><a href=\"http:\/\/www.correioweb.com.br\/\">O Correio Brazilense <\/a> &#8211; influential broadsheet<\/p>\n<p><a href=\"http:\/\/oglobo.globo.com\/\">O Globo <\/a> &#8211; Globo-owned Rio de Janeiro daily<\/p>\n<p><a href=\"http:\/\/jbonline.terra.com.br\/\">Jornal do Brasil <\/a> &#8211; Rio de Janeiro daily<\/p>\n<p><a href=\"http:\/\/www.folha.com.br\/\">Folha de Sao Paulo <\/a>&#8211; daily<\/p>\n<p><a href=\"http:\/\/www.estado.estadao.com.br\/\">O Estado de Sao Paulo <\/a>&#8211; daily<\/p>\n<p><strong>Televis\u00f5es<\/strong><\/p>\n<p><a href=\"http:\/\/www.band.com.br\/\">TV Band <\/a> &#8211; commercial network operated by Grupo Bandeirantes<\/p>\n<p><a href=\"http:\/\/redeglobo3.globo.com\/home\/\">Rede Globo <\/a> &#8211; major commercial network operated by Globo<\/p>\n<p><a href=\"http:\/\/www.sbt.com.br\/\">Sistema Brasileiro de Televisao (SBT) <\/a> &#8211; major commercial network<\/p>\n<p><a href=\"http:\/\/www.rederecord.com.br\/\">TV Record <\/a> &#8211; major commercial network<\/p>\n<p><a href=\"http:\/\/www.radiobras.gov.br\/\">NBR <\/a> &#8211; operated by state-run Radiobras<\/p>\n<p><a href=\"http:\/\/www.redetv.com\/\">Rede TV <\/a> &#8211; commercial network<\/p>\n<p><a href=\"http:\/\/www.tvcultura.com.br\/\">TV Cultura <\/a> &#8211; public TV network with educational, cultural programming<\/p>\n<p><strong>Radio <\/strong><\/p>\n<p><a href=\"http:\/\/www.radiobras.gov.br\/nacional\/\">Radio Nacional <\/a>&#8211; FM and mediumwave (AM) network operated by state-run Radiobras<\/p>\n<p><a href=\"http:\/\/radioclick.globo.com\/globobrasil\/\">Radio Globo <\/a> &#8211; commercial network operated by Globo<\/p>\n<p><a href=\"http:\/\/www.radioeldorado.com.br\/\">Radio Eldorado <\/a> &#8211; affiliated to O Estado de Sao Paulo newspaper, operates mediumwave (AM) news station and FM music station<\/p>\n<p><a href=\"http:\/\/www.band.com.br\/\">Radio Bandeirantes <\/a> &#8211; network operated by Grupo Bandeirantes<\/p>\n<p><a href=\"http:\/\/www.radiocultura.com.br\/\">Radio Cultura <\/a> &#8211; public radio network, cultural programming<\/p>\n<p><strong>Agencias de noticias <\/strong><\/p>\n<p><a href=\"http:\/\/www.radiobras.gov.br\/\">Agencia Brasil <\/a> &#8211; state-owned<\/p>\n<p><a href=\"http:\/\/www.estadao.com.br\/agestado\/\">Agencia Estado <\/a> &#8211; private, Sao Paulo-based<\/p>\n<p><a href=\"http:\/\/www.agenciaoglobo.com.br\/\">Agencia Globo <\/a> \u2013 private<\/p>\n","protected":false},"excerpt":{"rendered":"<p>Brasil &#8211; Recife a Salvador Ol\u00e1 amigos, Estou realizando mais um sonho \u2013 conhecer todas as praias do maravilhoso litoral nordestino. A viagem est\u00e1 \u00f3tima, muito sol, pouca chuva e vento a favor. De Pernambuco desci at\u00e9 a Bahia passando por Alagoas e Sergipe. Agora \u00e9 alta esta\u00e7\u00e3o, estou pedalando diretamente na areia da praia [&hellip;]<\/p>\n","protected":false},"author":1,"featured_media":0,"parent":356,"menu_order":30,"comment_status":"closed","ping_status":"closed","template":"","meta":{"footnotes":""},"class_list":["post-594","page","type-page","status-publish","hentry"],"_links":{"self":[{"href":"https:\/\/caminhos.arguscaruso.com.br\/index.php?rest_route=\/wp\/v2\/pages\/594","targetHints":{"allow":["GET"]}}],"collection":[{"href":"https:\/\/caminhos.arguscaruso.com.br\/index.php?rest_route=\/wp\/v2\/pages"}],"about":[{"href":"https:\/\/caminhos.arguscaruso.com.br\/index.php?rest_route=\/wp\/v2\/types\/page"}],"author":[{"embeddable":true,"href":"https:\/\/caminhos.arguscaruso.com.br\/index.php?rest_route=\/wp\/v2\/users\/1"}],"replies":[{"embeddable":true,"href":"https:\/\/caminhos.arguscaruso.com.br\/index.php?rest_route=%2Fwp%2Fv2%2Fcomments&post=594"}],"version-history":[{"count":2,"href":"https:\/\/caminhos.arguscaruso.com.br\/index.php?rest_route=\/wp\/v2\/pages\/594\/revisions"}],"predecessor-version":[{"id":1827,"href":"https:\/\/caminhos.arguscaruso.com.br\/index.php?rest_route=\/wp\/v2\/pages\/594\/revisions\/1827"}],"up":[{"embeddable":true,"href":"https:\/\/caminhos.arguscaruso.com.br\/index.php?rest_route=\/wp\/v2\/pages\/356"}],"wp:attachment":[{"href":"https:\/\/caminhos.arguscaruso.com.br\/index.php?rest_route=%2Fwp%2Fv2%2Fmedia&parent=594"}],"curies":[{"name":"wp","href":"https:\/\/api.w.org\/{rel}","templated":true}]}}