{"id":599,"date":"2009-10-21T18:12:21","date_gmt":"2009-10-21T21:12:21","guid":{"rendered":"http:\/\/caminhos.arguscaruso.com.br\/?page_id=599"},"modified":"2024-03-16T14:20:31","modified_gmt":"2024-03-16T14:20:31","slug":"etapa-6b-relatorio-3","status":"publish","type":"page","link":"https:\/\/caminhos.arguscaruso.com.br\/?page_id=599","title":{"rendered":"Etapa 6B \u2013 Relat\u00f3rio 3"},"content":{"rendered":"<h4>Brasil &#8211; Salvador a Cara\u00edva<\/h4>\n<h3>Ol\u00e1 amigos, O percurso foi num litoral de are\u00f5es com longas praias e coqueirais onde, durante horas, eu n\u00e3o via absolutamente ningu\u00e9m. Em quase todo o percurso pude pedalar diretamente na areia que, na mar\u00e9 baixa, ficava dura e plana e se transformava numa <strong>imensa rodovia particular<\/strong> com os barulhos e perigos dos carros substitu\u00eddos pelos sons das ondas.<br \/>\n<\/h3>\n<p><img loading=\"lazy\" decoding=\"async\" src=\"http:\/\/arguscaruso.anafi.kinghost.net\/images\/fotos\/VII-03\/Morro%20de%20Sao%20Paulo001.jpg\" alt=\"\" width=\"300\" height=\"400\" align=\"left\" \/>Depois de Salvador segui descendo at\u00e9 Cara\u00edva visitando o sul da Bahia, um dos trechos mais belos do Brasil.<\/p>\n<p>Meu notebook e barraca foram despachados para eu pedalar mais leve e acabaram fazendo muita falta. Mas a id\u00e9ia de <strong>mudar a rotina<\/strong> e me propor desafios diferentes sempre me instigou. A falta do notebook me obrigou a encontrar outras formas de organizar meus textos e fotos e a falta da barraca fez da hospedagem um item de aventura di\u00e1ria, principalmente com todos hot\u00e9is lotados durante a alta esta\u00e7\u00e3o de ver\u00e3o.<\/p>\n<p><img loading=\"lazy\" decoding=\"async\" src=\"http:\/\/arguscaruso.anafi.kinghost.net\/images\/fotos\/VII-03\/areia%20na%20bike%202001.jpg\" alt=\"\" width=\"300\" height=\"225\" align=\"left\" \/>N\u00e3o recomendo pedalar no litoral para ningu\u00e9m que tenha <strong>amor \u00e0 bicicleta<\/strong>. No meu caso, meu amor ao mar falou muito mais alto. Destru\u00ed todo mecanismo da bike que me surpreendeu por n\u00e3o ter me deixado na m\u00e3o. Em alguns momentos a areia fazia tanto barulho na corrente que parecia que tudo iria travar. O quadro de fibra de carbono e alum\u00ednio fez bonito e tive ferrugem apenas em alguns parafusos e na corrente.<\/p>\n<p><img loading=\"lazy\" decoding=\"async\" src=\"http:\/\/arguscaruso.anafi.kinghost.net\/images\/fotos\/VII-03\/cemiterio%20de%20coqueiros001.jpg\" alt=\"\" width=\"300\" height=\"225\" align=\"left\" \/>No sul da Bahia existem <strong>praias para todos os gostos<\/strong>. Algumas com muito ax\u00e9 e confus\u00e3o, outras com muito sil\u00eancio e tranq\u00fcilidade. Algumas lotadas e outras desertas. Segui viagem depois do natal e acabei passando o ano novo em Morro de S\u00e3o Paulo, uma praia paradis\u00edaca que antes era um ref\u00fagio tranq\u00fcilo e hoje se transformou numa Ibiza baiana.<\/p>\n<p><img loading=\"lazy\" decoding=\"async\" src=\"http:\/\/arguscaruso.anafi.kinghost.net\/images\/fotos\/VII-03\/Descansando%20na%20praia%20deserta%20de%20Pratigi001.jpg\" alt=\"\" width=\"300\" height=\"225\" align=\"left\" \/>A regi\u00e3o est\u00e1 virando o <strong>para\u00edso dos europeus<\/strong>. Encontrei um ingl\u00eas que, pela primeira vez no Brasil, veio apenas para o ano novo e retornaria logo ap\u00f3s a festa. Muitos outros se encantam e ficam eternamente. V\u00e1rios compram terras e por vezes chegam a ter a maioria dos terrenos de algumas vilas. Respeitando nossa gente, que sejam todos bem vindos.<\/p>\n<hr \/>\n<p>Segui vendo <strong>televis\u00f5es<\/strong> em todas as esquinas, bares, restaurantes, cal\u00e7adas, pra\u00e7as, casas, etc. A for\u00e7a das redes de televis\u00e3o continuou me assustando. O Brasil est\u00e1 dominado por ela. S\u00e3o poucos os que n\u00e3o est\u00e3o hipnotizados e conduzidos. Durante as \u00faltimas elei\u00e7\u00f5es me lembro de uma pesquisa dizendo que mais de oitenta por cento da popula\u00e7\u00e3o brasileira se baseia na televis\u00e3o para a escolha de seus candidatos.<\/p>\n<p>O sistema existe para <strong>vender ignor\u00e2ncia<\/strong>. O ignorante \u00e9 facilmente manipulado e historicamente essa defici\u00eancia \u00e9 utilizada pelos pr\u00f3prios pol\u00edticos para se manterem no poder. A educa\u00e7\u00e3o \u00e9 o alicerce e \u00fanica luz de mudan\u00e7a mas infelizmente o Brasil ainda n\u00e3o saiu da linha da mis\u00e9ria educacional. Vi escolas que n\u00e3o possuem sequer um banheiro (!!) e outras sem telefone, material escolar, etc e os professores continuam recebendo sal\u00e1rios de fome.<\/p>\n<p>O governo parece vislumbrar o bem e caminhar para frente mas a burocracia do sistema faz esses passos seguirem a lesma lerda e deixa a luz do fim do t\u00fanel cada vez mais distante.<\/p>\n<hr \/>\n<p><img loading=\"lazy\" decoding=\"async\" src=\"http:\/\/arguscaruso.anafi.kinghost.net\/images\/fotos\/VII-03\/baiana001.jpg\" alt=\"\" width=\"300\" height=\"224\" \/><\/p>\n<hr \/>\n<p><img loading=\"lazy\" decoding=\"async\" src=\"http:\/\/arguscaruso.anafi.kinghost.net\/images\/fotos\/VII-03\/Caminho%20para%20o%20rio%20do%20Inferno001.jpg\" alt=\"\" width=\"200\" height=\"267\" align=\"left\" \/>De Morro de S\u00e3o Paulo desci para a ilha de Boipeba e, para chegar na sugestiva boca do rio do Inferno, <strong>quase morri de calor<\/strong>. Peguei uma trilha em um are\u00e3o fora da costa, sem sombra e com um ch\u00e3o fofo fervendo que me obrigou a empurrar a bicicleta e queimar meu p\u00e9. Mas n\u00e3o havia outra op\u00e7\u00e3o sen\u00e3o seguir em frente. Ali, se eu parasse, desidrataria com certeza. Cheguei meio zonzo na vila de Garapu\u00e1 e um casal me deu uns sete cocos que me ressuscitaram. Bebi, descansei, melhorei e continuei. Atravessei a balsa para a ilha de Boipeba e l\u00e1 encontrei mais um para\u00edso da nossa costa.<\/p>\n<p><img loading=\"lazy\" decoding=\"async\" src=\"http:\/\/arguscaruso.anafi.kinghost.net\/images\/fotos\/VII-03\/Casal%20que%20me%20deu%20os%20cocos001.jpg\" alt=\"\" width=\"200\" height=\"267\" align=\"left\" \/>Segui me deleitando com os coqueirais num visual que, apesar de maravilhoso, n\u00e3o mudou muito desde Recife. Sa\u00ed da ilha, segui pedalando, cruzei o rio de Contas e, de repente, surgiu uma cadeia de montanhas rochosas que encontra o mar e cria um trecho completamente diferente de todos os outros. A partir de Itacar\u00e9 existe uma cadeia de pequenas e inacredit\u00e1veis enseadas entre montanhas, coqueiros e gramados cujas praias s\u00f3 s\u00e3o acess\u00edveis atrav\u00e9s de caminhadas por trilhas dentro da mata Atl\u00e2ntica. Um para\u00edso, principalmente para os surfistas. Parei em Itacar\u00e9 por tr\u00eas dias e fiz algumas trilhas de bike.<\/p>\n<p><img loading=\"lazy\" decoding=\"async\" src=\"http:\/\/arguscaruso.anafi.kinghost.net\/images\/fotos\/VII-03\/Itacare%203001.jpg\" alt=\"\" width=\"470\" height=\"225\" \/><\/p>\n<p><img loading=\"lazy\" decoding=\"async\" src=\"http:\/\/arguscaruso.anafi.kinghost.net\/images\/fotos\/VII-03\/Mirante%20em%20Ponta%20do%20Santo%20-%20Itacare001.jpg\" alt=\"\" width=\"300\" height=\"239\" align=\"left\" \/>Nesse trecho, com a bicicleta carregada, a \u00fanica op\u00e7\u00e3o foi abandonar a costa e seguir pelo sobe e desce do asfalto. A \u00faltima montanha \u00e9 um mirante para toda a costa ao sul. Ali parei por horas, pensando no longo percurso ao sul que ainda tinha at\u00e9 a casa e vendo na curva do horizonte <strong>o mundo que j\u00e1 tinha ficado para tr\u00e1s. <\/strong><\/p>\n<p><img loading=\"lazy\" decoding=\"async\" src=\"http:\/\/arguscaruso.anafi.kinghost.net\/images\/fotos\/VII-03\/pista%20para%20ciclistas001.jpg\" alt=\"\" width=\"100\" height=\"75\" align=\"left\" \/>O \u00fanico trecho de estrada de asfalto que encontrei pista para ciclistas foi na sa\u00edda de Itacar\u00e9 e na chegada de Ilh\u00e9us. Parab\u00e9ns!! Ainda tem muito que fazer mas isso demonstra que algu\u00e9m est\u00e1 pensando na gente.<\/p>\n<p>Da hist\u00f3rica Ilh\u00e9us fui para Canavieiras. De l\u00e1 atravessei de barco o imenso mangue at\u00e9 Belmonte e segui pedalando por uma praia de \u00e1guas escuras e sem muita gra\u00e7a at\u00e9 chegar em Santa Cruz de Cabr\u00e1lia, local onde Pedro \u00c1lvares Cabral chegou no Brasil em 1500.<\/p>\n<p><img loading=\"lazy\" decoding=\"async\" src=\"http:\/\/arguscaruso.anafi.kinghost.net\/images\/fotos\/VII-03\/procissao%20de%20festa%20religiosa%20em%20canavieiras001.jpg\" alt=\"\" width=\"300\" height=\"144\" \/><\/p>\n<p>Em Santa Cruz de Cabr\u00e1lia tenho a recorda\u00e7\u00e3o da minha chegada de veleiro quando, em 2000, refiz a viagem de Cabral. Lembro que em 22 de abril, no anivers\u00e1rio de <strong>500 anos da chegada dos portugueses<\/strong>, vi a maior concentra\u00e7\u00e3o de policiais de toda minha vida. Eles estavam ali bloqueando a entrada dos ind\u00edgenas e espancando os que insistiam em entrar no centro das comemora\u00e7\u00f5es. Uma vergonha! Mas, pior que isso, foi ver que nosso governo hip\u00f3crita, para comemorar, estava inaugurando uma nova cruz cat\u00f3lica e um shopping em forma de oca para os ind\u00edgenas.<\/p>\n<p><img loading=\"lazy\" decoding=\"async\" src=\"http:\/\/arguscaruso.anafi.kinghost.net\/images\/fotos\/VII-03\/cruz%20credo001.jpg\" alt=\"\" width=\"200\" height=\"349\" align=\"left\" \/>A maior indigna\u00e7\u00e3o \u00e9 ver que, at\u00e9 hoje, ao inv\u00e9s de vergonha, o governo mostra com orgulho toda essa hist\u00f3ria. Infelizmente, nas nossas escolas, seguimos estudando que \u201cquem descobriu o Brasil\u201d foi Pedro \u00c1lvares Cabral e pouco aprendemos sobre nossos povos nativos enquanto nosso governo brada para que todos os turistas venham conhecer a linda \u201ccosta do descobrimento\u201d. Por <strong>amor \u00e0 veracidade e respeito aos povos ind\u00edgenas<\/strong>, n\u00e3o dever\u00edamos heroificar a chegada dos portugueses e sim reescrever nossa hist\u00f3ria sob a \u00f3tica de uma na\u00e7\u00e3o com identidade e sem a vis\u00e3o colonizada que insistimos em utilizar.<\/p>\n<p>Visitei o \u201cshopping em forma de oca\u201d e a \u201ccruz cat\u00f3lica\u201d. Tive vontade de ficar ali com um megafone na m\u00e3o, <strong>como um louco<\/strong>, gritando para todos os turistas a verdade daquele lugar. Mas de loucura j\u00e1 basta a bicicleta. Segui pedalando e deixo aqui a hist\u00f3ria que vi. Cabe a cada um, principalmente professor, pensar duas vezes antes de dizer que o Brasil foi um dia \u201cdescoberto\u201d e parar de heroificar a bandidagem que existiu durante toda nossa coloniza\u00e7\u00e3o.<\/p>\n<hr \/>\n<p>O sol continuou forte. Fiz as pedaladas apenas com um chap\u00e9u, um short e muita \u00e1gua de coco. A rota possui muitas bocas de rios e, v\u00e1rias vezes, dependi de balsas para atravess\u00e1-las. De Porto Seguro para o sul, comecei a ver imensas fal\u00e9sia com visuais incr\u00edveis. Parei em Arraial d\u00b4Ajuda, outra Ibiza baiana, e no outro dia fui para Trancoso.<\/p>\n<p><strong>O caso \u201cquadrado\u201d <\/strong><\/p>\n<p><strong><img loading=\"lazy\" decoding=\"async\" src=\"http:\/\/arguscaruso.anafi.kinghost.net\/images\/fotos\/VII-03\/igreja%20no%20quadrado%20de%20Trancoso001.jpg\" alt=\"\" width=\"300\" height=\"323\" align=\"left\" \/><\/strong>O \u201cquadrado\u201d \u00e9 o centro geogr\u00e1fico- religioso-social de Trancoso. \u00c9 uma imensa \u00e1rea verde retangular no alto de uma fal\u00e9sia. Tr\u00eas lados do quadrado s\u00e3o formados por casas e um lado \u00e9 o vazio da alucinante vista que o alto da fal\u00e9sia possui para o oceano. No centro do quadrado est\u00e1 a pequena igreja, uma das primeiras constru\u00e7\u00f5es portuguesas no pa\u00eds. A hist\u00f3ria do \u201cquadrado\u201d antev\u00ea a coloniza\u00e7\u00e3o mas infelizmente pouco se sabe das comunidades que ali viveram. Basta pisar naquele grande gramado para perceber que <strong>o local \u00e9 e sempre foi sagrado. <\/strong><\/p>\n<p><img loading=\"lazy\" decoding=\"async\" src=\"http:\/\/arguscaruso.anafi.kinghost.net\/images\/fotos\/VII-03\/igreja%20do%20quadrado%20em%20Trancoso001.jpg\" alt=\"\" width=\"300\" height=\"225\" align=\"left\" \/>H\u00e1 poucos anos atr\u00e1s, viviam no \u201cquadrado\u201d os <strong>pescadores da vila<\/strong>. Hoje o lindo local se transformou em um shopping a c\u00e9u aberto. As pequenas casas foram reformadas e adaptadas para receber grifes, restaurantes e bares. Os moradores nativos foram substitu\u00eddos pelos investidores forasteiros e os primeiros moradores formaram uma nova vila com constru\u00e7\u00f5es de cimento e amianto na sa\u00edda da cidade.<\/p>\n<p><img loading=\"lazy\" decoding=\"async\" src=\"http:\/\/arguscaruso.anafi.kinghost.net\/images\/fotos\/VII-03\/vsita%20do%20alto%20da%20falesia%20no%20quadrado%20de%20Trancoso%202001.jpg\" alt=\"\" width=\"300\" height=\"225\" align=\"left\" \/>A <strong>press\u00e3o imobili\u00e1ria e social<\/strong> se repete em quase todo o litoral brasileiro e fico com a impress\u00e3o de que todo local genuinamente belo, agrad\u00e1vel por ser simples e por seus moradores possu\u00edrem uma hospitalidade leg\u00edtima, em breve ir\u00e1 se transformar em grandes empreendimentos capitalistas. Bastar\u00e3o os primeiros mercantilistas se aproximarem (e o mundo est\u00e1 cheio deles) que o local perder\u00e1 sua beleza aut\u00eantica para o se transformar em mais um ambiente pasteurizado expulsando toda a simplicidade e beleza de povos que antes ali conseguiam viver felizes e sem gan\u00e2ncia.<\/p>\n<p><img loading=\"lazy\" decoding=\"async\" src=\"http:\/\/arguscaruso.anafi.kinghost.net\/images\/fotos\/VII-03\/roda%20de%20capoeira%20no%20quadrado%20em%20Trancoso001.jpg\" alt=\"\" width=\"300\" height=\"202\" \/><\/p>\n<p>A comunidade de Trancoso est\u00e1 se mobilizando para evitar maiores destrui\u00e7\u00f5es. J\u00e1 foram feitos v\u00e1rios <strong>abaixo-assinados<\/strong> mas tudo indica que as grandes corpora\u00e7\u00f5es ir\u00e3o falar mais alto e continuar suas inconseq\u00fcentes interven\u00e7\u00f5es em todo litoral.<\/p>\n<p><img loading=\"lazy\" decoding=\"async\" src=\"http:\/\/arguscaruso.anafi.kinghost.net\/images\/fotos\/VII-03\/praia%20do%20espelho001.jpg\" alt=\"\" width=\"300\" height=\"225\" \/><\/p>\n<p><em>\u201c&#8230; N\u00f3s, a comunidade de Trancoso e seus visitantes, viemos por meio deste abaixo assinado pedir a cria\u00e7\u00e3o e implanta\u00e7\u00e3o de um parque ecol\u00f3gico mar\u00edtimo numa \u00e1rea litor\u00e2nea em frente da vila, por motivo de prevenir a destrui\u00e7\u00e3o desta mesma \u00e1rea atrav\u00e9s de mega empreendimentos imobili\u00e1rios e tur\u00edsticos, especificamente, o desenvolvimento e constru\u00e7\u00e3o de um resort e marina. A \u00e1rea em quest\u00e3o est\u00e1 limitada pela foz do Rio Trancoso at\u00e9 aproximadamente 2 km para o sul (praia chamada do Vegetal), e desde os corais e recifes pr\u00f3ximos da praia at\u00e9 a estrada beirando as fal\u00e9sias, mais ou menos 60 hectares em total.\u201d <\/em>Abaixo Assinado com mais de mil e trezentas assinaturas<\/p>\n<p><img loading=\"lazy\" decoding=\"async\" src=\"http:\/\/arguscaruso.anafi.kinghost.net\/images\/fotos\/VII-03\/Mangue%20em%20Boipeba%202001.jpg\" alt=\"\" width=\"300\" height=\"225\" \/><\/p>\n<p><em>\u201cE ste projeto \u00e9 de car\u00e1ter urgente a fim de prevenir a descaracteriza\u00e7\u00e3o, degrada\u00e7\u00e3o e privatiza\u00e7\u00e3o desta \u00e1rea atrav\u00e9s de empreendimentos tur\u00edsticos que s\u00f3 favorecem a poucos e transforma em \u201cjardins\u201d o habitat natural existente, dificultando a comunidade de usufruir dessas praias dentro dessa \u00e1rea. Por ser empreendimentos de alto n\u00edvel, fica invi\u00e1vel compartilhar esta \u00e1rea com pessoas simples e humildes como \u00e9 nossa comunidade!!!\u201d <\/em>Projeto Parque Ecol\u00f3gico Mar\u00edtimo de Trancoso<\/p>\n<p><img loading=\"lazy\" decoding=\"async\" src=\"http:\/\/arguscaruso.anafi.kinghost.net\/images\/fotos\/VII-03\/cerca%20invadindo%20area%20de%20preservacao001.jpg\" alt=\"\" width=\"300\" height=\"225\" align=\"left\" \/>N\u00e3o faltam exemplos para esse problema, em v\u00e1rios pontos vi \u00e1reas de mangues aterradas e invadidas por casas e pousadas. As \u00e1reas de prote\u00e7\u00e3o ambiental de costa mar\u00edtima e de margens de rios, apesar de existirem leis federais defendendo-as, s\u00e3o totalmente desrespeitadas pelos inconseq\u00fcentes que ali constroem. Algumas pousadas chegam ao absurdo da ilegalidade ambiental e social de avan\u00e7ar a cerca de uma forma que, durante a enchente da mar\u00e9, os transeuntes precisam caminhar dentro da \u00e1gua para transp\u00f4-las.<\/p>\n<p>O litoral brasileiro necessita de um <strong>plano diretor<\/strong> (ambiental, social e econ\u00f4mico) urgente que norteie e controle o crescimento urbano e as interfer\u00eancias sociais. Infelizmente quase nenhuma das vilas pelas quais eu passei possui sequer uma lei de uso e ocupa\u00e7\u00e3o do solo.<\/p>\n<hr \/>\n<p><img loading=\"lazy\" decoding=\"async\" src=\"http:\/\/arguscaruso.anafi.kinghost.net\/images\/fotos\/VII-03\/festa%20de%20sao%20bras%202001.jpg\" alt=\"\" width=\"300\" height=\"225\" \/><\/p>\n<p>Ainda em Trancoso presenciei a tradicional <strong>Festa de S\u00e3o Br\u00e1s<\/strong>, o simp\u00e1tico santo que pede para os foli\u00f5es \u201cfestejarem com toda alegria\u201d. Para ajudar que os pedidos do santo sejam realizados, a comunidade oferece m\u00fasica e cacha\u00e7a durante toda festa. Alguns fi\u00e9is mais devotos passam os dois dias fazendo sua prazerosa oferenda de felicidade sem parar nem sequer para dormir. A festa \u00e9 pop e gr\u00e1tis o que me proporcionou matar a saudade de dan\u00e7ar um forr\u00f3 (for all) junto com as pessoas mais simples da vila, igual era h\u00e1 alguns anos atr\u00e1s, antes da transforma\u00e7\u00e3o do \u201cquadrado\u201d.<\/p>\n<p><img loading=\"lazy\" decoding=\"async\" src=\"http:\/\/arguscaruso.anafi.kinghost.net\/images\/fotos\/VII-03\/pau%20de%20sao%20bras001.jpg\" alt=\"\" width=\"300\" height=\"225\" \/><\/p>\n<p>De Trancoso segui para a paradis\u00edaca Cara\u00edva, uma vila entre a reserva ind\u00edgena dos Patax\u00f3s, a praia e o rio. Meu maior esfor\u00e7o foi o de n\u00e3o parar eternamente nesses para\u00edsos. De Cara\u00edva foi realmente dif\u00edcil partir, principalmente porque sabia que dali eu abandonaria a costa e come\u00e7aria o trecho pelas montanhas. N\u00e3o por acaso, foi o local m\u00e1gico escolhido para a mudan\u00e7a da rota.<\/p>\n<p><img loading=\"lazy\" decoding=\"async\" src=\"http:\/\/arguscaruso.anafi.kinghost.net\/images\/fotos\/VII-03\/transporte001.jpg\" alt=\"\" width=\"300\" height=\"305\" align=\"left\" \/>Nas vilas pelas quais eu passava encontrei muitas pessoas usando <strong>burros como meio de transporte<\/strong>. Nas estradas \u00e9 f\u00e1cil encontrar fam\u00edlias inteiras viajando com seus burrinhos e suas mudan\u00e7as. N\u00f4mades na eterna aventura de uma vida melhor, vivendo na ilus\u00e3o de que encontrar\u00e3o a felicidade logo que passarem pela linha imagin\u00e1ria do \u201cir para fora\u201d.<\/p>\n<p><img loading=\"lazy\" decoding=\"async\" src=\"http:\/\/arguscaruso.anafi.kinghost.net\/images\/fotos\/VII-03\/transporte%20no%20sul%20da%20Bahia%202001.jpg\" alt=\"\" width=\"300\" height=\"171\" align=\"left\" \/>Em Cara\u00edva n\u00e3o se usa carro e o transporte oficial tamb\u00e9m s\u00e3o as charretes e burros. Para muitos ali o quil\u00f4metro \u00e9 uma medida inexistente. Quando eu perguntava a dist\u00e2ncia dos locais me respondiam:<\/p>\n<p>\u2013 Ihhh, esse neg\u00f3cio de quil\u00f4metro eu n\u00e3o sei n\u00e3o&#8230; \u00e9 longe.<\/p>\n<p>&#8211; Mas quanto de longe?<\/p>\n<p>&#8211; Um tanto bom.<\/p>\n<p>&#8211; Mas quanto tempo andando?<\/p>\n<p>&#8211; Ahh, umas duas suadas de \u00e9gua!<\/p>\n<p><img loading=\"lazy\" decoding=\"async\" src=\"http:\/\/arguscaruso.anafi.kinghost.net\/images\/fotos\/VII-03\/carroca%20em%20Caraiva001.jpg\" alt=\"\" width=\"300\" height=\"222\" \/><\/p>\n<p>Mais importante do que aprender que a referida \u00e9gua suava a cada tr\u00eas quil\u00f4metros, foi me<strong> desprender dessa nossa mania de quantificar as coisas<\/strong>. Os adultos sempre me perguntam os n\u00fameros da viagem &#8211; Quantos pneus precisei, quantos quil\u00f4metros rodei, quantos pa\u00edses visitei, etc. enquanto as crian\u00e7as sempre perguntam como vivi ou por que fiz a viagem. Acho que comecei com mente de adulto e acabei pensando como as crian\u00e7as.<\/p>\n<p><img loading=\"lazy\" decoding=\"async\" src=\"http:\/\/arguscaruso.anafi.kinghost.net\/images\/fotos\/VII-03\/crianca%20em%20caraiva001.jpg\" alt=\"\" width=\"300\" height=\"225\" \/><\/p>\n<p>Depois de Cara\u00edva subi o vale do rio Jequitinhonha. Mas as montanhas de Minas ficar\u00e3o para o pr\u00f3ximo relat\u00f3rio.<\/p>\n<p>Um abra\u00e7o,<\/p>\n<p>Argus<\/p>\n<p><img loading=\"lazy\" decoding=\"async\" src=\"http:\/\/arguscaruso.anafi.kinghost.net\/images\/fotos\/VII-03\/Frases%20na%20Bahia001.jpg\" alt=\"\" width=\"200\" height=\"79\" \/><\/p>\n<p>&#8220;Se for planejar a vida, planeje a utopia.&#8221;<\/p>\n<hr \/>\n<p><strong>Obrigado pelo apoio:<\/strong><\/p>\n<p><a href=\"http:\/\/www.postaisdomorro.com\/\">Morro de S\u00e3o Paulo &#8211; www.postaisdomorro.com <\/a><\/p>\n<p><a href=\"http:\/\/www.ilheuspraia.com.br\/\">Ilh\u00e9us &#8211; www.ilheuspraia.com.br <\/a><\/p>\n<p>Arraial d\u00b4Ajuda &#8211; <a href=\"http:\/\/www.pousadadoroballo.com.br\/\">www.pousadadoroballo.com.br<\/a><\/p>\n<p><a href=\"http:\/\/www.totpizza.com\/\">Itacar\u00e9 &#8211; <\/a> Pizza a metro<\/p>\n<p>Itacar\u00e9 &#8211; Pousada da paz<\/p>\n<p>Trancoso \u2013 Pousada Hibisco<\/p>\n<p>Trancoso &#8211; Caf\u00e9 Esmeralda Albergue<\/p>\n<p>Cara\u00edva &#8211; ANAC Associa\u00e7\u00e3o dos Nativos de Cara\u00edva<\/p>\n<hr \/>\n<p><strong>Para saber mais: <\/strong><\/p>\n<p><a href=\"http:\/\/www.biotur.com.br\/\">www.biotur.com.br <\/a><\/p>\n<p>www.iesb.org.br<\/p>\n<p>ww<a href=\"http:\/\/www.vozdetrancoso.com\/\">w.vozdetrancoso.com <\/a><\/p>\n<p><a href=\"http:\/\/www.trancoso.falai.net\/\">www.trancoso.falai.net <\/a><\/p>\n<p>Funda\u00e7\u00e3o Joaquim Nabuco<\/p>\n<p><a href=\"http:\/\/www.fundaj.gov.br\/\">www.fundaj.gov.br <\/a><\/p>\n<p><a href=\"http:\/\/www.ambientebrasil.com.br\/\">www.ambientebrasil.com.br <\/a><\/p>\n<p><a href=\"http:\/\/www.sudene.gov.br\/\">www.sudene.gov.br <\/a><\/p>\n<p>www.vermelho.org.br<\/p>\n<p><a href=\"http:\/\/www.palmares\/\">www.palmares.gov.br<\/a><\/p>\n<p><a href=\"http:\/\/www.mi.gov.br\/\">www.mi.gov.br <\/a><\/p>\n<p><strong>Jornais<\/strong><\/p>\n<p><a href=\"http:\/\/odia.ig.com.br\/\">O Dia <\/a>&#8211; Rio de Janeiro daily<\/p>\n<p><a href=\"http:\/\/www.correioweb.com.br\/\">O Correio Brazilense <\/a> &#8211; influential broadsheet<\/p>\n<p><a href=\"http:\/\/oglobo.globo.com\/\">O Globo <\/a> &#8211; Globo-owned Rio de Janeiro daily<\/p>\n<p><a href=\"http:\/\/jbonline.terra.com.br\/\">Jornal do Brasil <\/a> &#8211; Rio de Janeiro daily<\/p>\n<p><a href=\"http:\/\/www.folha.com.br\/\">Folha de Sao Paulo <\/a>&#8211; daily<\/p>\n<p><a href=\"http:\/\/www.estado.estadao.com.br\/\">O Estado de Sao Paulo <\/a>&#8211; daily<\/p>\n<p><strong>Televis\u00f5es<\/strong><\/p>\n<p><a href=\"http:\/\/www.band.com.br\/\">TV Band <\/a> &#8211; commercial network operated by Grupo Bandeirantes<\/p>\n<p><a href=\"http:\/\/redeglobo3.globo.com\/home\/\">Rede Globo <\/a> &#8211; major commercial network operated by Globo<\/p>\n<p><a href=\"http:\/\/www.sbt.com.br\/\">Sistema Brasileiro de Televisao (SBT) <\/a> &#8211; major commercial network<\/p>\n<p><a href=\"http:\/\/www.rederecord.com.br\/\">TV Record <\/a> &#8211; major commercial network<\/p>\n<p><a href=\"http:\/\/www.radiobras.gov.br\/\">NBR <\/a> &#8211; operated by state-run Radiobras<\/p>\n<p><a href=\"http:\/\/www.redetv.com\/\">Rede TV <\/a> &#8211; commercial network<\/p>\n<p><a href=\"http:\/\/www.tvcultura.com.br\/\">TV Cultura <\/a> &#8211; public TV network with educational, cultural programming<\/p>\n<p><strong>Radio <\/strong><\/p>\n<p><a href=\"http:\/\/www.radiobras.gov.br\/nacional\/\">Radio Nacional <\/a>&#8211; FM and mediumwave (AM) network operated by state-run Radiobras<\/p>\n<p><a href=\"http:\/\/radioclick.globo.com\/globobrasil\/\">Radio Globo <\/a> &#8211; commercial network operated by Globo<\/p>\n<p><a href=\"http:\/\/www.radioeldorado.com.br\/\">Radio Eldorado <\/a> &#8211; affiliated to O Estado de Sao Paulo newspaper, operates mediumwave (AM) news station and FM music station<\/p>\n<p><a href=\"http:\/\/www.band.com.br\/\">Radio Bandeirantes <\/a> &#8211; network operated by Grupo Bandeirantes<\/p>\n<p><a href=\"http:\/\/www.radiocultura.com.br\/\">Radio Cultura <\/a> &#8211; public radio network, cultural programming<\/p>\n<p><strong>Agencias de noticias <\/strong><\/p>\n<p><a href=\"http:\/\/www.radiobras.gov.br\/\">Agencia Brasil <\/a> &#8211; state-owned<\/p>\n<p><a href=\"http:\/\/www.estadao.com.br\/agestado\/\">Agencia Estado <\/a> &#8211; private, Sao Paulo-based<\/p>\n<p><a href=\"http:\/\/www.agenciaoglobo.com.br\/\">Agencia Globo <\/a> \u2013 private<\/p>\n","protected":false},"excerpt":{"rendered":"<p>Brasil &#8211; Salvador a Cara\u00edva Ol\u00e1 amigos, O percurso foi num litoral de are\u00f5es com longas praias e coqueirais onde, durante horas, eu n\u00e3o via absolutamente ningu\u00e9m. Em quase todo o percurso pude pedalar diretamente na areia que, na mar\u00e9 baixa, ficava dura e plana e se transformava numa imensa rodovia particular com os barulhos [&hellip;]<\/p>\n","protected":false},"author":1,"featured_media":0,"parent":356,"menu_order":40,"comment_status":"closed","ping_status":"closed","template":"","meta":{"footnotes":""},"class_list":["post-599","page","type-page","status-publish","hentry"],"_links":{"self":[{"href":"https:\/\/caminhos.arguscaruso.com.br\/index.php?rest_route=\/wp\/v2\/pages\/599","targetHints":{"allow":["GET"]}}],"collection":[{"href":"https:\/\/caminhos.arguscaruso.com.br\/index.php?rest_route=\/wp\/v2\/pages"}],"about":[{"href":"https:\/\/caminhos.arguscaruso.com.br\/index.php?rest_route=\/wp\/v2\/types\/page"}],"author":[{"embeddable":true,"href":"https:\/\/caminhos.arguscaruso.com.br\/index.php?rest_route=\/wp\/v2\/users\/1"}],"replies":[{"embeddable":true,"href":"https:\/\/caminhos.arguscaruso.com.br\/index.php?rest_route=%2Fwp%2Fv2%2Fcomments&post=599"}],"version-history":[{"count":1,"href":"https:\/\/caminhos.arguscaruso.com.br\/index.php?rest_route=\/wp\/v2\/pages\/599\/revisions"}],"predecessor-version":[{"id":1828,"href":"https:\/\/caminhos.arguscaruso.com.br\/index.php?rest_route=\/wp\/v2\/pages\/599\/revisions\/1828"}],"up":[{"embeddable":true,"href":"https:\/\/caminhos.arguscaruso.com.br\/index.php?rest_route=\/wp\/v2\/pages\/356"}],"wp:attachment":[{"href":"https:\/\/caminhos.arguscaruso.com.br\/index.php?rest_route=%2Fwp%2Fv2%2Fmedia&parent=599"}],"curies":[{"name":"wp","href":"https:\/\/api.w.org\/{rel}","templated":true}]}}