{"id":603,"date":"2009-10-21T18:13:01","date_gmt":"2009-10-21T21:13:01","guid":{"rendered":"http:\/\/caminhos.arguscaruso.com.br\/projetos\/pedalando-educando\/relatorios-de-viagem\/africa-e-chegada-ao-brasil\/etapa-6b-%e2%80%93-relatorio-4\/"},"modified":"2024-03-16T14:20:31","modified_gmt":"2024-03-16T14:20:31","slug":"etapa-6b-relatorio-4","status":"publish","type":"page","link":"https:\/\/caminhos.arguscaruso.com.br\/?page_id=603","title":{"rendered":"Etapa 6B \u2013 Relat\u00f3rio 4"},"content":{"rendered":"<h4>Brasil &#8211; Cara\u00edva\/Cordisburgo<\/h4>\n<h3>Ol\u00e1 amigos, O sonho foi realizado!! Cheguei em Cordisburgo dia 26 de fevereiro com muita festa e mais de cem bicicletas me acompanhando. Foram 3 anos e 3 meses girando por essa nossa pequena bola flutuante.<\/h3>\n<p><img loading=\"lazy\" decoding=\"async\" src=\"http:\/\/arguscaruso.anafi.kinghost.net\/images\/fotos\/VII-04\/chegada%202.jpg\" alt=\"\" width=\"300\" height=\"225\" \/><\/p>\n<p>A demora para escrever este \u00faltimo cap\u00edtulo talvez tenha sido uma in\u00fatil tentativa de prolongar essa grande volta por mais alguns meses. E a volta realmente n\u00e3o existe. Estamos sempre partindo&#8230;<\/p>\n<p><em>\u201cTudo o que j\u00e1 foi \u00e9 o come\u00e7o do que vai vir\u201d <\/em><\/p>\n<p>Jo\u00e3o Guimar\u00e3es Rosa<\/p>\n<hr \/>\n<p><strong>Sa\u00edda de Cara\u00edva <\/strong><\/p>\n<p>Parti da paradis\u00edaca Cara\u00edva em dire\u00e7\u00e3o \u00e0s montanhas de Minas. Logo no in\u00edcio vi esculturas naturais de pedras gigantes que formam o Parque Nacional do Monte Pascoal.<\/p>\n<p><img loading=\"lazy\" decoding=\"async\" src=\"http:\/\/arguscaruso.anafi.kinghost.net\/images\/fotos\/VII-04\/Parque%20Monte%20Pascoal.JPG\" alt=\"\" width=\"300\" height=\"90\" \/><\/p>\n<p>Dentro do Parque est\u00e1 localizada a reserva ind\u00edgena dos Patax\u00f3s e foi l\u00e1 o primeiro local avistado pelos portugueses, em 21 de abril de 1500. Nesta \u00e9poca, o litoral baiano era ocupado por tr\u00eas na\u00e7\u00f5es ind\u00edgenas do grupo Tupi: os Tupinamb\u00e1s, os Tupiniquins e os Aimor\u00e9s.<\/p>\n<p>Foi exatamente ali que iniciou, de uma forma definitiva, a transforma\u00e7\u00e3o da hist\u00f3ria do nosso pa\u00eds. Desde ent\u00e3o muita bandidagem e hist\u00f3rias mal contadas chegaram \u00e0s terras dos Tupis. O antrop\u00f3logo Darcy Ribeiro calcula que mais da metade da popula\u00e7\u00e3o abor\u00edgene da Am\u00e9rica, Austr\u00e1lia e ilhas oce\u00e2nicas morreu logo no primeiro contato com os homens brancos. A estrutura do \u201cBrasil Dependente\u201d, criada pelos portugueses, sofreu v\u00e1rias muta\u00e7\u00f5es mas nunca desapareceu. Hoje o pa\u00eds \u00e9 escravo de uma d\u00edvida impag\u00e1vel que o conduz \u00e0 eterna submiss\u00e3o. A pequena esperan\u00e7a de transforma\u00e7\u00e3o reside nos governantes, que atualmente vivem na cidade encantada de Bras\u00edlia, perto do poder e longe do povo, se afundando num mar de lama e corrup\u00e7\u00e3o. A economia do pa\u00eds, assim como em quase todos os pa\u00edses do terceiro mundo, \u00e9 dependente das grandes corpora\u00e7\u00f5es que sufocam a auto-sufici\u00eancia brasileira. A independ\u00eancia nunca existiu. Se os governantes s\u00e3o incapazes de alcan\u00e7\u00e1-la, \u00e9 o povo que precisa se mover. Atrav\u00e9s da consci\u00eancia de cada um, ajudando o pr\u00f3ximo para levantar o grupo. O governo somos n\u00f3s, todos e \u00fanicos com capacidade de mudan\u00e7a. \u00c9 preciso e ducar, politizar e parar de esperar.<\/p>\n<p><em>\u201cEm troca de invers\u00f5es insignificantes, as filiais das grandes corpora\u00e7\u00f5es saltam de um s\u00f3 pulo as barreiras aduaneiras latino-americanas, paradoxalmente levantadas contra a concorr\u00eancia estrangeira, e se apoderam dos processos internos de industrializa\u00e7\u00e3o. Exportam f\u00e1bricas ou, freq\u00fcentemente, encurralam e devoram as f\u00e1bricas nacionais j\u00e1 existentes. Contam, para isso, com a ajuda entusi\u00e1stica da maioria dos governos locais e com a capacidade de extors\u00e3o que p\u00f5em a seu servi\u00e7o os organismos internacionais de cr\u00e9dito\u201d <\/em><\/p>\n<p>Eduardo Galeano &#8211; As Veias Abertas da Am\u00e9rica Latina &#8211; Editora Paz e Terra &#8211; 1976 (Censurado durante a ditadura brasileira)<\/p>\n<p><img loading=\"lazy\" decoding=\"async\" src=\"http:\/\/arguscaruso.anafi.kinghost.net\/images\/fotos\/VII-04\/chuva%20na%20estrada.JPG\" alt=\"\" width=\"300\" height=\"184\" \/><\/p>\n<p>Do hist\u00f3rico parque, segui pedalando pelo vale do Rio Jequitinhonha. Depois de tantos contrastes pelo mundo comecei a ver novamente o local de onde parti, as montanhas de Minas. Aos poucos fui reconhecendo minha pr\u00f3pria cultura, o povo, as comidas, os transportes, etc. Mas a chegada teve uma dimens\u00e3o muito diferente. J\u00e1 n\u00e3o era o mesmo que pedalava. A transforma\u00e7\u00e3o \u00e9 o <em>status quo <\/em>do Planeta. Enquanto fiz o giro para um lado, a rota\u00e7\u00e3o da Terra nos girou mais de mil vezes para o outro. E t udo mudou de uma forma sutil, como quem abre o terceiro olho para ver, na simplicidade das coisas, o pr\u00f3prio mundo.<\/p>\n<p><img loading=\"lazy\" decoding=\"async\" src=\"http:\/\/arguscaruso.anafi.kinghost.net\/images\/fotos\/VII-04\/por%20do%20sol.JPG\" alt=\"\" width=\"300\" height=\"115\" \/><\/p>\n<hr \/>\n<p><strong>Vale do Jequitinhonha <\/strong><\/p>\n<p>Pedalei um pouco distante do rio e cruzando muitas montanhas em estradas de barro. Senti tanta pregui\u00e7a e calor que at\u00e9 procurei um m\u00e9dico. A regi\u00e3o possui pouca infra-estrutura e, do local onde eu me encontrava, demorei dois dias para chegar num hospital. Para sair da vila existiam apenas as op\u00e7\u00f5es de moto, a cavalo ou de bicicleta. Resolvi ir pedalando e, passando mal, viajei 20 quil\u00f4metros. No outro dia peguei o \u00f4nibus da vila para finalmente chegar em Almenara, \u00fanico hospital da regi\u00e3o. Quando cheguei, j\u00e1 estava quase curado pois, por via das d\u00favidas, tomei um verm\u00edfugo e, por sorte, acertei o problema. Incr\u00edvel imaginar que, apesar de t\u00e3o perto, caso eu precisasse, seriam necess\u00e1rios no m\u00ednimo tr\u00eas dias para chegar em casa!<\/p>\n<p><img loading=\"lazy\" decoding=\"async\" src=\"http:\/\/arguscaruso.anafi.kinghost.net\/images\/fotos\/VII-04\/Caixa%20dagua%20do%20Brasil.jpg\" alt=\"\" width=\"300\" height=\"205\" \/><\/p>\n<p>O local \u00e9 conhecido pela pobreza mas \u00e9 muito mais rico que imagina. Quase todos possuem comida e uma vida saud\u00e1vel. Fazem lindas esculturas de barro e muitas festas populares. Ainda est\u00e3o longe do ideal mas seguramente muito melhor que muitos pa\u00edses que passei. Apesar da pobreza, ningu\u00e9m tentou me roubar. Mendigos e garotos de rua apenas pediam comida. Sempre conversei com eles e acredito que isso \u00e9 muito importante. De uma forma diferente, eu tamb\u00e9m tive de pedir muito nessa viagem e aprendi que o pior \u201cn\u00e3o\u201d \u00e9 a desconsidera\u00e7\u00e3o.<\/p>\n<p><img loading=\"lazy\" decoding=\"async\" src=\"http:\/\/arguscaruso.anafi.kinghost.net\/images\/fotos\/VII-04\/Serra%20do%20Cipo.jpg\" alt=\"\" width=\"300\" height=\"225\" \/><\/p>\n<p><em>&#8220;O senhor&#8230; Mire e veja: o mais importante e bonito, do mundo, \u00e9 isto: que as pessoas n\u00e3o est\u00e3o sempre iguais, ainda n\u00e3o foram terminadas &#8211; mas que elas v\u00e3o sempre mudando. Afinam ou desafinam. Verdade maior. \u00c9 o que a vida me ensinou. Isso que me alegra, mont\u00e3o&#8221;. <\/em><\/p>\n<p>Jo\u00e3o Guimar\u00e3es Rosa<\/p>\n<p><img loading=\"lazy\" decoding=\"async\" src=\"http:\/\/arguscaruso.anafi.kinghost.net\/images\/fotos\/VII-04\/bicicleta%20quebrada.JPG\" alt=\"\" width=\"300\" height=\"215\" \/><\/p>\n<p>A ferrugem do litoral n\u00e3o perdoou a bike. A corrente virou uma pedra, a \u00fanica sobressalente que encontrei no caminho n\u00e3o funcionou e acabou quebrando o c\u00e2mbio traseiro. Fiz uns improvisos e segui cheio de gambiarras. Continuei subindo e dividindo a estrada com os vaqueiros e caminh\u00f5es que passam recolhendo o leite de vaca das fazendas. Segui aplicando o <strong>golpe da garrafinha d\u00b4\u00e1gua <\/strong>. Pelas estradas de terra sempre tem uma casa que lan\u00e7a o cheiro do almo\u00e7o no ar. Quando eu sentia o cheiro, bebia o resto de \u00e1gua, chegava na porta e pedia para encher a garrafinha. Era muito dif\u00edcil a pessoa entregar a \u00e1gua e n\u00e3o perguntar alguma coisa. Daquele papo sempre surgiu o assunto de comida e hospedagem. Na resposta eu explicava que as pessoas me oferecem comida, etc e sempre, logo depois da resposta, o dono da casa me convida para comer. \u00c9 preciso cara de pau. Concordo. Mas acho que no final \u00e9 bom para todos. Fome e coopera\u00e7\u00e3o s\u00e3o instintos. Obrigado a todas casas que cooperaram!<\/p>\n<p><img loading=\"lazy\" decoding=\"async\" src=\"http:\/\/arguscaruso.anafi.kinghost.net\/images\/fotos\/VII-04\/Flor%20de%20maracuja.jpg\" alt=\"\" width=\"300\" height=\"225\" \/><\/p>\n<p>Infelizmente continuei vendo muita polui\u00e7\u00e3o nos rios. Foi assim em quase todos os pa\u00edses. Muito triste isso. O ser humano tem sido o animal que mais destr\u00f3i o Planeta. O ser racional que faz muitas coisas irracionais. O caminho est\u00e1 errado e a velocidade \u00e9 alta. A sociedade precisa, sem gan\u00e2ncia, de uma dire\u00e7\u00e3o pac\u00edfica e consciente. Vi nos olhos de todos que encontrei no caminho a vontade e consci\u00eancia da necessidade de mudan\u00e7a mas, infelizmente, a representa\u00e7\u00e3o dessa vontade, atrav\u00e9s dos nossos governantes, n\u00e3o reflete essa luz. Nem sequer tivemos a compet\u00eancia de manter um rio limpo e j\u00e1 pensamos em brincar de Deus e modificar seus percursos.<\/p>\n<hr \/>\n<p><strong>Diamantina &#8211; Estrada Real <\/strong><\/p>\n<p><img loading=\"lazy\" decoding=\"async\" src=\"http:\/\/arguscaruso.anafi.kinghost.net\/images\/fotos\/VII-04\/diamantina%203.JPG\" alt=\"\" width=\"300\" height=\"278\" \/><\/p>\n<p>O rio Jequitinhonha passa pelo Planalto do Brasil e \u00e0 minha direita eu avistava longe a imensa serra do Espinha\u00e7o. Depois de muitas subidas, a transforma\u00e7\u00e3o da arquitetura foi deixando clara a presen\u00e7a dos colonizadores na regi\u00e3o. Eu estava chegando em Diamantina, cidade onde os portugueses encontraram diamantes e ocuparam a regi\u00e3o com casar\u00f5es e imensas igrejas.<\/p>\n<p><img loading=\"lazy\" decoding=\"async\" src=\"http:\/\/arguscaruso.anafi.kinghost.net\/images\/fotos\/VII-04\/serro.JPG\" alt=\"\" width=\"183\" height=\"300\" align=\"left\" \/><\/p>\n<p><em>\u201cA espada e a cruz marchavam juntas na conquista e na espolia\u00e7\u00e3o colonial\u201d <\/em><\/p>\n<p>Eduardo Galeano<\/p>\n<p>A cidade \u00e9 o ponto inicial da Estrada Real, caminho por onde escoou muito do ouro e pedras preciosas roubados para enfeitar as madames, catedrais e pal\u00e1cios europeus.<\/p>\n<p><img loading=\"lazy\" decoding=\"async\" src=\"http:\/\/arguscaruso.anafi.kinghost.net\/images\/fotos\/VII-04\/diamantina%205.JPG\" alt=\"\" width=\"300\" height=\"225\" \/><\/p>\n<p><img loading=\"lazy\" decoding=\"async\" src=\"http:\/\/arguscaruso.anafi.kinghost.net\/images\/fotos\/VII-04\/diamantina.JPG\" alt=\"\" width=\"300\" height=\"225\" \/><\/p>\n<p><em>\u201cPor terem constitu\u00eddo, durante longo tempo, as \u00fanicas vias autorizadas de acesso \u00e0 regi\u00e3o das reservas aur\u00edferas e diamant\u00edferas da capitania das Minas Gerais, os caminhos reais adquiriram, j\u00e1 a partir da sua abertura, natureza oficial. A circula\u00e7\u00e3o de pessoas, mercadorias, ouro e diamante era obrigatoriamente feita por eles, constituindo crime de lesa-majestade a abertura de novos caminhos.\u201d <\/em><\/p>\n<p>M\u00e1rcio Santos em Estradas Reais: introdu\u00e7\u00e3o ao estudo dos caminhos do ouro e do diamante no Brasil (Belo Horizonte: Editora Estrada Real, 2001).<\/p>\n<p><img loading=\"lazy\" decoding=\"async\" src=\"http:\/\/arguscaruso.anafi.kinghost.net\/images\/fotos\/VII-04\/Milho%20Verde.jpg\" alt=\"\" width=\"290\" height=\"300\" \/><\/p>\n<p>Hoje o governo est\u00e1 transformando o caminho em uma rota tur\u00edstica. A id\u00e9ia \u00e9 boa e o potencial existe. Mas o Brasil \u00e9 um fracasso no turismo mundial e possui m\u00edseros 0,6 % desse mercado (2001 World Tourism Organization). O problema n\u00e3o est\u00e1 na falta de belezas naturais, muito pelo contr\u00e1rio, mas na terr\u00edvel fama de pa\u00eds violento que, ultimamente, faz com que grande parte dos turistas em busca de pa\u00edses tropicais, prefiram o tranq\u00fcilo Sudeste Asi\u00e1tico que a Latino Am\u00e9rica.<\/p>\n<p><img loading=\"lazy\" decoding=\"async\" src=\"http:\/\/arguscaruso.anafi.kinghost.net\/images\/fotos\/VII-04\/Detalhes%20de%20Diamantina%202.jpg\" alt=\"\" width=\"225\" height=\"300\" \/><\/p>\n<p>Muito diferente da viol\u00eancia das grandes cidades, algumas regi\u00f5es do Brasil possuem uma paz su\u00ed\u00e7a. \u00c9 o caso dessas pequenas cidades mineiras. Em Diamantina me encontrei com os amigos Rodrigo e Eliana e seguimos pedalando pelas simp\u00e1ticas vilas de Serro e Milho Verde, na serra do Cip\u00f3. Um para\u00edso entre as montanhas, cachoeiras e a simpatia dos habitantes. O ser humano tem alma boa. Por sorte ou anjo forte, todos que encontrei, a seus modos, quiseram me ajudar. Aqui no sert\u00e3o de Minas era s\u00f3 Deus te acompanhe, Deus te cuide, Deus te aben\u00e7oa, FicumDeus&#8230; Cafezin, Bolin, Queijin, Cachacin.<\/p>\n<p><img loading=\"lazy\" decoding=\"async\" src=\"http:\/\/arguscaruso.anafi.kinghost.net\/images\/fotos\/VII-04\/Cafezinho.jpg\" alt=\"\" width=\"300\" height=\"218\" \/><\/p>\n<p><img loading=\"lazy\" decoding=\"async\" src=\"http:\/\/arguscaruso.anafi.kinghost.net\/images\/fotos\/VII-04\/comida%20mineira.jpg\" alt=\"\" width=\"300\" height=\"300\" \/><\/p>\n<p><em>&#8220;O correr da vida embrulha tudo, a vida \u00e9 assim: esquenta e esfria, aperta e da\u00ed afrouxa, sossega e depois desinquieta. O que ela quer da gente \u00e9 coragem. &#8221; <\/em><\/p>\n<p>Jo\u00e3o Guimar\u00e3es Rosa<\/p>\n<p><img loading=\"lazy\" decoding=\"async\" src=\"http:\/\/arguscaruso.anafi.kinghost.net\/images\/fotos\/VII-04\/milho%20verde%202.JPG\" alt=\"\" width=\"300\" height=\"224\" \/><\/p>\n<p>De Milho Verde sa\u00ed da Estrada Real para fazer os \u00faltimos quil\u00f4metros da viagem. Esse trecho foi como o \u201cpartir pro abra\u00e7o\u201d sempre tomando cuidado para n\u00e3o levar o tombo do descuido final. No pen\u00faltimo dia, do alto da serra, pude ver no horizonte o pequeno ponto onde tudo come\u00e7ou.<\/p>\n<p><img loading=\"lazy\" decoding=\"async\" src=\"http:\/\/arguscaruso.anafi.kinghost.net\/images\/fotos\/VII-04\/estrada%20real.JPG\" alt=\"\" width=\"285\" height=\"300\" \/><\/p>\n<p><img loading=\"lazy\" decoding=\"async\" src=\"http:\/\/arguscaruso.anafi.kinghost.net\/images\/fotos\/VII-04\/penultimo%20dia.jpg\" alt=\"\" width=\"300\" height=\"224\" \/><\/p>\n<hr \/>\n<p><strong>Cordisburgo <\/strong><\/p>\n<p><strong><img loading=\"lazy\" decoding=\"async\" src=\"http:\/\/arguscaruso.anafi.kinghost.net\/images\/fotos\/VII-04\/gruta%20de%20maquine.JPG\" alt=\"\" width=\"300\" height=\"225\" \/><\/strong><\/p>\n<p><em>\u201cCordisburgo era pequenina terra sertaneja, tr\u00e1s montanhas, no meio de Minas Gerais. S\u00f3 quase lugar, mas t\u00e3o de repente bonito: l\u00e1 se desencerra a Gruta do Maquin\u00e9, milmaravilha, a das Fadas; e o pr\u00f3prio campo, com vasqueiros cochos de sal ao gado bravo, entre gentis morros ou sob os demais de estrelas&#8230;\u201d <\/em><\/p>\n<p>Jo\u00e3o Guimar\u00e3es Rosa<\/p>\n<p><img loading=\"lazy\" decoding=\"async\" src=\"http:\/\/arguscaruso.anafi.kinghost.net\/images\/fotos\/VII-04\/chegada%206.jpg\" alt=\"\" width=\"300\" height=\"165\" \/><\/p>\n<p><img loading=\"lazy\" decoding=\"async\" src=\"http:\/\/arguscaruso.anafi.kinghost.net\/images\/fotos\/VII-04\/chegada%205.jpg\" alt=\"\" width=\"300\" height=\"225\" \/><\/p>\n<p><img loading=\"lazy\" decoding=\"async\" src=\"http:\/\/arguscaruso.anafi.kinghost.net\/images\/fotos\/VII-04\/chegada%203.jpg\" alt=\"\" width=\"300\" height=\"225\" \/><\/p>\n<p>No \u00faltimo dia eu parecia o Forrest Gump , a cada quil\u00f4metro que pedalava apareciam grupos de ciclistas que se uniam ao grupo para chegarmos juntos em Cordisburgo.<\/p>\n<p><img loading=\"lazy\" decoding=\"async\" src=\"http:\/\/arguscaruso.anafi.kinghost.net\/images\/fotos\/VII-04\/chegada%204.jpg\" alt=\"\" width=\"400\" height=\"167\" \/><\/p>\n<p>Pedalei, pedalei e cheguei no mesmo lugar&#8230; no p\u00e9 da casa de Guimar\u00e3es Rosa, ressuscitado por dezenas de faixas espalhadas por toda cidade.<\/p>\n<p><img loading=\"lazy\" decoding=\"async\" src=\"http:\/\/arguscaruso.anafi.kinghost.net\/images\/fotos\/VII-04\/chegada%20faixas.jpg\" alt=\"\" width=\"300\" height=\"151\" \/><\/p>\n<p><img loading=\"lazy\" decoding=\"async\" src=\"http:\/\/arguscaruso.anafi.kinghost.net\/images\/fotos\/VII-04\/Chegada%20faixas%202.jpg\" alt=\"\" width=\"300\" height=\"115\" \/><\/p>\n<p><img loading=\"lazy\" decoding=\"async\" src=\"http:\/\/arguscaruso.anafi.kinghost.net\/images\/fotos\/VII-04\/chegada%20faixas%204.jpg\" alt=\"\" width=\"300\" height=\"85\" \/><\/p>\n<p><img loading=\"lazy\" decoding=\"async\" src=\"http:\/\/arguscaruso.anafi.kinghost.net\/images\/fotos\/VII-04\/Chegada%20faixas%205.jpg\" alt=\"\" width=\"300\" height=\"169\" \/><\/p>\n<p><img loading=\"lazy\" decoding=\"async\" src=\"http:\/\/arguscaruso.anafi.kinghost.net\/images\/fotos\/VII-04\/chegada%20faixas%206.JPG\" alt=\"\" width=\"300\" height=\"169\" \/><\/p>\n<p>Al\u00e9m das dezenas de bicicletas que me acompanharam, tive tamb\u00e9m a homenagem do Grupo Contadores de Est\u00f3rias Miguilim, m\u00fasicas, Hino Nacional e tudo mais. Muito obrigado!!<\/p>\n<p><img loading=\"lazy\" decoding=\"async\" src=\"http:\/\/arguscaruso.anafi.kinghost.net\/images\/fotos\/VII-04\/chegada%20gilson.jpg\" alt=\"\" width=\"300\" height=\"202\" \/><\/p>\n<p><em>&#8220;O real n\u00e3o est\u00e1 na sa\u00edda nem na chegada: ele se disp\u00f5e para a gente \u00e9 no meio da travessia.&#8221; <\/em><\/p>\n<p>Jo\u00e3o Guimar\u00e3es Rosa<\/p>\n<p><img loading=\"lazy\" decoding=\"async\" src=\"http:\/\/arguscaruso.anafi.kinghost.net\/images\/fotos\/VII-04\/chegada%20ronaldo.jpg\" alt=\"\" width=\"300\" height=\"159\" \/><\/p>\n<p>Minha adapta\u00e7\u00e3o para a vida sedent\u00e1ria est\u00e1 um fracasso. Em breve pretendo viajar novamente com uma exposi\u00e7\u00e3o itinerante visitando as escolas do Brasil e aproveitando para conhecer melhor nosso imenso pa\u00eds.<\/p>\n<p><img loading=\"lazy\" decoding=\"async\" src=\"http:\/\/arguscaruso.anafi.kinghost.net\/images\/fotos\/VII-04\/painel%201.JPG\" alt=\"\" width=\"300\" height=\"206\" \/><\/p>\n<p><img loading=\"lazy\" decoding=\"async\" src=\"http:\/\/arguscaruso.anafi.kinghost.net\/images\/fotos\/VII-04\/painel%202.JPG\" alt=\"\" width=\"221\" height=\"300\" \/> <img loading=\"lazy\" decoding=\"async\" src=\"http:\/\/arguscaruso.anafi.kinghost.net\/images\/fotos\/VII-04\/painel%203.JPG\" alt=\"\" width=\"209\" height=\"300\" \/><\/p>\n<p><img loading=\"lazy\" decoding=\"async\" src=\"http:\/\/arguscaruso.anafi.kinghost.net\/images\/fotos\/VII-04\/painel%204.JPG\" alt=\"\" width=\"300\" height=\"303\" \/><\/p>\n<p>Antes de come\u00e7ar, foi preciso acreditar que daria certo. E deu. \u00c9 preciso sonhar, realizar e viver&#8230; ser feliz. A felicidade \u00e9 o quase nada essencial. Espero que voc\u00eas tamb\u00e9m tenham gostado da aventura e do projeto.<\/p>\n<p><em>\u201cSe eu tivesse mais alma para dar eu daria\u201d. <\/em><\/p>\n<p><em><img loading=\"lazy\" decoding=\"async\" src=\"http:\/\/arguscaruso.anafi.kinghost.net\/images\/fotos\/VII-04\/Escola%20em%20Cordisburgo.JPG\" alt=\"\" width=\"391\" height=\"130\" \/><\/em><\/p>\n<p><em>\u201cTudo \u00e9 loucura ou sonho no come\u00e7o. Nada do que o homem fez no mundo teve in\u00edcio de outra maneira \u2013 mas j\u00e1 tantos sonhos se realizaram que n\u00e3o temos o direito de duvidar de nenhum.\u201d <\/em>Monteiro Lobato<\/p>\n<p><strong> <\/strong>Grande abra\u00e7o,<\/p>\n<p>Argus Caruso<\/p>\n<hr \/>\n<p><strong>Agradecimentos <\/strong><\/p>\n<p>Obrigado a todos os Deuses e Anjos da Guarda pelo trabalho \u00e1rduo no percurso! Obrigado a minha fam\u00edlia, aos lares que me acolheram, aos que ajudaram a transformar sonhos em realidade, aos que me escreveram e a todas escolas que se interessaram pelo projeto.<\/p>\n<p>Um obrigado especial para os parceiros Cultura Inglesa, T-Bolt Mountain Bike Mal\u00e1sia, Atex Lajes Nervuradas, Telsan Engenharia, Solnet Servi\u00e7os on Line, Luni Produ\u00e7\u00f5es, BHZ Arquitetura, Grupo Nuevo Mundo Viajes, Rotary Club Internacional, Laborat\u00f3rio de Educa\u00e7\u00e3o a Dist\u00e2ncia da Universidade Federal de Santa Catarina, Ecoviagem, Clube de Cicloturismo do Brasil, Lab2 Design, Margem 3 Comunica\u00e7\u00e3o Estrat\u00e9gica, Portal Terra, Le Volcan e Fam\u00edlia Schurmann.<\/p>\n<hr \/>\n<p><strong>Para saber mais: <\/strong><\/p>\n<p><strong>Estrada Real <\/strong><\/p>\n<p><a href=\"http:\/\/www.estradareal.org.br\/\">www. estradareal .org.br <\/a><\/p>\n<p><a href=\"http:\/\/www.cidadeshistoricas.art.br\/\">www.cidadeshistoricas.art.br <\/a><\/p>\n<p><strong>Vale do Jequitinhonha <\/strong><\/p>\n<p><a href=\"http:\/\/www.ceramicanorio.com\/artepopular\/%20vale%20do%20jequitinhonha%20\/%20vale%20jequitinhonha%20.htm%20\">www.ceramicanorio.com\/artepopular\/ vale do jequitinhonha \/ vale jequitinhonha .htm <\/a><\/p>\n<p>www.aracuai.mg.gov.br<\/p>\n<p><strong>Cordisburgo <\/strong><\/p>\n<p><a href=\"http:\/\/www.cordisburgo.mg.cnm.org.br\/\">www.cordisburgo.mg.cnm.org.br <\/a><\/p>\n<p><strong>Guimar\u00e3es Rosa <\/strong><\/p>\n<p><span style=\"font-family: Verdana,Arial,Helvetica,sans-serif; font-size: x-small;\"><a href=\"http:\/\/www.cursointegral.com.br%5cindex.html\/\">www.tvcultura.com.br\/resguia\/literatu\/guirosa.htm<\/a><\/span><\/p>\n<p><span style=\"font-family: Verdana,Arial,Helvetica,sans-serif; font-size: x-small;\"><a href=\"http:\/\/www.cce.ufsc.br%5c%7eneitzel%5cliteratura%5cindex.html\/\">www.cce.ufsc.br\/~neitzel\/literatura\/<\/a><\/span><\/p>\n<p><span style=\"font-family: Verdana,Arial,Helvetica,sans-serif; font-size: x-small;\"><a href=\"http:\/\/www.medicina.ufmg.br%5ccememor%5crosa.htm\/\">www.medicina.ufmg.br\/cememor\/rosa.htm<\/a><\/span><\/p>\n<p><span style=\"font-family: Verdana,Arial,Helvetica,sans-serif; font-size: x-small;\"><a href=\"http:\/\/www.guimaraesrosa.pucminas.br\/\">www.guimaraesrosa.pucminas.br<\/a><\/span><\/p>\n<p><strong>Outros<\/strong><\/p>\n<p>World Tourism Organization (WTO)<\/p>\n<p><a href=\"http:\/\/www.world-tourism.org\/\">www.world-tourism.org <\/a><\/p>\n<p><a href=\"http:\/\/arguscaruso.anafi.kinghost.net\/viagem\/links.htm\"><strong>Clique aqui para ver mais links&#8230; <\/strong><\/a><\/p>\n<hr \/>\n<p><strong>Parceiros: <\/strong><\/p>\n<p><a href=\"http:\/\/www.culturabh.com.br\/\">Cultura Inglesa <\/a><\/p>\n<p><a href=\"http:\/\/www.proton-edar.com.my\/\">T-Bolt Mountain Bike Mal\u00e1sia <\/a><\/p>\n<p><a href=\"http:\/\/www.atex.com.br\/\">Atex Lajes Nervuradas <\/a><\/p>\n<p><a href=\"http:\/\/www.telsan.com.br\/\">Telsan Engenharia <\/a><\/p>\n<p><a href=\"http:\/\/www.solnet.com.br\/\">Solnet Servi\u00e7os on Line<\/a><\/p>\n<p><a href=\"http:\/\/www.luni.com.br\/\">Luni Produ\u00e7\u00f5es <\/a><\/p>\n<p><a href=\"http:\/\/www.bhzag.com.br\/\">BHZ Arquitetura <\/a><\/p>\n<p><a href=\"http:\/\/www.gruponuevomundo.com.pe\/\">Grupo Nuevo Mundo Viajes <\/a><\/p>\n<p><a href=\"http:\/\/www.rotary.com\/\">Rotary Club Internacional <\/a><\/p>\n<p><a href=\"http:\/\/www.ufsc.br\/\">Laborat\u00f3rio de Educa\u00e7\u00e3o a Dist\u00e2ncia da Universidade Federal de Santa Catarina <\/a><\/p>\n<p><a href=\"http:\/\/www.ecoviagem.com.br\/\">Ecoviagem <\/a><\/p>\n<p><a href=\"http:\/\/www.clubedecicloturismo.com.br\/\">Clube de Cicloturismo do Brasil <\/a><\/p>\n<p><a href=\"mailto:%20jfaleiro@yahoo.com\">Lab2 Design <\/a><\/p>\n<p><a href=\"http:\/\/www.margem3.com.br\/\">Margem 3 Comunica\u00e7\u00e3o Estrat\u00e9gica <\/a><\/p>\n<p><a href=\"http:\/\/www.terra.com.br\/\">Portal Terra <\/a><\/p>\n<p><a href=\"http:\/\/www.schurmann.com.br\/\">Fam\u00edlia Schurmann <\/a><\/p>\n<hr \/>\n<p><strong>Apoio no trecho Cara\u00edva-Cordisburgo: <\/strong><\/p>\n<p>Real Bike \u2013 Diamantina<\/p>\n<p>Restaurante Vila do Pr\u00edncipe<\/p>\n<p>Real Receptivo \u2013 Diamantina<\/p>\n<p>Pousada Morais \u2013 Milho Verde<\/p>\n<p>Pousada Serrana<\/p>\n<p>\ufeff<\/p>\n","protected":false},"excerpt":{"rendered":"<p>Brasil &#8211; Cara\u00edva\/Cordisburgo Ol\u00e1 amigos, O sonho foi realizado!! Cheguei em Cordisburgo dia 26 de fevereiro com muita festa e mais de cem bicicletas me acompanhando. Foram 3 anos e 3 meses girando por essa nossa pequena bola flutuante. A demora para escrever este \u00faltimo cap\u00edtulo talvez tenha sido uma in\u00fatil tentativa de prolongar essa [&hellip;]<\/p>\n","protected":false},"author":1,"featured_media":0,"parent":356,"menu_order":50,"comment_status":"closed","ping_status":"closed","template":"","meta":{"footnotes":""},"class_list":["post-603","page","type-page","status-publish","hentry"],"_links":{"self":[{"href":"https:\/\/caminhos.arguscaruso.com.br\/index.php?rest_route=\/wp\/v2\/pages\/603","targetHints":{"allow":["GET"]}}],"collection":[{"href":"https:\/\/caminhos.arguscaruso.com.br\/index.php?rest_route=\/wp\/v2\/pages"}],"about":[{"href":"https:\/\/caminhos.arguscaruso.com.br\/index.php?rest_route=\/wp\/v2\/types\/page"}],"author":[{"embeddable":true,"href":"https:\/\/caminhos.arguscaruso.com.br\/index.php?rest_route=\/wp\/v2\/users\/1"}],"replies":[{"embeddable":true,"href":"https:\/\/caminhos.arguscaruso.com.br\/index.php?rest_route=%2Fwp%2Fv2%2Fcomments&post=603"}],"version-history":[{"count":2,"href":"https:\/\/caminhos.arguscaruso.com.br\/index.php?rest_route=\/wp\/v2\/pages\/603\/revisions"}],"predecessor-version":[{"id":1829,"href":"https:\/\/caminhos.arguscaruso.com.br\/index.php?rest_route=\/wp\/v2\/pages\/603\/revisions\/1829"}],"up":[{"embeddable":true,"href":"https:\/\/caminhos.arguscaruso.com.br\/index.php?rest_route=\/wp\/v2\/pages\/356"}],"wp:attachment":[{"href":"https:\/\/caminhos.arguscaruso.com.br\/index.php?rest_route=%2Fwp%2Fv2%2Fmedia&parent=603"}],"curies":[{"name":"wp","href":"https:\/\/api.w.org\/{rel}","templated":true}]}}