{"id":935,"date":"2009-10-29T22:10:16","date_gmt":"2009-10-30T01:10:16","guid":{"rendered":"http:\/\/arquivos.de\/argus\/?page_id=935"},"modified":"2024-03-16T15:08:36","modified_gmt":"2024-03-16T15:08:36","slug":"cartas-oficiais","status":"publish","type":"page","link":"https:\/\/caminhos.arguscaruso.com.br\/?page_id=935","title":{"rendered":"Cartas Oficiais"},"content":{"rendered":"<ul>\n<li><strong>Cartas do Minist\u00e9rio do Esporte e Turismo:<\/strong><br \/>\n<a title=\"Ao Arquiteto Argus Caruso Saturnino...\" rel=\"shadowbox;options={handleOversize:'drag'}\" href=\"http:\/\/caminhos.arguscaruso.com.br\/wp-content\/uploads\/site_images\/cartas_oficiais\/carta_ministerio04.gif\">Ao Arquiteto Argus Caruso Saturnino&#8230;<\/a><br \/>\n<a title=\"Para Autoridades dos Governos de Paises Incluidos no projeto PEDALANDO E EDUCANDO...\" rel=\"shadowbox;options={handleOversize:'drag'}\" href=\"http:\/\/caminhos.arguscaruso.com.br\/wp-content\/uploads\/site_images\/cartas_oficiais\/carta_ministerio03.gif\">Para Autoridades dos Governos de Paises Incluidos no projeto PEDALANDO E EDUCANDO&#8230;<\/a><br \/>\n<a title=\"To the architect Argus Caruso Saturnino...\" rel=\"shadowbox;options={handleOversize:'drag'}\" href=\"http:\/\/caminhos.arguscaruso.com.br\/wp-content\/uploads\/site_images\/cartas_oficiais\/carta_ministerio02.gif\">To the architect Argus Caruso Saturnino&#8230;<\/a><br \/>\n<a title=\"To The Government Authorities of the Countries included in the project PEDALANDO E EDUCANDO\u2026\" rel=\"shadowbox;options={handleOversize:'drag'}\" href=\"http:\/\/caminhos.arguscaruso.com.br\/wp-content\/uploads\/site_images\/cartas_oficiais\/carta_ministerio01.gif\">To The Government Authorities of the Countries included in the project PEDALANDO E EDUCANDO\u2026<\/a><\/li>\n<\/ul>\n<ul>\n<li><a title=\"Consulado do Brasil em Santa Cruz - Bol\u00edvia\" rel=\"shadowbox;options={handleOversize:'drag'}\" href=\"http:\/\/caminhos.arguscaruso.com.br\/wp-content\/uploads\/site_images\/cartas_oficiais\/carta_bolivia_stacruz.gif\">Consulado do Brasil em Santa Cruz &#8211; Bol\u00edvia (Espa\u00f1ol)<\/a><\/li>\n<li><a title=\"Embaixada do Brasil em Lima - Peru\" rel=\"shadowbox;options={handleOversize:'drag'}\" href=\"http:\/\/caminhos.arguscaruso.com.br\/wp-content\/uploads\/site_images\/cartas_oficiais\/carta_peru_lima.gif\">Embaixada do Brasil em Lima &#8211; Peru(Portugu\u00eas)<\/a><\/li>\n<li><a title=\"Embaixada da Austr\u00e1lia\" rel=\"shadowbox;options={handleOversize:'drag'}\" href=\"http:\/\/caminhos.arguscaruso.com.br\/wp-content\/uploads\/site_images\/cartas_oficiais\/carta_apoio_embaixada.jpg\">Embaixada da Austr\u00e1lia (English)<\/a><\/li>\n<li><a title=\"Consulado do Brasil em Sydney\" rel=\"shadowbox;options={handleOversize:'drag'}\" href=\"http:\/\/caminhos.arguscaruso.com.br\/wp-content\/uploads\/site_images\/cartas_oficiais\/carta_consulado_brasil_sydney.jpg\">Consulado do Brasil em Sydney (English)<\/a><\/li>\n<li><a title=\"Minist\u00e9rio da Educa\u00e7\u00e3o do Timor Leste\" rel=\"shadowbox;options={handleOversize:'drag'}\" href=\"http:\/\/caminhos.arguscaruso.com.br\/wp-content\/uploads\/site_images\/cartas_oficiais\/carta_timor.gif\">Minist\u00e9rio da Educa\u00e7\u00e3o do Timor Leste (Portugu\u00eas)<\/a><\/li>\n<li><a title=\"Embaixada do Brasil em Jacarta\" rel=\"shadowbox;options={handleOversize:'drag'}\" href=\"http:\/\/caminhos.arguscaruso.com.br\/wp-content\/uploads\/site_images\/cartas_oficiais\/carta_embaixada_brasil_indonesia.jpg\">Embaixada do Brasil em Jacarta (English)<\/a><\/li>\n<li><a title=\"Embaixada do Brasil em Kuala Lumpur\" rel=\"shadowbox;options={handleOversize:'drag'}\" href=\"http:\/\/caminhos.arguscaruso.com.br\/wp-content\/uploads\/site_images\/cartas_oficiais\/carta_brazil_embassy_malaysia.jpg\">Embaixada do Brasil em Kuala Lumpur (English)<\/a><\/li>\n<li><a title=\"Embaixada do Brasil em Bangkok\" rel=\"shadowbox;options={handleOversize:'drag'}\" href=\"http:\/\/caminhos.arguscaruso.com.br\/wp-content\/uploads\/site_images\/cartas_oficiais\/carta_embaixada_brasil_bangkok.jpg\">Embaixada do Brasil em Bangkok (English)<\/a><\/li>\n<li><a title=\"Embaixada do Brasil em Delhi\" rel=\"shadowbox;options={handleOversize:'drag'}\" href=\"http:\/\/caminhos.arguscaruso.com.br\/wp-content\/uploads\/site_images\/cartas_oficiais\/carta_embaixada_do_brasil_na_india.jpg\">Embaixada do Brasil em Delhi (English)<\/a><\/li>\n<li><a title=\"Minist\u00e9rio do Turismo da Jord\u00e2nia\" rel=\"shadowbox;options={handleOversize:'drag'}\" href=\"http:\/\/caminhos.arguscaruso.com.br\/wp-content\/uploads\/site_images\/cartas_oficiais\/carta_ministro_do_turismo_da_jordania.gif\">Minist\u00e9rio do Turismo da Jord\u00e2nia (\u00c1rabe)<\/a><\/li>\n<\/ul>\n<ul>\n<li><a title=\"Rotary Club Bernan Valley - Mal\u00e1sia\" rel=\"shadowbox;options={handleOversize:'drag'}\" href=\"http:\/\/caminhos.arguscaruso.com.br\/wp-content\/uploads\/site_images\/cartas_oficiais\/carta_rotary_club_bernam_valley.jpg\">Rotary Club Bernan Valley &#8211; Mal\u00e1sia (English)<\/a><\/li>\n<li><a title=\"Rotary Club Kerrian - Mal\u00e1sia\" rel=\"shadowbox;options={handleOversize:'drag'}\" href=\"http:\/\/caminhos.arguscaruso.com.br\/wp-content\/uploads\/site_images\/cartas_oficiais\/carta_rotary_club_kerrian.jpg\">Rotary Club Kerrian &#8211; Mal\u00e1sia (English)<\/a><\/li>\n<li><a title=\"Carta da fam\u00edlia Sh\u00fcrmann\" rel=\"shadowbox;options={handleOversize:'drag'}\" href=\"http:\/\/caminhos.arguscaruso.com.br\/wp-content\/uploads\/site_images\/cartas_oficiais\/carta_shurmann.jpg\">Carta da fam\u00edlia Sh\u00fcrmann (Portugu\u00eas)<\/a><\/li>\n<\/ul>\n","protected":false},"excerpt":{"rendered":"<p>Cartas do Minist\u00e9rio do Esporte e Turismo: Ao Arquiteto Argus Caruso Saturnino&#8230; Para Autoridades dos Governos de Paises Incluidos no projeto PEDALANDO E EDUCANDO&#8230; To the architect Argus Caruso Saturnino&#8230; To The Government Authorities of the Countries included in the project PEDALANDO E EDUCANDO\u2026 Consulado do Brasil em Santa Cruz &#8211; Bol\u00edvia (Espa\u00f1ol) Embaixada do [&hellip;]<\/p>\n","protected":false},"author":1,"featured_media":0,"parent":46,"menu_order":20,"comment_status":"closed","ping_status":"closed","template":"","meta":{"footnotes":""},"class_list":["post-935","page","type-page","status-publish","hentry"],"_links":{"self":[{"href":"https:\/\/caminhos.arguscaruso.com.br\/index.php?rest_route=\/wp\/v2\/pages\/935","targetHints":{"allow":["GET"]}}],"collection":[{"href":"https:\/\/caminhos.arguscaruso.com.br\/index.php?rest_route=\/wp\/v2\/pages"}],"about":[{"href":"https:\/\/caminhos.arguscaruso.com.br\/index.php?rest_route=\/wp\/v2\/types\/page"}],"author":[{"embeddable":true,"href":"https:\/\/caminhos.arguscaruso.com.br\/index.php?rest_route=\/wp\/v2\/users\/1"}],"replies":[{"embeddable":true,"href":"https:\/\/caminhos.arguscaruso.com.br\/index.php?rest_route=%2Fwp%2Fv2%2Fcomments&post=935"}],"version-history":[{"count":2,"href":"https:\/\/caminhos.arguscaruso.com.br\/index.php?rest_route=\/wp\/v2\/pages\/935\/revisions"}],"predecessor-version":[{"id":1831,"href":"https:\/\/caminhos.arguscaruso.com.br\/index.php?rest_route=\/wp\/v2\/pages\/935\/revisions\/1831"}],"up":[{"embeddable":true,"href":"https:\/\/caminhos.arguscaruso.com.br\/index.php?rest_route=\/wp\/v2\/pages\/46"}],"wp:attachment":[{"href":"https:\/\/caminhos.arguscaruso.com.br\/index.php?rest_route=%2Fwp%2Fv2%2Fmedia&parent=935"}],"curies":[{"name":"wp","href":"https:\/\/api.w.org\/{rel}","templated":true}]}}