{"id":966,"date":"2010-01-03T12:15:13","date_gmt":"2010-01-03T15:15:13","guid":{"rendered":"http:\/\/caminhos.arguscaruso.com.br\/?page_id=966"},"modified":"2024-03-16T15:39:01","modified_gmt":"2024-03-16T15:39:01","slug":"videos","status":"publish","type":"page","link":"https:\/\/caminhos.arguscaruso.com.br\/?page_id=966","title":{"rendered":"V\u00eddeos"},"content":{"rendered":"\n\n<!-- Page-list plugin v.5.6 wordpress.org\/plugins\/page-list\/ -->\n<ul class=\"page-list subpages-page-list \">\n<li class=\"page_item page-item-1221\"><a href=\"https:\/\/caminhos.arguscaruso.com.br\/?page_id=1221\">Um filme no meio da viagem (2003)<\/a><\/li>\n<li class=\"page_item page-item-1222\"><a href=\"https:\/\/caminhos.arguscaruso.com.br\/?page_id=1222\">Caminhos (2009)<\/a><\/li>\n<li class=\"page_item page-item-1693\"><a href=\"https:\/\/caminhos.arguscaruso.com.br\/?page_id=1693\">Palestra no TEDx (2013)<\/a><\/li>\n<li class=\"page_item page-item-1671\"><a href=\"https:\/\/caminhos.arguscaruso.com.br\/?page_id=1671\">Constru\u00e7\u00e3o da bike anf\u00edbia (2015)<\/a><\/li>\n<li class=\"page_item page-item-1695\"><a href=\"https:\/\/caminhos.arguscaruso.com.br\/?page_id=1695\">Primeiras ondas da #InVenta (2015)<\/a><\/li>\n\n<\/ul>\n","protected":false},"excerpt":{"rendered":"","protected":false},"author":1,"featured_media":0,"parent":0,"menu_order":10,"comment_status":"closed","ping_status":"closed","template":"","meta":{"footnotes":""},"class_list":["post-966","page","type-page","status-publish","hentry"],"_links":{"self":[{"href":"https:\/\/caminhos.arguscaruso.com.br\/index.php?rest_route=\/wp\/v2\/pages\/966","targetHints":{"allow":["GET"]}}],"collection":[{"href":"https:\/\/caminhos.arguscaruso.com.br\/index.php?rest_route=\/wp\/v2\/pages"}],"about":[{"href":"https:\/\/caminhos.arguscaruso.com.br\/index.php?rest_route=\/wp\/v2\/types\/page"}],"author":[{"embeddable":true,"href":"https:\/\/caminhos.arguscaruso.com.br\/index.php?rest_route=\/wp\/v2\/users\/1"}],"replies":[{"embeddable":true,"href":"https:\/\/caminhos.arguscaruso.com.br\/index.php?rest_route=%2Fwp%2Fv2%2Fcomments&post=966"}],"version-history":[{"count":2,"href":"https:\/\/caminhos.arguscaruso.com.br\/index.php?rest_route=\/wp\/v2\/pages\/966\/revisions"}],"predecessor-version":[{"id":1888,"href":"https:\/\/caminhos.arguscaruso.com.br\/index.php?rest_route=\/wp\/v2\/pages\/966\/revisions\/1888"}],"wp:attachment":[{"href":"https:\/\/caminhos.arguscaruso.com.br\/index.php?rest_route=%2Fwp%2Fv2%2Fmedia&parent=966"}],"curies":[{"name":"wp","href":"https:\/\/api.w.org\/{rel}","templated":true}]}}